{"id":23175,"date":"2021-01-07T13:51:15","date_gmt":"2021-01-07T13:51:15","guid":{"rendered":"https:\/\/join.casiola.com\/agentes-inmobiliarios-vendan-mas-casas-de-vacaciones-en-aruba-con-casiola-vacation-homes\/"},"modified":"2025-11-05T19:59:12","modified_gmt":"2025-11-05T19:59:12","slug":"agentes-inmobiliarios-vendan-mas-casas-de-vacaciones-en-aruba-con-casiola-vacation-homes","status":"publish","type":"page","link":"https:\/\/join.casiola.com\/es\/agentes-inmobiliarios-vendan-mas-casas-de-vacaciones-en-aruba-con-casiola-vacation-homes\/","title":{"rendered":"Agentes inmobiliarios: vendan m\u00e1s casas de vacaciones en Aruba con Casiola Vacation Homes"},"content":{"rendered":"<section class=\"l-section wpb_row height_auto color_primary with_img\"><div class=\"l-section-img\" role=\"img\" aria-label=\"background\" data-img-width=\"1900\" data-img-height=\"1268\" style=\"background-image: url(https:\/\/join.casiola.com\/wp-content\/uploads\/2019\/06\/background.jpg);\"><\/div><div class=\"l-section-h i-cf\"><div class=\"g-cols vc_row via_flex valign_middle type_default stacking_default\"><div class=\"vc_col-sm-6 wpb_column vc_column_container\"><div class=\"vc_column-inner\"><div class=\"wpb_wrapper\"><div class=\"w-separator size_medium\"><\/div><div class=\"w-image us_custom_7e20fa79 us_animate_this align_center\"><a href=\"#earn\" aria-label=\"bullet\" class=\"w-image-h\"><img decoding=\"async\" width=\"300\" height=\"300\" src=\"https:\/\/join.casiola.com\/wp-content\/uploads\/2019\/06\/bullet-300x300.png\" class=\"attachment-medium size-medium\" alt=\"bullet\" loading=\"lazy\" srcset=\"https:\/\/join.casiola.com\/wp-content\/uploads\/2019\/06\/bullet-300x300.png 300w, https:\/\/join.casiola.com\/wp-content\/uploads\/2019\/06\/bullet-150x150.png 150w, https:\/\/join.casiola.com\/wp-content\/uploads\/2019\/06\/bullet-350x350.png 350w, https:\/\/join.casiola.com\/wp-content\/uploads\/2019\/06\/bullet.png 490w\" sizes=\"auto, (max-width: 300px) 100vw, 300px\" \/><\/a><\/div><div class=\"w-separator size_medium\"><\/div><\/div><\/div><\/div><div class=\"vc_col-sm-6 wpb_column vc_column_container\"><div class=\"vc_column-inner\"><div class=\"wpb_wrapper\"><div class=\"w-image us_custom_47474b22 us_animate_this align_right\"><a href=\"#earn\" aria-label=\"join-stuart-2-1\" class=\"w-image-h\"><img decoding=\"async\" width=\"768\" height=\"1024\" src=\"https:\/\/join.casiola.com\/wp-content\/uploads\/2025\/05\/join-stuart-2-1-768x1024.webp\" class=\"attachment-large size-large has-transparency\" alt=\"join stuart at casiola\" loading=\"lazy\" srcset=\"https:\/\/join.casiola.com\/wp-content\/uploads\/2025\/05\/join-stuart-2-1-768x1024.webp 768w, https:\/\/join.casiola.com\/wp-content\/uploads\/2025\/05\/join-stuart-2-1-225x300.webp 225w, https:\/\/join.casiola.com\/wp-content\/uploads\/2025\/05\/join-stuart-2-1-600x800.webp 600w, https:\/\/join.casiola.com\/wp-content\/uploads\/2025\/05\/join-stuart-2-1.webp 800w\" sizes=\"auto, (max-width: 768px) 100vw, 768px\" data-has-transparency=\"true\" data-dominant-color=\"d2537d\" style=\"--dominant-color: #d2537d;\" \/><\/a><\/div><\/div><\/div><\/div><\/div><\/div><\/section><section class=\"l-section wpb_row height_auto color_primary\" id=\"contact\"><div class=\"l-section-h i-cf\"><div class=\"g-cols vc_row via_flex valign_top type_default stacking_default\"><div class=\"vc_col-sm-12 wpb_column vc_column_container\"><div class=\"vc_column-inner\"><div class=\"wpb_wrapper\"><div class=\"w-separator size_medium\"><\/div><div class=\"g-cols wpb_row via_flex valign_top type_default stacking_default\"><div class=\"vc_col-sm-2 wpb_column vc_column_container\"><div class=\"vc_column-inner\"><div class=\"wpb_wrapper\"><\/div><\/div><\/div><div class=\"vc_col-sm-8 wpb_column vc_column_container\"><div class=\"vc_column-inner\"><div class=\"wpb_wrapper\"><div class=\"wpb_text_column\"><div class=\"wpb_wrapper\"><h2 style=\"text-align: center;\">\u00a1\u00danase al <strong>programa de referencia de agentes inmobiliarios de Casiola<\/strong> y obtenga nuestros <strong>an\u00e1lisis de previsiones GRATIS<\/strong>!<\/h2>\n<\/div><\/div><div class=\"wpb_text_column\"><div class=\"wpb_wrapper\"><p>[mautic type=\u00bbform\u00bb id=\u00bb67&#8243;]<\/p>\n<\/div><\/div><div class=\"wpb_text_column\"><div class=\"wpb_wrapper\"><h6 style=\"text-align: right;\">O llame al: +1 321-284-8400<\/h6>\n<\/div><\/div><\/div><\/div><\/div><div class=\"vc_col-sm-2 wpb_column vc_column_container\"><div class=\"vc_column-inner\"><div class=\"wpb_wrapper\"><\/div><\/div><\/div><\/div><div class=\"w-separator size_medium\"><\/div><\/div><\/div><\/div><\/div><\/div><\/section><section class=\"l-section wpb_row height_auto\"><div class=\"l-section-h i-cf\"><div class=\"g-cols vc_row via_flex valign_middle type_default stacking_default\"><div class=\"vc_col-sm-6 wpb_column vc_column_container\"><div class=\"vc_column-inner\"><div class=\"wpb_wrapper\"><div class=\"w-separator size_small\"><\/div><div class=\"wpb_text_column\"><div class=\"wpb_wrapper\"><h2 style=\"text-align: left;\">Perm\u00edtanos ayudarle a vender m\u00e1s <strong>casas de vacaciones<\/strong> en Orlando<\/h2>\n<ol>\n<li class=\"p3\">Las <b>ventas de casas de vacaciones est\u00e1n en auge<\/b> en Orlando<\/li>\n<li class=\"p3\">Nueva comisi\u00f3n de ventas de casas de vacaciones <b>de hasta el 10%<\/b> (var\u00eda seg\u00fan el constructor)<\/li>\n<li class=\"p3\">Casiola es una de las empresas de gesti\u00f3n de casas de vacaciones <b>de m\u00e1s r\u00e1pido crecimiento<\/b> en Orlando<\/li>\n<li class=\"p3\">Casiola le ayuda a <b>cerrar el trato m\u00e1s r\u00e1pido<\/b><\/li>\n<li class=\"p3\"> <b>Previsiones de alquiler disponibles<\/b> para todos los resorts de casas de vacaciones de nueva construcci\u00f3n<\/li>\n<li class=\"p3\"><b>Programa garantizado o basado en el rendimiento<\/b> para compradores de casas de vacaciones<\/li>\n<li class=\"p3\"><b>Gane hasta 1000 $<\/b> por cada casa de vacaciones que recomiende<\/li>\n<\/ol>\n<\/div><\/div><div class=\"w-separator size_small\"><\/div><div class=\"wpb_text_column\"><div class=\"wpb_wrapper\"><h4><span style=\"color: #ff0099;\">Julia<\/span> \u2013 Directora General<\/h4>\n<\/div><\/div><\/div><\/div><\/div><div class=\"vc_col-sm-6 wpb_column vc_column_container\"><div class=\"vc_column-inner\"><div class=\"wpb_wrapper\"><div class=\"w-separator size_medium\"><\/div><div class=\"w-image us_custom_7e20fa79 us_animate_this align_none\"><div class=\"w-image-h\"><img decoding=\"async\" width=\"687\" height=\"1024\" src=\"https:\/\/join.casiola.com\/wp-content\/uploads\/2025\/05\/julia-5-687x1024.webp\" class=\"attachment-large size-large has-transparency\" alt=\"julia from casiola vacation homes\" loading=\"lazy\" srcset=\"https:\/\/join.casiola.com\/wp-content\/uploads\/2025\/05\/julia-5-687x1024.webp 687w, https:\/\/join.casiola.com\/wp-content\/uploads\/2025\/05\/julia-5-201x300.webp 201w, https:\/\/join.casiola.com\/wp-content\/uploads\/2025\/05\/julia-5-600x895.webp 600w, https:\/\/join.casiola.com\/wp-content\/uploads\/2025\/05\/julia-5-768x1145.webp 768w, https:\/\/join.casiola.com\/wp-content\/uploads\/2025\/05\/julia-5.webp 1100w\" sizes=\"auto, (max-width: 687px) 100vw, 687px\" data-has-transparency=\"true\" data-dominant-color=\"e484a0\" style=\"--dominant-color: #e484a0;\" \/><\/div><\/div><\/div><\/div><\/div><\/div><\/div><\/section><section class=\"l-section wpb_row height_medium color_alternate\"><div class=\"l-section-h i-cf\"><div class=\"g-cols vc_row via_flex valign_top type_default stacking_default\"><div class=\"vc_col-sm-12 wpb_column vc_column_container\"><div class=\"vc_column-inner\"><div class=\"wpb_wrapper\"><div class=\"wpb_text_column\"><div class=\"wpb_wrapper\"><h2 style=\"text-align: center;\"><strong>Previsi\u00f3n<\/strong> de alquiler<\/h2>\n<\/div><\/div><div class=\"wpb_text_column\"><div class=\"wpb_wrapper\"><h4 style=\"text-align: center;\">Realizamos una previsi\u00f3n detallada, basada en m\u00e1s de 10 factores, para cada propiedad en nuestros resorts. Esto le da a un nuevo propietario una visi\u00f3n perfecta de lo que puede esperar para nuestros <a href=\"https:\/\/join.casiola.com\/prices\/\" data-wplink-edit=\"true\">planes de precios<\/a>. <\/h4>\n<\/div><\/div><div class=\"w-btn-wrapper align_center\"><a class=\"w-btn us-btn-style_1\" href=\"#contact\"><span class=\"w-btn-label\">\u00a1Obtenga nuestros an\u00e1lisis de previsiones gratis!<\/span><\/a><\/div><\/div><\/div><\/div><\/div><\/div><\/section><section class=\"l-section wpb_row height_medium\"><div class=\"l-section-h i-cf\"><div class=\"g-cols vc_row via_flex valign_top type_default stacking_default\"><div class=\"vc_col-sm-12 wpb_column vc_column_container\"><div class=\"vc_column-inner\"><div class=\"wpb_wrapper\"><div class=\"wpb_text_column\"><div class=\"wpb_wrapper\"><h2 style=\"text-align: center;\">\u00bf<strong>Cu\u00e1nto puede ganar<\/strong> recomendando Casiola a futuros propietarios de casas de vacaciones?<\/h2>\n<\/div><\/div><div class=\"w-separator size_medium\"><\/div><div class=\"g-cols wpb_row via_flex valign_top type_default stacking_default\"><div class=\"vc_col-sm-4 wpb_column vc_column_container\"><div class=\"vc_column-inner\"><div class=\"wpb_wrapper\"><div class=\"w-counter us_custom_1ac58425 color_primary align_center has_font_size\" data-duration=\"2\"><div class=\"w-counter-value\"><span class=\"w-counter-value-part type_text\" data-final=\"\"><\/span><span class=\"w-counter-value-part type_number\" data-final=\"300\">1<\/span><span class=\"w-counter-value-part type_text\" data-final=\" $\"> $<\/span><\/div><h6 class=\"w-counter-title\">Propiedad de 2-3 dormitorios<\/h6><\/div><\/div><\/div><\/div><div class=\"vc_col-sm-4 wpb_column vc_column_container\"><div class=\"vc_column-inner\"><div class=\"wpb_wrapper\"><div class=\"w-counter us_custom_1ac58425 color_primary align_center has_font_size\" data-duration=\"2\"><div class=\"w-counter-value\"><span class=\"w-counter-value-part type_text\" data-final=\"\"><\/span><span class=\"w-counter-value-part type_number\" data-final=\"600\">1<\/span><span class=\"w-counter-value-part type_text\" data-final=\" $\"> $<\/span><\/div><h6 class=\"w-counter-title\">Propiedad de 4-6 dormitorios<\/h6><\/div><\/div><\/div><\/div><div class=\"vc_col-sm-4 wpb_column vc_column_container\"><div class=\"vc_column-inner\"><div class=\"wpb_wrapper\"><div class=\"w-counter us_custom_1ac58425 color_primary align_center has_font_size\" data-duration=\"2\"><div class=\"w-counter-value\"><span class=\"w-counter-value-part type_text\" data-final=\"\"><\/span><span class=\"w-counter-value-part type_number\" data-final=\"1000\">1<\/span><span class=\"w-counter-value-part type_text\" data-final=\" $\"> $<\/span><\/div><h6 class=\"w-counter-title\">Propiedad de m\u00e1s de 7 dormitorios<\/h6><\/div><\/div><\/div><\/div><\/div><div class=\"w-separator size_medium with_line width_default thick_1 style_solid color_border align_center\"><div class=\"w-separator-h\"><\/div><\/div><div class=\"wpb_text_column\"><div class=\"wpb_wrapper\"><h4 style=\"text-align: center;\"><a href=\"#contact\" data-wplink-edit=\"true\"><strong>P\u00f3ngase en contacto ahora<\/strong><\/a> para ver cu\u00e1nto puede ganar<\/h4>\n<\/div><\/div><\/div><\/div><\/div><\/div><\/div><\/section><section class=\"l-section wpb_row height_small color_primary with_img\"><div class=\"l-section-img\" role=\"img\" aria-label=\"Hermosas fotograf\u00edas de propiedades con Casiola Vacation Homes\" data-img-width=\"800\" data-img-height=\"534\" style=\"background-image: url(https:\/\/join.casiola.com\/wp-content\/uploads\/2019\/02\/photography-12.jpg);\"><\/div><div class=\"l-section-overlay\" style=\"background:rgba(255,0,153,0.67)\"><\/div><div class=\"l-section-h i-cf\"><div class=\"g-cols vc_row via_flex valign_top type_default stacking_default\"><div class=\"vc_col-sm-12 wpb_column vc_column_container\"><div class=\"vc_column-inner\"><div class=\"wpb_wrapper\"><div class=\"wpb_text_column\"><div class=\"wpb_wrapper\"><h3 style=\"text-align: center;\"><strong>Si\u00e9ntese. Rel\u00e1jese.<\/strong> \u00a1Tenemos cubiertas las casas de vacaciones de nuestros propietarios!<\/h3>\n<p style=\"text-align: center;\"><a href=\"https:\/\/join.casiola.com\/es\/servicios\/\">Descubra todos los servicios que ofrecemos para los propietarios<\/a><\/p>\n<\/div><\/div><\/div><\/div><\/div><\/div><\/div><\/section><section class=\"l-section wpb_row height_auto color_alternate\"><div class=\"l-section-h i-cf\"><div class=\"g-cols vc_row via_flex valign_bottom type_default stacking_default\"><div class=\"vc_col-sm-6 wpb_column vc_column_container\"><div class=\"vc_column-inner\"><div class=\"wpb_wrapper\"><div class=\"w-separator size_medium\"><\/div><div class=\"w-image align_center\"><a title=\"myCasiola \u2013 Real-time Property Dashboard\" href=\"https:\/\/join.casiola.com\/mycasiola-real-time-property-dashboard\/\" aria-label=\"myCasiola-logo\" class=\"w-image-h\"><img decoding=\"async\" width=\"300\" height=\"231\" src=\"https:\/\/join.casiola.com\/wp-content\/uploads\/2019\/01\/myCasiola-logo.png\" class=\"attachment-large size-large\" alt=\"myCasiola-logo\" loading=\"lazy\" \/><\/a><\/div><div class=\"w-separator size_medium\"><\/div><div class=\"wpb_text_column\"><div class=\"wpb_wrapper\"><h3 style=\"text-align: center;\"><span style=\"text-size: 70%;\">\u00a1Solo en Casiola!<br \/>\nPanel de control de la propiedad en tiempo real<\/span><\/h3>\n<h4 style=\"text-align: center;\">Todo lo que sucede en su casa de vacaciones en<br \/>\ntiempo real. GRATIS para todos los propietarios de Casiola. <\/h4>\n<\/div><\/div><div class=\"w-btn-wrapper align_center\"><a class=\"w-btn us-btn-style_1\" href=\"https:\/\/join.casiola.com\/mycasiola-real-time-property-dashboard\/\"><span class=\"w-btn-label\">Leer m\u00e1s<\/span><\/a><\/div><div class=\"w-separator size_medium\"><\/div><\/div><\/div><\/div><div class=\"vc_col-sm-6 wpb_column vc_column_container\"><div class=\"vc_column-inner\"><div class=\"wpb_wrapper\"><div class=\"w-image us_custom_47474b22 us_animate_this align_none\"><a title=\"myCasiola \u2013 Real-time Property Dashboard\" href=\"https:\/\/join.casiola.com\/mycasiola-real-time-property-dashboard\/\" aria-label=\"mockup-front\" class=\"w-image-h\"><img decoding=\"async\" width=\"922\" height=\"975\" src=\"https:\/\/join.casiola.com\/wp-content\/uploads\/2019\/02\/mockup-front.png\" class=\"attachment-large size-large\" alt=\"mockup-front\" loading=\"lazy\" srcset=\"https:\/\/join.casiola.com\/wp-content\/uploads\/2019\/02\/mockup-front.png 922w, https:\/\/join.casiola.com\/wp-content\/uploads\/2019\/02\/mockup-front-284x300.png 284w, https:\/\/join.casiola.com\/wp-content\/uploads\/2019\/02\/mockup-front-600x634.png 600w, https:\/\/join.casiola.com\/wp-content\/uploads\/2019\/02\/mockup-front-768x812.png 768w\" sizes=\"auto, (max-width: 922px) 100vw, 922px\" \/><\/a><\/div><\/div><\/div><\/div><\/div><\/div><\/section><section class=\"l-section wpb_row height_medium color_primary\"><div class=\"l-section-h i-cf\"><div class=\"g-cols vc_row via_flex valign_middle type_default stacking_default\"><div class=\"vc_col-sm-4 wpb_column vc_column_container\"><div class=\"vc_column-inner\"><div class=\"wpb_wrapper\"><div class=\"w-image align_none\"><div class=\"w-image-h\"><img decoding=\"async\" width=\"800\" height=\"647\" src=\"https:\/\/join.casiola.com\/wp-content\/uploads\/2025\/05\/cupcake.webp\" class=\"attachment-large size-large has-transparency\" alt=\"cupcake\" loading=\"lazy\" srcset=\"https:\/\/join.casiola.com\/wp-content\/uploads\/2025\/05\/cupcake.webp 800w, https:\/\/join.casiola.com\/wp-content\/uploads\/2025\/05\/cupcake-300x243.webp 300w, https:\/\/join.casiola.com\/wp-content\/uploads\/2025\/05\/cupcake-600x485.webp 600w, https:\/\/join.casiola.com\/wp-content\/uploads\/2025\/05\/cupcake-768x621.webp 768w\" sizes=\"auto, (max-width: 800px) 100vw, 800px\" data-has-transparency=\"true\" data-dominant-color=\"d86b86\" style=\"--dominant-color: #d86b86;\" \/><\/div><\/div><\/div><\/div><\/div><div class=\"vc_col-sm-8 wpb_column vc_column_container\"><div class=\"vc_column-inner\"><div class=\"wpb_wrapper\"><div class=\"wpb_text_column\"><div class=\"wpb_wrapper\"><h2>Endulcemos el trato.<\/h2>\n<p>P\u00f3ngase en contacto y le ayudaremos a vender m\u00e1s.<\/p>\n<\/div><\/div><div class=\"w-btn-wrapper align_none\"><a class=\"w-btn us-btn-style_2\" href=\"#contact\"><span class=\"w-btn-label\">Cont\u00e1ctenos ahora<\/span><\/a><\/div><\/div><\/div><\/div><\/div><\/div><\/section>\n","protected":false},"excerpt":{"rendered":"\u00a1\u00danase al programa de referencia de agentes inmobiliarios de Casiola y obtenga nuestros an\u00e1lisis de previsiones GRATIS! [mautic type=\u00bbform\u00bb id=\u00bb67&#8243;] O llame al: +1 321-284-8400 Perm\u00edtanos ayudarle a vender m\u00e1s casas de vacaciones en Orlando Las ventas de casas de vacaciones est\u00e1n en auge en Orlando Nueva comisi\u00f3n de ventas de casas de vacaciones de...","protected":false},"author":1,"featured_media":0,"parent":0,"menu_order":0,"comment_status":"closed","ping_status":"closed","template":"","meta":{"_acf_changed":false,"footnotes":""},"categories":[153],"tags":[],"class_list":["post-23175","page","type-page","status-publish","hentry","category-sin-categoria"],"acf":{"destination_name":null,"destination_slug":null,"destination-email":null,"destination_hero":null,"destination_copy":null,"advantages_title":null,"advantages_1":null,"advantages_2":null,"advantages_3":null,"advantages_4":null,"advantages_5":null,"advantages_6":null,"linen_program":null,"design_center":null,"guests_are_booking_title":null,"guests_are_booking_text":null,"hvm":null,"amex":null,"award_winning_company":null,"numbers_1":null,"numbers_2":null,"numbers_quote":null,"faq_1":null,"faq_1_response":null,"faq_2":null,"faq_2_response":null,"faq_3":null,"faq_3_response":null,"faq_4":null,"faq_4_response":null,"faq_5":null,"faq_5_response":null,"faq_6":null,"faq_6_response":null,"faq_7":null,"faq_7_response":null,"faq_8":null,"faq_8_response":null,"faq_9":null,"faq_9_response":null,"faq_10":null,"faq_10_response":null,"faq_11":null,"faq_11_response":null,"vacation_rental_manager_blog_title":null,"vacation_rental_manager_blog_text":null,"discover_all_casiola_destinations":null},"_links":{"self":[{"href":"https:\/\/join.casiola.com\/es\/wp-json\/wp\/v2\/pages\/23175","targetHints":{"allow":["GET"]}}],"collection":[{"href":"https:\/\/join.casiola.com\/es\/wp-json\/wp\/v2\/pages"}],"about":[{"href":"https:\/\/join.casiola.com\/es\/wp-json\/wp\/v2\/types\/page"}],"author":[{"embeddable":true,"href":"https:\/\/join.casiola.com\/es\/wp-json\/wp\/v2\/users\/1"}],"replies":[{"embeddable":true,"href":"https:\/\/join.casiola.com\/es\/wp-json\/wp\/v2\/comments?post=23175"}],"version-history":[{"count":9,"href":"https:\/\/join.casiola.com\/es\/wp-json\/wp\/v2\/pages\/23175\/revisions"}],"predecessor-version":[{"id":23195,"href":"https:\/\/join.casiola.com\/es\/wp-json\/wp\/v2\/pages\/23175\/revisions\/23195"}],"wp:attachment":[{"href":"https:\/\/join.casiola.com\/es\/wp-json\/wp\/v2\/media?parent=23175"}],"wp:term":[{"taxonomy":"category","embeddable":true,"href":"https:\/\/join.casiola.com\/es\/wp-json\/wp\/v2\/categories?post=23175"},{"taxonomy":"post_tag","embeddable":true,"href":"https:\/\/join.casiola.com\/es\/wp-json\/wp\/v2\/tags?post=23175"}],"curies":[{"name":"wp","href":"https:\/\/api.w.org\/{rel}","templated":true}]}}