{"id":23270,"date":"2022-11-25T11:07:52","date_gmt":"2022-11-25T11:07:52","guid":{"rendered":"https:\/\/join.casiola.com\/veranda-palms-resort-2\/"},"modified":"2025-11-05T20:01:57","modified_gmt":"2025-11-05T20:01:57","slug":"veranda-palms-resort-2","status":"publish","type":"page","link":"https:\/\/join.casiola.com\/es\/veranda-palms-resort-2\/","title":{"rendered":"Veranda Palms Resort"},"content":{"rendered":"<section class=\"l-section wpb_row height_small with_img\"><div class=\"l-section-img\" role=\"img\" aria-label=\"Veranda-Palms-casas-de-vacaciones-en-venta\" data-img-width=\"1280\" data-img-height=\"720\" style=\"background-image: url(https:\/\/join.casiola.com\/wp-content\/uploads\/2022\/11\/Veranda-Palms-vacation-homes-for-sale.jpg);\"><\/div><div class=\"l-section-h i-cf\"><div class=\"g-cols vc_row via_flex valign_bottom type_default stacking_default\"><div class=\"vc_col-sm-12 wpb_column vc_column_container\"><div class=\"vc_column-inner\"><div class=\"wpb_wrapper\"><div class=\"w-image us_custom_ca2bb189 us_animate_this align_center\"><div class=\"w-image-h\"><img decoding=\"async\" width=\"360\" height=\"360\" src=\"https:\/\/join.casiola.com\/wp-content\/uploads\/2022\/11\/veranda-palms-logo.png\" class=\"attachment-full size-full\" alt=\"veranda-palms-logo\" loading=\"lazy\" srcset=\"https:\/\/join.casiola.com\/wp-content\/uploads\/2022\/11\/veranda-palms-logo.png 360w, https:\/\/join.casiola.com\/wp-content\/uploads\/2022\/11\/veranda-palms-logo-300x300.png 300w, https:\/\/join.casiola.com\/wp-content\/uploads\/2022\/11\/veranda-palms-logo-150x150.png 150w, https:\/\/join.casiola.com\/wp-content\/uploads\/2022\/11\/veranda-palms-logo-350x350.png 350w\" sizes=\"auto, (max-width: 360px) 100vw, 360px\" \/><\/div><\/div><\/div><\/div><\/div><\/div><\/div><\/section><section class=\"l-section wpb_row height_auto\"><div class=\"l-section-h i-cf\"><div class=\"g-cols vc_row via_flex valign_bottom type_default stacking_default\"><div class=\"vc_col-sm-6 wpb_column vc_column_container\"><div class=\"vc_column-inner\"><div class=\"wpb_wrapper\"><div class=\"w-separator size_large\"><\/div><div class=\"wpb_text_column\"><div class=\"wpb_wrapper\"><h2><strong>Muchas gracias<\/strong>, [urlparam param=\u00bbfirstname\u00bb]<\/h2>\n<p>Muchas gracias por el inter\u00e9s que muestra en Casiola. Le hemos enviado un correo electr\u00f3nico con toda la informaci\u00f3n sobre Casiola y Veranda Palms Resort. Esperamos sinceramente poder convencerle de que <strong>Casiola es la empresa de gesti\u00f3n de alquileres vacacionales adecuada<\/strong> para usted.<\/p>\n<\/div><\/div><div class=\"w-message us_custom_d2407894 has_text_color color_custom with_icon\"><div class=\"w-message-icon\"><i class=\"material-icons\">info<\/i><\/div><div class=\"w-message-body\"><p>Mientras tanto, si tiene alguna pregunta, no dude en ponerse en contacto con nosotros. \u00a1Estaremos encantados de ayudarle!<br \/>\n<strong> P\u00f3ngase en contacto con nosotros por tel\u00e9fono: +1 321-284-8400 \u2013 o por correo electr\u00f3nico <a href=\"mailto:owners@casiola.com\"> owners@casiola.com <\/a> <\/strong><\/p>\n<\/div><\/div><div class=\"w-separator size_large\"><\/div><div class=\"wpb_text_column\"><div class=\"wpb_wrapper\"><h4 style=\"text-align: right;\"><span style=\"color: #ff0099;\">Mayra<\/span> \u2013 Gerente de relaciones con los propietarios<\/h4>\n<\/div><\/div><div class=\"w-separator size_large\"><\/div><\/div><\/div><\/div><div class=\"vc_col-sm-6 wpb_column vc_column_container\"><div class=\"vc_column-inner\"><div class=\"wpb_wrapper\"><div class=\"w-separator size_small\"><\/div><div class=\"w-image align_none\"><div class=\"w-image-h\"><img decoding=\"async\" width=\"650\" height=\"628\" src=\"https:\/\/join.casiola.com\/wp-content\/uploads\/2022\/11\/mayra-posing.png\" class=\"attachment-full size-full\" alt=\"mayra\" loading=\"lazy\" srcset=\"https:\/\/join.casiola.com\/wp-content\/uploads\/2022\/11\/mayra-posing.png 650w, https:\/\/join.casiola.com\/wp-content\/uploads\/2022\/11\/mayra-posing-300x290.png 300w, https:\/\/join.casiola.com\/wp-content\/uploads\/2022\/11\/mayra-posing-600x580.png 600w\" sizes=\"auto, (max-width: 650px) 100vw, 650px\" \/><\/div><\/div><\/div><\/div><\/div><\/div><\/div><\/section><section class=\"l-section wpb_row height_medium color_primary\"><div class=\"l-section-h i-cf\"><div class=\"g-cols vc_row via_flex valign_top type_default stacking_default\"><div class=\"vc_col-sm-12 wpb_column vc_column_container\"><div class=\"vc_column-inner\"><div class=\"wpb_wrapper\"><div class=\"w-actionbox color_primary controls_right\"><div class=\"w-actionbox-text\"><h2 class=\"w-actionbox-title\" style=\"font-size:h3\">Casiola: \u00a1la administraci\u00f3n de casas de vacaciones que le encantar\u00e1!<\/h2><\/div><div class=\"w-actionbox-controls\"><a class=\"w-btn us-btn-style_4\" href=\"https:\/\/join.casiola.com\/junte-se\/\" style=\"font-size:20;\"><span class=\"w-btn-label\">\u00a1\u00danase a nosotros ahora!<\/span><\/a><\/div><\/div><\/div><\/div><\/div><\/div><\/div><\/section>\n","protected":false},"excerpt":{"rendered":"Muchas gracias, [urlparam param=\u00bbfirstname\u00bb] Muchas gracias por el inter\u00e9s que muestra en Casiola. Le hemos enviado un correo electr\u00f3nico con toda la informaci\u00f3n sobre Casiola y Veranda Palms Resort. Esperamos sinceramente poder convencerle de que Casiola es la empresa de gesti\u00f3n de alquileres vacacionales adecuada para usted. infoMientras tanto, si tiene alguna pregunta, no dude...","protected":false},"author":1,"featured_media":23057,"parent":0,"menu_order":0,"comment_status":"closed","ping_status":"closed","template":"","meta":{"_acf_changed":false,"footnotes":""},"categories":[205],"tags":[],"class_list":["post-23270","page","type-page","status-publish","has-post-thumbnail","hentry","category-complejo-turistico"],"acf":{"destination_name":null,"destination_slug":null,"destination-email":null,"destination_hero":null,"destination_copy":null,"advantages_title":null,"advantages_1":null,"advantages_2":null,"advantages_3":null,"advantages_4":null,"advantages_5":null,"advantages_6":null,"linen_program":null,"design_center":null,"guests_are_booking_title":null,"guests_are_booking_text":null,"hvm":null,"amex":null,"award_winning_company":null,"numbers_1":null,"numbers_2":null,"numbers_quote":null,"faq_1":null,"faq_1_response":null,"faq_2":null,"faq_2_response":null,"faq_3":null,"faq_3_response":null,"faq_4":null,"faq_4_response":null,"faq_5":null,"faq_5_response":null,"faq_6":null,"faq_6_response":null,"faq_7":null,"faq_7_response":null,"faq_8":null,"faq_8_response":null,"faq_9":null,"faq_9_response":null,"faq_10":null,"faq_10_response":null,"faq_11":null,"faq_11_response":null,"vacation_rental_manager_blog_title":null,"vacation_rental_manager_blog_text":null,"discover_all_casiola_destinations":null},"_links":{"self":[{"href":"https:\/\/join.casiola.com\/es\/wp-json\/wp\/v2\/pages\/23270","targetHints":{"allow":["GET"]}}],"collection":[{"href":"https:\/\/join.casiola.com\/es\/wp-json\/wp\/v2\/pages"}],"about":[{"href":"https:\/\/join.casiola.com\/es\/wp-json\/wp\/v2\/types\/page"}],"author":[{"embeddable":true,"href":"https:\/\/join.casiola.com\/es\/wp-json\/wp\/v2\/users\/1"}],"replies":[{"embeddable":true,"href":"https:\/\/join.casiola.com\/es\/wp-json\/wp\/v2\/comments?post=23270"}],"version-history":[{"count":2,"href":"https:\/\/join.casiola.com\/es\/wp-json\/wp\/v2\/pages\/23270\/revisions"}],"predecessor-version":[{"id":23279,"href":"https:\/\/join.casiola.com\/es\/wp-json\/wp\/v2\/pages\/23270\/revisions\/23279"}],"wp:featuredmedia":[{"embeddable":true,"href":"https:\/\/join.casiola.com\/es\/wp-json\/wp\/v2\/media\/23057"}],"wp:attachment":[{"href":"https:\/\/join.casiola.com\/es\/wp-json\/wp\/v2\/media?parent=23270"}],"wp:term":[{"taxonomy":"category","embeddable":true,"href":"https:\/\/join.casiola.com\/es\/wp-json\/wp\/v2\/categories?post=23270"},{"taxonomy":"post_tag","embeddable":true,"href":"https:\/\/join.casiola.com\/es\/wp-json\/wp\/v2\/tags?post=23270"}],"curies":[{"name":"wp","href":"https:\/\/api.w.org\/{rel}","templated":true}]}}