{"id":23352,"date":"2018-09-05T12:13:25","date_gmt":"2018-09-05T12:13:25","guid":{"rendered":"https:\/\/join.casiola.com\/complejo-summerville-2\/"},"modified":"2025-11-05T20:03:32","modified_gmt":"2025-11-05T20:03:32","slug":"complejo-summerville-2","status":"publish","type":"page","link":"https:\/\/join.casiola.com\/es\/complejo-summerville-2\/","title":{"rendered":"Complejo Summerville"},"content":{"rendered":"<section class=\"l-section wpb_row height_medium with_img\"><div class=\"l-section-img\" role=\"img\" aria-label=\"Summerville Resort by Casiola Vacation Homes\" data-img-width=\"1920\" data-img-height=\"621\" style=\"background-image: url(https:\/\/join.casiola.com\/wp-content\/uploads\/2018\/09\/summerville.png);\"><\/div><div class=\"l-section-h i-cf\"><div class=\"g-cols vc_row via_flex valign_middle type_default stacking_default\"><div class=\"vc_col-sm-12 wpb_column vc_column_container\"><div class=\"vc_column-inner\"><div class=\"wpb_wrapper\"><div class=\"w-image align_center us_animate_aft\" style=\"animation-delay:1s\"><div class=\"w-image-h\"><img decoding=\"async\" width=\"360\" height=\"360\" src=\"https:\/\/join.casiola.com\/wp-content\/uploads\/2018\/09\/summerville-logo.png\" class=\"attachment-full size-full\" alt=\"summerville-logo\" loading=\"lazy\" srcset=\"https:\/\/join.casiola.com\/wp-content\/uploads\/2018\/09\/summerville-logo.png 360w, https:\/\/join.casiola.com\/wp-content\/uploads\/2018\/09\/summerville-logo-300x300.png 300w, https:\/\/join.casiola.com\/wp-content\/uploads\/2018\/09\/summerville-logo-150x150.png 150w, https:\/\/join.casiola.com\/wp-content\/uploads\/2018\/09\/summerville-logo-350x350.png 350w\" sizes=\"auto, (max-width: 360px) 100vw, 360px\" \/><\/div><\/div><\/div><\/div><\/div><\/div><\/div><\/section><section class=\"l-section wpb_row height_medium\"><div class=\"l-section-h i-cf\"><div class=\"g-cols vc_row via_flex valign_top type_default stacking_default\"><div class=\"vc_col-sm-12 wpb_column vc_column_container\"><div class=\"vc_column-inner\"><div class=\"wpb_wrapper\"><div class=\"wpb_text_column\"><div class=\"wpb_wrapper\"><h2 style=\"text-align: center;\">\u00bfCu\u00e1nto puede <strong>ganar en el complejo Summerville?<\/strong><\/h2>\n<h3 style=\"text-align: center;\">Trabajamos con las mejores tarifas del sector. Descubra exactamente cu\u00e1nto puede ganar trabajando con nosotros. <\/h3>\n<\/div><\/div><div class=\"w-separator size_medium\"><\/div><div class=\"wpb_text_column\"><div class=\"wpb_wrapper\"><p>[supsystic-tables id=\u00bb35&#8243;]<\/p>\n<\/div><\/div><div class=\"w-separator size_medium\"><\/div><div class=\"wpb_text_column\"><div class=\"wpb_wrapper\"><p style=\"font-size: 12px;\">*Todas las cantidades de ingresos y gastos son estimaciones y NO deben considerarse garantizadas. Las cantidades no reflejan los gastos de las cuotas de la HOA, las cuotas de la CDD, las grandes reparaciones, los impuestos sobre la propiedad, etc. Las cantidades no reflejan la posible ganancia de apreciaci\u00f3n y, para los compradores estadounidenses, los posibles beneficios fiscales. Casiola LLC no afirma ser un asesor financiero o legal. Esto no es de ninguna manera una garant\u00eda de ocupaci\u00f3n. Los gastos pueden variar con la inflaci\u00f3n y otros factores.     <\/p>\n<\/div><\/div><\/div><\/div><\/div><\/div><\/div><\/section><section class=\"l-section wpb_row height_medium color_alternate\"><div class=\"l-section-h i-cf\"><div class=\"g-cols vc_row via_flex valign_top type_default stacking_default\"><div class=\"vc_col-sm-12 wpb_column vc_column_container\"><div class=\"vc_column-inner\"><div class=\"wpb_wrapper\"><div class=\"wpb_text_column\"><div class=\"wpb_wrapper\"><h2 style=\"text-align: center;\">Conozca al <strong>equipo de incorporaci\u00f3n de Casiola<\/strong><\/h2>\n<h3 style=\"text-align: center;\">Ya sea que est\u00e9 eligiendo su <strong>casa de vacaciones ideal<\/strong>, asegur\u00e1ndose de que su alquiler est\u00e9 <strong>listo para los hu\u00e9spedes<\/strong> o <strong>haciendo la transici\u00f3n desde otra empresa de administraci\u00f3n de propiedades<\/strong>, nuestro equipo de incorporaci\u00f3n est\u00e1 aqu\u00ed para <strong>ayudarle en cada paso del camino<\/strong>.<\/h3>\n<\/div><\/div><div class=\"w-image align_center\"><div class=\"w-image-h\"><img decoding=\"async\" width=\"1024\" height=\"574\" src=\"https:\/\/join.casiola.com\/wp-content\/uploads\/2022\/02\/owner-relations-1024x574.jpg\" class=\"attachment-large size-large\" alt=\"owner-relations\" loading=\"lazy\" srcset=\"https:\/\/join.casiola.com\/wp-content\/uploads\/2022\/02\/owner-relations-1024x574.jpg 1024w, https:\/\/join.casiola.com\/wp-content\/uploads\/2022\/02\/owner-relations-300x168.jpg 300w, https:\/\/join.casiola.com\/wp-content\/uploads\/2022\/02\/owner-relations-600x336.jpg 600w, https:\/\/join.casiola.com\/wp-content\/uploads\/2022\/02\/owner-relations-768x430.jpg 768w, https:\/\/join.casiola.com\/wp-content\/uploads\/2022\/02\/owner-relations.jpg 1080w\" sizes=\"auto, (max-width: 1024px) 100vw, 1024px\" \/><\/div><\/div><div class=\"w-separator size_small\"><\/div><div class=\"wpb_text_column\"><div class=\"wpb_wrapper\"><h4 style=\"text-align: center;\">Conozca al equipo: <span style=\"color: #ff0099;\"><strong>Michelle, Mayra y Natalia<\/strong><\/span><\/h4>\n<\/div><\/div><div class=\"w-separator size_medium\"><\/div><div class=\"w-btn-wrapper align_center\"><a class=\"w-btn us-btn-style_6\" href=\"https:\/\/join.casiola.com\/es\/unase-a-nosotros\/\"><span class=\"w-btn-label\">\u00danase a nosotros hoy mismo<\/span><\/a><\/div><\/div><\/div><\/div><\/div><\/div><\/section><section class=\"l-section wpb_row height_medium with_img\"><div class=\"l-section-img\" role=\"img\" aria-label=\"Imagen\" style=\"background-image: url(https:\/\/join.casiola.com\/wp-content\/plugins\/us-core\/assets\/images\/placeholder.svg);\"><\/div><div class=\"l-section-h i-cf\"><div class=\"g-cols vc_row via_flex valign_top type_default stacking_default\"><div class=\"vc_col-sm-12 wpb_column vc_column_container\"><div class=\"vc_column-inner\"><div class=\"wpb_wrapper\"><div class=\"w-separator size_custom\" style=\"height:200\"><\/div><\/div><\/div><\/div><\/div><\/div><\/section><section class=\"l-section wpb_row height_medium color_primary\"><div class=\"l-section-h i-cf\"><div class=\"g-cols vc_row via_flex valign_top type_default stacking_default\"><div class=\"vc_col-sm-12 wpb_column vc_column_container\"><div class=\"vc_column-inner\"><div class=\"wpb_wrapper\"><div class=\"w-actionbox color_primary controls_right\"><div class=\"w-actionbox-text\"><h2 class=\"w-actionbox-title\" style=\"font-size:h3\">Casiola: \u00a1la administraci\u00f3n de casas de vacaciones que le encantar\u00e1!<\/h2><\/div><div class=\"w-actionbox-controls\"><a class=\"w-btn us-btn-style_4\" href=\"http:\/\/101.35d.myftpupload.com\/join-us\/\" style=\"font-size:20;\" target=\"_blank\" rel=\"noopener\"><span class=\"w-btn-label\">\u00a1\u00danase a nosotros ahora!<\/span><\/a><\/div><\/div><\/div><\/div><\/div><\/div><\/div><\/section>\n","protected":false},"excerpt":{"rendered":"\u00bfCu\u00e1nto puede ganar en el complejo Summerville? Trabajamos con las mejores tarifas del sector. Descubra exactamente cu\u00e1nto puede ganar trabajando con nosotros. [supsystic-tables id=\u00bb35&#8243;] *Todas las cantidades de ingresos y gastos son estimaciones y NO deben considerarse garantizadas. Las cantidades no reflejan los gastos de las cuotas de la HOA, las cuotas de la CDD,...","protected":false},"author":1,"featured_media":23056,"parent":0,"menu_order":0,"comment_status":"closed","ping_status":"closed","template":"","meta":{"_acf_changed":false,"footnotes":""},"categories":[205],"tags":[],"class_list":["post-23352","page","type-page","status-publish","has-post-thumbnail","hentry","category-complejo-turistico"],"acf":{"destination_name":null,"destination_slug":null,"destination-email":null,"destination_hero":null,"destination_copy":null,"advantages_title":null,"advantages_1":null,"advantages_2":null,"advantages_3":null,"advantages_4":null,"advantages_5":null,"advantages_6":null,"linen_program":null,"design_center":null,"guests_are_booking_title":null,"guests_are_booking_text":null,"hvm":null,"amex":null,"award_winning_company":null,"numbers_1":null,"numbers_2":null,"numbers_quote":null,"faq_1":null,"faq_1_response":null,"faq_2":null,"faq_2_response":null,"faq_3":null,"faq_3_response":null,"faq_4":null,"faq_4_response":null,"faq_5":null,"faq_5_response":null,"faq_6":null,"faq_6_response":null,"faq_7":null,"faq_7_response":null,"faq_8":null,"faq_8_response":null,"faq_9":null,"faq_9_response":null,"faq_10":null,"faq_10_response":null,"faq_11":null,"faq_11_response":null,"vacation_rental_manager_blog_title":null,"vacation_rental_manager_blog_text":null,"discover_all_casiola_destinations":null},"_links":{"self":[{"href":"https:\/\/join.casiola.com\/es\/wp-json\/wp\/v2\/pages\/23352","targetHints":{"allow":["GET"]}}],"collection":[{"href":"https:\/\/join.casiola.com\/es\/wp-json\/wp\/v2\/pages"}],"about":[{"href":"https:\/\/join.casiola.com\/es\/wp-json\/wp\/v2\/types\/page"}],"author":[{"embeddable":true,"href":"https:\/\/join.casiola.com\/es\/wp-json\/wp\/v2\/users\/1"}],"replies":[{"embeddable":true,"href":"https:\/\/join.casiola.com\/es\/wp-json\/wp\/v2\/comments?post=23352"}],"version-history":[{"count":11,"href":"https:\/\/join.casiola.com\/es\/wp-json\/wp\/v2\/pages\/23352\/revisions"}],"predecessor-version":[{"id":23433,"href":"https:\/\/join.casiola.com\/es\/wp-json\/wp\/v2\/pages\/23352\/revisions\/23433"}],"wp:featuredmedia":[{"embeddable":true,"href":"https:\/\/join.casiola.com\/es\/wp-json\/wp\/v2\/media\/23056"}],"wp:attachment":[{"href":"https:\/\/join.casiola.com\/es\/wp-json\/wp\/v2\/media?parent=23352"}],"wp:term":[{"taxonomy":"category","embeddable":true,"href":"https:\/\/join.casiola.com\/es\/wp-json\/wp\/v2\/categories?post=23352"},{"taxonomy":"post_tag","embeddable":true,"href":"https:\/\/join.casiola.com\/es\/wp-json\/wp\/v2\/tags?post=23352"}],"curies":[{"name":"wp","href":"https:\/\/api.w.org\/{rel}","templated":true}]}}