{"id":23468,"date":"2017-10-19T13:16:07","date_gmt":"2017-10-19T13:16:07","guid":{"rendered":"https:\/\/join.casiola.com\/resort-solterra-2\/"},"modified":"2025-11-05T20:03:54","modified_gmt":"2025-11-05T20:03:54","slug":"resort-solterra-2","status":"publish","type":"page","link":"https:\/\/join.casiola.com\/es\/resort-solterra-2\/","title":{"rendered":"Resort Solterra"},"content":{"rendered":"<section class=\"l-section wpb_row height_medium with_img\"><div class=\"l-section-img\" role=\"img\" aria-label=\"Casiola en Solterra Resort\" data-img-width=\"2560\" data-img-height=\"924\" style=\"background-image: url(https:\/\/join.casiola.com\/wp-content\/uploads\/2017\/09\/soltera-scaled.jpg);background-position: bottom center;\"><\/div><div class=\"l-section-h i-cf\"><div class=\"g-cols vc_row via_flex valign_bottom type_default stacking_default\"><div class=\"vc_col-sm-12 wpb_column vc_column_container\"><div class=\"vc_column-inner\"><div class=\"wpb_wrapper\"><div class=\"w-image us_custom_ca2bb189 us_animate_this align_center\"><div class=\"w-image-h\"><img decoding=\"async\" width=\"360\" height=\"360\" src=\"https:\/\/join.casiola.com\/wp-content\/uploads\/2017\/11\/landing-solterra-logo-1.png\" class=\"attachment-us_img_size_1 size-us_img_size_1\" alt=\"Solterre Resort by Casiola vacation homes\" loading=\"lazy\" srcset=\"https:\/\/join.casiola.com\/wp-content\/uploads\/2017\/11\/landing-solterra-logo-1.png 360w, https:\/\/join.casiola.com\/wp-content\/uploads\/2017\/11\/landing-solterra-logo-1-300x300.png 300w, https:\/\/join.casiola.com\/wp-content\/uploads\/2017\/11\/landing-solterra-logo-1-150x150.png 150w, https:\/\/join.casiola.com\/wp-content\/uploads\/2017\/11\/landing-solterra-logo-1-350x350.png 350w\" sizes=\"auto, (max-width: 360px) 100vw, 360px\" \/><\/div><\/div><\/div><\/div><\/div><\/div><\/div><\/section><section class=\"l-section wpb_row height_medium\"><div class=\"l-section-h i-cf\"><div class=\"g-cols vc_row via_flex valign_top type_default stacking_default\"><div class=\"vc_col-sm-12 wpb_column vc_column_container\"><div class=\"vc_column-inner\"><div class=\"wpb_wrapper\"><div class=\"wpb_text_column\"><div class=\"wpb_wrapper\"><h2 style=\"text-align: center;\">\u00bfCu\u00e1nto puede <strong>ganar?<\/strong><\/h2>\n<h3 style=\"text-align: center;\">Trabajamos con las mejores tarifas del sector. Descubra exactamente cu\u00e1nto puede ganar trabajando con nosotros. <\/h3>\n<\/div><\/div><div class=\"wpb_text_column\"><div class=\"wpb_wrapper\">\n<table id=\"tablepress-10\" class=\"tablepress tablepress-id-10 pricing_table\">\n<thead>\n<tr class=\"row-1\">\n\t<th class=\"column-1\">Property Type<\/th><th class=\"column-2\">Average Daily Rate<\/th><th class=\"column-3\">Annual Revenue<\/th><th class=\"column-4\">Expenses<\/th><th class=\"column-5\">Net Lower Range<\/th><th class=\"column-6\">Net Upper Range<\/th>\n<\/tr>\n<\/thead>\n<tbody class=\"row-hover\">\n<tr class=\"row-2\">\n\t<td class=\"column-1\">4 Bedroom Townhome<\/td><td class=\"column-2\">$141.00<\/td><td class=\"column-3\">$31,136.33<\/td><td class=\"column-4\">$14,793.47<\/td><td class=\"column-5\">$14,708.57<\/td><td class=\"column-6\">$17,977.14<\/td>\n<\/tr>\n<tr class=\"row-3\">\n\t<td class=\"column-1\">5 bedroom Townhome<\/td><td class=\"column-2\">$167.00<\/td><td class=\"column-3\">$36,877.78<\/td><td class=\"column-4\">$16,202.71<\/td><td class=\"column-5\">$18,607.55<\/td><td class=\"column-6\">$22,742.57<\/td>\n<\/tr>\n<tr class=\"row-4\">\n\t<td class=\"column-1\">5 Bedroom Pool Home<\/td><td class=\"column-2\">$192.00<\/td><td class=\"column-3\">$42,398.40<\/td><td class=\"column-4\">$18,393.39<\/td><td class=\"column-5\">$21,604.51<\/td><td class=\"column-6\">$26,405.51<\/td>\n<\/tr>\n<tr class=\"row-5\">\n\t<td class=\"column-1\">6 Bedroom Pool Home<\/td><td class=\"column-2\">$228.00<\/td><td class=\"column-3\">$50,348.10<\/td><td class=\"column-4\">$19,004.15<\/td><td class=\"column-5\">$28,209.56<\/td><td class=\"column-6\">$34,478.35<\/td>\n<\/tr>\n<tr class=\"row-6\">\n\t<td class=\"column-1\">7 Bedroom Pool Home<\/td><td class=\"column-2\">$236.00<\/td><td class=\"column-3\">$52,114.70<\/td><td class=\"column-4\">$21,338.89<\/td><td class=\"column-5\">$27,698.23<\/td><td class=\"column-6\">$33,853.39<\/td>\n<\/tr>\n<tr class=\"row-7\">\n\t<td class=\"column-1\">8 Bedroom Pool Home<\/td><td class=\"column-2\">$263.00<\/td><td class=\"column-3\">$58,076.98<\/td><td class=\"column-4\">$23,499.79<\/td><td class=\"column-5\">$31,119.47<\/td><td class=\"column-6\">$38,034.91<\/td>\n<\/tr>\n<tr class=\"row-8\">\n\t<td class=\"column-1\">9 Bedroom Pool Home<\/td><td class=\"column-2\">$336.00<\/td><td class=\"column-3\">$74,197.20<\/td><td class=\"column-4\">$25,189.92<\/td><td class=\"column-5\">$44,106.55<\/td><td class=\"column-6\">$53,908.01<\/td>\n<\/tr>\n<tr class=\"row-9\">\n\t<td class=\"column-1\">10 Bedroom Pool Home<\/td><td class=\"column-2\">$368.00<\/td><td class=\"column-3\">$81,263.60<\/td><td class=\"column-4\">$30,437.27<\/td><td class=\"column-5\">$45,743.70<\/td><td class=\"column-6\">$55,908.96<\/td>\n<\/tr>\n<tr class=\"row-10\">\n\t<td class=\"column-1\">11 Bedroom Pool Home<\/td><td class=\"column-2\">$389.00<\/td><td class=\"column-3\">$85,900.93<\/td><td class=\"column-4\">$31,483.54<\/td><td class=\"column-5\">$48,975.65<\/td><td class=\"column-6\">$59,859.12<\/td>\n<\/tr>\n<tr class=\"row-11\">\n\t<td class=\"column-1\">12 Bedroom Pool Home<\/td><td class=\"column-2\">$410.00<\/td><td class=\"column-3\">$90,538.25<\/td><td class=\"column-4\">$32,529.81<\/td><td class=\"column-5\">$52,207.59<\/td><td class=\"column-6\">$63,809.28<\/td>\n<\/tr>\n<tr class=\"row-12\">\n\t<td class=\"column-1\">14 Bedroom Pool Home<\/td><td class=\"column-2\">$473.00<\/td><td class=\"column-3\">$104,450.23<\/td><td class=\"column-4\">$36,046.79<\/td><td class=\"column-5\">$61,563.09<\/td><td class=\"column-6\">$75,243.78<\/td>\n<\/tr>\n<tr class=\"row-13\">\n\t<td class=\"column-1\">15 Bedroom Pool Home<\/td><td class=\"column-2\">$525.00<\/td><td class=\"column-3\">$115,933.13<\/td><td class=\"column-4\">$38,581.99<\/td><td class=\"column-5\">$69,616.02<\/td><td class=\"column-6\">$85,086.25<\/td>\n<\/tr>\n<\/tbody>\n<\/table>\n<!-- #tablepress-10 from cache -->\n<\/div><\/div><div class=\"wpb_text_column\"><div class=\"wpb_wrapper\"><p style=\"font-size: 12px;\">*Todas las cantidades de ingresos y gastos son estimaciones y NO deben considerarse garantizadas. Las cantidades no reflejan los gastos de las cuotas de la HOA, las cuotas de la CDD, las grandes reparaciones, los impuestos sobre la propiedad, etc. Las cantidades no reflejan la posible ganancia de apreciaci\u00f3n y, para los compradores estadounidenses, los posibles beneficios fiscales. Casiola LLC no afirma ser un asesor financiero o legal. Esto no es de ninguna manera una garant\u00eda de ocupaci\u00f3n. Los gastos pueden variar con la inflaci\u00f3n y otros factores.     <\/p>\n<\/div><\/div><\/div><\/div><\/div><\/div><\/div><\/section><section class=\"l-section wpb_row height_medium color_alternate\"><div class=\"l-section-h i-cf\"><div class=\"g-cols vc_row via_flex valign_top type_default stacking_default\"><div class=\"vc_col-sm-12 wpb_column vc_column_container\"><div class=\"vc_column-inner\"><div class=\"wpb_wrapper\"><div class=\"wpb_text_column\"><div class=\"wpb_wrapper\"><h2 style=\"text-align: center;\">Conozca al <strong>equipo de incorporaci\u00f3n de Casiola<\/strong><\/h2>\n<h3 style=\"text-align: center;\">Ya sea que est\u00e9 eligiendo su <strong>casa de vacaciones ideal<\/strong>, asegur\u00e1ndose de que su alquiler est\u00e9 <strong>listo para los hu\u00e9spedes<\/strong> o <strong>haciendo la transici\u00f3n desde otra empresa de administraci\u00f3n de propiedades<\/strong>, nuestro equipo de incorporaci\u00f3n est\u00e1 aqu\u00ed para <strong>ayudarle en cada paso del camino<\/strong>.<\/h3>\n<\/div><\/div><div class=\"w-image align_center\"><div class=\"w-image-h\"><img decoding=\"async\" width=\"1024\" height=\"574\" src=\"https:\/\/join.casiola.com\/wp-content\/uploads\/2022\/02\/owner-relations-1024x574.jpg\" class=\"attachment-large size-large\" alt=\"owner-relations\" loading=\"lazy\" srcset=\"https:\/\/join.casiola.com\/wp-content\/uploads\/2022\/02\/owner-relations-1024x574.jpg 1024w, https:\/\/join.casiola.com\/wp-content\/uploads\/2022\/02\/owner-relations-300x168.jpg 300w, https:\/\/join.casiola.com\/wp-content\/uploads\/2022\/02\/owner-relations-600x336.jpg 600w, https:\/\/join.casiola.com\/wp-content\/uploads\/2022\/02\/owner-relations-768x430.jpg 768w, https:\/\/join.casiola.com\/wp-content\/uploads\/2022\/02\/owner-relations.jpg 1080w\" sizes=\"auto, (max-width: 1024px) 100vw, 1024px\" \/><\/div><\/div><div class=\"w-separator size_small\"><\/div><div class=\"wpb_text_column\"><div class=\"wpb_wrapper\"><h4 style=\"text-align: center;\">Conozca al equipo: <span style=\"color: #ff0099;\"><strong>Michelle, Mayra y Natalia<\/strong><\/span><\/h4>\n<\/div><\/div><div class=\"w-separator size_medium\"><\/div><div class=\"w-btn-wrapper align_center\"><a class=\"w-btn us-btn-style_6\" href=\"https:\/\/join.casiola.com\/es\/unase-a-nosotros\/\"><span class=\"w-btn-label\">\u00danase a nosotros hoy mismo<\/span><\/a><\/div><\/div><\/div><\/div><\/div><\/div><\/section><section class=\"l-section wpb_row height_medium with_img\"><div class=\"l-section-img\" role=\"img\" aria-label=\"Solterra Resort Casiola\" data-img-width=\"2393\" data-img-height=\"697\" style=\"background-image: url(https:\/\/join.casiola.com\/wp-content\/uploads\/2018\/09\/solterra-2.jpg);\"><\/div><div class=\"l-section-h i-cf\"><div class=\"g-cols vc_row via_flex valign_top type_default stacking_default\"><div class=\"vc_col-sm-12 wpb_column vc_column_container\"><div class=\"vc_column-inner\"><div class=\"wpb_wrapper\"><div class=\"w-separator size_custom\" style=\"height:200\"><\/div><\/div><\/div><\/div><\/div><\/div><\/section><section class=\"l-section wpb_row height_medium color_primary\"><div class=\"l-section-h i-cf\"><div class=\"g-cols vc_row via_flex valign_top type_default stacking_default\"><div class=\"vc_col-sm-12 wpb_column vc_column_container\"><div class=\"vc_column-inner\"><div class=\"wpb_wrapper\"><div class=\"w-actionbox color_primary controls_right\"><div class=\"w-actionbox-text\"><h2 class=\"w-actionbox-title\" style=\"font-size:h3\">Casiola: \u00a1la administraci\u00f3n de casas de vacaciones que le encantar\u00e1!<\/h2><\/div><div class=\"w-actionbox-controls\"><a class=\"w-btn us-btn-style_4\" href=\"http:\/\/101.35d.myftpupload.com\/join-us\/\" style=\"font-size:20;\" target=\"_blank\" rel=\"noopener\"><span class=\"w-btn-label\">\u00a1\u00danase a nosotros ahora!<\/span><\/a><\/div><\/div><\/div><\/div><\/div><\/div><\/div><\/section>\n","protected":false},"excerpt":{"rendered":"\u00bfCu\u00e1nto puede ganar? Trabajamos con las mejores tarifas del sector. Descubra exactamente cu\u00e1nto puede ganar trabajando con nosotros. Property TypeAverage Daily RateAnnual RevenueExpensesNet Lower RangeNet Upper Range 4 Bedroom Townhome$141.00$31,136.33$14,793.47$14,708.57$17,977.14 5 bedroom Townhome$167.00$36,877.78$16,202.71$18,607.55$22,742.57 5 Bedroom Pool Home$192.00$42,398.40$18,393.39$21,604.51$26,405.51 6 Bedroom Pool Home$228.00$50,348.10$19,004.15$28,209.56$34,478.35 7 Bedroom Pool Home$236.00$52,114.70$21,338.89$27,698.23$33,853.39 8 Bedroom Pool Home$263.00$58,076.98$23,499.79$31,119.47$38,034.91 9 Bedroom Pool Home$336.00$74,197.20$25,189.92$44,106.55$53,908.01 10 Bedroom...","protected":false},"author":1,"featured_media":23240,"parent":0,"menu_order":0,"comment_status":"closed","ping_status":"closed","template":"","meta":{"_acf_changed":false,"footnotes":""},"categories":[15],"tags":[],"class_list":["post-23468","page","type-page","status-publish","has-post-thumbnail","hentry","category-resort-pt-br"],"acf":{"destination_name":null,"destination_slug":null,"destination-email":null,"destination_hero":null,"destination_copy":null,"advantages_title":null,"advantages_1":null,"advantages_2":null,"advantages_3":null,"advantages_4":null,"advantages_5":null,"advantages_6":null,"linen_program":null,"design_center":null,"guests_are_booking_title":null,"guests_are_booking_text":null,"hvm":null,"amex":null,"award_winning_company":null,"numbers_1":null,"numbers_2":null,"numbers_quote":null,"faq_1":null,"faq_1_response":null,"faq_2":null,"faq_2_response":null,"faq_3":null,"faq_3_response":null,"faq_4":null,"faq_4_response":null,"faq_5":null,"faq_5_response":null,"faq_6":null,"faq_6_response":null,"faq_7":null,"faq_7_response":null,"faq_8":null,"faq_8_response":null,"faq_9":null,"faq_9_response":null,"faq_10":null,"faq_10_response":null,"faq_11":null,"faq_11_response":null,"vacation_rental_manager_blog_title":null,"vacation_rental_manager_blog_text":null,"discover_all_casiola_destinations":null},"_links":{"self":[{"href":"https:\/\/join.casiola.com\/es\/wp-json\/wp\/v2\/pages\/23468","targetHints":{"allow":["GET"]}}],"collection":[{"href":"https:\/\/join.casiola.com\/es\/wp-json\/wp\/v2\/pages"}],"about":[{"href":"https:\/\/join.casiola.com\/es\/wp-json\/wp\/v2\/types\/page"}],"author":[{"embeddable":true,"href":"https:\/\/join.casiola.com\/es\/wp-json\/wp\/v2\/users\/1"}],"replies":[{"embeddable":true,"href":"https:\/\/join.casiola.com\/es\/wp-json\/wp\/v2\/comments?post=23468"}],"version-history":[{"count":3,"href":"https:\/\/join.casiola.com\/es\/wp-json\/wp\/v2\/pages\/23468\/revisions"}],"predecessor-version":[{"id":23473,"href":"https:\/\/join.casiola.com\/es\/wp-json\/wp\/v2\/pages\/23468\/revisions\/23473"}],"wp:featuredmedia":[{"embeddable":true,"href":"https:\/\/join.casiola.com\/es\/wp-json\/wp\/v2\/media\/23240"}],"wp:attachment":[{"href":"https:\/\/join.casiola.com\/es\/wp-json\/wp\/v2\/media?parent=23468"}],"wp:term":[{"taxonomy":"category","embeddable":true,"href":"https:\/\/join.casiola.com\/es\/wp-json\/wp\/v2\/categories?post=23468"},{"taxonomy":"post_tag","embeddable":true,"href":"https:\/\/join.casiola.com\/es\/wp-json\/wp\/v2\/tags?post=23468"}],"curies":[{"name":"wp","href":"https:\/\/api.w.org\/{rel}","templated":true}]}}