{"id":23560,"date":"2019-03-04T11:02:09","date_gmt":"2019-03-04T11:02:09","guid":{"rendered":"https:\/\/join.casiola.com\/mycasiola-gestion-de-resenas\/"},"modified":"2025-11-05T20:04:53","modified_gmt":"2025-11-05T20:04:53","slug":"mycasiola-gestion-de-resenas","status":"publish","type":"page","link":"https:\/\/join.casiola.com\/es\/mycasiola-gestion-de-resenas\/","title":{"rendered":"myCasiola \u2013 gesti\u00f3n de rese\u00f1as"},"content":{"rendered":"<section class=\"l-section wpb_row height_medium color_alternate\"><div class=\"l-section-h i-cf\"><div class=\"g-cols vc_row via_flex valign_middle type_default stacking_default\"><div class=\"vc_col-sm-6 wpb_column vc_column_container\"><div class=\"vc_column-inner\"><div class=\"wpb_wrapper\"><div class=\"w-image us_custom_7e20fa79 us_animate_this align_center\"><div class=\"w-image-h\"><img decoding=\"async\" width=\"300\" height=\"231\" src=\"https:\/\/join.casiola.com\/wp-content\/uploads\/2019\/01\/myCasiola-logo.png\" class=\"attachment-large size-large\" alt=\"myCasiola-logo\" loading=\"lazy\" \/><\/div><\/div><div class=\"w-separator size_medium\"><\/div><div class=\"wpb_text_column\"><div class=\"wpb_wrapper\"><p style=\"text-align: center;\"><span style=\"font-weight: 400;\">Descubra lo que dicen sus hu\u00e9spedes con las rese\u00f1as de hu\u00e9spedes de myCasiola. Obtendr\u00e1 <strong>comentarios de los hu\u00e9spedes en tiempo real sobre su propiedad, su ubicaci\u00f3n y nuestro servicio de atenci\u00f3n al cliente<\/strong>. Los comentarios de los hu\u00e9spedes valen su peso en oro, por lo que nos aseguramos de que los tenga todos al alcance de su mano. \u00a1No hay mejor publicidad que el boca a boca de un hu\u00e9sped satisfecho!    <\/span><\/p>\n<\/div><\/div><\/div><\/div><\/div><div class=\"vc_col-sm-6 wpb_column vc_column_container\"><div class=\"vc_column-inner\"><div class=\"wpb_wrapper\"><div class=\"w-image align_none\"><div class=\"w-image-h\"><img decoding=\"async\" width=\"858\" height=\"589\" src=\"https:\/\/join.casiola.com\/wp-content\/uploads\/2019\/02\/reviews.png\" class=\"attachment-large size-large\" alt=\"reviews myCasiola - Property timeline\" loading=\"lazy\" srcset=\"https:\/\/join.casiola.com\/wp-content\/uploads\/2019\/02\/reviews.png 858w, https:\/\/join.casiola.com\/wp-content\/uploads\/2019\/02\/reviews-300x206.png 300w, https:\/\/join.casiola.com\/wp-content\/uploads\/2019\/02\/reviews-600x412.png 600w, https:\/\/join.casiola.com\/wp-content\/uploads\/2019\/02\/reviews-768x527.png 768w\" sizes=\"auto, (max-width: 858px) 100vw, 858px\" \/><\/div><\/div><\/div><\/div><\/div><\/div><\/div><\/section><section class=\"l-section wpb_row height_auto\"><div class=\"l-section-h i-cf\"><div class=\"g-cols vc_row via_flex valign_middle type_default stacking_default\"><div class=\"vc_col-sm-4 wpb_column vc_column_container\"><div class=\"vc_column-inner\"><div class=\"wpb_wrapper\"><div class=\"w-image align_none\"><div class=\"w-image-h\"><img decoding=\"async\" width=\"600\" height=\"815\" src=\"https:\/\/join.casiola.com\/wp-content\/uploads\/2025\/06\/maggy-1.webp\" class=\"attachment-large size-large has-transparency\" alt=\"maggy\" loading=\"lazy\" srcset=\"https:\/\/join.casiola.com\/wp-content\/uploads\/2025\/06\/maggy-1.webp 600w, https:\/\/join.casiola.com\/wp-content\/uploads\/2025\/06\/maggy-1-221x300.webp 221w\" sizes=\"auto, (max-width: 600px) 100vw, 600px\" data-has-transparency=\"true\" data-dominant-color=\"c5306f\" style=\"--dominant-color: #c5306f;\" \/><\/div><\/div><\/div><\/div><\/div><div class=\"vc_col-sm-8 wpb_column vc_column_container\"><div class=\"vc_column-inner\"><div class=\"wpb_wrapper\"><div class=\"wpb_text_column\"><div class=\"wpb_wrapper\"><h2>C\u00f3mo lo hacemos<\/h2>\n<p><span style=\"font-weight: 400;\">Para asegurarnos de obtener una imagen completa de cada estancia, pedimos a cada hu\u00e9sped que <strong>nos valore dos veces<\/strong> durante su estancia. Solicitamos <strong>comentarios<\/strong> el d\u00eda despu\u00e9s de su llegada, d\u00e1ndoles tiempo para instalarse, pero aun as\u00ed obteniendo sus primeras impresiones de la propiedad. Esto tambi\u00e9n nos permite solucionar r\u00e1pidamente cualquier cosa que no sea de su agrado, para que puedan disfrutar del resto de su estancia. Tambi\u00e9n solicitamos otra rese\u00f1a despu\u00e9s de su estancia, buscando m\u00e1s detalles sobre la propiedad y nuestro servicio de atenci\u00f3n al cliente.   <\/span><\/p>\n<\/div><\/div><div class=\"wpb_text_column\"><div class=\"wpb_wrapper\"><h5><span style=\"color: #ff0099;\">Maggy<\/span> \u2013 inspectora de propiedades<\/h5>\n<\/div><\/div><\/div><\/div><\/div><\/div><\/div><\/section><section class=\"l-section wpb_row height_medium color_primary\"><div class=\"l-section-h i-cf\"><div class=\"g-cols vc_row via_flex valign_top type_default stacking_default\"><div class=\"vc_col-sm-12 wpb_column vc_column_container\"><div class=\"vc_column-inner\"><div class=\"wpb_wrapper\"><div class=\"w-actionbox color_primary controls_right\"><div class=\"w-actionbox-text\"><h2 class=\"w-actionbox-title\">\u00bfLe interesa? \u00a1\u00danase a nosotros ahora y haga uso de myCasiola! <\/h2><\/div><div class=\"w-actionbox-controls\"><a class=\"w-btn us-btn-style_4\" title=\"\u00danase a nosotros\" href=\"https:\/\/join.casiola.com\/es\/unase-a-nosotros\/\"><span class=\"w-btn-label\">\u00a1\u00danase a nosotros!<\/span><\/a><\/div><\/div><\/div><\/div><\/div><\/div><\/div><\/section>\n","protected":false},"excerpt":{"rendered":"Descubra lo que dicen sus hu\u00e9spedes con las rese\u00f1as de hu\u00e9spedes de myCasiola. Obtendr\u00e1 comentarios de los hu\u00e9spedes en tiempo real sobre su propiedad, su ubicaci\u00f3n y nuestro servicio de atenci\u00f3n al cliente. Los comentarios de los hu\u00e9spedes valen su peso en oro, por lo que nos aseguramos de que los tenga todos al alcance...","protected":false},"author":1,"featured_media":0,"parent":0,"menu_order":0,"comment_status":"closed","ping_status":"closed","template":"","meta":{"_acf_changed":false,"footnotes":""},"categories":[206],"tags":[],"class_list":["post-23560","page","type-page","status-publish","hentry","category-mycasiola"],"acf":{"destination_name":null,"destination_slug":null,"destination-email":null,"destination_hero":null,"destination_copy":null,"advantages_title":null,"advantages_1":null,"advantages_2":null,"advantages_3":null,"advantages_4":null,"advantages_5":null,"advantages_6":null,"linen_program":null,"design_center":null,"guests_are_booking_title":null,"guests_are_booking_text":null,"hvm":null,"amex":null,"award_winning_company":null,"numbers_1":null,"numbers_2":null,"numbers_quote":null,"faq_1":null,"faq_1_response":null,"faq_2":null,"faq_2_response":null,"faq_3":null,"faq_3_response":null,"faq_4":null,"faq_4_response":null,"faq_5":null,"faq_5_response":null,"faq_6":null,"faq_6_response":null,"faq_7":null,"faq_7_response":null,"faq_8":null,"faq_8_response":null,"faq_9":null,"faq_9_response":null,"faq_10":null,"faq_10_response":null,"faq_11":null,"faq_11_response":null,"vacation_rental_manager_blog_title":null,"vacation_rental_manager_blog_text":null,"discover_all_casiola_destinations":null},"_links":{"self":[{"href":"https:\/\/join.casiola.com\/es\/wp-json\/wp\/v2\/pages\/23560","targetHints":{"allow":["GET"]}}],"collection":[{"href":"https:\/\/join.casiola.com\/es\/wp-json\/wp\/v2\/pages"}],"about":[{"href":"https:\/\/join.casiola.com\/es\/wp-json\/wp\/v2\/types\/page"}],"author":[{"embeddable":true,"href":"https:\/\/join.casiola.com\/es\/wp-json\/wp\/v2\/users\/1"}],"replies":[{"embeddable":true,"href":"https:\/\/join.casiola.com\/es\/wp-json\/wp\/v2\/comments?post=23560"}],"version-history":[{"count":2,"href":"https:\/\/join.casiola.com\/es\/wp-json\/wp\/v2\/pages\/23560\/revisions"}],"predecessor-version":[{"id":23563,"href":"https:\/\/join.casiola.com\/es\/wp-json\/wp\/v2\/pages\/23560\/revisions\/23563"}],"wp:attachment":[{"href":"https:\/\/join.casiola.com\/es\/wp-json\/wp\/v2\/media?parent=23560"}],"wp:term":[{"taxonomy":"category","embeddable":true,"href":"https:\/\/join.casiola.com\/es\/wp-json\/wp\/v2\/categories?post=23560"},{"taxonomy":"post_tag","embeddable":true,"href":"https:\/\/join.casiola.com\/es\/wp-json\/wp\/v2\/tags?post=23560"}],"curies":[{"name":"wp","href":"https:\/\/api.w.org\/{rel}","templated":true}]}}