{"id":25458,"date":"2025-03-10T15:45:31","date_gmt":"2025-03-10T15:45:31","guid":{"rendered":"https:\/\/join.casiola.com\/gestion-de-edificios-y-complejos-turisticos\/"},"modified":"2025-11-06T15:49:34","modified_gmt":"2025-11-06T15:49:34","slug":"gestion-de-edificios-y-complejos-turisticos","status":"publish","type":"page","link":"https:\/\/join.casiola.com\/es\/gestion-de-edificios-y-complejos-turisticos\/","title":{"rendered":"Gesti\u00f3n de edificios y complejos tur\u00edsticos"},"content":{"rendered":"<section class=\"l-section wpb_row height_medium\"><div class=\"l-section-h i-cf\"><div class=\"g-cols vc_row via_flex valign_middle type_default stacking_default\"><div class=\"vc_col-sm-6 wpb_column vc_column_container\"><div class=\"vc_column-inner\"><div class=\"wpb_wrapper\"><div class=\"w-image us_custom_9b35f57c align_none\"><div class=\"w-image-h\"><img loading=\"lazy\" decoding=\"async\" class=\"g-placeholder\" src=\"https:\/\/join.casiola.com\/wp-content\/plugins\/us-core\/assets\/images\/placeholder.svg\" width=\"1024\" height=\"1024\" alt><\/div><\/div><\/div><\/div><\/div><div class=\"vc_col-sm-6 wpb_column vc_column_container\"><div class=\"vc_column-inner\"><div class=\"wpb_wrapper\"><div class=\"wpb_text_column\"><div class=\"wpb_wrapper\"><h2 class=\"p1\">Gesti\u00f3n integral de edificios y complejos tur\u00edsticos<\/h2>\n<p class=\"p1\">Casiola est\u00e1 ampliando sus servicios para incluir la <span class=\"s1\"><b>gesti\u00f3n de edificios y complejos tur\u00edsticos<\/b><\/span>, ofreciendo una soluci\u00f3n integral para los propietarios que buscan una supervisi\u00f3n profesional. Nos encargamos de todas las <span class=\"s1\"><b>tareas administrativas<\/b><\/span>, asegurando que cada aspecto de la propiedad funcione de manera eficiente. Esto incluye la gesti\u00f3n de la coordinaci\u00f3n del mantenimiento, la gesti\u00f3n del personal y los servicios a los hu\u00e9spedes para mantener una experiencia de alta calidad para los residentes y visitantes. Nuestra experiencia en la gesti\u00f3n de viviendas vacacionales nos permite aportar el mismo nivel de eficiencia y atenci\u00f3n al detalle a propiedades de mayor envergadura, garantizando un funcionamiento sin problemas y sin estr\u00e9s a\u00f1adido para los propietarios.   <\/p>\n<\/div><\/div><\/div><\/div><\/div><\/div><\/div><\/section><section class=\"l-section wpb_row height_medium\"><div class=\"l-section-h i-cf\"><div class=\"g-cols vc_row via_flex valign_middle type_default stacking_default\"><div class=\"vc_col-sm-6 wpb_column vc_column_container\"><div class=\"vc_column-inner\"><div class=\"wpb_wrapper\"><div class=\"wpb_text_column\"><div class=\"wpb_wrapper\"><h2 class=\"p1\">Cumplimiento y coordinaci\u00f3n sin esfuerzo con la HOA<\/h2>\n<p class=\"p1\">Para las propiedades con una <span class=\"s1\"><b>asociaci\u00f3n de propietarios (HOA)<\/b><\/span>, Casiola act\u00faa como enlace directo, asegurando que se sigan todas las <span class=\"s1\"><b>normas y reglamentos<\/b><\/span>, al tiempo que se mantienen relaciones positivas entre los propietarios y la HOA. Nos encargamos del cumplimiento, coordinamos los servicios de los proveedores y ayudamos con la elaboraci\u00f3n de presupuestos para garantizar que todas las operaciones del edificio se ajusten a las directrices de la asociaci\u00f3n. Al asumir estas responsabilidades, simplificamos la comunicaci\u00f3n y garantizamos que el edificio se mantenga en buen estado, fomentando una experiencia sin complicaciones tanto para los propietarios como para los residentes.  <\/p>\n<\/div><\/div><\/div><\/div><\/div><div class=\"vc_col-sm-6 wpb_column vc_column_container\"><div class=\"vc_column-inner\"><div class=\"wpb_wrapper\"><div class=\"w-image us_custom_9b35f57c align_none\"><div class=\"w-image-h\"><img loading=\"lazy\" decoding=\"async\" class=\"g-placeholder\" src=\"https:\/\/join.casiola.com\/wp-content\/plugins\/us-core\/assets\/images\/placeholder.svg\" width=\"1024\" height=\"1024\" alt><\/div><\/div><\/div><\/div><\/div><\/div><\/div><\/section><section class=\"l-section wpb_row height_medium\"><div class=\"l-section-h i-cf\"><div class=\"g-cols vc_row via_flex valign_middle type_default stacking_default\"><div class=\"vc_col-sm-6 wpb_column vc_column_container\"><div class=\"vc_column-inner\"><div class=\"wpb_wrapper\"><div class=\"w-image us_custom_9b35f57c align_none\"><div class=\"w-image-h\"><img loading=\"lazy\" decoding=\"async\" class=\"g-placeholder\" src=\"https:\/\/join.casiola.com\/wp-content\/plugins\/us-core\/assets\/images\/placeholder.svg\" width=\"1024\" height=\"1024\" alt><\/div><\/div><\/div><\/div><\/div><div class=\"vc_col-sm-6 wpb_column vc_column_container\"><div class=\"vc_column-inner\"><div class=\"wpb_wrapper\"><div class=\"wpb_text_column\"><div class=\"wpb_wrapper\"><h2 class=\"p1\">Supervisi\u00f3n e informes financieros transparentes<\/h2>\n<p class=\"p1\">Adem\u00e1s de la gesti\u00f3n operativa, Casiola proporciona una <span class=\"s1\"><b>supervisi\u00f3n financiera detallada<\/b><\/span> mediante el seguimiento y la supervisi\u00f3n de <span class=\"s1\"><b>todos los gastos relacionados con el edificio<\/b><\/span>. Supervisamos los servicios p\u00fablicos, los costes de mantenimiento, los pagos a los proveedores y cualquier otra obligaci\u00f3n financiera, garantizando una total transparencia para los propietarios. Cada mes, los propietarios reciben un <g id=\"gid_4\"><g id=\"gid_5\">estado financiero completo<\/g><\/g> en el que se detallan los ingresos, los gastos y cualquier actualizaci\u00f3n relevante, lo que facilita estar informado sobre el rendimiento financiero de su propiedad. Con este enfoque estructurado, los propietarios pueden estar seguros de que su inversi\u00f3n se est\u00e1 gestionando de forma eficiente y rentable.   <\/p>\n<\/div><\/div><\/div><\/div><\/div><\/div><\/div><\/section><section class=\"l-section wpb_row height_medium\"><div class=\"l-section-h i-cf\"><div class=\"g-cols vc_row via_flex valign_top type_default stacking_default\"><div class=\"vc_col-sm-12 wpb_column vc_column_container\"><div class=\"vc_column-inner\"><div class=\"wpb_wrapper\"><div class=\"wpb_text_column us_custom_eb849559\"><div class=\"wpb_wrapper\"><h2 class=\"p1\">Gesti\u00f3n sin esfuerzo, servicio excepcional: <strong>la ventaja de Casiola<\/strong><\/h2>\n<\/div><\/div><div class=\"g-cols wpb_row via_flex valign_top type_default stacking_default\"><div class=\"vc_col-sm-3 wpb_column vc_column_container\"><div class=\"vc_column-inner\"><div class=\"wpb_wrapper\"><div class=\"w-image us_custom_ba971df5 align_none\"><div class=\"w-image-h\"><img loading=\"lazy\" decoding=\"async\" class=\"g-placeholder\" src=\"https:\/\/join.casiola.com\/wp-content\/plugins\/us-core\/assets\/images\/placeholder.svg\" width=\"1024\" height=\"1024\" alt><\/div><\/div><div class=\"wpb_text_column us_custom_cd2e4933\"><div class=\"wpb_wrapper\"><h3 class=\"p1\"><strong>Equipo de atenci\u00f3n al hu\u00e9sped<\/strong> especializado<\/h3>\n<p class=\"p1\">Nuestro <span class=\"s1\"><b>equipo de atenci\u00f3n al hu\u00e9sped especializado<\/b><\/span> atiende el mostrador de servicio <span class=\"s1\"><b>seis d\u00edas a la semana<\/b><\/span>, ofreciendo una atenci\u00f3n y un apoyo excepcionales para garantizar que cada hu\u00e9sped disfrute de una experiencia de primer nivel.<\/p>\n<\/div><\/div><\/div><\/div><\/div><div class=\"vc_col-sm-3 wpb_column vc_column_container\"><div class=\"vc_column-inner\"><div class=\"wpb_wrapper\"><div class=\"w-image us_custom_ba971df5 align_none\"><div class=\"w-image-h\"><img loading=\"lazy\" decoding=\"async\" class=\"g-placeholder\" src=\"https:\/\/join.casiola.com\/wp-content\/plugins\/us-core\/assets\/images\/placeholder.svg\" width=\"1024\" height=\"1024\" alt><\/div><\/div><div class=\"wpb_text_column us_custom_cd2e4933\"><div class=\"wpb_wrapper\"><h3 class=\"p1\"><strong>Portal comunitario<\/strong> en tiempo real<\/h3>\n<p class=\"p1\">Con <span class=\"s1\"><b>myCasiola<\/b><\/span>, tiene todo lo que necesita para gestionar su edificio o complejo tur\u00edstico en un solo lugar: \u00a1haga un seguimiento de los extractos, supervise los gastos, agilice la comunicaci\u00f3n y mucho m\u00e1s, todo ello con solo unos clics!<\/p>\n<\/div><\/div><\/div><\/div><\/div><div class=\"vc_col-sm-3 wpb_column vc_column_container\"><div class=\"vc_column-inner\"><div class=\"wpb_wrapper\"><div class=\"w-image us_custom_ba971df5 align_none\"><div class=\"w-image-h\"><img loading=\"lazy\" decoding=\"async\" class=\"g-placeholder\" src=\"https:\/\/join.casiola.com\/wp-content\/plugins\/us-core\/assets\/images\/placeholder.svg\" width=\"1024\" height=\"1024\" alt><\/div><\/div><div class=\"wpb_text_column us_custom_cd2e4933\"><div class=\"wpb_wrapper\"><h3 class=\"p1\"><strong>Gesti\u00f3n administrativa<\/strong> sin esfuerzo<\/h3>\n<p class=\"p1\">Casiola se encarga de <span class=\"s1\"><b>todo el trabajo administrativo<\/b><\/span> de su edificio o complejo tur\u00edstico, desde la elaboraci\u00f3n de presupuestos y la contabilidad hasta la coordinaci\u00f3n con la HOA, \u00a1lo que le proporciona una experiencia de propiedad optimizada y sin estr\u00e9s!<\/p>\n<\/div><\/div><\/div><\/div><\/div><div class=\"vc_col-sm-3 wpb_column vc_column_container\"><div class=\"vc_column-inner\"><div class=\"wpb_wrapper\"><div class=\"w-image us_custom_ba971df5 align_none\"><div class=\"w-image-h\"><img loading=\"lazy\" decoding=\"async\" class=\"g-placeholder\" src=\"https:\/\/join.casiola.com\/wp-content\/plugins\/us-core\/assets\/images\/placeholder.svg\" width=\"1024\" height=\"1024\" alt><\/div><\/div><div class=\"wpb_text_column us_custom_cd2e4933\"><div class=\"wpb_wrapper\"><h3 class=\"p1\"><strong>Programa de alquiler<\/strong> exclusivo<\/h3>\n<p class=\"p1\">\u00a1Cada vivienda de su edificio o complejo tur\u00edstico est\u00e1 <span class=\"s1\"><b>autom\u00e1ticamente aprobada<\/b><\/span> para la gesti\u00f3n de Casiola! Como <span class=\"s1\"><b>socio de gesti\u00f3n exclusivo<\/b><\/span>, agilizamos los anuncios, haciendo que las propiedades est\u00e9n en l\u00ednea r\u00e1pidamente, para que sus propietarios empiecen a ganar <span class=\"s1\"><b>m\u00e1s dinero, a\u00fan m\u00e1s r\u00e1pido<\/b><\/span>. <\/p>\n<\/div><\/div><\/div><\/div><\/div><\/div><\/div><\/div><\/div><\/div><\/div><\/section><section class=\"l-section wpb_row height_medium\"><div class=\"l-section-h i-cf\"><div class=\"g-cols vc_row via_flex valign_top type_default stacking_default\"><div class=\"vc_col-sm-12 wpb_column vc_column_container\"><div class=\"vc_column-inner\"><div class=\"wpb_wrapper\"><div class=\"wpb_text_column us_custom_eb849559\"><div class=\"wpb_wrapper\"><h2 class=\"p1\">Tenemos cubierto su edificio y complejo tur\u00edstico, \u00a1<span class=\"s1\"><b>gratis<\/b><\/span>! Si su propiedad cumple los requisitos, nos encargaremos de todo sin coste adicional para usted. <strong>\u00a1Facilitemos la gesti\u00f3n!<\/strong><\/h2>\n<p class=\"p1\"><strong>Gestionamos exclusivamente todas las viviendas de su edificio o complejo tur\u00edstico<\/strong>, garantizando <strong>operaciones sin problemas<\/strong> y un <strong>servicio de primer nivel<\/strong> en todos los \u00e1mbitos.<\/p>\n<\/div><\/div><\/div><\/div><\/div><\/div><\/div><\/section><section class=\"l-section wpb_row height_medium\"><div class=\"l-section-h i-cf\"><div class=\"g-cols vc_row via_flex valign_top type_default stacking_default\"><div class=\"vc_col-sm-12 wpb_column vc_column_container\"><div class=\"vc_column-inner\"><div class=\"wpb_wrapper\"><div class=\"wpb_text_column\"><div class=\"wpb_wrapper\"><p>myCasiola<\/p>\n<\/div><\/div><\/div><\/div><\/div><\/div><\/div><\/section>\n","protected":false},"excerpt":{"rendered":"Gesti\u00f3n integral de edificios y complejos tur\u00edsticos Casiola est\u00e1 ampliando sus servicios para incluir la gesti\u00f3n de edificios y complejos tur\u00edsticos, ofreciendo una soluci\u00f3n integral para los propietarios que buscan una supervisi\u00f3n profesional. Nos encargamos de todas las tareas administrativas, asegurando que cada aspecto de la propiedad funcione de manera eficiente. Esto incluye la gesti\u00f3n...","protected":false},"author":2,"featured_media":0,"parent":0,"menu_order":0,"comment_status":"closed","ping_status":"closed","template":"","meta":{"_acf_changed":false,"footnotes":""},"categories":[203],"tags":[],"class_list":["post-25458","page","type-page","status-publish","hentry","category-servicios"],"acf":{"destination-email":"","destination_hero":false},"_links":{"self":[{"href":"https:\/\/join.casiola.com\/es\/wp-json\/wp\/v2\/pages\/25458","targetHints":{"allow":["GET"]}}],"collection":[{"href":"https:\/\/join.casiola.com\/es\/wp-json\/wp\/v2\/pages"}],"about":[{"href":"https:\/\/join.casiola.com\/es\/wp-json\/wp\/v2\/types\/page"}],"author":[{"embeddable":true,"href":"https:\/\/join.casiola.com\/es\/wp-json\/wp\/v2\/users\/2"}],"replies":[{"embeddable":true,"href":"https:\/\/join.casiola.com\/es\/wp-json\/wp\/v2\/comments?post=25458"}],"version-history":[{"count":10,"href":"https:\/\/join.casiola.com\/es\/wp-json\/wp\/v2\/pages\/25458\/revisions"}],"predecessor-version":[{"id":27506,"href":"https:\/\/join.casiola.com\/es\/wp-json\/wp\/v2\/pages\/25458\/revisions\/27506"}],"wp:attachment":[{"href":"https:\/\/join.casiola.com\/es\/wp-json\/wp\/v2\/media?parent=25458"}],"wp:term":[{"taxonomy":"category","embeddable":true,"href":"https:\/\/join.casiola.com\/es\/wp-json\/wp\/v2\/categories?post=25458"},{"taxonomy":"post_tag","embeddable":true,"href":"https:\/\/join.casiola.com\/es\/wp-json\/wp\/v2\/tags?post=25458"}],"curies":[{"name":"wp","href":"https:\/\/api.w.org\/{rel}","templated":true}]}}