{"id":25547,"date":"2018-09-06T10:07:36","date_gmt":"2018-09-06T10:07:36","guid":{"rendered":"https:\/\/join.casiola.com\/complejo-summerville-3\/"},"modified":"2025-11-05T20:23:25","modified_gmt":"2025-11-05T20:23:25","slug":"complejo-summerville-3","status":"publish","type":"page","link":"https:\/\/join.casiola.com\/es\/complejo-summerville-3\/","title":{"rendered":"Complejo Summerville"},"content":{"rendered":"<section class=\"l-section wpb_row height_small with_img\"><div class=\"l-section-img\" role=\"img\" aria-label=\"Imagen\" style=\"background-image: url(https:\/\/join.casiola.com\/wp-content\/plugins\/us-core\/assets\/images\/placeholder.svg);\"><\/div><div class=\"l-section-h i-cf\"><div class=\"g-cols vc_row via_flex valign_bottom type_default stacking_default\"><div class=\"vc_col-sm-12 wpb_column vc_column_container\"><div class=\"vc_column-inner\"><div class=\"wpb_wrapper\"><div class=\"w-image align_center us_animate_aft\" style=\"animation-delay:1s\"><div class=\"w-image-h\"><img decoding=\"async\" width=\"360\" height=\"360\" src=\"https:\/\/join.casiola.com\/wp-content\/uploads\/2018\/09\/summerville-logo-1.png\" class=\"attachment-full size-full\" alt=\"summerville-logo\" loading=\"lazy\" srcset=\"https:\/\/join.casiola.com\/wp-content\/uploads\/2018\/09\/summerville-logo-1.png 360w, https:\/\/join.casiola.com\/wp-content\/uploads\/2018\/09\/summerville-logo-1-300x300.png 300w, https:\/\/join.casiola.com\/wp-content\/uploads\/2018\/09\/summerville-logo-1-150x150.png 150w, https:\/\/join.casiola.com\/wp-content\/uploads\/2018\/09\/summerville-logo-1-350x350.png 350w\" sizes=\"auto, (max-width: 360px) 100vw, 360px\" \/><\/div><\/div><\/div><\/div><\/div><\/div><\/div><\/section><section class=\"l-section wpb_row height_auto\"><div class=\"l-section-h i-cf\"><div class=\"g-cols vc_row via_flex valign_middle type_default stacking_default\"><div class=\"vc_col-sm-6 wpb_column vc_column_container\"><div class=\"vc_column-inner\"><div class=\"wpb_wrapper\"><div class=\"w-separator size_large\"><\/div><div class=\"wpb_text_column\"><div class=\"wpb_wrapper\"><h2>\u00danase a la empresa de administraci\u00f3n de inmuebles que <strong>m\u00e1s crece en Summerville Resort<\/strong><\/h2>\n<\/div><\/div><div class=\"w-separator size_large\"><\/div><div class=\"wpb_text_column\"><div class=\"wpb_wrapper\"><h5 style=\"text-align: right;\"><span style=\"color: #ff0099;\">Takia<\/span> \u2013 Gerente de Cuidado de la Propiedad<\/h5>\n<\/div><\/div><\/div><\/div><\/div><div class=\"vc_col-sm-6 wpb_column vc_column_container\"><div class=\"vc_column-inner\"><div class=\"wpb_wrapper\"><div class=\"w-separator size_small\"><\/div><div class=\"w-image align_center us_animate_afr\" style=\"animation-delay:0.4s\"><div class=\"w-image-h\"><img decoding=\"async\" width=\"365\" height=\"446\" src=\"https:\/\/join.casiola.com\/wp-content\/uploads\/2017\/12\/championsgate.jpg\" class=\"attachment-us_img_size_1 size-us_img_size_1\" alt=\"casiola team members\" loading=\"lazy\" srcset=\"https:\/\/join.casiola.com\/wp-content\/uploads\/2017\/12\/championsgate.jpg 365w, https:\/\/join.casiola.com\/wp-content\/uploads\/2017\/12\/championsgate-246x300.jpg 246w\" sizes=\"auto, (max-width: 365px) 100vw, 365px\" \/><\/div><\/div><\/div><\/div><\/div><\/div><\/div><\/section><section class=\"l-section wpb_row height_medium color_alternate\"><div class=\"l-section-h i-cf\"><div class=\"g-cols vc_row via_flex valign_top type_default stacking_default\"><div class=\"vc_col-sm-12 wpb_column vc_column_container\"><div class=\"vc_column-inner\"><div class=\"wpb_wrapper\"><div class=\"g-cols wpb_row via_flex valign_top type_default stacking_default\"><div class=\"vc_col-sm-8 wpb_column vc_column_container\"><div class=\"vc_column-inner\"><div class=\"wpb_wrapper\"><div class=\"w-separator size_small\"><\/div><div class=\"wpb_text_column\"><div class=\"wpb_wrapper\"><h3>Conocemos el <strong>Summerville Resort<\/strong> como nadie<\/h3>\n<\/div><\/div><div class=\"w-separator size_small\"><\/div><div class=\"wpb_text_column\"><div class=\"wpb_wrapper\"><p>Summerville est\u00e1 convenientemente ubicado a tan solo 3 minutos de toda la magia que Disney World tiene para ofrecer. No hace falta decir que los hu\u00e9spedes podr\u00e1n disfrutar de f\u00e1cil acceso a los parques y de la proximidad de las tiendas y restaurantes de primera clase. <\/p>\n<p>Los turistas de Orlando consideran la proximidad de los parques como una prioridad. En Casiola, nuestro equipo de expertos destaca la conveniencia de la ubicaci\u00f3n de su inmueble y todas las dem\u00e1s comodidades\/ventajas\/atributos objetivo que, como se ha demostrado, atraen el inter\u00e9s de los posibles hu\u00e9spedes y los llevan a hacer la reserva. Tambi\u00e9n fijamos para su alquiler precios atractivos que los clientes no podr\u00e1n rechazar y que, adem\u00e1s, le proporcionar\u00e1n ganancias maximizadas con su inversi\u00f3n.<\/p>\n<\/div><\/div><div class=\"w-separator size_medium\"><\/div><div class=\"w-iconbox iconpos_left style_circle color_primary align_left no_text\"><a target=\" _blank\" href=\"https:\/\/www.google.be\/maps\/place\/Summerville+Resort\/@28.3241995,-81.5927339,16.78z\/data=!4m7!3m6!1s0x88dd7eb236b6b8b9:0x82772ebe33787106!5m1!1s2018-09-09!8m2!3d28.3242505!4d-81.5900247?hl=en\" class=\"w-iconbox-link\" aria-label=\"2621 Sunrise shores drive, Kissimmee, FL 34747\" rel=\"noopener\"><div class=\"w-iconbox-icon\" style=\"font-size:75%;\"><i class=\"fas fa-map-marker-alt\"><\/i><\/div><\/a><div class=\"w-iconbox-meta\"><h3 class=\"w-iconbox-title\" style=\"font-size:20px;\"><a target=\" _blank\" href=\"https:\/\/www.google.be\/maps\/place\/Summerville+Resort\/@28.3241995,-81.5927339,16.78z\/data=!4m7!3m6!1s0x88dd7eb236b6b8b9:0x82772ebe33787106!5m1!1s2018-09-09!8m2!3d28.3242505!4d-81.5900247?hl=en\" class=\"w-iconbox-link\" aria-label=\"2621 Sunrise shores drive, Kissimmee, FL 34747\" rel=\"noopener\">2621 Sunrise shores drive, Kissimmee, FL 34747<\/a><\/h3><\/div><\/div><\/div><\/div><\/div><div class=\"vc_col-sm-4 wpb_column vc_column_container has_bg_color\"><div class=\"vc_column-inner us_custom_4fb9e5a3\"><div class=\"wpb_wrapper\"><div class=\"wpb_text_column\"><div class=\"wpb_wrapper\"><h4><strong>Veja o que voc\u00ea poderia ganhar<\/strong><\/h4>\n<p>.color_alternate select, .color_alternate input {background-color:#F4F4F4;} .color_alternate input[type=\u00bbsubmit\u00bb]{color:#FFFFFF;}<\/p>\n<\/div><\/div><div class=\"wpb_text_column\"><div class=\"wpb_wrapper\"><p>[mautic type=\u00bbform\u00bb id=\u00bb53&#8243;]<\/p>\n<\/div><\/div><\/div><\/div><\/div><\/div><\/div><\/div><\/div><\/div><\/div><\/section><section class=\"l-section wpb_row height_auto color_primary\"><div class=\"l-section-h i-cf\"><div class=\"g-cols vc_row via_flex valign_bottom type_default stacking_default\"><div class=\"vc_col-sm-6 wpb_column vc_column_container\"><div class=\"vc_column-inner\"><div class=\"wpb_wrapper\"><div class=\"w-separator size_medium\"><\/div><div class=\"w-image align_center us_animate_afl\"><div class=\"w-image-h\"><img decoding=\"async\" width=\"300\" height=\"237\" src=\"https:\/\/join.casiola.com\/wp-content\/uploads\/2019\/02\/myCasiola-logo-shadow-1-300x237.png\" class=\"attachment-medium size-medium\" alt=\"myCasiola-logo-shadow\" loading=\"lazy\" srcset=\"https:\/\/join.casiola.com\/wp-content\/uploads\/2019\/02\/myCasiola-logo-shadow-1-300x237.png 300w, https:\/\/join.casiola.com\/wp-content\/uploads\/2019\/02\/myCasiola-logo-shadow-1.png 337w\" sizes=\"auto, (max-width: 300px) 100vw, 300px\" \/><\/div><\/div><div class=\"wpb_text_column\"><div class=\"wpb_wrapper\"><h2 style=\"text-align: center;\">\u00a1NUEVO!<br \/>\nPanel de control de las propiedades en tiempo real.<\/h2>\n<h4 style=\"text-align: center;\">GRATIS para todos los propietarios de Casiola.<br \/>\nLlegando en el segundo trimestre de 2019.<\/h4>\n<\/div><\/div><div class=\"w-btn-wrapper align_center\"><a class=\"w-btn us-btn-style_1\" href=\"https:\/\/join.casiola.com\/es\/mycasiola-panel-de-propiedades-gratuito\/\"><span class=\"w-btn-label\">Leer m\u00e1s<\/span><\/a><\/div><div class=\"w-separator size_medium\"><\/div><\/div><\/div><\/div><div class=\"vc_col-sm-6 wpb_column vc_column_container\"><div class=\"vc_column-inner\"><div class=\"wpb_wrapper\"><div class=\"w-image align_none us_animate_afr\" style=\"animation-delay:0.4s\"><div class=\"w-image-h\"><img decoding=\"async\" width=\"922\" height=\"911\" src=\"https:\/\/join.casiola.com\/wp-content\/uploads\/2019\/01\/dashboard-nonotch-cropped.png\" class=\"attachment-large size-large\" alt=\"dashboard-nonotch-cropped\" loading=\"lazy\" srcset=\"https:\/\/join.casiola.com\/wp-content\/uploads\/2019\/01\/dashboard-nonotch-cropped.png 922w, https:\/\/join.casiola.com\/wp-content\/uploads\/2019\/01\/dashboard-nonotch-cropped-300x296.png 300w, https:\/\/join.casiola.com\/wp-content\/uploads\/2019\/01\/dashboard-nonotch-cropped-600x593.png 600w, https:\/\/join.casiola.com\/wp-content\/uploads\/2019\/01\/dashboard-nonotch-cropped-768x759.png 768w\" sizes=\"auto, (max-width: 922px) 100vw, 922px\" \/><\/div><\/div><\/div><\/div><\/div><\/div><\/div><\/section><section class=\"l-section wpb_row height_auto\"><div class=\"l-section-h i-cf\"><div class=\"g-cols vc_row via_flex valign_top type_default stacking_default\"><div class=\"vc_col-sm-4 wpb_column vc_column_container\"><div class=\"vc_column-inner\"><div class=\"wpb_wrapper\"><div class=\"w-separator size_large\"><\/div><div class=\"w-separator size_huge\"><\/div><div class=\"w-image align_none us_animate_afl\"><div class=\"w-image-h\"><img decoding=\"async\" width=\"806\" height=\"1141\" src=\"https:\/\/join.casiola.com\/wp-content\/uploads\/2017\/11\/landing-LR-4.jpg\" class=\"attachment-full size-full\" alt=\"Casiola vacation homes\" loading=\"lazy\" srcset=\"https:\/\/join.casiola.com\/wp-content\/uploads\/2017\/11\/landing-LR-4.jpg 806w, https:\/\/join.casiola.com\/wp-content\/uploads\/2017\/11\/landing-LR-4-212x300.jpg 212w, https:\/\/join.casiola.com\/wp-content\/uploads\/2017\/11\/landing-LR-4-723x1024.jpg 723w, https:\/\/join.casiola.com\/wp-content\/uploads\/2017\/11\/landing-LR-4-600x849.jpg 600w, https:\/\/join.casiola.com\/wp-content\/uploads\/2017\/11\/landing-LR-4-768x1087.jpg 768w\" sizes=\"auto, (max-width: 806px) 100vw, 806px\" \/><\/div><\/div><\/div><\/div><\/div><div class=\"vc_col-sm-8 wpb_column vc_column_container\"><div class=\"vc_column-inner\"><div class=\"wpb_wrapper\"><div class=\"w-separator size_medium\"><\/div><div class=\"wpb_text_column\"><div class=\"wpb_wrapper\"><h3><strong>Dos<\/strong> <strong>planes de precios<\/strong> objetivos<\/h3>\n<\/div><\/div><div class=\"wpb_text_column\"><div class=\"wpb_wrapper\"><div class=\"wpb_text_column \">\n<div class=\"wpb_wrapper\">Casiola ofrece dos planes de precios objetivos: obtenga sus ingresos con base en los <strong>ingresos<\/strong> que su propiedad produce u opte por los <strong>ingresos mensuales 100% garantizados<\/strong>. \u00a1Elija el plan ideal para usted!<\/div>\n<\/div>\n<\/div><\/div><div class=\"w-message us_custom_c2161654 has_text_color color_custom with_icon\"><div class=\"w-message-icon\"><i class=\"fas fa-chart-line\"><\/i><\/div><div class=\"w-message-body\"><p><span style=\"font-size: 24px;\"><b><a href=\"https:\/\/join.casiola.com\/prices\/\">Rendimiento basado en el desempe\u00f1o<\/a><\/b><\/span> Administramos su inmueble completamente, por una peque\u00f1a <b>comisi\u00f3n del 20%<\/b>.<\/p>\n<\/div><\/div><div class=\"w-message us_custom_c2161654 has_text_color color_custom with_icon\"><div class=\"w-message-icon\"><i class=\"fas fa-shield-alt\"><\/i><\/div><div class=\"w-message-body\"><p><span style=\"font-size: 24px;\"><b><a href=\"https:\/\/join.casiola.com\/prices\/\">Rendimiento 100% Garantizado<\/a><\/b><\/span> Administramos su inmueble completamente, y usted recibe el mismo rendimiento cada mes.<\/p>\n<\/div><\/div><div class=\"wpb_text_column\"><div class=\"wpb_wrapper\"><p><a href=\"https:\/\/join.casiola.com\/prices\/\">Conozca m\u00e1s acerca de nuestros dos planes de precio.<\/a><\/p>\n<\/div><\/div><div class=\"w-separator size_medium\"><\/div><div class=\"wpb_text_column\"><div class=\"wpb_wrapper\"><h6 style=\"text-align: left;\"><span style=\"color: #ff0099;\">Italo<\/span> \u2013 Gerente de Cuidado de la Propiedad<\/h6>\n<\/div><\/div><\/div><\/div><\/div><\/div><\/div><\/section><section class=\"l-section wpb_row height_medium color_alternate\" id=\"Advantages\"><div class=\"l-section-h i-cf\"><div class=\"g-cols vc_row via_flex valign_top type_default stacking_default\"><div class=\"vc_col-sm-12 wpb_column vc_column_container\"><div class=\"vc_column-inner\"><div class=\"wpb_wrapper\"><div class=\"g-cols wpb_row via_flex valign_top type_default stacking_default\"><div class=\"vc_col-sm-12 wpb_column vc_column_container\"><div class=\"vc_column-inner\"><div class=\"wpb_wrapper\"><div class=\"wpb_text_column\"><div class=\"wpb_wrapper\"><h3 class=\"title\" style=\"text-align: center;\"><strong>Servicio completo de administraci\u00f3n<\/strong> de casas de vacaciones<strong>.<\/strong> Nos encargamos de todos los aspectos de su casa de vacaciones en <strong>Summerville Resort<\/strong>.<\/h3>\n<\/div><\/div><\/div><\/div><\/div><\/div><div class=\"w-separator size_medium\"><\/div><div class=\"g-cols wpb_row via_flex valign_top type_default stacking_default\"><div class=\"vc_col-sm-3 wpb_column vc_column_container\"><div class=\"vc_column-inner\"><div class=\"wpb_wrapper\"><div class=\"w-iconbox iconpos_top style_outlined color_primary align_center\"><a href=\"https:\/\/join.casiola.com\/services\/powerful-marketing\/\" class=\"w-iconbox-link\" aria-label=\"Marketing potente\"><div class=\"w-iconbox-icon\" style=\"font-size:2rem;\"><i class=\"far fa-chart-bar\"><\/i><\/div><\/a><div class=\"w-iconbox-meta\"><h4 class=\"w-iconbox-title\"><a href=\"https:\/\/join.casiola.com\/services\/powerful-marketing\/\" class=\"w-iconbox-link\" aria-label=\"Marketing potente\">Marketing potente<\/a><\/h4><div class=\"w-iconbox-text\"><p>Creamos listados destacados, investigamos y definimos las mejores tarifas de pernoctaci\u00f3n, y publicamos en las mayores plataformas.<\/p>\n<\/div><\/div><\/div><\/div><\/div><\/div><div class=\"vc_col-sm-3 wpb_column vc_column_container\"><div class=\"vc_column-inner\"><div class=\"wpb_wrapper\"><div class=\"w-iconbox iconpos_top style_outlined color_primary align_center\"><a href=\"https:\/\/join.casiola.com\/services\/dynamic-pricing\/\" class=\"w-iconbox-link\" aria-label=\"M\u00e1s reservas\"><div class=\"w-iconbox-icon\" style=\"font-size:2rem;\"><i class=\"fas fa-calendar-alt\"><\/i><\/div><\/a><div class=\"w-iconbox-meta\"><h4 class=\"w-iconbox-title\"><a href=\"https:\/\/join.casiola.com\/services\/dynamic-pricing\/\" class=\"w-iconbox-link\" aria-label=\"M\u00e1s reservas\">M\u00e1s reservas<\/a><\/h4><div class=\"w-iconbox-text\"><p>Respondemos r\u00e1pidamente a todas las solicitudes de reserva y atraemos a los hu\u00e9spedes adecuados para su inmueble.<\/p>\n<\/div><\/div><\/div><\/div><\/div><\/div><div class=\"vc_col-sm-3 wpb_column vc_column_container\"><div class=\"vc_column-inner\"><div class=\"wpb_wrapper\"><div class=\"w-iconbox iconpos_top style_outlined color_primary align_center\"><a href=\"https:\/\/join.casiola.com\/es\/servicios\/servicios-para-huespedes\/\" class=\"w-iconbox-link\" aria-label=\"Soporte al hu\u00e9sped 24\/7\"><div class=\"w-iconbox-icon\" style=\"font-size:2rem;\"><i class=\"fas fa-users\"><\/i><\/div><\/a><div class=\"w-iconbox-meta\"><h4 class=\"w-iconbox-title\"><a href=\"https:\/\/join.casiola.com\/es\/servicios\/servicios-para-huespedes\/\" class=\"w-iconbox-link\" aria-label=\"Soporte al hu\u00e9sped 24\/7\">Soporte al hu\u00e9sped 24\/7<\/a><\/h4><div class=\"w-iconbox-text\"><p>Cuidamos de sus hu\u00e9spedes 24\/7 para garantizar una excelente estancia y \u00f3ptimas evaluaciones.<\/p>\n<\/div><\/div><\/div><\/div><\/div><\/div><div class=\"vc_col-sm-3 wpb_column vc_column_container\"><div class=\"vc_column-inner\"><div class=\"wpb_wrapper\"><div class=\"w-iconbox iconpos_top style_outlined color_primary align_center\"><a href=\"https:\/\/join.casiola.com\/services\/property-care\/\" class=\"w-iconbox-link\" aria-label=\"Cuidado de la Propiedad 5 estrellas\"><div class=\"w-iconbox-icon\" style=\"font-size:2rem;\"><i class=\"fas fa-wrench\"><\/i><\/div><\/a><div class=\"w-iconbox-meta\"><h4 class=\"w-iconbox-title\"><a href=\"https:\/\/join.casiola.com\/services\/property-care\/\" class=\"w-iconbox-link\" aria-label=\"Cuidado de la Propiedad 5 estrellas\">Cuidado de la Propiedad 5 estrellas<\/a><\/h4><div class=\"w-iconbox-text\"><p>Vamos a cuidar muy bien de su propiedad y a resolver r\u00e1pidamente cualquier problema o mantenimiento que pueda surgir.<\/p>\n<\/div><\/div><\/div><\/div><\/div><\/div><\/div><div class=\"w-separator size_medium\"><\/div><div class=\"w-btn-wrapper align_center\"><a class=\"w-btn us-btn-style_6\" href=\"https:\/\/join.casiola.com\/es\/unase-a-nosotros\/\"><span class=\"w-btn-label\">\u00a1\u00danase ahora!<\/span><\/a><\/div><\/div><\/div><\/div><\/div><\/div><\/section><section class=\"l-section wpb_row height_medium\"><div class=\"l-section-h i-cf\"><div class=\"g-cols vc_row via_flex valign_top type_default stacking_default\"><div class=\"vc_col-sm-6 wpb_column vc_column_container\"><div class=\"vc_column-inner\"><div class=\"wpb_wrapper\"><div class=\"wpb_text_column\"><div class=\"wpb_wrapper\"><h3 style=\"text-align: left;\">Lo que nuestros propietarios dicen sobre <strong>Casiola<\/strong><\/h3>\n<\/div><\/div><div class=\"w-separator size_small\"><\/div><div class=\"w-grid us_carousel type_carousel layout_testimonio_6 hidden preload_style_spinner\" id=\"us_grid_1\"><style>.layout_testimonio_6 .w-grid-item-h{}.layout_testimonio_6 .usg_post_image_1{margin-bottom:0.5rem!important}.layout_testimonio_6 .usg_post_title_1{font-size:1rem!important}<\/style><div class=\"w-grid-list owl-carousel valign_stretch dotstyle_circle navstyle_circle arrows-ver-pos_middle arrows-hor-pos_on_sides_outside arrows-disabled_hide owl-responsive-2000 with_dots\" style=\"--transition-duration:350ms;\"><\/div><div class=\"w-grid-carousel-json hidden\" onclick='return {&quot;carousel_settings&quot;:{&quot;aria_labels&quot;:{&quot;prev&quot;:&quot;Anterior&quot;,&quot;next&quot;:&quot;Siguiente&quot;},&quot;autoplayContinual&quot;:false,&quot;autoplayHoverPause&quot;:false,&quot;autoplayTimeout&quot;:3000,&quot;autoWidth&quot;:false,&quot;smartSpeed&quot;:350,&quot;margin&quot;:0,&quot;mouseDrag&quot;:true,&quot;rtl&quot;:false,&quot;slideBy&quot;:&quot;1&quot;,&quot;touchDrag&quot;:true,&quot;slideTransition&quot;:&quot;&quot;,&quot;responsive&quot;:{&quot;0&quot;:{&quot;autoHeight&quot;:false,&quot;autoplay&quot;:false,&quot;autoWidth&quot;:false,&quot;center&quot;:false,&quot;dots&quot;:false,&quot;items&quot;:1,&quot;loop&quot;:false,&quot;nav&quot;:false,&quot;stagePadding&quot;:0,&quot;slideBy&quot;:&quot;1&quot;},&quot;601&quot;:{&quot;items&quot;:1,&quot;autoplay&quot;:false,&quot;center&quot;:false,&quot;dots&quot;:true,&quot;nav&quot;:false,&quot;autoHeight&quot;:false,&quot;autoWidth&quot;:false,&quot;loop&quot;:false,&quot;stagePadding&quot;:0}}}}'><\/div><\/div><div class=\"w-grid-none type_message\">No se han encontrado resultados.<\/div><\/div><\/div><\/div><div class=\"vc_col-sm-6 wpb_column vc_column_container\"><div class=\"vc_column-inner\"><div class=\"wpb_wrapper\"><div class=\"wpb_text_column\"><div class=\"wpb_wrapper\"><h3>Anunciamos su casa de vacaciones <strong>en los mayores sitios de reserva del mundo<\/strong><\/h3>\n<\/div><\/div><div class=\"w-grid us_grid items_valign_center type_grid layout_13346 cols_3 preload_style_spinner\" id=\"us_grid_2\" style=\"--columns:3;\" data-filterable=\"true\"><style>@media (max-width:1024px){#us_grid_2{--columns:2!important}}@media (max-width:600px){#us_grid_2{--columns:1!important}}.layout_13346 .w-grid-item-h{}.layout_13346 .usg_post_image_1{border-radius:0.3rem!important}<\/style><div class=\"w-grid-list\">\t<article class=\"w-grid-item size_1x1 post-25625 attachment type-attachment status-inherit hentry\" data-id=\"25625\">\r\n\t\t<div class=\"w-grid-item-h\">\r\n\t\t\t\t\t\t<div class=\"w-post-elm post_image usg_post_image_1 stretched\"><img loading=\"lazy\" decoding=\"async\" width=\"240\" height=\"130\" src=\"https:\/\/join.casiola.com\/wp-content\/uploads\/2017\/11\/landing-more-dots.png\" class=\"attachment-medium size-medium\" alt=\"Casiola vacation homes\" \/><\/div>\t\t<\/div>\r\n\t\t\t<\/article>\r\n<\/div>\t<div class=\"w-grid-preloader\">\r\n\t\t<div class=\"g-preloader type_1\">\r\n\t\t\t<div><\/div>\r\n\t\t<\/div>\r\n\t<\/div>\r\n\t\t<div class=\"w-grid-json hidden\" onclick='return {&quot;action&quot;:&quot;us_ajax_grid&quot;,&quot;infinite_scroll&quot;:0,&quot;max_num_pages&quot;:1,&quot;pagination&quot;:&quot;none&quot;,&quot;template_vars&quot;:{&quot;columns&quot;:&quot;3&quot;,&quot;exclude_items&quot;:&quot;none&quot;,&quot;img_size&quot;:&quot;medium&quot;,&quot;ignore_items_size&quot;:0,&quot;items_layout&quot;:&quot;13346&quot;,&quot;items_offset&quot;:&quot;1&quot;,&quot;load_animation&quot;:&quot;none&quot;,&quot;overriding_link&quot;:&quot;{\\&quot;url\\&quot;:\\&quot;\\&quot;}&quot;,&quot;post_id&quot;:0,&quot;query_args&quot;:{&quot;post_type&quot;:[&quot;attachment&quot;],&quot;post__in&quot;:[&quot;9477&quot;,&quot;9479&quot;,&quot;9484&quot;,&quot;9489&quot;,&quot;9485&quot;,&quot;9487&quot;,&quot;9482&quot;,&quot;9480&quot;,&quot;10315&quot;],&quot;post_status&quot;:&quot;inherit&quot;,&quot;post_mime_type&quot;:&quot;image&quot;,&quot;posts_per_page&quot;:999},&quot;orderby_query_args&quot;:{&quot;orderby&quot;:{&quot;date&quot;:&quot;DESC&quot;}},&quot;type&quot;:&quot;grid&quot;,&quot;us_grid_post_type&quot;:&quot;attachment&quot;,&quot;us_grid_ajax_index&quot;:2,&quot;us_grid_filter_query_string&quot;:null,&quot;us_grid_index&quot;:2,&quot;page_args&quot;:[],&quot;lang&quot;:&quot;es&quot;}}'><\/div>\r\n\t<\/div><div class=\"wpb_text_column\"><div class=\"wpb_wrapper\"><p style=\"text-align: center;\"><a href=\"https:\/\/join.casiola.com\/services\/powerful-marketing\/\">Descubra c\u00f3mo Casiola anuncia su casa de vacaciones.<\/a><\/p>\n<\/div><\/div><\/div><\/div><\/div><\/div><\/div><\/section><section class=\"l-section wpb_row height_medium color_primary\"><div class=\"l-section-h i-cf\"><div class=\"g-cols vc_row via_flex valign_top type_default stacking_default\"><div class=\"vc_col-sm-12 wpb_column vc_column_container\"><div class=\"vc_column-inner\"><div class=\"wpb_wrapper\"><div class=\"w-actionbox color_primary controls_right\"><div class=\"w-actionbox-text\"><h2 class=\"w-actionbox-title\" style=\"font-size:h3\">Casiola: \u00a1administraci\u00f3n de casas de vacaciones que le encantar\u00e1!<\/h2><\/div><div class=\"w-actionbox-controls\"><a class=\"w-btn us-btn-style_4\" href=\"http:\/\/101.35d.myftpupload.com\/join-us\/\" style=\"font-size:20;\" target=\"_blank\" rel=\"noopener\"><span class=\"w-btn-label\">\u00a1\u00danase a nosotros ahora!<\/span><\/a><\/div><\/div><\/div><\/div><\/div><\/div><\/div><\/section>\n","protected":false},"excerpt":{"rendered":"<p>Summerville est\u00e1 convenientemente ubicado a tan solo 3 minutos de toda la magia que Disney World tiene para ofrecer. No hace falta decir que los hu\u00e9spedes podr\u00e1n disfrutar de f\u00e1cil acceso a los parques y de la proximidad de las tiendas y restaurantes&#8230; <\/p>\n","protected":false},"author":1,"featured_media":23056,"parent":0,"menu_order":0,"comment_status":"closed","ping_status":"closed","template":"","meta":{"_acf_changed":false,"footnotes":""},"categories":[205],"tags":[],"class_list":["post-25547","page","type-page","status-publish","has-post-thumbnail","hentry","category-complejo-turistico"],"acf":{"destination_name":null,"destination_slug":null,"destination-email":null,"destination_hero":null,"destination_copy":null,"advantages_title":null,"advantages_1":null,"advantages_2":null,"advantages_3":null,"advantages_4":null,"advantages_5":null,"advantages_6":null,"linen_program":null,"design_center":null,"guests_are_booking_title":null,"guests_are_booking_text":null,"hvm":null,"amex":null,"award_winning_company":null,"numbers_1":null,"numbers_2":null,"numbers_quote":null,"faq_1":null,"faq_1_response":null,"faq_2":null,"faq_2_response":null,"faq_3":null,"faq_3_response":null,"faq_4":null,"faq_4_response":null,"faq_5":null,"faq_5_response":null,"faq_6":null,"faq_6_response":null,"faq_7":null,"faq_7_response":null,"faq_8":null,"faq_8_response":null,"faq_9":null,"faq_9_response":null,"faq_10":null,"faq_10_response":null,"faq_11":null,"faq_11_response":null,"vacation_rental_manager_blog_title":null,"vacation_rental_manager_blog_text":null,"discover_all_casiola_destinations":null},"_links":{"self":[{"href":"https:\/\/join.casiola.com\/es\/wp-json\/wp\/v2\/pages\/25547","targetHints":{"allow":["GET"]}}],"collection":[{"href":"https:\/\/join.casiola.com\/es\/wp-json\/wp\/v2\/pages"}],"about":[{"href":"https:\/\/join.casiola.com\/es\/wp-json\/wp\/v2\/types\/page"}],"author":[{"embeddable":true,"href":"https:\/\/join.casiola.com\/es\/wp-json\/wp\/v2\/users\/1"}],"replies":[{"embeddable":true,"href":"https:\/\/join.casiola.com\/es\/wp-json\/wp\/v2\/comments?post=25547"}],"version-history":[{"count":1,"href":"https:\/\/join.casiola.com\/es\/wp-json\/wp\/v2\/pages\/25547\/revisions"}],"predecessor-version":[{"id":25574,"href":"https:\/\/join.casiola.com\/es\/wp-json\/wp\/v2\/pages\/25547\/revisions\/25574"}],"wp:featuredmedia":[{"embeddable":true,"href":"https:\/\/join.casiola.com\/es\/wp-json\/wp\/v2\/media\/23056"}],"wp:attachment":[{"href":"https:\/\/join.casiola.com\/es\/wp-json\/wp\/v2\/media?parent=25547"}],"wp:term":[{"taxonomy":"category","embeddable":true,"href":"https:\/\/join.casiola.com\/es\/wp-json\/wp\/v2\/categories?post=25547"},{"taxonomy":"post_tag","embeddable":true,"href":"https:\/\/join.casiola.com\/es\/wp-json\/wp\/v2\/tags?post=25547"}],"curies":[{"name":"wp","href":"https:\/\/api.w.org\/{rel}","templated":true}]}}