{"id":25598,"date":"2018-08-31T09:27:49","date_gmt":"2018-08-31T09:27:49","guid":{"rendered":"https:\/\/join.casiola.com\/enclaves-en-festival-resort-3\/"},"modified":"2025-11-06T15:38:55","modified_gmt":"2025-11-06T15:38:55","slug":"enclaves-en-festival-resort-3","status":"publish","type":"page","link":"https:\/\/join.casiola.com\/es\/enclaves-en-festival-resort-3\/","title":{"rendered":"Enclaves en Festival Resort"},"content":{"rendered":"<section class=\"l-section wpb_row height_small with_img\"><div class=\"l-section-img\" role=\"img\" aria-label=\"Enclaves en Festival Resort\" data-img-width=\"2000\" data-img-height=\"604\" style=\"background-image: url(https:\/\/join.casiola.com\/wp-content\/uploads\/2020\/06\/enclaves-header.jpg);\"><\/div><div class=\"l-section-h i-cf\"><div class=\"g-cols vc_row via_flex valign_bottom type_default stacking_default\"><div class=\"vc_col-sm-12 wpb_column vc_column_container\"><div class=\"vc_column-inner\"><div class=\"wpb_wrapper\"><div class=\"w-image us_custom_ca2bb189 us_animate_this align_center\"><a href=\"https:\/\/join.casiola.com\/es\/\" aria-label=\"encore-logo\" class=\"w-image-h\"><img decoding=\"async\" width=\"360\" height=\"360\" src=\"https:\/\/join.casiola.com\/wp-content\/uploads\/2020\/06\/encore-logo.png\" class=\"attachment-full size-full\" alt=\"encore-logo\" loading=\"lazy\" srcset=\"https:\/\/join.casiola.com\/wp-content\/uploads\/2020\/06\/encore-logo.png 360w, https:\/\/join.casiola.com\/wp-content\/uploads\/2020\/06\/encore-logo-300x300.png 300w, https:\/\/join.casiola.com\/wp-content\/uploads\/2020\/06\/encore-logo-150x150.png 150w, https:\/\/join.casiola.com\/wp-content\/uploads\/2020\/06\/encore-logo-350x350.png 350w\" sizes=\"auto, (max-width: 360px) 100vw, 360px\" \/><\/a><\/div><\/div><\/div><\/div><\/div><\/div><\/section><section class=\"l-section wpb_row height_auto\"><div class=\"l-section-h i-cf\"><div class=\"g-cols vc_row via_flex valign_bottom type_default stacking_default\"><div class=\"vc_col-sm-8 wpb_column vc_column_container\"><div class=\"vc_column-inner\"><div class=\"wpb_wrapper\"><div class=\"w-separator size_large\"><\/div><div class=\"wpb_text_column\"><div class=\"wpb_wrapper\"><h2><strong>Muchas gracias<\/strong>, [urlparam param=\u00bbfirstname\u00bb]<\/h2>\n<p>Muchas gracias por el inter\u00e9s que muestra en Casiola. Le hemos enviado un correo electr\u00f3nico con toda la informaci\u00f3n sobre Casiola y Enclaves at Festival Resort. Esperamos sinceramente poder convencerle de que <strong>Casiola es la empresa de gesti\u00f3n de alquileres vacacionales adecuada<\/strong> para usted.<\/p>\n<\/div><\/div><div class=\"w-message us_custom_d2407894 has_text_color color_custom with_icon\"><div class=\"w-message-icon\"><i class=\"material-icons\">info<\/i><\/div><div class=\"w-message-body\"><p>Mientras tanto, si tiene alguna pregunta, no dude en ponerse en contacto con nosotros. \u00a1Estaremos encantados de ayudarle!<br \/>\n<strong> P\u00f3ngase en contacto con nosotros por tel\u00e9fono: +1 321-284-8400 \u2013 o por correo electr\u00f3nico <a href=\"mailto:owners@casiola.com\"> owners@casiola.com <\/a> <\/strong><\/p>\n<\/div><\/div><div class=\"w-separator size_large\"><\/div><div class=\"wpb_text_column\"><div class=\"wpb_wrapper\"><h5 style=\"text-align: right;\"><span style=\"color: #ff0099;\">Takia<\/span> \u2013 inspector de propiedades<\/h5>\n<\/div><\/div><div class=\"w-separator size_large\"><\/div><\/div><\/div><\/div><div class=\"vc_col-sm-4 wpb_column vc_column_container\"><div class=\"vc_column-inner\"><div class=\"wpb_wrapper\"><div class=\"w-separator size_small\"><\/div><div class=\"w-image align_none\"><div class=\"w-image-h\"><img decoding=\"async\" width=\"1165\" height=\"1425\" src=\"https:\/\/join.casiola.com\/wp-content\/uploads\/2025\/06\/landing-LR-5-1.webp\" class=\"attachment-us_img_size_1 size-us_img_size_1 not-transparent\" alt=\"Samantha\u00a0- Reservationist\" loading=\"lazy\" srcset=\"https:\/\/join.casiola.com\/wp-content\/uploads\/2025\/06\/landing-LR-5-1.webp 1165w, https:\/\/join.casiola.com\/wp-content\/uploads\/2025\/06\/landing-LR-5-1-245x300.webp 245w, https:\/\/join.casiola.com\/wp-content\/uploads\/2025\/06\/landing-LR-5-1-837x1024.webp 837w, https:\/\/join.casiola.com\/wp-content\/uploads\/2025\/06\/landing-LR-5-1-600x734.webp 600w, https:\/\/join.casiola.com\/wp-content\/uploads\/2025\/06\/landing-LR-5-1-768x939.webp 768w\" sizes=\"auto, (max-width: 1165px) 100vw, 1165px\" data-has-transparency=\"false\" data-dominant-color=\"d0798f\" style=\"--dominant-color: #d0798f;\" \/><\/div><\/div><\/div><\/div><\/div><\/div><\/div><\/section><section class=\"l-section wpb_row height_medium color_primary\"><div class=\"l-section-h i-cf\"><div class=\"g-cols vc_row via_flex valign_top type_default stacking_default\"><div class=\"vc_col-sm-12 wpb_column vc_column_container\"><div class=\"vc_column-inner\"><div class=\"wpb_wrapper\"><div class=\"w-actionbox color_primary controls_right\"><div class=\"w-actionbox-text\"><h2 class=\"w-actionbox-title\" style=\"font-size:h3\">Casiola: \u00a1la administraci\u00f3n de casas de vacaciones que le encantar\u00e1!<\/h2><\/div><div class=\"w-actionbox-controls\"><a class=\"w-btn us-btn-style_4\" href=\"https:\/\/join.casiola.com\/es\/unase-a-nosotros-2\/\" style=\"font-size:20;\"><span class=\"w-btn-label\">\u00a1\u00danase a nosotros ahora!<\/span><\/a><\/div><\/div><\/div><\/div><\/div><\/div><\/div><\/section>\n","protected":false},"excerpt":{"rendered":"Muchas gracias, [urlparam param=\u00bbfirstname\u00bb] Muchas gracias por el inter\u00e9s que muestra en Casiola. Le hemos enviado un correo electr\u00f3nico con toda la informaci\u00f3n sobre Casiola y Enclaves at Festival Resort. Esperamos sinceramente poder convencerle de que Casiola es la empresa de gesti\u00f3n de alquileres vacacionales adecuada para usted. infoMientras tanto, si tiene alguna pregunta, no...","protected":false},"author":1,"featured_media":23149,"parent":0,"menu_order":0,"comment_status":"closed","ping_status":"closed","template":"","meta":{"_acf_changed":false,"footnotes":""},"categories":[205,204],"tags":[],"class_list":["post-25598","page","type-page","status-publish","has-post-thumbnail","hentry","category-complejo-turistico","category-orlando"],"acf":{"destination-email":"","destination_hero":false},"_links":{"self":[{"href":"https:\/\/join.casiola.com\/es\/wp-json\/wp\/v2\/pages\/25598","targetHints":{"allow":["GET"]}}],"collection":[{"href":"https:\/\/join.casiola.com\/es\/wp-json\/wp\/v2\/pages"}],"about":[{"href":"https:\/\/join.casiola.com\/es\/wp-json\/wp\/v2\/types\/page"}],"author":[{"embeddable":true,"href":"https:\/\/join.casiola.com\/es\/wp-json\/wp\/v2\/users\/1"}],"replies":[{"embeddable":true,"href":"https:\/\/join.casiola.com\/es\/wp-json\/wp\/v2\/comments?post=25598"}],"version-history":[{"count":14,"href":"https:\/\/join.casiola.com\/es\/wp-json\/wp\/v2\/pages\/25598\/revisions"}],"predecessor-version":[{"id":27009,"href":"https:\/\/join.casiola.com\/es\/wp-json\/wp\/v2\/pages\/25598\/revisions\/27009"}],"wp:featuredmedia":[{"embeddable":true,"href":"https:\/\/join.casiola.com\/es\/wp-json\/wp\/v2\/media\/23149"}],"wp:attachment":[{"href":"https:\/\/join.casiola.com\/es\/wp-json\/wp\/v2\/media?parent=25598"}],"wp:term":[{"taxonomy":"category","embeddable":true,"href":"https:\/\/join.casiola.com\/es\/wp-json\/wp\/v2\/categories?post=25598"},{"taxonomy":"post_tag","embeddable":true,"href":"https:\/\/join.casiola.com\/es\/wp-json\/wp\/v2\/tags?post=25598"}],"curies":[{"name":"wp","href":"https:\/\/api.w.org\/{rel}","templated":true}]}}