{"id":25643,"date":"2017-10-23T19:36:30","date_gmt":"2017-10-23T19:36:30","guid":{"rendered":"https:\/\/join.casiola.com\/como-la-tarifa-adecuada-podria-proporcionarle-un-75-por-ciento-mas-de-ingresos\/"},"modified":"2025-11-05T20:23:55","modified_gmt":"2025-11-05T20:23:55","slug":"como-la-tarifa-adecuada-podria-proporcionarle-un-75-por-ciento-mas-de-ingresos","status":"publish","type":"page","link":"https:\/\/join.casiola.com\/es\/como-la-tarifa-adecuada-podria-proporcionarle-un-75-por-ciento-mas-de-ingresos\/","title":{"rendered":"\u00bfC\u00f3mo la tarifa adecuada podr\u00eda proporcionarle un 75 por ciento m\u00e1s de ingresos?"},"content":{"rendered":"<section class=\"l-section wpb_row height_medium color_alternate\"><div class=\"l-section-h i-cf\"><div class=\"g-cols vc_row via_flex valign_top type_default stacking_default\"><div class=\"vc_col-sm-12 wpb_column vc_column_container\"><div class=\"vc_column-inner\"><div class=\"wpb_wrapper\"><div class=\"wpb_text_column\"><div class=\"wpb_wrapper\"><h1 style=\"text-align: center;\">\u00bfC\u00f3mo la tarifa adecuada podr\u00eda proporcionarle<br \/>\n<strong>un 75% m\u00e1s de ingresos<\/strong>?<\/h1>\n<\/div><\/div><\/div><\/div><\/div><\/div><\/div><\/section><section class=\"l-section wpb_row height_medium\"><div class=\"l-section-h i-cf\"><div class=\"g-cols vc_row via_flex valign_top type_default stacking_default\"><div class=\"vc_col-sm-6 wpb_column vc_column_container\"><div class=\"vc_column-inner\"><div class=\"wpb_wrapper\"><div class=\"wpb_text_column\"><div class=\"wpb_wrapper\"><h2>Antecedentes<\/h2>\n<p>Angelo compr\u00f3 su apartamento en Vista Cay hace 1 a\u00f1o.<\/p>\n<p>Aunque la propiedad estaba en buenas condiciones, la decoraci\u00f3n estaba un poco anticuada y el espacio podr\u00eda necesitar suelos, pintura y muebles nuevos. Despu\u00e9s de la compra de su apartamento, nuestro propietario no dispon\u00eda de los fondos necesarios para renovar la unidad de inmediato. <\/p>\n<p>Entendemos que no todo el mundo puede invertir miles de d\u00f3lares para reformar completamente una propiedad. En esos casos, trabajamos para sacar el m\u00e1ximo partido a lo que ya tiene. <\/p>\n<p>Puede ver el anuncio en nuestro sitio web para hu\u00e9spedes <a href=\"http:\/\/www.casiola.com\/booking\/sun-kissed\/1955-102191\" target=\"_blank\" rel=\"noopener noreferrer\">aqu\u00ed<\/a><\/p>\n<\/div><\/div><\/div><\/div><\/div><div class=\"vc_col-sm-6 wpb_column vc_column_container\"><div class=\"vc_column-inner\"><div class=\"wpb_wrapper\"><div class=\"w-slider style_none fit_contain nav_dots count_18\"><div class=\"w-slider-h\" aria-hidden=\"true\"><div class=\"royalSlider\"><div class=\"rsContent\"><a class=\"rsImg\" data-rsw=\"640\" data-rsh=\"457\" data-rsBigImg=\"https:\/\/join.casiola.com\/wp-content\/uploads\/2017\/10\/0270060698.jpg\" href=\"https:\/\/join.casiola.com\/wp-content\/uploads\/2017\/10\/0270060698.jpg\"><span data-alt=\"Ba\u00f1ado por el sol - Casas de vacaciones Casiola que le encantar\u00e1n\"><\/span><\/a><\/div><div class=\"rsContent\"><a class=\"rsImg\" data-rsw=\"640\" data-rsh=\"457\" data-rsBigImg=\"https:\/\/join.casiola.com\/wp-content\/uploads\/2017\/10\/0707360244.jpg\" href=\"https:\/\/join.casiola.com\/wp-content\/uploads\/2017\/10\/0707360244.jpg\"><span data-alt=\"Sun Kissed - Casiola vacation homes you'll love\"><\/span><\/a><\/div><div class=\"rsContent\"><a class=\"rsImg\" data-rsw=\"640\" data-rsh=\"457\" data-rsBigImg=\"https:\/\/join.casiola.com\/wp-content\/uploads\/2017\/10\/0724970184.jpg\" href=\"https:\/\/join.casiola.com\/wp-content\/uploads\/2017\/10\/0724970184.jpg\"><span data-alt=\"Sun Kissed - Casiola vacation homes you'll love\"><\/span><\/a><\/div><div class=\"rsContent\"><a class=\"rsImg\" data-rsw=\"640\" data-rsh=\"457\" data-rsBigImg=\"https:\/\/join.casiola.com\/wp-content\/uploads\/2017\/10\/1149570253.jpg\" href=\"https:\/\/join.casiola.com\/wp-content\/uploads\/2017\/10\/1149570253.jpg\"><span data-alt=\"Sun Kissed - Casiola vacation homes you'll love\"><\/span><\/a><\/div><div class=\"rsContent\"><a class=\"rsImg\" data-rsw=\"640\" data-rsh=\"457\" data-rsBigImg=\"https:\/\/join.casiola.com\/wp-content\/uploads\/2017\/10\/1962390699.jpg\" href=\"https:\/\/join.casiola.com\/wp-content\/uploads\/2017\/10\/1962390699.jpg\"><span data-alt=\"Sun Kissed - Casiola vacation homes you'll love\"><\/span><\/a><\/div><div class=\"rsContent\"><a class=\"rsImg\" data-rsw=\"640\" data-rsh=\"457\" data-rsBigImg=\"https:\/\/join.casiola.com\/wp-content\/uploads\/2017\/10\/2421260185.jpg\" href=\"https:\/\/join.casiola.com\/wp-content\/uploads\/2017\/10\/2421260185.jpg\"><span data-alt=\"Sun Kissed - Casiola vacation homes you'll love\"><\/span><\/a><\/div><div class=\"rsContent\"><a class=\"rsImg\" data-rsw=\"640\" data-rsh=\"457\" data-rsBigImg=\"https:\/\/join.casiola.com\/wp-content\/uploads\/2017\/10\/2644070239.jpg\" href=\"https:\/\/join.casiola.com\/wp-content\/uploads\/2017\/10\/2644070239.jpg\"><span data-alt=\"Sun Kissed - Casiola vacation homes you'll love\"><\/span><\/a><\/div><div class=\"rsContent\"><a class=\"rsImg\" data-rsw=\"640\" data-rsh=\"457\" data-rsBigImg=\"https:\/\/join.casiola.com\/wp-content\/uploads\/2017\/10\/2896800697.jpg\" href=\"https:\/\/join.casiola.com\/wp-content\/uploads\/2017\/10\/2896800697.jpg\"><span data-alt=\"Sun Kissed - Casiola vacation homes you'll love\"><\/span><\/a><\/div><div class=\"rsContent\"><a class=\"rsImg\" data-rsw=\"640\" data-rsh=\"457\" data-rsBigImg=\"https:\/\/join.casiola.com\/wp-content\/uploads\/2017\/10\/3268400702.jpg\" href=\"https:\/\/join.casiola.com\/wp-content\/uploads\/2017\/10\/3268400702.jpg\"><span data-alt=\"Sun Kissed - Casiola vacation homes you'll love\"><\/span><\/a><\/div><div class=\"rsContent\"><a class=\"rsImg\" data-rsw=\"640\" data-rsh=\"457\" data-rsBigImg=\"https:\/\/join.casiola.com\/wp-content\/uploads\/2017\/10\/3614950254.jpg\" href=\"https:\/\/join.casiola.com\/wp-content\/uploads\/2017\/10\/3614950254.jpg\"><span data-alt=\"Sun Kissed - Casiola vacation homes you'll love\"><\/span><\/a><\/div><div class=\"rsContent\"><a class=\"rsImg\" data-rsw=\"640\" data-rsh=\"457\" data-rsBigImg=\"https:\/\/join.casiola.com\/wp-content\/uploads\/2017\/10\/9563090695.jpg\" href=\"https:\/\/join.casiola.com\/wp-content\/uploads\/2017\/10\/9563090695.jpg\"><span data-alt=\"Sun Kissed - Casiola vacation homes you'll love\"><\/span><\/a><\/div><div class=\"rsContent\"><a class=\"rsImg\" data-rsw=\"640\" data-rsh=\"457\" data-rsBigImg=\"https:\/\/join.casiola.com\/wp-content\/uploads\/2017\/10\/9239350186.jpg\" href=\"https:\/\/join.casiola.com\/wp-content\/uploads\/2017\/10\/9239350186.jpg\"><span data-alt=\"Sun Kissed - Casiola vacation homes you'll love\"><\/span><\/a><\/div><div class=\"rsContent\"><a class=\"rsImg\" data-rsw=\"640\" data-rsh=\"457\" data-rsBigImg=\"https:\/\/join.casiola.com\/wp-content\/uploads\/2017\/10\/8463260241.jpg\" href=\"https:\/\/join.casiola.com\/wp-content\/uploads\/2017\/10\/8463260241.jpg\"><span data-alt=\"Sun Kissed - Casiola vacation homes you'll love\"><\/span><\/a><\/div><div class=\"rsContent\"><a class=\"rsImg\" data-rsw=\"640\" data-rsh=\"457\" data-rsBigImg=\"https:\/\/join.casiola.com\/wp-content\/uploads\/2017\/10\/8278100187.jpg\" href=\"https:\/\/join.casiola.com\/wp-content\/uploads\/2017\/10\/8278100187.jpg\"><span data-alt=\"Sun Kissed - Casiola vacation homes you'll love\"><\/span><\/a><\/div><div class=\"rsContent\"><a class=\"rsImg\" data-rsw=\"640\" data-rsh=\"457\" data-rsBigImg=\"https:\/\/join.casiola.com\/wp-content\/uploads\/2017\/10\/8217570243.jpg\" href=\"https:\/\/join.casiola.com\/wp-content\/uploads\/2017\/10\/8217570243.jpg\"><span data-alt=\"Sun Kissed - Casiola vacation homes you'll love\"><\/span><\/a><\/div><div class=\"rsContent\"><a class=\"rsImg\" data-rsw=\"640\" data-rsh=\"457\" data-rsBigImg=\"https:\/\/join.casiola.com\/wp-content\/uploads\/2017\/10\/5913940700.jpg\" href=\"https:\/\/join.casiola.com\/wp-content\/uploads\/2017\/10\/5913940700.jpg\"><span data-alt=\"Sun Kissed - Casiola vacation homes you'll love\"><\/span><\/a><\/div><div class=\"rsContent\"><a class=\"rsImg\" data-rsw=\"640\" data-rsh=\"457\" data-rsBigImg=\"https:\/\/join.casiola.com\/wp-content\/uploads\/2017\/10\/5752240245.jpg\" href=\"https:\/\/join.casiola.com\/wp-content\/uploads\/2017\/10\/5752240245.jpg\"><span data-alt=\"Sun Kissed - Casiola vacation homes you'll love\"><\/span><\/a><\/div><div class=\"rsContent\"><a class=\"rsImg\" data-rsw=\"640\" data-rsh=\"457\" data-rsBigImg=\"https:\/\/join.casiola.com\/wp-content\/uploads\/2017\/10\/4610470240.jpg\" href=\"https:\/\/join.casiola.com\/wp-content\/uploads\/2017\/10\/4610470240.jpg\"><span data-alt=\"Sun Kissed - Casiola vacation homes you'll love\"><\/span><\/a><\/div><\/div><img decoding=\"async\" src=\"https:\/\/join.casiola.com\/wp-content\/uploads\/2017\/10\/0270060698.jpg\" width=\"640\" height=\"457\" alt=\"Ba\u00f1ado por el sol - Casas de vacaciones Casiola que le encantar\u00e1n\" loading=\"lazy\"><\/div><div class=\"w-slider-json\" onclick='return {&quot;autoScaleSlider&quot;:true,&quot;addActiveClass&quot;:true,&quot;loop&quot;:true,&quot;fadeInLoadedSlide&quot;:false,&quot;slidesSpacing&quot;:0,&quot;imageScalePadding&quot;:0,&quot;numImagesToPreload&quot;:2,&quot;arrowsNav&quot;:false,&quot;arrowsNavAutoHide&quot;:false,&quot;transitionType&quot;:&quot;move&quot;,&quot;transitionSpeed&quot;:250,&quot;block&quot;:{&quot;moveEffect&quot;:&quot;none&quot;,&quot;speed&quot;:300},&quot;thumbs&quot;:{&quot;fitInViewport&quot;:false,&quot;firstMargin&quot;:false,&quot;spacing&quot;:4},&quot;controlNavigation&quot;:&quot;bullets&quot;,&quot;autoplay&quot;:{&quot;enabled&quot;:true,&quot;pauseOnHover&quot;:true,&quot;delay&quot;:2000},&quot;fullscreen&quot;:{&quot;enabled&quot;:true},&quot;autoScaleSliderWidth&quot;:640,&quot;autoScaleSliderHeight&quot;:457}'><\/div><\/div><\/div><\/div><\/div><\/div><\/div><\/section><section class=\"l-section wpb_row height_medium color_alternate\"><div class=\"l-section-h i-cf\"><div class=\"g-cols vc_row via_flex valign_top type_default stacking_default\"><div class=\"vc_col-sm-6 wpb_column vc_column_container\"><div class=\"vc_column-inner\"><div class=\"wpb_wrapper\"><div class=\"w-image align_none\"><div class=\"w-image-h\"><img decoding=\"async\" width=\"640\" height=\"457\" src=\"https:\/\/join.casiola.com\/wp-content\/uploads\/2017\/10\/9297360246.jpg\" class=\"attachment-large size-large\" alt=\"Sun Kissed - Casiola vacation homes you&#039;ll love\" loading=\"lazy\" srcset=\"https:\/\/join.casiola.com\/wp-content\/uploads\/2017\/10\/9297360246.jpg 640w, https:\/\/join.casiola.com\/wp-content\/uploads\/2017\/10\/9297360246-300x214.jpg 300w, https:\/\/join.casiola.com\/wp-content\/uploads\/2017\/10\/9297360246-600x428.jpg 600w\" sizes=\"auto, (max-width: 640px) 100vw, 640px\" \/><\/div><\/div><\/div><\/div><\/div><div class=\"vc_col-sm-6 wpb_column vc_column_container\"><div class=\"vc_column-inner\"><div class=\"wpb_wrapper\"><div class=\"wpb_text_column\"><div class=\"wpb_wrapper\"><h2>Soluci\u00f3n<\/h2>\n<p><span style=\"font-weight: 400;\">En este caso, nuestra estrategia fue fijar el precio de este apartamento un poco por debajo de la competencia para impulsar la ocupaci\u00f3n. Bajamos las tarifas a 99 $\/noche durante los meses m\u00e1s lentos. <\/span><\/p>\n<p>[supsystic-tables id=\u00bb18&#8243;]<\/p>\n<\/div><\/div><\/div><\/div><\/div><\/div><\/div><\/section><section class=\"l-section wpb_row height_medium\"><div class=\"l-section-h i-cf\"><div class=\"g-cols vc_row via_flex valign_top type_default stacking_default\"><div class=\"vc_col-sm-6 wpb_column vc_column_container\"><div class=\"vc_column-inner\"><div class=\"wpb_wrapper\"><div class=\"wpb_text_column\"><div class=\"wpb_wrapper\"><h2>Resultados<\/h2>\n<p>No tuvimos que esperar mucho para saber que esta era la decisi\u00f3n correcta. La ocupaci\u00f3n se dispar\u00f3 de un promedio del <g id=\"gid_0\">36% el a\u00f1o pasado al 86% este a\u00f1o<\/g>. El ingreso medio por alquiler pas\u00f3 de 1600 $\/mes a 2800 $\/mes, con <strong>picos de hasta 3600 $\/mes<\/strong>. Esto supone un aumento de ingresos del 75%.  <\/p>\n<p>Gracias a los ingresos adicionales por alquiler, Angelo pudo cambiar los suelos, volver a pintar la unidad y a\u00f1adir algunos muebles nuevos. Esto se tradujo en un mayor atractivo para los hu\u00e9spedes y excelentes cr\u00edticas. <\/p>\n<p>Debido a estas inversiones, el ADR volvi\u00f3 a subir a 140 $\/noche con una ocupaci\u00f3n constante entre el 70 y el 80%.<\/p>\n<\/div><\/div><\/div><\/div><\/div><div class=\"vc_col-sm-6 wpb_column vc_column_container\"><div class=\"vc_column-inner\"><div class=\"wpb_wrapper\"><div class=\"w-image align_none\"><div class=\"w-image-h\"><img decoding=\"async\" width=\"640\" height=\"457\" src=\"https:\/\/join.casiola.com\/wp-content\/uploads\/2017\/10\/5987060687.jpg\" class=\"attachment-large size-large\" alt=\"Sun Kissed - Casiola vacation homes you&#039;ll love\" loading=\"lazy\" srcset=\"https:\/\/join.casiola.com\/wp-content\/uploads\/2017\/10\/5987060687.jpg 640w, https:\/\/join.casiola.com\/wp-content\/uploads\/2017\/10\/5987060687-300x214.jpg 300w, https:\/\/join.casiola.com\/wp-content\/uploads\/2017\/10\/5987060687-600x428.jpg 600w\" sizes=\"auto, (max-width: 640px) 100vw, 640px\" \/><\/div><\/div><\/div><\/div><\/div><\/div><\/div><\/section><section class=\"l-section wpb_row height_medium color_primary\"><div class=\"l-section-h i-cf\"><div class=\"g-cols vc_row via_flex valign_top type_default stacking_default\"><div class=\"vc_col-sm-12 wpb_column vc_column_container\"><div class=\"vc_column-inner\"><div class=\"wpb_wrapper\"><div class=\"w-actionbox color_primary controls_right\"><div class=\"w-actionbox-text\"><h2 class=\"w-actionbox-title\">\u00bfEst\u00e1 obteniendo el m\u00e1ximo ingreso posible por alquiler de su casa de vacaciones?<\/h2><div class=\"w-actionbox-description\"><p>\u00a1\u00danase a nosotros hoy mismo y le enviaremos una propuesta personalizada en las pr\u00f3ximas 36 horas! <\/p>\n<\/div><\/div><div class=\"w-actionbox-controls\"><a class=\"w-btn us-btn-style_4\"><span class=\"w-btn-label\">\u00a1\u00danase a nosotros!<\/span><\/a><\/div><\/div><\/div><\/div><\/div><\/div><\/div><\/section>\n","protected":false},"excerpt":{"rendered":"\u00bfC\u00f3mo la tarifa adecuada podr\u00eda proporcionarle un 75% m\u00e1s de ingresos? Antecedentes Angelo compr\u00f3 su apartamento en Vista Cay hace 1 a\u00f1o. Aunque la propiedad estaba en buenas condiciones, la decoraci\u00f3n estaba un poco anticuada y el espacio podr\u00eda necesitar suelos, pintura y muebles nuevos. Despu\u00e9s de la compra de su apartamento, nuestro propietario no...","protected":false},"author":1,"featured_media":0,"parent":0,"menu_order":0,"comment_status":"closed","ping_status":"closed","template":"","meta":{"_acf_changed":false,"footnotes":""},"categories":[],"tags":[],"class_list":["post-25643","page","type-page","status-publish","hentry"],"acf":{"destination_name":null,"destination_slug":null,"destination-email":null,"destination_hero":null,"destination_copy":null,"advantages_title":null,"advantages_1":null,"advantages_2":null,"advantages_3":null,"advantages_4":null,"advantages_5":null,"advantages_6":null,"linen_program":null,"design_center":null,"guests_are_booking_title":null,"guests_are_booking_text":null,"hvm":null,"amex":null,"award_winning_company":null,"numbers_1":null,"numbers_2":null,"numbers_quote":null,"faq_1":null,"faq_1_response":null,"faq_2":null,"faq_2_response":null,"faq_3":null,"faq_3_response":null,"faq_4":null,"faq_4_response":null,"faq_5":null,"faq_5_response":null,"faq_6":null,"faq_6_response":null,"faq_7":null,"faq_7_response":null,"faq_8":null,"faq_8_response":null,"faq_9":null,"faq_9_response":null,"faq_10":null,"faq_10_response":null,"faq_11":null,"faq_11_response":null,"vacation_rental_manager_blog_title":null,"vacation_rental_manager_blog_text":null,"discover_all_casiola_destinations":null},"_links":{"self":[{"href":"https:\/\/join.casiola.com\/es\/wp-json\/wp\/v2\/pages\/25643","targetHints":{"allow":["GET"]}}],"collection":[{"href":"https:\/\/join.casiola.com\/es\/wp-json\/wp\/v2\/pages"}],"about":[{"href":"https:\/\/join.casiola.com\/es\/wp-json\/wp\/v2\/types\/page"}],"author":[{"embeddable":true,"href":"https:\/\/join.casiola.com\/es\/wp-json\/wp\/v2\/users\/1"}],"replies":[{"embeddable":true,"href":"https:\/\/join.casiola.com\/es\/wp-json\/wp\/v2\/comments?post=25643"}],"version-history":[{"count":1,"href":"https:\/\/join.casiola.com\/es\/wp-json\/wp\/v2\/pages\/25643\/revisions"}],"predecessor-version":[{"id":25648,"href":"https:\/\/join.casiola.com\/es\/wp-json\/wp\/v2\/pages\/25643\/revisions\/25648"}],"wp:attachment":[{"href":"https:\/\/join.casiola.com\/es\/wp-json\/wp\/v2\/media?parent=25643"}],"wp:term":[{"taxonomy":"category","embeddable":true,"href":"https:\/\/join.casiola.com\/es\/wp-json\/wp\/v2\/categories?post=25643"},{"taxonomy":"post_tag","embeddable":true,"href":"https:\/\/join.casiola.com\/es\/wp-json\/wp\/v2\/tags?post=25643"}],"curies":[{"name":"wp","href":"https:\/\/api.w.org\/{rel}","templated":true}]}}