{"id":25687,"date":"2017-10-03T13:55:01","date_gmt":"2017-10-03T13:55:01","guid":{"rendered":"https:\/\/join.casiola.com\/coanfitrion-de-airbnb\/"},"modified":"2025-11-05T20:24:14","modified_gmt":"2025-11-05T20:24:14","slug":"coanfitrion-de-airbnb","status":"publish","type":"page","link":"https:\/\/join.casiola.com\/es\/coanfitrion-de-airbnb\/","title":{"rendered":"Coanfitri\u00f3n de Airbnb"},"content":{"rendered":"<section class=\"l-section wpb_row height_auto color_primary with_img parallax_ver\"><div class=\"l-section-img\" role=\"img\" aria-label=\"Casiola airbnb superhost\" data-img-width=\"2000\" data-img-height=\"629\" style=\"background-image: url(https:\/\/join.casiola.com\/wp-content\/uploads\/2013\/05\/casiola-airbnb-header.jpg);\"><\/div><div class=\"l-section-h i-cf\"><div class=\"g-cols vc_row via_flex valign_top type_default stacking_default\"><div class=\"vc_col-sm-8 wpb_column vc_column_container\"><div class=\"vc_column-inner\"><div class=\"wpb_wrapper\"><div class=\"w-separator size_medium\"><\/div><div class=\"w-image align_none\"><div class=\"w-image-h\"><img decoding=\"async\" width=\"200\" height=\"63\" src=\"https:\/\/join.casiola.com\/wp-content\/uploads\/2017\/10\/airbnb-logo-white.png\" class=\"attachment-full size-full\" alt=\"Airbnb with Casiola\" loading=\"lazy\" \/><\/div><\/div><div class=\"wpb_text_column\"><div class=\"wpb_wrapper\"><h2 style=\"text-align: left\"><span style=\"font-weight: 400\">\u00a1Casiola es un <strong>superanfitri\u00f3n de airbnb<\/strong>!<\/span><\/h2>\n<h3 style=\"text-align: left\"><span style=\"font-weight: 400\">\u00a1Permita que un <strong>coanfitri\u00f3n de airbnb<\/strong> con experiencia le ayude a ganar a\u00fan m\u00e1s dinero!<\/span><\/h3>\n<\/div><\/div>[ult_buttons btn_title=\u00bbJoin Casiola and get more out of your investment!\u00bb btn_link=\u00bburl:https%3A%2F%2Fjoin.casiola.com%2Fjoin-us%2F|||\u00bb btn_title_color=\u00bb#ffffff\u00bb btn_bg_color=\u00bb#ff0099&#8243; btn_anim_effect=\u00bbulta-grow\u00bb icon=\u00bbnone\u00bb icon_size=\u00bb32&#8243; icon_color=\u00bb#ffffff\u00bb btn_icon_pos=\u00bbubtn-sep-icon-at-left\u00bb]<\/div><\/div><\/div><div class=\"vc_col-sm-4 wpb_column vc_column_container\"><div class=\"vc_column-inner\"><div class=\"wpb_wrapper\"><div class=\"w-separator size_small\"><\/div><div class=\"w-image align_none\"><div class=\"w-image-h\"><img decoding=\"async\" width=\"371\" height=\"521\" src=\"https:\/\/join.casiola.com\/wp-content\/uploads\/2017\/10\/airbnb-host.png\" class=\"attachment-large size-large\" alt=\"airbnb-host\" loading=\"lazy\" srcset=\"https:\/\/join.casiola.com\/wp-content\/uploads\/2017\/10\/airbnb-host.png 371w, https:\/\/join.casiola.com\/wp-content\/uploads\/2017\/10\/airbnb-host-214x300.png 214w\" sizes=\"auto, (max-width: 371px) 100vw, 371px\" \/><\/div><\/div><\/div><\/div><\/div><\/div><\/div><\/section><section class=\"l-section wpb_row height_medium\"><div class=\"l-section-h i-cf\"><div class=\"g-cols vc_row via_flex valign_top type_default stacking_default\"><div class=\"vc_col-sm-12 wpb_column vc_column_container\"><div class=\"vc_column-inner\"><div class=\"wpb_wrapper\"><div class=\"wpb_text_column\"><div class=\"wpb_wrapper\"><h2 style=\"text-align: center\"><span style=\"font-weight: 400\">Casiola es su <strong>coanfitri\u00f3n perfecto<\/strong><\/span><\/h2>\n<h4 style=\"text-align: center\"><span style=\"font-weight: 400\">A\u00f1adimos nuestro potente marketing, servicios para hu\u00e9spedes, precios din\u00e1micos, cuidado de la propiedad y servicios de informes y financieros para aumentar sus reservas y sus ingresos.<\/span><\/h4>\n<\/div><\/div><div class=\"w-separator size_medium\"><\/div><div class=\"wpb_text_column\"><div class=\"wpb_wrapper\"><h2 style=\"text-align: center\"><span style=\"font-weight: 400\">Tan f\u00e1cil como 1, 2, 3<\/span><\/h2>\n<\/div><\/div><div class=\"g-cols wpb_row via_flex valign_top type_default stacking_default\"><div class=\"vc_col-sm-4 wpb_column vc_column_container\"><div class=\"vc_column-inner\"><div class=\"wpb_wrapper\"><div class=\"w-iconbox iconpos_top style_default color_primary align_center\"><div class=\"w-iconbox-icon\" style=\"font-size:2rem;\"><\/div><div class=\"w-iconbox-meta\"><h3 class=\"w-iconbox-title\">1. Seleccione un plan<\/h3><div class=\"w-iconbox-text\"><p>\u00danase a Casiola y seleccione un plan mensual: Ingresos basados en el rendimiento o Ingresos fijos garantizados<\/p>\n<\/div><\/div><\/div><\/div><\/div><\/div><div class=\"vc_col-sm-4 wpb_column vc_column_container\"><div class=\"vc_column-inner\"><div class=\"wpb_wrapper\"><div class=\"w-iconbox iconpos_top style_default color_primary align_center\"><div class=\"w-iconbox-icon\" style=\"font-size:2rem;\"><\/div><div class=\"w-iconbox-meta\"><h3 class=\"w-iconbox-title\">2. Configuraci\u00f3n perfecta<\/h3><div class=\"w-iconbox-text\"><p>Prepararemos su casa para fotos profesionales, la anunciaremos en los principales sitios web y gestionaremos todas sus reservas.<\/p>\n<\/div><\/div><\/div><\/div><\/div><\/div><div class=\"vc_col-sm-4 wpb_column vc_column_container\"><div class=\"vc_column-inner\"><div class=\"wpb_wrapper\"><div class=\"w-iconbox iconpos_top style_default color_primary align_center\"><div class=\"w-iconbox-icon\" style=\"font-size:2rem;\"><\/div><div class=\"w-iconbox-meta\"><h3 class=\"w-iconbox-title\">3. \u00a1\u00c9xito sin estr\u00e9s!<\/h3><div class=\"w-iconbox-text\"><p>\u00a1Proporcionaremos experiencias de 5 estrellas a los hu\u00e9spedes, lo que le permitir\u00e1 obtener excelentes rese\u00f1as y m\u00e1s dinero en su bolsillo!<\/p>\n<\/div><\/div><\/div><\/div><\/div><\/div><\/div><div class=\"w-separator size_medium\"><\/div><div class=\"w-btn-wrapper align_center\"><a class=\"w-btn us-btn-style_6\" href=\"https:\/\/join.casiola.com\/es\/unase-a-nosotros\/\"><span class=\"w-btn-label\">\u00a1\u00danase a Casiola hoy mismo!<\/span><\/a><\/div><\/div><\/div><\/div><\/div><\/div><\/section><section class=\"l-section wpb_row height_medium color_alternate\"><div class=\"l-section-h i-cf\"><div class=\"g-cols vc_row via_flex valign_top type_default stacking_default\"><div class=\"vc_col-sm-12 wpb_column vc_column_container\"><div class=\"vc_column-inner\"><div class=\"wpb_wrapper\"><div class=\"wpb_text_column\"><div class=\"wpb_wrapper\"><h2 style=\"text-align: center\"><strong>Coanfitri\u00f3n de Airbnb<\/strong> con Casiola!<\/h2>\n<\/div><\/div><div class=\"w-separator size_medium\"><\/div><\/div><\/div><\/div><div class=\"vc_col-sm-6 wpb_column vc_column_container\"><div class=\"vc_column-inner\"><div class=\"wpb_wrapper\"><div class=\"wpb_text_column\"><div class=\"wpb_wrapper\"><p><span style=\"font-weight: 400\">Airbnb ha revolucionado el mercado de alquileres vacacionales al conectar a los viajeros con anfitriones de confianza para una amplia variedad de alojamientos que satisfacen las necesidades de cualquier presupuesto. Casiola se enorgullece de ser reconocido como Superhost en el sitio web de Airbnb. Esta codiciada posici\u00f3n significa que obtenemos una insignia especial en todas nuestras p\u00e1ginas de listado que comunica nuestra confiabilidad, profesionalismo y experiencia de calidad de 5 estrellas a cualquier hu\u00e9sped potencial que busque reservar unas vacaciones en Orlando. Esta insignia es el \u00absello de aprobaci\u00f3n\u00bb definitivo de Airbnb, que se otorga solo a los anfitriones que tienen experiencia y obtienen constantemente excelentes cr\u00edticas. Los usuarios de Airbnb saben que reservar con un Superhost resulta en una estad\u00eda de alta calidad, y Casiola sabe c\u00f3mo cumplir.     <\/span><\/p>\n<\/div><\/div><\/div><\/div><\/div><div class=\"vc_col-sm-6 wpb_column vc_column_container\"><div class=\"vc_column-inner\"><div class=\"wpb_wrapper\"><div class=\"wpb_text_column\"><div class=\"wpb_wrapper\"><p>El <span style=\"font-weight: 400\">estatus de \u00e9lite de Casiola como Superhost es un gran beneficio para nuestros propietarios, y es una de nuestras herramientas de administraci\u00f3n de propiedades de alquiler vacacional m\u00e1s efectivas para que gane m\u00e1s dinero. Incluso si su casa es nueva en Airbnb, el listado de Casiola para su casa recibir\u00e1 autom\u00e1ticamente esta insignia. \u00a1Esta insignia es su boleto directo a la cima de la industria del alquiler vacacional! Los hu\u00e9spedes potenciales que buscan reservar un alquiler vacacional pueden filtrar su b\u00fasqueda para incluir solo opciones con <\/span><a href=\"https:\/\/join.casiola.com\/airbnb-superhost\/\"><span style=\"font-weight: 400\">Superhosts<\/span><\/a><span style=\"font-weight: 400\"> confiables. Esto nos permite aumentar la visibilidad del listado de su casa y atraer a m\u00e1s hu\u00e9spedes, al tiempo que siempre comunicamos nuestra alta calidad. Permitir que Casiola sea su coanfitri\u00f3n de Airbnb significa brindar una experiencia de 5 estrellas a los hu\u00e9spedes en todo momento, sin nada de estr\u00e9s.<\/span><\/p>\n<\/div><\/div><\/div><\/div><\/div><\/div><\/div><\/section><section class=\"l-section wpb_row height_auto color_primary\"><div class=\"l-section-h i-cf\"><div class=\"g-cols vc_row via_flex valign_top type_default stacking_default\"><div class=\"vc_col-sm-6 wpb_column vc_column_container\"><div class=\"vc_column-inner\"><div class=\"wpb_wrapper\"><div class=\"w-separator size_medium\"><\/div><div class=\"wpb_text_column\"><div class=\"wpb_wrapper\"><h2>\u00bfPor qu\u00e9 elegir <strong>Casiola<\/strong>?<\/h2>\n<\/div><\/div>[bsf-info-box icon=\u00bbDefaults-check\u00bb icon_size=\u00bb32&#8243; icon_color=\u00bb#ffffff\u00bb icon_animation=\u00bbpulse\u00bb title=\u00bbFree setup\u00bb title_font_size=\u00bbdesktop:24px;\u00bb][\/bsf-info-box][bsf-info-box icon=\u00bbDefaults-check\u00bb icon_size=\u00bb32&#8243; icon_color=\u00bb#ffffff\u00bb icon_animation=\u00bbpulse\u00bb title=\u00bbCancel anytime\u00bb title_font_size=\u00bbdesktop:24px;\u00bb][\/bsf-info-box][bsf-info-box icon=\u00bbDefaults-check\u00bb icon_size=\u00bb32&#8243; icon_color=\u00bb#ffffff\u00bb icon_animation=\u00bbpulse\u00bb title=\u00bb100% Transparancy\u00bb title_font_size=\u00bbdesktop:24px;\u00bb][\/bsf-info-box][bsf-info-box icon=\u00bbDefaults-check\u00bb icon_size=\u00bb32&#8243; icon_color=\u00bb#ffffff\u00bb icon_animation=\u00bbpulse\u00bb title=\u00bbLow all-inclusive 20% management fee\u00bb title_font_size=\u00bbdesktop:24px;\u00bb][\/bsf-info-box]<\/div><\/div><\/div><div class=\"vc_col-sm-6 wpb_column vc_column_container\"><div class=\"vc_column-inner\"><div class=\"wpb_wrapper\"><div class=\"w-separator size_large\"><\/div><div class=\"w-image align_none\"><div class=\"w-image-h\"><img decoding=\"async\" width=\"550\" height=\"392\" src=\"https:\/\/join.casiola.com\/wp-content\/uploads\/2017\/08\/advantages.png\" class=\"attachment-full size-full\" alt=\"Casiola advantages\" loading=\"lazy\" srcset=\"https:\/\/join.casiola.com\/wp-content\/uploads\/2017\/08\/advantages.png 550w, https:\/\/join.casiola.com\/wp-content\/uploads\/2017\/08\/advantages-300x214.png 300w\" sizes=\"auto, (max-width: 550px) 100vw, 550px\" \/><\/div><\/div><\/div><\/div><\/div><\/div><\/div><\/section><section class=\"l-section wpb_row height_medium color_alternate\"><div class=\"l-section-h i-cf\"><div class=\"g-cols vc_row via_flex valign_top type_default stacking_default\"><div class=\"vc_col-sm-3 wpb_column vc_column_container\"><div class=\"vc_column-inner\"><div class=\"wpb_wrapper\"><div class=\"w-image align_none\"><div class=\"w-image-h\"><img decoding=\"async\" width=\"150\" height=\"150\" src=\"https:\/\/join.casiola.com\/wp-content\/uploads\/2017\/06\/airbnb-150x150.png\" class=\"attachment-thumbnail size-thumbnail\" alt=\"airbnb\" loading=\"lazy\" srcset=\"https:\/\/join.casiola.com\/wp-content\/uploads\/2017\/06\/airbnb-150x150.png 150w, https:\/\/join.casiola.com\/wp-content\/uploads\/2017\/06\/airbnb.png 227w\" sizes=\"auto, (max-width: 150px) 100vw, 150px\" \/><\/div><\/div><\/div><\/div><\/div><div class=\"vc_col-sm-9 wpb_column vc_column_container\"><div class=\"vc_column-inner\"><div class=\"wpb_wrapper\"><div class=\"wpb_text_column\"><div class=\"wpb_wrapper\"><h2 style=\"text-align: left\">\u00bfNo tiene una <strong>cuenta de airbnb<\/strong>?<\/h2>\n<p style=\"text-align: left\">\u00a1No se preocupe! \u00a1Crearemos su anuncio de Airbnb en solo un d\u00eda! Complete nuestro formulario y nosotros nos encargaremos del resto.  <\/p>\n<p><a href=\"https:\/\/join.casiola.com\/es\/unase-a-nosotros\/\">\u00a1\u00danase a nosotros hoy mismo!<\/a><\/p>\n<\/div><\/div><\/div><\/div><\/div><\/div><\/div><\/section><section class=\"l-section wpb_row height_medium\"><div class=\"l-section-h i-cf\"><div class=\"g-cols vc_row via_flex valign_top type_default stacking_default\"><div class=\"vc_col-sm-12 wpb_column vc_column_container\"><div class=\"vc_column-inner\"><div class=\"wpb_wrapper\"><div class=\"wpb_text_column\"><div class=\"wpb_wrapper\"><h2 style=\"text-align: center\">Pero espere, \u00a1hay m\u00e1s!<\/h2>\n<h3 style=\"text-align: center\"><span style=\"font-weight: 400\">Adem\u00e1s de airbnb, promocionamos su casa en los principales sitios de reservas, incluyendo:<\/span><\/h3>\n<\/div><\/div><div class=\"w-grid us_carousel items_valign_center type_carousel layout_13369 hidden preload_style_spinner items_5\" id=\"us_grid_1\" style=\"--items:5;\"><style>.layout_13369 .w-grid-item-h{}.layout_13369 .usg_post_image_1{transition-duration:0.3s;opacity:0.66}.layout_13369 .w-grid-item-h:focus-within .usg_post_image_1,.layout_13369 .w-grid-item-h:hover .usg_post_image_1{opacity:1;border-color:#ff0099!important}.layout_13369 .usg_post_image_1{border-radius:0.3rem!important;border:2px solid transparent!important}<\/style><div class=\"w-grid-list owl-carousel valign_stretch dotstyle_circle navstyle_circle arrows-ver-pos_middle arrows-hor-pos_on_sides_outside arrows-disabled_hide owl-responsive-2000\" style=\"--transition-duration:350ms;\"><\/div><div class=\"w-grid-carousel-json hidden\" onclick='return {&quot;carousel_settings&quot;:{&quot;aria_labels&quot;:{&quot;prev&quot;:&quot;Anterior&quot;,&quot;next&quot;:&quot;Siguiente&quot;},&quot;autoplayContinual&quot;:false,&quot;autoplayHoverPause&quot;:false,&quot;autoplayTimeout&quot;:3000,&quot;autoWidth&quot;:false,&quot;smartSpeed&quot;:350,&quot;margin&quot;:0,&quot;mouseDrag&quot;:true,&quot;rtl&quot;:false,&quot;slideBy&quot;:&quot;1&quot;,&quot;touchDrag&quot;:true,&quot;slideTransition&quot;:&quot;&quot;,&quot;responsive&quot;:{&quot;0&quot;:{&quot;autoHeight&quot;:false,&quot;autoplay&quot;:true,&quot;autoWidth&quot;:false,&quot;center&quot;:false,&quot;dots&quot;:false,&quot;items&quot;:1,&quot;loop&quot;:false,&quot;nav&quot;:false,&quot;stagePadding&quot;:0,&quot;slideBy&quot;:&quot;1&quot;},&quot;601&quot;:{&quot;autoHeight&quot;:false,&quot;autoplay&quot;:true,&quot;autoWidth&quot;:false,&quot;center&quot;:false,&quot;dots&quot;:false,&quot;items&quot;:2,&quot;loop&quot;:false,&quot;nav&quot;:false,&quot;stagePadding&quot;:0,&quot;slideBy&quot;:&quot;1&quot;},&quot;1025&quot;:{&quot;autoHeight&quot;:false,&quot;autoplay&quot;:true,&quot;autoWidth&quot;:false,&quot;center&quot;:false,&quot;dots&quot;:false,&quot;items&quot;:3,&quot;loop&quot;:false,&quot;nav&quot;:false,&quot;stagePadding&quot;:0,&quot;slideBy&quot;:&quot;1&quot;},&quot;1381&quot;:{&quot;items&quot;:5,&quot;autoplay&quot;:true,&quot;center&quot;:false,&quot;dots&quot;:false,&quot;nav&quot;:false,&quot;autoHeight&quot;:false,&quot;autoWidth&quot;:false,&quot;loop&quot;:false,&quot;stagePadding&quot;:0}}}}'><\/div><\/div><div class=\"w-grid-none type_message\">No se han encontrado resultados.<\/div><div class=\"w-separator size_large\"><\/div><\/div><\/div><\/div><\/div><\/div><\/section><section class=\"l-section wpb_row height_medium with_img\"><div class=\"l-section-img\" role=\"img\" aria-label=\"Casiola airbnb\" data-img-width=\"2000\" data-img-height=\"746\" style=\"background-image: url(https:\/\/join.casiola.com\/wp-content\/uploads\/2017\/10\/airbnb-cohost-footer.jpg);background-position: bottom center;\"><\/div><div class=\"l-section-h i-cf\"><div class=\"g-cols vc_row via_flex valign_top type_default stacking_default\"><div class=\"vc_col-sm-12 wpb_column vc_column_container\"><div class=\"vc_column-inner\"><div class=\"wpb_wrapper\"><div class=\"w-separator size_custom\" style=\"height:300\"><\/div><\/div><\/div><\/div><\/div><\/div><\/section><section class=\"l-section wpb_row height_medium color_primary\"><div class=\"l-section-h i-cf\"><div class=\"g-cols vc_row via_flex valign_top type_default stacking_default\"><div class=\"vc_col-sm-12 wpb_column vc_column_container\"><div class=\"vc_column-inner\"><div class=\"wpb_wrapper\"><div class=\"w-actionbox color_primary controls_right\"><div class=\"w-actionbox-text\"><h2 class=\"w-actionbox-title\">\u00a1\u00danase a Casiola hoy mismo! <\/h2><\/div><div class=\"w-actionbox-controls\"><a class=\"w-btn us-btn-style_4\" href=\"https:\/\/join.casiola.com\/es\/unase-a-nosotros\/\"><span class=\"w-btn-label\">\u00danase ahora<\/span><\/a><\/div><\/div><\/div><\/div><\/div><\/div><\/div><\/section>\n","protected":false},"excerpt":{"rendered":"\u00a1Casiola es un superanfitri\u00f3n de airbnb! \u00a1Permita que un coanfitri\u00f3n de airbnb con experiencia le ayude a ganar a\u00fan m\u00e1s dinero! [ult_buttons btn_title=\"Join Casiola and get more out of your investment!\" btn_link=\"url:https%3A%2F%2Fjoin.casiola.com%2Fjoin-us%2F|||\" btn_title_color=\"#ffffff\" btn_bg_color=\"#ff0099\" btn_anim_effect=\"ulta-grow\" icon=\"none\" icon_size=\"32\" icon_color=\"#ffffff\" btn_icon_pos=\"ubtn-sep-icon-at-left\"]Casiola es su coanfitri\u00f3n perfecto A\u00f1adimos nuestro potente marketing, servicios para hu\u00e9spedes, precios din\u00e1micos, cuidado de la...","protected":false},"author":1,"featured_media":0,"parent":0,"menu_order":0,"comment_status":"closed","ping_status":"closed","template":"","meta":{"_acf_changed":false,"footnotes":""},"categories":[203],"tags":[],"class_list":["post-25687","page","type-page","status-publish","hentry","category-servicios"],"acf":{"destination_name":null,"destination_slug":null,"destination-email":null,"destination_hero":null,"destination_copy":null,"advantages_title":null,"advantages_1":null,"advantages_2":null,"advantages_3":null,"advantages_4":null,"advantages_5":null,"advantages_6":null,"linen_program":null,"design_center":null,"guests_are_booking_title":null,"guests_are_booking_text":null,"hvm":null,"amex":null,"award_winning_company":null,"numbers_1":null,"numbers_2":null,"numbers_quote":null,"faq_1":null,"faq_1_response":null,"faq_2":null,"faq_2_response":null,"faq_3":null,"faq_3_response":null,"faq_4":null,"faq_4_response":null,"faq_5":null,"faq_5_response":null,"faq_6":null,"faq_6_response":null,"faq_7":null,"faq_7_response":null,"faq_8":null,"faq_8_response":null,"faq_9":null,"faq_9_response":null,"faq_10":null,"faq_10_response":null,"faq_11":null,"faq_11_response":null,"vacation_rental_manager_blog_title":null,"vacation_rental_manager_blog_text":null,"discover_all_casiola_destinations":null},"_links":{"self":[{"href":"https:\/\/join.casiola.com\/es\/wp-json\/wp\/v2\/pages\/25687","targetHints":{"allow":["GET"]}}],"collection":[{"href":"https:\/\/join.casiola.com\/es\/wp-json\/wp\/v2\/pages"}],"about":[{"href":"https:\/\/join.casiola.com\/es\/wp-json\/wp\/v2\/types\/page"}],"author":[{"embeddable":true,"href":"https:\/\/join.casiola.com\/es\/wp-json\/wp\/v2\/users\/1"}],"replies":[{"embeddable":true,"href":"https:\/\/join.casiola.com\/es\/wp-json\/wp\/v2\/comments?post=25687"}],"version-history":[{"count":2,"href":"https:\/\/join.casiola.com\/es\/wp-json\/wp\/v2\/pages\/25687\/revisions"}],"predecessor-version":[{"id":25701,"href":"https:\/\/join.casiola.com\/es\/wp-json\/wp\/v2\/pages\/25687\/revisions\/25701"}],"wp:attachment":[{"href":"https:\/\/join.casiola.com\/es\/wp-json\/wp\/v2\/media?parent=25687"}],"wp:term":[{"taxonomy":"category","embeddable":true,"href":"https:\/\/join.casiola.com\/es\/wp-json\/wp\/v2\/categories?post=25687"},{"taxonomy":"post_tag","embeddable":true,"href":"https:\/\/join.casiola.com\/es\/wp-json\/wp\/v2\/tags?post=25687"}],"curies":[{"name":"wp","href":"https:\/\/api.w.org\/{rel}","templated":true}]}}