{"id":26006,"date":"2025-02-28T12:01:15","date_gmt":"2025-02-28T12:01:15","guid":{"rendered":"https:\/\/join.casiola.com\/tampa-fl\/"},"modified":"2025-11-06T15:42:36","modified_gmt":"2025-11-06T15:42:36","slug":"tampa-fl","status":"publish","type":"page","link":"https:\/\/join.casiola.com\/es\/tampa-fl\/","title":{"rendered":"Tampa, FL"},"content":{"rendered":"","protected":false},"excerpt":{"rendered":"","protected":false},"author":2,"featured_media":0,"parent":0,"menu_order":0,"comment_status":"closed","ping_status":"closed","template":"","meta":{"_acf_changed":false,"footnotes":""},"categories":[210,212,243],"tags":[],"class_list":["post-26006","page","type-page","status-publish","hentry","category-destino","category-florida","category-tampa-bay"],"acf":{"destination-email":"tampa@casiola.com","destination_hero":{"ID":26009,"id":26009,"title":"tampa","filename":"tampa.avif","filesize":208464,"url":"https:\/\/join.casiola.com\/wp-content\/uploads\/2025\/02\/tampa.avif","link":"https:\/\/join.casiola.com\/es\/tampa-fl\/tampa-2\/","alt":"Vacation home management in Tampa, FL","author":"2","description":"","caption":"","name":"tampa-2","status":"inherit","uploaded_to":26006,"date":"2025-02-28 12:00:52","modified":"2025-02-28 12:00:52","menu_order":0,"mime_type":"image\/avif","type":"image","subtype":"avif","icon":"https:\/\/join.casiola.com\/wp-includes\/images\/media\/default.png","width":1200,"height":801,"sizes":{"thumbnail":"https:\/\/join.casiola.com\/wp-content\/uploads\/2025\/02\/tampa-150x150.avif","thumbnail-width":150,"thumbnail-height":150,"medium":"https:\/\/join.casiola.com\/wp-content\/uploads\/2025\/02\/tampa-300x200.avif","medium-width":300,"medium-height":200,"large":"https:\/\/join.casiola.com\/wp-content\/uploads\/2025\/02\/tampa-1024x684.avif","large-width":1024,"large-height":684,"us_350_350_crop":"https:\/\/join.casiola.com\/wp-content\/uploads\/2025\/02\/tampa-350x350.avif","us_350_350_crop-width":350,"us_350_350_crop-height":350,"us_600_600_crop":"https:\/\/join.casiola.com\/wp-content\/uploads\/2025\/02\/tampa-600x600.avif","us_600_600_crop-width":600,"us_600_600_crop-height":600,"us_600_0":"https:\/\/join.casiola.com\/wp-content\/uploads\/2025\/02\/tampa-600x401.avif","us_600_0-width":600,"us_600_0-height":401,"us_600_400_crop":"https:\/\/join.casiola.com\/wp-content\/uploads\/2025\/02\/tampa-600x400.avif","us_600_400_crop-width":600,"us_600_400_crop-height":400,"us_768_0":"https:\/\/join.casiola.com\/wp-content\/uploads\/2025\/02\/tampa-768x513.avif","us_768_0-width":768,"us_768_0-height":513,"us_400_400":"https:\/\/join.casiola.com\/wp-content\/uploads\/2025\/02\/tampa.avif","us_400_400-width":400,"us_400_400-height":267,"us_500_400":"https:\/\/join.casiola.com\/wp-content\/uploads\/2025\/02\/tampa.avif","us_500_400-width":500,"us_500_400-height":334,"us_300_800":"https:\/\/join.casiola.com\/wp-content\/uploads\/2025\/02\/tampa.avif","us_300_800-width":300,"us_300_800-height":200,"us_600_600":"https:\/\/join.casiola.com\/wp-content\/uploads\/2025\/02\/tampa.avif","us_600_600-width":600,"us_600_600-height":401,"us_600_400":"https:\/\/join.casiola.com\/wp-content\/uploads\/2025\/02\/tampa.avif","us_600_400-width":600,"us_600_400-height":400,"author_avatar":"https:\/\/join.casiola.com\/wp-content\/uploads\/2025\/02\/tampa.avif","author_avatar-width":160,"author_avatar-height":107}},"destination_name":"Tampa, FL","destination_slug":"Tampa","destination_copy":"<p class=\"p1\">Tampa, Florida, es una ciudad din\u00e1mica que ofrece algo para cada tipo de viajero. Los amantes de las emociones fuertes pueden disfrutar de monta\u00f1as rusas de talla mundial en Busch Gardens, mientras que los aficionados a la historia pueden explorar Ybor City, el coraz\u00f3n del patrimonio tabaquero de Tampa. El Tampa Riverwalk ofrece impresionantes vistas al paseo mar\u00edtimo, que conducen a atracciones como el Acuario de Florida y el Museo de Arte de Tampa. Los aficionados a los deportes pueden asistir a un partido de los Buccaneers, los Lightning o los Rays, mientras que los amantes de la gastronom\u00eda disfrutar\u00e1n de la diversa escena culinaria de la ciudad, desde marisco fresco hasta aut\u00e9nticos s\u00e1ndwiches cubanos. Despu\u00e9s de un d\u00eda de aventuras, la mejor manera de relajarse es en un alquiler vacacional de Casiola, donde la comodidad y la conveniencia se unen. Con casas elegantes y totalmente equipadas en ubicaciones privilegiadas, Casiola garantiza una escapada a Tampa inolvidable y sin estr\u00e9s.     <\/p>\n"},"_links":{"self":[{"href":"https:\/\/join.casiola.com\/es\/wp-json\/wp\/v2\/pages\/26006","targetHints":{"allow":["GET"]}}],"collection":[{"href":"https:\/\/join.casiola.com\/es\/wp-json\/wp\/v2\/pages"}],"about":[{"href":"https:\/\/join.casiola.com\/es\/wp-json\/wp\/v2\/types\/page"}],"author":[{"embeddable":true,"href":"https:\/\/join.casiola.com\/es\/wp-json\/wp\/v2\/users\/2"}],"replies":[{"embeddable":true,"href":"https:\/\/join.casiola.com\/es\/wp-json\/wp\/v2\/comments?post=26006"}],"version-history":[{"count":1,"href":"https:\/\/join.casiola.com\/es\/wp-json\/wp\/v2\/pages\/26006\/revisions"}],"predecessor-version":[{"id":27303,"href":"https:\/\/join.casiola.com\/es\/wp-json\/wp\/v2\/pages\/26006\/revisions\/27303"}],"wp:attachment":[{"href":"https:\/\/join.casiola.com\/es\/wp-json\/wp\/v2\/media?parent=26006"}],"wp:term":[{"taxonomy":"category","embeddable":true,"href":"https:\/\/join.casiola.com\/es\/wp-json\/wp\/v2\/categories?post=26006"},{"taxonomy":"post_tag","embeddable":true,"href":"https:\/\/join.casiola.com\/es\/wp-json\/wp\/v2\/tags?post=26006"}],"curies":[{"name":"wp","href":"https:\/\/api.w.org\/{rel}","templated":true}]}}