{"id":26094,"date":"2017-06-30T12:00:43","date_gmt":"2017-06-30T12:00:43","guid":{"rendered":"https:\/\/join.casiola.com\/servicios\/marketing-potente\/"},"modified":"2025-11-05T20:28:54","modified_gmt":"2025-11-05T20:28:54","slug":"marketing-potente","status":"publish","type":"page","link":"https:\/\/join.casiola.com\/es\/servicios\/marketing-potente\/","title":{"rendered":"Marketing potente"},"content":{"rendered":"<section class=\"l-section wpb_row height_auto color_alternate\"><div class=\"l-section-h i-cf\"><div class=\"g-cols vc_row via_flex valign_middle type_default stacking_default\"><div class=\"vc_col-sm-6 wpb_column vc_column_container\"><div class=\"vc_column-inner\"><div class=\"wpb_wrapper\"><div class=\"wpb_text_column\"><div class=\"wpb_wrapper\"><h2 style=\"text-align: center;\">Somos una <strong>m\u00e1quina de marketing<\/strong><\/h2>\n<p style=\"text-align: center;\">Literalmente, hacemos todo lo posible para promocionar su propiedad a los hu\u00e9spedes e impulsar la ocupaci\u00f3n. \u00a1El poder del marketing reside en la repetici\u00f3n! <\/p>\n<\/div><\/div><\/div><\/div><\/div><div class=\"vc_col-sm-6 wpb_column vc_column_container\"><div class=\"vc_column-inner\"><div class=\"wpb_wrapper\"><div class=\"w-separator size_medium\"><\/div><div class=\"w-image us_custom_60e9caca us_animate_this align_center\"><div class=\"w-image-h\"><img decoding=\"async\" width=\"463\" height=\"400\" src=\"https:\/\/join.casiola.com\/wp-content\/uploads\/2019\/02\/brandon-2-400.png\" class=\"attachment-large size-large\" alt=\"brandon from casiola\" loading=\"lazy\" srcset=\"https:\/\/join.casiola.com\/wp-content\/uploads\/2019\/02\/brandon-2-400.png 463w, https:\/\/join.casiola.com\/wp-content\/uploads\/2019\/02\/brandon-2-400-300x259.png 300w\" sizes=\"auto, (max-width: 463px) 100vw, 463px\" \/><\/div><\/div><\/div><\/div><\/div><\/div><\/div><\/section><section class=\"l-section wpb_row height_medium\"><div class=\"l-section-h i-cf\"><div class=\"g-cols vc_row via_flex valign_middle type_default stacking_default\"><div class=\"vc_col-sm-12 wpb_column vc_column_container\"><div class=\"vc_column-inner\"><div class=\"wpb_wrapper\"><div class=\"wpb_text_column\"><div class=\"wpb_wrapper\"><h3 style=\"text-align: center;\">Casiola promociona su casa de vacaciones <b>en los sitios de reservas m\u00e1s grandes del mundo.<\/b><\/h3>\n<\/div><\/div><div class=\"w-grid us_carousel items_valign_center type_carousel layout_gallery_default preload_style_spinner items_6\" id=\"us_grid_1\" style=\"--items:6;\"><style>.layout_gallery_default .w-grid-item-h{}<\/style><div class=\"w-grid-list owl-carousel valign_stretch dotstyle_circle navstyle_circle arrows-ver-pos_middle arrows-hor-pos_on_sides_outside arrows-disabled_hide owl-responsive-2000 with_dots\" style=\"--transition-duration:350ms;\">\t<article class=\"w-grid-item post-26038 attachment type-attachment status-inherit hentry\" data-id=\"26038\">\r\n\t\t<div class=\"w-grid-item-h\">\r\n\t\t\t\t\t\t<div class=\"w-post-elm post_image usg_post_image_1 stretched\"><img loading=\"lazy\" decoding=\"async\" width=\"240\" height=\"130\" src=\"https:\/\/join.casiola.com\/wp-content\/uploads\/2019\/04\/vrbo-2019-join.png\" class=\"attachment-medium size-medium\" alt=\"Vacation home management you\u2019ll love!\" \/><\/div>\t\t<\/div>\r\n\t\t\t<\/article>\r\n<\/div><div class=\"w-grid-carousel-json hidden\" onclick='return {&quot;carousel_settings&quot;:{&quot;aria_labels&quot;:{&quot;prev&quot;:&quot;Anterior&quot;,&quot;next&quot;:&quot;Siguiente&quot;},&quot;autoplayContinual&quot;:false,&quot;autoplayHoverPause&quot;:false,&quot;autoplayTimeout&quot;:3000,&quot;autoWidth&quot;:false,&quot;smartSpeed&quot;:350,&quot;margin&quot;:0,&quot;mouseDrag&quot;:true,&quot;rtl&quot;:false,&quot;slideBy&quot;:&quot;1&quot;,&quot;touchDrag&quot;:true,&quot;slideTransition&quot;:&quot;&quot;,&quot;responsive&quot;:{&quot;0&quot;:{&quot;autoHeight&quot;:false,&quot;autoplay&quot;:true,&quot;autoWidth&quot;:false,&quot;center&quot;:false,&quot;dots&quot;:true,&quot;items&quot;:1,&quot;loop&quot;:false,&quot;nav&quot;:false,&quot;stagePadding&quot;:0,&quot;slideBy&quot;:&quot;1&quot;},&quot;601&quot;:{&quot;autoHeight&quot;:false,&quot;autoplay&quot;:true,&quot;autoWidth&quot;:false,&quot;center&quot;:false,&quot;dots&quot;:true,&quot;items&quot;:2,&quot;loop&quot;:false,&quot;nav&quot;:false,&quot;stagePadding&quot;:0,&quot;slideBy&quot;:&quot;1&quot;},&quot;1025&quot;:{&quot;autoHeight&quot;:false,&quot;autoplay&quot;:true,&quot;autoWidth&quot;:false,&quot;center&quot;:false,&quot;dots&quot;:true,&quot;items&quot;:3,&quot;loop&quot;:false,&quot;nav&quot;:false,&quot;stagePadding&quot;:0,&quot;slideBy&quot;:&quot;1&quot;},&quot;1381&quot;:{&quot;items&quot;:6,&quot;autoplay&quot;:true,&quot;center&quot;:false,&quot;dots&quot;:true,&quot;nav&quot;:false,&quot;autoHeight&quot;:false,&quot;autoWidth&quot;:false,&quot;loop&quot;:false,&quot;stagePadding&quot;:0}}}}'><\/div><\/div><\/div><\/div><\/div><\/div><\/div><\/section><section class=\"l-section wpb_row height_auto color_alternate\"><div class=\"l-section-h i-cf\"><div class=\"g-cols vc_row via_flex valign_middle type_default stacking_default\"><div class=\"vc_col-sm-6 wpb_column vc_column_container\"><div class=\"vc_column-inner\"><div class=\"wpb_wrapper\"><div class=\"wpb_text_column\"><div class=\"wpb_wrapper\"><h2><span style=\"font-weight: 400;\">Ponemos su casa de vacaciones frente a m\u00e1s de <strong>500.000 agentes de viajes.<\/strong><\/span><\/h2>\n<p><span style=\"font-weight: 400;\">Casiola tiene conexiones con varias redes de distribuci\u00f3n global y una red de m\u00e1s de 500.000 agentes de viajes de todo el mundo. \u00a1Todo esto se suma a la m\u00e1xima exposici\u00f3n para su casa de vacaciones! <\/span><\/p>\n<\/div><\/div><\/div><\/div><\/div><div class=\"vc_col-sm-6 wpb_column vc_column_container\"><div class=\"vc_column-inner\"><div class=\"wpb_wrapper\"><div class=\"w-image align_none\"><div class=\"w-image-h\"><img decoding=\"async\" width=\"600\" height=\"512\" src=\"https:\/\/join.casiola.com\/wp-content\/uploads\/2025\/06\/globe-1.webp\" class=\"attachment-full size-full has-transparency\" alt=\"globe\" loading=\"lazy\" srcset=\"https:\/\/join.casiola.com\/wp-content\/uploads\/2025\/06\/globe-1.webp 600w, https:\/\/join.casiola.com\/wp-content\/uploads\/2025\/06\/globe-1-300x256.webp 300w\" sizes=\"auto, (max-width: 600px) 100vw, 600px\" data-has-transparency=\"true\" data-dominant-color=\"a8b7b4\" style=\"--dominant-color: #a8b7b4;\" \/><\/div><\/div><\/div><\/div><\/div><\/div><\/div><\/section><section class=\"l-section wpb_row height_medium\"><div class=\"l-section-h i-cf\"><div class=\"g-cols vc_row via_flex valign_middle type_default stacking_default\"><div class=\"vc_col-sm-6 wpb_column vc_column_container\"><div class=\"vc_column-inner\"><div class=\"wpb_wrapper\"><div class=\"w-image align_center\"><div class=\"w-image-h\"><img decoding=\"async\" width=\"858\" height=\"589\" src=\"https:\/\/join.casiola.com\/wp-content\/uploads\/2019\/02\/reviews.png\" class=\"attachment-large size-large\" alt=\"reviews myCasiola - Property timeline\" loading=\"lazy\" srcset=\"https:\/\/join.casiola.com\/wp-content\/uploads\/2019\/02\/reviews.png 858w, https:\/\/join.casiola.com\/wp-content\/uploads\/2019\/02\/reviews-300x206.png 300w, https:\/\/join.casiola.com\/wp-content\/uploads\/2019\/02\/reviews-600x412.png 600w, https:\/\/join.casiola.com\/wp-content\/uploads\/2019\/02\/reviews-768x527.png 768w\" sizes=\"auto, (max-width: 858px) 100vw, 858px\" \/><\/div><\/div><\/div><\/div><\/div><div class=\"vc_col-sm-6 wpb_column vc_column_container\"><div class=\"vc_column-inner\"><div class=\"wpb_wrapper\"><div class=\"wpb_text_column\"><div class=\"wpb_wrapper\"><div class=\"wpb_text_column \">\n<div class=\"wpb_wrapper\">\n<h3>Campa\u00f1as de <strong>rese\u00f1as de hu\u00e9spedes<\/strong><\/h3>\n<p><span style=\"font-weight: 400;\">\u00a1Nada vende mejor que el boca a boca! Las rese\u00f1as de los hu\u00e9spedes son el factor m\u00e1s importante que los hu\u00e9spedes potenciales miran al decidir si reservar o no su casa. Es por eso que la gesti\u00f3n de las rese\u00f1as de los hu\u00e9spedes es una de nuestras principales prioridades: nos aseguramos de que sus hu\u00e9spedes dejen tantas rese\u00f1as de cinco estrellas como sea posible.   <\/span><\/p>\n<p><a href=\"https:\/\/join.casiola.com\/es\/mycasiola-gestion-de-resenas\/\">Lea m\u00e1s sobre c\u00f3mo rastreamos las rese\u00f1as en myCasiola.<\/a><\/p>\n<\/div>\n<\/div>\n<div class=\"wpb_text_column \">\n<div class=\"wpb_wrapper\">\n<blockquote>\n<p><i><span style=\"font-weight: 400;\">Dato curioso:<\/span><\/i> <em><span style=\"font-weight: 400;\">las propiedades con solo tres o cuatro rese\u00f1as a\u00fan obtienen un 174% m\u00e1s de inter\u00e9s que aquellas con cero rese\u00f1as. \u00a1Las rese\u00f1as de los hu\u00e9spedes importan!<\/span><\/em><\/p>\n<\/blockquote>\n<\/div>\n<\/div>\n<\/div><\/div><\/div><\/div><\/div><\/div><\/div><\/section><section class=\"l-section wpb_row height_medium color_alternate\"><div class=\"l-section-h i-cf\"><div class=\"g-cols vc_row via_flex valign_top type_default stacking_default\"><div class=\"vc_col-sm-6 wpb_column vc_column_container\"><div class=\"vc_column-inner\"><div class=\"wpb_wrapper\"><div class=\"wpb_text_column\"><div class=\"wpb_wrapper\"><h3>Marketing <strong>online y redes sociales<\/strong><\/h3>\n<p><span style=\"font-weight: 400;\">A diferencia de nuestros competidores, hacemos m\u00e1s que solo publicar su anuncio en los principales sitios de reservas. La experiencia nos ha ense\u00f1ado el secreto para anunciar su propiedad en l\u00ednea y en las redes sociales para ir m\u00e1s all\u00e1 de simplemente obtener exposici\u00f3n y conseguir reservas. P\u00f3ngase en contacto con nosotros para obtener m\u00e1s informaci\u00f3n.   <\/span><\/p>\n<\/div><\/div><\/div><\/div><\/div><div class=\"vc_col-sm-6 wpb_column vc_column_container\"><div class=\"vc_column-inner\"><div class=\"wpb_wrapper\"><div class=\"wpb_text_column\"><div class=\"wpb_wrapper\"><h2>Marketing por <strong>correo electr\u00f3nico<\/strong><\/h2>\n<p><span style=\"font-weight: 400;\">Lo \u00faltimo que quieren los hu\u00e9spedes es toneladas de correo electr\u00f3nico no deseado que obstruyan sus bandejas de entrada. Nuestra plataforma de correo electr\u00f3nico basada en datos llega a los clientes a nivel personal, d\u00e1ndoles solo la informaci\u00f3n que desean. Estos correos electr\u00f3nicos personalizados ayudan a retener a los clientes existentes, a volver a atraer a los hu\u00e9spedes anteriores y a generar nuevas ventas.   <\/span><\/p>\n<\/div><\/div><\/div><\/div><\/div><\/div><\/div><\/section><section class=\"l-section wpb_row height_medium\"><div class=\"l-section-h i-cf\"><div class=\"g-cols vc_row via_flex valign_top type_default stacking_default\"><div class=\"vc_col-sm-12 wpb_column vc_column_container\"><div class=\"vc_column-inner\"><div class=\"wpb_wrapper\"><div class=\"wpb_text_column\"><div class=\"wpb_wrapper\"><h3 style=\"text-align: center;\"><span style=\"font-weight: 400;\">\u00a1Nuestros <strong>anuncios de alta calidad<\/strong> ponen m\u00e1s dinero en su bolsillo!<\/span><\/h3>\n<p style=\"text-align: center;\"><span style=\"font-weight: 400;\"><a href=\"https:\/\/join.casiola.com\/services\/dynamic-pricing\/\"><strong>Precios perfectos<\/strong><\/a>: Nuestras herramientas y algoritmos l\u00edderes en la industria determinan el precio optimizado de su casa. \u00a1Aqu\u00ed no hay conjeturas! <\/span><\/p>\n<p style=\"text-align: center;\"><span style=\"font-weight: 400;\"><a href=\"https:\/\/join.casiola.com\/es\/servicios\/fotos-hermosas\/\"><strong>Fotos hermosas<\/strong><\/a>:<\/span> <span style=\"font-weight: 400;\">Nuestras fotos profesionales y llamativas muestran las comodidades y el valor de su casa.<\/span> <\/p>\n<p style=\"text-align: center;\"><span style=\"font-weight: 400;\"><strong>Anuncios de calidad<\/strong>: Nuestros anuncios destacados le dan a su propiedad la m\u00e1xima exposici\u00f3n y crean m\u00e1s reservas con los hu\u00e9spedes adecuados. <\/span><\/p>\n<\/div><\/div><div class=\"wpb_text_column\"><div class=\"wpb_wrapper\"><h2 style=\"text-align: center;\">Ofrecemos hasta un <strong>40% m\u00e1s de <span style=\"font-weight: 400;\">ingresos<\/span><\/strong><\/h2>\n<\/div><\/div><\/div><\/div><\/div><\/div><\/div><\/section><section class=\"l-section wpb_row height_medium color_primary\"><div class=\"l-section-h i-cf\"><div class=\"g-cols vc_row via_flex valign_top type_default stacking_default\"><div class=\"vc_col-sm-12 wpb_column vc_column_container\"><div class=\"vc_column-inner\"><div class=\"wpb_wrapper\"><div class=\"wpb_text_column\"><div class=\"wpb_wrapper\"><h3 style=\"text-align: center;\">Dele a su propiedad el <strong>marketing que se merece<\/strong>.<\/h3>\n<p style=\"text-align: center;\"><span style=\"font-weight: 400;\">Aseg\u00farese de que su casa de vacaciones destaque entre la multitud. \u00a1\u00danase a Casiola y experimente lo que es tener un equipo de marketing a tiempo completo trabajando para usted!  <\/span><\/p>\n<\/div><\/div><div class=\"w-btn-wrapper align_center\"><a class=\"w-btn us-btn-style_4\" href=\"http:\/\/101.35d.myftpupload.com\/join-us\/\" target=\"_blank\" rel=\"noopener\"><span class=\"w-btn-label\">\u00danase ahora<\/span><\/a><\/div><\/div><\/div><\/div><\/div><\/div><\/section>\n","protected":false},"excerpt":{"rendered":"","protected":false},"author":1,"featured_media":0,"parent":23014,"menu_order":0,"comment_status":"closed","ping_status":"closed","template":"","meta":{"_acf_changed":false,"footnotes":""},"categories":[203],"tags":[],"class_list":["post-26094","page","type-page","status-publish","hentry","category-servicios"],"acf":{"destination_name":null,"destination_slug":null,"destination-email":null,"destination_hero":null,"destination_copy":null,"advantages_title":null,"advantages_1":null,"advantages_2":null,"advantages_3":null,"advantages_4":null,"advantages_5":null,"advantages_6":null,"linen_program":null,"design_center":null,"guests_are_booking_title":null,"guests_are_booking_text":null,"hvm":null,"amex":null,"award_winning_company":null,"numbers_1":null,"numbers_2":null,"numbers_quote":null,"faq_1":null,"faq_1_response":null,"faq_2":null,"faq_2_response":null,"faq_3":null,"faq_3_response":null,"faq_4":null,"faq_4_response":null,"faq_5":null,"faq_5_response":null,"faq_6":null,"faq_6_response":null,"faq_7":null,"faq_7_response":null,"faq_8":null,"faq_8_response":null,"faq_9":null,"faq_9_response":null,"faq_10":null,"faq_10_response":null,"faq_11":null,"faq_11_response":null,"vacation_rental_manager_blog_title":null,"vacation_rental_manager_blog_text":null,"discover_all_casiola_destinations":null},"_links":{"self":[{"href":"https:\/\/join.casiola.com\/es\/wp-json\/wp\/v2\/pages\/26094","targetHints":{"allow":["GET"]}}],"collection":[{"href":"https:\/\/join.casiola.com\/es\/wp-json\/wp\/v2\/pages"}],"about":[{"href":"https:\/\/join.casiola.com\/es\/wp-json\/wp\/v2\/types\/page"}],"author":[{"embeddable":true,"href":"https:\/\/join.casiola.com\/es\/wp-json\/wp\/v2\/users\/1"}],"replies":[{"embeddable":true,"href":"https:\/\/join.casiola.com\/es\/wp-json\/wp\/v2\/comments?post=26094"}],"version-history":[{"count":1,"href":"https:\/\/join.casiola.com\/es\/wp-json\/wp\/v2\/pages\/26094\/revisions"}],"predecessor-version":[{"id":26100,"href":"https:\/\/join.casiola.com\/es\/wp-json\/wp\/v2\/pages\/26094\/revisions\/26100"}],"up":[{"embeddable":true,"href":"https:\/\/join.casiola.com\/es\/wp-json\/wp\/v2\/pages\/23014"}],"wp:attachment":[{"href":"https:\/\/join.casiola.com\/es\/wp-json\/wp\/v2\/media?parent=26094"}],"wp:term":[{"taxonomy":"category","embeddable":true,"href":"https:\/\/join.casiola.com\/es\/wp-json\/wp\/v2\/categories?post=26094"},{"taxonomy":"post_tag","embeddable":true,"href":"https:\/\/join.casiola.com\/es\/wp-json\/wp\/v2\/tags?post=26094"}],"curies":[{"name":"wp","href":"https:\/\/api.w.org\/{rel}","templated":true}]}}