{"id":26110,"date":"2017-06-23T17:13:42","date_gmt":"2017-06-23T17:13:42","guid":{"rendered":"https:\/\/join.casiola.com\/precios\/"},"modified":"2025-11-05T20:29:19","modified_gmt":"2025-11-05T20:29:19","slug":"precios","status":"publish","type":"page","link":"https:\/\/join.casiola.com\/es\/precios\/","title":{"rendered":"Precios"},"content":{"rendered":"<section class=\"l-section wpb_row height_auto\"><div class=\"l-section-h i-cf\"><div class=\"g-cols vc_row via_flex valign_middle type_default stacking_default\"><div class=\"vc_col-sm-6 wpb_column vc_column_container\"><div class=\"vc_column-inner\"><div class=\"wpb_wrapper\"><div class=\"wpb_text_column\"><div class=\"wpb_wrapper\"><h2 style=\"text-align: center;\"><strong>Precios<\/strong> transparentes<\/h2>\n<h3 style=\"text-align: center;\">Obtenga sus ingresos en funci\u00f3n de los <strong>ingresos<\/strong> que genere su propiedad. Gestionamos su propiedad por completo, por una <strong><span style=\"color: #ff0099;\">baja comisi\u00f3n del 20%.<\/span><\/strong> <\/h3>\n<\/div><\/div><div class=\"wpb_text_column\"><div class=\"wpb_wrapper\"><h4 style=\"text-align: center;\"><span style=\"color: #ff0099;\">Mark \u2013 <\/span> experto en casas de vacaciones<\/h4>\n<\/div><\/div><\/div><\/div><\/div><div class=\"vc_col-sm-6 wpb_column vc_column_container\"><div class=\"vc_column-inner\"><div class=\"wpb_wrapper\"><div class=\"w-image align_none\"><div class=\"w-image-h\"><img decoding=\"async\" width=\"800\" height=\"890\" src=\"https:\/\/join.casiola.com\/wp-content\/uploads\/2025\/05\/join-mark-1-1.webp\" class=\"attachment-large size-large has-transparency\" alt=\"join-mark\" loading=\"lazy\" srcset=\"https:\/\/join.casiola.com\/wp-content\/uploads\/2025\/05\/join-mark-1-1.webp 800w, https:\/\/join.casiola.com\/wp-content\/uploads\/2025\/05\/join-mark-1-1-270x300.webp 270w, https:\/\/join.casiola.com\/wp-content\/uploads\/2025\/05\/join-mark-1-1-600x668.webp 600w, https:\/\/join.casiola.com\/wp-content\/uploads\/2025\/05\/join-mark-1-1-768x854.webp 768w\" sizes=\"auto, (max-width: 800px) 100vw, 800px\" data-has-transparency=\"true\" data-dominant-color=\"c74c7b\" style=\"--dominant-color: #c74c7b;\" \/><\/div><\/div><\/div><\/div><\/div><\/div><\/div><\/section><section class=\"l-section wpb_row height_medium color_alternate\"><div class=\"l-section-h i-cf\"><div class=\"g-cols vc_row via_flex valign_top type_default stacking_default\"><div class=\"vc_col-sm-12 wpb_column vc_column_container\"><div class=\"vc_column-inner\"><div class=\"wpb_wrapper\"><div class=\"wpb_text_column us_custom_e93d73c3\"><div class=\"wpb_wrapper\"><h2>Ventajas de los <strong>ingresos basados en el rendimiento<\/strong><\/h2>\n<\/div><\/div><div class=\"g-cols wpb_row via_flex valign_top type_default stacking_default\"><div class=\"vc_col-sm-4 wpb_column vc_column_container\"><div class=\"vc_column-inner\"><div class=\"wpb_wrapper\"><div class=\"w-iconbox iconpos_top style_circle color_primary align_center\"><div class=\"w-iconbox-icon\" style=\"font-size:16px;\"><i class=\"fas fa-star\"><\/i><\/div><div class=\"w-iconbox-meta\"><h3 class=\"w-iconbox-title\">Gane m\u00e1s dinero<\/h3><div class=\"w-iconbox-text\"><p>\u00a1Cuanto m\u00e1s dinero genere su propiedad, m\u00e1s dinero ganar\u00e1 usted!<\/p>\n<\/div><\/div><\/div><\/div><\/div><\/div><div class=\"vc_col-sm-4 wpb_column vc_column_container\"><div class=\"vc_column-inner\"><div class=\"wpb_wrapper\"><div class=\"w-iconbox iconpos_top style_circle color_primary align_center\"><div class=\"w-iconbox-icon\" style=\"font-size:16px;\"><i class=\"fas fa-star\"><\/i><\/div><div class=\"w-iconbox-meta\"><h3 class=\"w-iconbox-title\">Utilice su casa tanto como quiera<\/h3><div class=\"w-iconbox-text\"><p>Disfrute de su casa siempre que est\u00e9 disponible.<\/p>\n<\/div><\/div><\/div><\/div><\/div><\/div><div class=\"vc_col-sm-4 wpb_column vc_column_container\"><div class=\"vc_column-inner\"><div class=\"wpb_wrapper\"><div class=\"w-iconbox iconpos_top style_circle color_primary align_center\"><div class=\"w-iconbox-icon\" style=\"font-size:16px;;\"><i class=\"fas fa-star\"><\/i><\/div><div class=\"w-iconbox-meta\"><h3 class=\"w-iconbox-title\">Tenemos el mismo incentivo<\/h3><div class=\"w-iconbox-text\"><p>\u00a1Todos se benefician cuando su casa de alquiler genera los m\u00e1ximos ingresos!<\/p>\n<\/div><\/div><\/div><\/div><\/div><\/div><\/div><div class=\"w-btn-wrapper align_center\"><a class=\"w-btn us-btn-style_1\" title=\"Join us\" href=\"https:\/\/join.casiola.com\/es\/unase-a-nosotros\/\"><span class=\"w-btn-label\">\u00a1\u00danase a nosotros ahora!<\/span><\/a><\/div><\/div><\/div><\/div><\/div><\/div><\/section><section class=\"l-section wpb_row height_auto color_primary\"><div class=\"l-section-h i-cf\"><div class=\"g-cols vc_row via_flex valign_middle type_default stacking_default\"><div class=\"vc_col-sm-4 wpb_column vc_column_container\"><div class=\"vc_column-inner\"><div class=\"wpb_wrapper\"><div class=\"w-image align_none\"><div class=\"w-image-h\"><img decoding=\"async\" width=\"768\" height=\"1018\" src=\"https:\/\/join.casiola.com\/wp-content\/uploads\/2025\/05\/join-stuart-1-1-768x1018-1.webp\" class=\"attachment-large size-large has-transparency\" alt=\"join-stuart\" loading=\"lazy\" srcset=\"https:\/\/join.casiola.com\/wp-content\/uploads\/2025\/05\/join-stuart-1-1-768x1018-1.webp 768w, https:\/\/join.casiola.com\/wp-content\/uploads\/2025\/05\/join-stuart-1-1-768x1018-1-226x300.webp 226w, https:\/\/join.casiola.com\/wp-content\/uploads\/2025\/05\/join-stuart-1-1-768x1018-1-600x795.webp 600w\" sizes=\"auto, (max-width: 768px) 100vw, 768px\" data-has-transparency=\"true\" data-dominant-color=\"e25e9a\" style=\"--dominant-color: #e25e9a;\" \/><\/div><\/div><\/div><\/div><\/div><div class=\"vc_col-sm-8 wpb_column vc_column_container\"><div class=\"vc_column-inner\"><div class=\"wpb_wrapper\"><div class=\"wpb_text_column\"><div class=\"wpb_wrapper\"><h2 style=\"text-align: center;\"><strong>\u00bfNecesita ayuda<\/strong>?<\/h2>\n<h4 style=\"text-align: center;\">Ll\u00e1menos en horario de oficina al <strong><span class=\"w-text-value\">+1 309-359-5804<\/span><br \/><\/strong>o env\u00edenos un correo electr\u00f3nico a <strong>join@casiola.com<\/strong><\/h4>\n<\/div><\/div><div class=\"wpb_text_column us_custom_760c2c99\"><div class=\"wpb_wrapper\"><h4>Stuart \u2013 experto en casas de vacaciones<\/h4>\n<\/div><\/div><\/div><\/div><\/div><\/div><\/div><\/section><section class=\"l-section wpb_row height_medium\"><div class=\"l-section-h i-cf\"><div class=\"g-cols vc_row via_flex valign_middle type_default stacking_default\"><div class=\"vc_col-sm-6 wpb_column vc_column_container\"><div class=\"vc_column-inner\"><div class=\"wpb_wrapper\"><div class=\"w-image align_none\"><div class=\"w-image-h\"><img decoding=\"async\" width=\"800\" height=\"638\" src=\"https:\/\/join.casiola.com\/wp-content\/uploads\/2025\/05\/guestor-image.webp\" class=\"attachment-large size-large has-transparency\" alt=\"guestor-image\" loading=\"lazy\" srcset=\"https:\/\/join.casiola.com\/wp-content\/uploads\/2025\/05\/guestor-image.webp 800w, https:\/\/join.casiola.com\/wp-content\/uploads\/2025\/05\/guestor-image-300x239.webp 300w, https:\/\/join.casiola.com\/wp-content\/uploads\/2025\/05\/guestor-image-600x479.webp 600w, https:\/\/join.casiola.com\/wp-content\/uploads\/2025\/05\/guestor-image-768x612.webp 768w\" sizes=\"auto, (max-width: 800px) 100vw, 800px\" data-has-transparency=\"true\" data-dominant-color=\"8f8176\" style=\"--dominant-color: #8f8176;\" \/><\/div><\/div><\/div><\/div><\/div><div class=\"vc_col-sm-6 wpb_column vc_column_container\"><div class=\"vc_column-inner\"><div class=\"wpb_wrapper\"><div class=\"wpb_text_column\"><div class=\"wpb_wrapper\"><h2>\u00bfBusca m\u00e1s formas de <strong>invertir en alquileres vacacionales?<\/strong><\/h2>\n<p>Los alquileres vacacionales superan constantemente a cualquier otra clase de bienes inmuebles. La rentabilidad de los alquileres a corto plazo es, de <strong>media, el doble de alta<\/strong> en comparaci\u00f3n con las propiedades de alquiler a largo plazo. <\/p>\n<p><a href=\"https:\/\/www.guestor.com\" target=\"_blank\" rel=\"noopener\">Guestor<\/a> tiene la misi\u00f3n de hacer que la inversi\u00f3n en alquileres vacacionales sea <strong>accesible, segura y divertida para todos<\/strong>. \u00danase hoy mismo a la comunidad de inversi\u00f3n en alquileres vacacionales m\u00e1s grande del mundo. \u00a1El mundo es suyo! <\/p>\n<p><a href=\"https:\/\/www.guestor.com\" target=\"_blank\" rel=\"noopener\">M\u00e1s informaci\u00f3n sobre guestor<\/a><\/p><\/p>\n<\/div><\/div><\/div><\/div><\/div><\/div><\/div><\/section>\n","protected":false},"excerpt":{"rendered":"Precios transparentes Obtenga sus ingresos en funci\u00f3n de los ingresos que genere su propiedad. Gestionamos su propiedad por completo, por una baja comisi\u00f3n del 20%. Mark \u2013 experto en casas de vacaciones Ventajas de los ingresos basados en el rendimiento Gane m\u00e1s dinero\u00a1Cuanto m\u00e1s dinero genere su propiedad, m\u00e1s dinero ganar\u00e1 usted! Utilice su casa...","protected":false},"author":1,"featured_media":0,"parent":0,"menu_order":0,"comment_status":"closed","ping_status":"closed","template":"","meta":{"_acf_changed":false,"footnotes":""},"categories":[],"tags":[],"class_list":["post-26110","page","type-page","status-publish","hentry"],"acf":{"destination_name":null,"destination_slug":null,"destination-email":null,"destination_hero":null,"destination_copy":null,"advantages_title":null,"advantages_1":null,"advantages_2":null,"advantages_3":null,"advantages_4":null,"advantages_5":null,"advantages_6":null,"linen_program":null,"design_center":null,"guests_are_booking_title":null,"guests_are_booking_text":null,"hvm":null,"amex":null,"award_winning_company":null,"numbers_1":null,"numbers_2":null,"numbers_quote":null,"faq_1":null,"faq_1_response":null,"faq_2":null,"faq_2_response":null,"faq_3":null,"faq_3_response":null,"faq_4":null,"faq_4_response":null,"faq_5":null,"faq_5_response":null,"faq_6":null,"faq_6_response":null,"faq_7":null,"faq_7_response":null,"faq_8":null,"faq_8_response":null,"faq_9":null,"faq_9_response":null,"faq_10":null,"faq_10_response":null,"faq_11":null,"faq_11_response":null,"vacation_rental_manager_blog_title":null,"vacation_rental_manager_blog_text":null,"discover_all_casiola_destinations":null},"_links":{"self":[{"href":"https:\/\/join.casiola.com\/es\/wp-json\/wp\/v2\/pages\/26110","targetHints":{"allow":["GET"]}}],"collection":[{"href":"https:\/\/join.casiola.com\/es\/wp-json\/wp\/v2\/pages"}],"about":[{"href":"https:\/\/join.casiola.com\/es\/wp-json\/wp\/v2\/types\/page"}],"author":[{"embeddable":true,"href":"https:\/\/join.casiola.com\/es\/wp-json\/wp\/v2\/users\/1"}],"replies":[{"embeddable":true,"href":"https:\/\/join.casiola.com\/es\/wp-json\/wp\/v2\/comments?post=26110"}],"version-history":[{"count":8,"href":"https:\/\/join.casiola.com\/es\/wp-json\/wp\/v2\/pages\/26110\/revisions"}],"predecessor-version":[{"id":26131,"href":"https:\/\/join.casiola.com\/es\/wp-json\/wp\/v2\/pages\/26110\/revisions\/26131"}],"wp:attachment":[{"href":"https:\/\/join.casiola.com\/es\/wp-json\/wp\/v2\/media?parent=26110"}],"wp:term":[{"taxonomy":"category","embeddable":true,"href":"https:\/\/join.casiola.com\/es\/wp-json\/wp\/v2\/categories?post=26110"},{"taxonomy":"post_tag","embeddable":true,"href":"https:\/\/join.casiola.com\/es\/wp-json\/wp\/v2\/tags?post=26110"}],"curies":[{"name":"wp","href":"https:\/\/api.w.org\/{rel}","templated":true}]}}