{"id":26128,"date":"2025-04-11T20:14:03","date_gmt":"2025-04-11T20:14:03","guid":{"rendered":"https:\/\/join.casiola.com\/gestion-de-airbnb-en-tampa-bay\/"},"modified":"2025-11-06T15:49:10","modified_gmt":"2025-11-06T15:49:10","slug":"gestion-de-airbnb-en-tampa-bay","status":"publish","type":"page","link":"https:\/\/join.casiola.com\/es\/gestion-de-airbnb-en-tampa-bay\/","title":{"rendered":"Gesti\u00f3n de Airbnb en Tampa Bay"},"content":{"rendered":"<section class=\"l-section wpb_row height_medium\"><div class=\"l-section-h i-cf\"><div class=\"g-cols vc_row via_flex valign_top type_default stacking_default\"><div class=\"vc_col-sm-12 wpb_column vc_column_container\"><div class=\"vc_column-inner\"><div class=\"wpb_wrapper\"><div class=\"w-post-elm post_image stretched\"><img loading=\"lazy\" decoding=\"async\" width=\"1024\" height=\"577\" src=\"https:\/\/join.casiola.com\/wp-content\/uploads\/2025\/04\/Tampa-Bay-Airbnb-Management-1024x577-jpg.webp\" class=\"attachment-large size-large not-transparent wp-post-image\" alt=\"Gesti\u00f3n de Airbnb en Tampa Bay\" srcset=\"https:\/\/join.casiola.com\/wp-content\/uploads\/2025\/04\/Tampa-Bay-Airbnb-Management-1024x577-jpg.webp 1024w, https:\/\/join.casiola.com\/wp-content\/uploads\/2025\/04\/Tampa-Bay-Airbnb-Management-300x169-jpg.webp 300w, https:\/\/join.casiola.com\/wp-content\/uploads\/2025\/04\/Tampa-Bay-Airbnb-Management-600x338.jpg 600w, https:\/\/join.casiola.com\/wp-content\/uploads\/2025\/04\/Tampa-Bay-Airbnb-Management-768x432.jpg 768w, https:\/\/join.casiola.com\/wp-content\/uploads\/2025\/04\/Tampa-Bay-Airbnb-Management-jpg.webp 1920w\" sizes=\"auto, (max-width: 1024px) 100vw, 1024px\" data-has-transparency=\"false\" data-dominant-color=\"80847c\" style=\"--dominant-color: #80847c;\" \/><\/div><div class=\"wpb_text_column\"><div class=\"wpb_wrapper\"><p>Ya sea que los viajeros deseen aprovechar al m\u00e1ximo los pintorescos frentes mar\u00edtimos, las hermosas playas, las paradas familiares como Busch Gardens o una fant\u00e1stica escena culinaria, pasar tiempo en Tampa Bay seguramente los emocionar\u00e1. La llegada durante todo el a\u00f1o de viajeros que se dirigen hacia aqu\u00ed para aprovechar al m\u00e1ximo el sol y la diversi\u00f3n local tambi\u00e9n convierte a Tampa Bay en un lugar incre\u00edble para que los propietarios de propiedades de Airbnb hagan crecer sus opciones comerciales. En Casiola, nuestro equipo de <strong>gesti\u00f3n de Airbnb en Tampa Bay<\/strong> se dedica a ayudar a los propietarios a alcanzar un potencial de ganancias nuevo y emocionante en todas las temporadas de viaje. Cuando est\u00e9 listo para comenzar un nuevo y emocionante camino hacia el crecimiento, estamos aqu\u00ed para ayudarlo a que esto suceda en cada paso del camino.   <\/p>\n<h2>Perm\u00edtanos encargarnos de la comercializaci\u00f3n integral<\/h2>\n<p>Para muchos propietarios de propiedades de Airbnb en Tampa Bay que intentan administrar las cosas por su cuenta, la comercializaci\u00f3n se revela r\u00e1pidamente como uno de los aspectos m\u00e1s lentos del negocio. Dicho esto, tambi\u00e9n es uno de los aspectos m\u00e1s vitales cuando se trata de llegar con \u00e9xito a un p\u00fablico m\u00e1s amplio de posibles hu\u00e9spedes para su Airbnb en Tampa Bay durante todo el a\u00f1o. Cuando elige trabajar con nuestro equipo de gesti\u00f3n de Airbnb en Tampa Bay a trav\u00e9s de Casiola, puede dejarnos el enfoque integral de la comercializaci\u00f3n a nosotros. Nuestro equipo sabe exactamente lo que se necesita para que su Airbnb en Tampa Bay se destaque entre la multitud, e integraremos su anuncio en nuestra plataforma de comercializaci\u00f3n optimizada y exitosa desde el principio. Desde nuestras campa\u00f1as de comercializaci\u00f3n impulsadas por SEO hasta las fotos profesionales que tomaremos de las caracter\u00edsticas m\u00e1s atractivas de su hogar que se publican en una variedad de plataformas de listado importantes, ver\u00e1 que sus tasas de ocupaci\u00f3n aumentan en poco tiempo.    <\/p>\n<h2>Aproveche al m\u00e1ximo los precios competitivos con Casiola<\/h2>\n<p>A medida que el mercado de Airbnb y alquileres vacacionales en su conjunto contin\u00faa creciendo en Tampa Bay, mantener los precios de su alquiler competitivos es m\u00e1s importante que nunca. Es por eso que nuestro equipo de gesti\u00f3n de Airbnb de Casiola Tampa Bay trabaja las 24 horas para garantizar que nos mantengamos al d\u00eda con las tendencias del mercado en tiempo real y ajustemos el precio de su propiedad en consecuencia. Esto lo mantiene competitivo incluso en las fluctuaciones del mercado m\u00e1s din\u00e1micas. Tambi\u00e9n nos permite maximizar su retorno de la inversi\u00f3n en todo momento al obtener la mayor cantidad de ingresos posible por noche.   <\/p>\n<h2>Cuidando su hogar como si fuera nuestro<\/h2>\n<p>El cuidado de la propiedad de primer nivel es una parte integral de nuestros servicios de administraci\u00f3n de propiedades de Tampa Bay, FL, proporcionados en Casiola para los propietarios de Airbnb que nos conf\u00edan su alquiler. Desde las evaluaciones iniciales de la vivienda y las recomendaciones de mejora hasta los programas regulares de mantenimiento y limpieza, lo cubrimos todo en su nombre. Esto no solo ayuda a mantener la integridad de su hogar en los a\u00f1os venideros, sino que garantiza que todos los que reserven su Airbnb en Tampa Bay disfruten de una estad\u00eda segura, impecable y bien mantenida.  <\/p>\n<h2>Atenci\u00f3n al cliente superior en todo momento<\/h2>\n<p>Incluso si posee el Airbnb m\u00e1s impresionante de todo Tampa Bay, no ver\u00e1 las tasas de ocupaci\u00f3n que merece si no brinda a los hu\u00e9spedes una experiencia superior con cada reserva. En Casiola, nuestro equipo de gesti\u00f3n de Airbnb en Tampa Bay se encarga de los est\u00e1ndares de hospitalidad de clase mundial para los propietarios en todo momento. Desde la selecci\u00f3n de inquilinos y la recepci\u00f3n de sus llamadas hasta garantizar que respondamos r\u00e1pidamente a todas las solicitudes de mantenimiento, limpieza, asistencia, recomendaciones y m\u00e1s, estamos all\u00ed para ayudar en cada paso del camino. Esto conduce a excelentes cr\u00edticas, los mejores hu\u00e9spedes que regresan y referencias excepcionales en el futuro tambi\u00e9n para su Airbnb en Tampa Bay.   <\/p>\n<h2>Manteni\u00e9ndole al d\u00eda<\/h2>\n<p>Cuando se asocia con el equipo de gesti\u00f3n de Airbnb de Tampa Bay en Casiola, siempre sabr\u00e1 lo que est\u00e1 sucediendo con su alquiler en tiempo real. Esto se debe a que utilizamos tecnolog\u00eda de punta para mantener a los propietarios actualizados sobre todo lo que est\u00e1 sucediendo a trav\u00e9s de un portal en l\u00ednea personalizado. Su panel de control de Casiola le brindar\u00e1 informaci\u00f3n sobre las pr\u00f3ximas reservas, los programas de mantenimiento del hogar, los informes, los estados de cuenta, los an\u00e1lisis y m\u00e1s, todo con solo tocar un bot\u00f3n. Adem\u00e1s, nuestro equipo siempre est\u00e1 aqu\u00ed para responder cualquier pregunta que pueda tener sobre su propiedad de Airbnb en Tampa Bay en cualquier momento. As\u00ed como brindamos atenci\u00f3n al cliente de clase mundial para sus hu\u00e9spedes, estamos aqu\u00ed para asegurarnos de que se sienta c\u00f3modo e involucrado en el proceso de administraci\u00f3n de la propiedad que brindamos en cada paso del camino.    <\/p>\n<h2>P\u00f3ngase en contacto hoy mismo para obtener m\u00e1s informaci\u00f3n sobre nuestros servicios de gesti\u00f3n de propiedades<\/h2>\n<p>En Casiola, nuestro equipo de administraci\u00f3n de propiedades de Tampa Bay, FL, se complace en trabajar con los propietarios en cada paso de su trayectoria profesional. Ya sea que est\u00e9 buscando impulsar las perspectivas comerciales en su Airbnb existente, o si se est\u00e1 adentrando en la industria del alquiler vacacional por primera vez en Florida, estamos aqu\u00ed para ayudarlo a alcanzar nuestro m\u00e1ximo potencial. Comenzar con nosotros tambi\u00e9n es un proceso simple y directo. Comienza por comunicarse para hablar unos 15 minutos con nuestro equipo sobre su Airbnb en Tampa Bay, as\u00ed como sobre los objetivos que espera lograr. A partir de ah\u00ed, crearemos un pron\u00f3stico de alquiler integral para que lo revise y, si todo se ve bien, tambi\u00e9n recibir\u00e1 un acuerdo de administraci\u00f3n conciso. Una vez que se firma, es hora de comenzar nuestro proceso de incorporaci\u00f3n optimizado y comenzar a aumentar las tasas de ocupaci\u00f3n con facilidad junto con nuestro equipo. \u00a1Comun\u00edquese hoy para obtener m\u00e1s informaci\u00f3n y comenzar!      <\/p>\n<\/div><\/div><\/div><\/div><\/div><\/div><\/div><\/section>\n","protected":false},"excerpt":{"rendered":"Ya sea que los viajeros deseen aprovechar al m\u00e1ximo los pintorescos frentes mar\u00edtimos, las hermosas playas, las paradas familiares como Busch Gardens o una fant\u00e1stica escena culinaria, pasar tiempo en Tampa Bay seguramente los emocionar\u00e1. La llegada durante todo el a\u00f1o de viajeros que se dirigen hacia aqu\u00ed para aprovechar al m\u00e1ximo el sol y...","protected":false},"author":2,"featured_media":26129,"parent":0,"menu_order":0,"comment_status":"closed","ping_status":"closed","template":"","meta":{"_acf_changed":false,"footnotes":""},"categories":[],"tags":[],"class_list":["post-26128","page","type-page","status-publish","has-post-thumbnail","hentry"],"acf":{"destination-email":"","destination_hero":false},"_links":{"self":[{"href":"https:\/\/join.casiola.com\/es\/wp-json\/wp\/v2\/pages\/26128","targetHints":{"allow":["GET"]}}],"collection":[{"href":"https:\/\/join.casiola.com\/es\/wp-json\/wp\/v2\/pages"}],"about":[{"href":"https:\/\/join.casiola.com\/es\/wp-json\/wp\/v2\/types\/page"}],"author":[{"embeddable":true,"href":"https:\/\/join.casiola.com\/es\/wp-json\/wp\/v2\/users\/2"}],"replies":[{"embeddable":true,"href":"https:\/\/join.casiola.com\/es\/wp-json\/wp\/v2\/comments?post=26128"}],"version-history":[{"count":1,"href":"https:\/\/join.casiola.com\/es\/wp-json\/wp\/v2\/pages\/26128\/revisions"}],"predecessor-version":[{"id":26132,"href":"https:\/\/join.casiola.com\/es\/wp-json\/wp\/v2\/pages\/26128\/revisions\/26132"}],"wp:featuredmedia":[{"embeddable":true,"href":"https:\/\/join.casiola.com\/es\/wp-json\/wp\/v2\/media\/26129"}],"wp:attachment":[{"href":"https:\/\/join.casiola.com\/es\/wp-json\/wp\/v2\/media?parent=26128"}],"wp:term":[{"taxonomy":"category","embeddable":true,"href":"https:\/\/join.casiola.com\/es\/wp-json\/wp\/v2\/categories?post=26128"},{"taxonomy":"post_tag","embeddable":true,"href":"https:\/\/join.casiola.com\/es\/wp-json\/wp\/v2\/tags?post=26128"}],"curies":[{"name":"wp","href":"https:\/\/api.w.org\/{rel}","templated":true}]}}