{"id":26166,"date":"2017-06-30T12:12:15","date_gmt":"2017-06-30T12:12:15","guid":{"rendered":"https:\/\/join.casiola.com\/servicios\/cuidado-de-la-propiedad\/"},"modified":"2025-11-05T20:33:12","modified_gmt":"2025-11-05T20:33:12","slug":"cuidado-de-la-propiedad","status":"publish","type":"page","link":"https:\/\/join.casiola.com\/es\/servicios\/cuidado-de-la-propiedad\/","title":{"rendered":"Cuidado de la propiedad"},"content":{"rendered":"<section class=\"l-section wpb_row height_auto color_primary with_img\"><div class=\"l-section-img\" role=\"img\" aria-label=\"casas de vacaciones\" data-img-width=\"2560\" data-img-height=\"1650\" style=\"background-image: url(https:\/\/join.casiola.com\/wp-content\/uploads\/2023\/01\/pexels-expect-best-323780-scaled-1.jpg);\"><\/div><div class=\"l-section-h i-cf\"><div class=\"g-cols vc_row via_flex valign_middle type_default stacking_default\"><div class=\"vc_col-sm-8 wpb_column vc_column_container\"><div class=\"vc_column-inner\"><div class=\"wpb_wrapper\"><div class=\"wpb_text_column\"><div class=\"wpb_wrapper\"><h2 style=\"text-align: left;\">Cuidado <strong>de la propiedad<\/strong><\/h2>\n<h3 style=\"text-align: left;\">Cuando deja su hogar con Casiola, lo est\u00e1 dejando con su familia. Nuestro equipo de Cuidado de la Propiedad se asegura de que su propiedad est\u00e9 <strong>funcionando y tenga el mejor aspecto cada d\u00eda<\/strong>. <\/h3>\n<\/div><\/div><\/div><\/div><\/div><div class=\"vc_col-sm-4 wpb_column vc_column_container\"><div class=\"vc_column-inner\"><div class=\"wpb_wrapper\"><div class=\"w-image align_center\"><div class=\"w-image-h\"><img decoding=\"async\" width=\"600\" height=\"563\" src=\"https:\/\/join.casiola.com\/wp-content\/uploads\/2025\/06\/property-care-2.webp\" class=\"attachment-us_img_size_1 size-us_img_size_1 has-transparency\" alt=\"property-care\" loading=\"lazy\" srcset=\"https:\/\/join.casiola.com\/wp-content\/uploads\/2025\/06\/property-care-2.webp 600w, https:\/\/join.casiola.com\/wp-content\/uploads\/2025\/06\/property-care-2-300x282.webp 300w\" sizes=\"auto, (max-width: 600px) 100vw, 600px\" data-has-transparency=\"true\" data-dominant-color=\"c93b66\" style=\"--dominant-color: #c93b66;\" \/><\/div><\/div><\/div><\/div><\/div><\/div><\/div><\/section><section class=\"l-section wpb_row height_medium\"><div class=\"l-section-h i-cf\"><div class=\"g-cols vc_row via_flex valign_middle type_default stacking_default\"><div class=\"vc_col-sm-6 wpb_column vc_column_container\"><div class=\"vc_column-inner\"><div class=\"wpb_wrapper\"><div class=\"w-image align_none\"><div class=\"w-image-h\"><img decoding=\"async\" width=\"1000\" height=\"675\" src=\"https:\/\/join.casiola.com\/wp-content\/uploads\/2019\/03\/propcare-3.jpg\" class=\"attachment-large size-large\" alt=\"Casiola - Property Care\" loading=\"lazy\" srcset=\"https:\/\/join.casiola.com\/wp-content\/uploads\/2019\/03\/propcare-3.jpg 1000w, https:\/\/join.casiola.com\/wp-content\/uploads\/2019\/03\/propcare-3-300x203.jpg 300w, https:\/\/join.casiola.com\/wp-content\/uploads\/2019\/03\/propcare-3-600x405.jpg 600w, https:\/\/join.casiola.com\/wp-content\/uploads\/2019\/03\/propcare-3-768x518.jpg 768w\" sizes=\"auto, (max-width: 1000px) 100vw, 1000px\" \/><\/div><\/div><\/div><\/div><\/div><div class=\"vc_col-sm-6 wpb_column vc_column_container\"><div class=\"vc_column-inner\"><div class=\"wpb_wrapper\"><div class=\"wpb_text_column\"><div class=\"wpb_wrapper\"><h2 style=\"text-align: left;\"><strong>El 86%<\/strong> de los hu\u00e9spedes considera la <strong>limpieza<\/strong> como el <strong>principal criterio<\/strong> para reservar un alquiler vacacional<\/h2>\n<p><span style=\"font-weight: 400;\">Sabemos que los hu\u00e9spedes solo quieren alojarse en una casa perfectamente limpia. Por eso hemos creado un equipo de limpiadores profesionales que se aseguran de que su casa tenga el mejor aspecto posible. Nos tomamos la limpieza en serio, para que sus hu\u00e9spedes respondan con excelentes cr\u00edticas.  <\/span><\/p>\n<\/div><\/div><div class=\"g-cols wpb_row via_flex valign_top type_default stacking_default\"><div class=\"vc_col-sm-4 wpb_column vc_column_container\"><div class=\"vc_column-inner\"><div class=\"wpb_wrapper\"><div class=\"w-counter us_custom_8bf30f51 color_primary align_center has_font_size\" data-duration=\"2\"><div class=\"w-counter-value\"><span class=\"w-counter-value-part type_text\" data-final=\"\"><\/span><span class=\"w-counter-value-part type_number\" data-final=\"8.8\">0<\/span><span class=\"w-counter-value-part type_text\" data-final=\"\/\">\/<\/span><span class=\"w-counter-value-part type_number\" data-final=\"10\">10<\/span><span class=\"w-counter-value-part type_text\" data-final=\"\"><\/span><\/div><h2 class=\"w-counter-title\" style=\"font-size:1.2rem;\">Valoraci\u00f3n de limpieza en Booking.com<\/h2><\/div><\/div><\/div><\/div><div class=\"vc_col-sm-4 wpb_column vc_column_container\"><div class=\"vc_column-inner\"><div class=\"wpb_wrapper\"><div class=\"w-counter us_custom_8bf30f51 color_primary align_center has_font_size\" data-duration=\"2\"><div class=\"w-counter-value\"><span class=\"w-counter-value-part type_text\" data-final=\"\"><\/span><span class=\"w-counter-value-part type_number\" data-final=\"4.5\">0<\/span><span class=\"w-counter-value-part type_text\" data-final=\"\/\">\/<\/span><span class=\"w-counter-value-part type_number\" data-final=\"5\">5<\/span><span class=\"w-counter-value-part type_text\" data-final=\"\"><\/span><\/div><h6 class=\"w-counter-title\">Valoraci\u00f3n de limpieza en Hotels.com<\/h6><\/div><\/div><\/div><\/div><div class=\"vc_col-sm-4 wpb_column vc_column_container\"><div class=\"vc_column-inner\"><div class=\"wpb_wrapper\"><div class=\"w-counter us_custom_8bf30f51 color_primary align_center has_font_size\" data-duration=\"2\"><div class=\"w-counter-value\"><span class=\"w-counter-value-part type_text\" data-final=\"\"><\/span><span class=\"w-counter-value-part type_number\" data-final=\"4.9\">0<\/span><span class=\"w-counter-value-part type_text\" data-final=\"\/\">\/<\/span><span class=\"w-counter-value-part type_number\" data-final=\"5\">5<\/span><span class=\"w-counter-value-part type_text\" data-final=\"\"><\/span><\/div><h6 class=\"w-counter-title\">Valoraci\u00f3n de limpieza en airbnb<\/h6><\/div><\/div><\/div><\/div><\/div><\/div><\/div><\/div><div class=\"vc_col-sm-12 wpb_column vc_column_container\"><div class=\"vc_column-inner\"><div class=\"wpb_wrapper\"><div class=\"w-separator size_medium\"><\/div><div class=\"w-grid us_grid type_grid layout_gallery_default cols_5 preload_style_spinner\" id=\"us_grid_1\" style=\"--columns:5;\" data-filterable=\"true\"><style>@media (max-width:1380px){#us_grid_1{--columns:3!important}}@media (max-width:1024px){#us_grid_1{--columns:2!important}}@media (max-width:600px){#us_grid_1{--columns:1!important}}.layout_gallery_default .w-grid-item-h{}<\/style><div class=\"w-grid-list\">\t<article class=\"w-grid-item size_1x1 post-26172 attachment type-attachment status-inherit hentry\" data-id=\"26172\">\r\n\t\t<div class=\"w-grid-item-h\">\r\n\t\t\t\t\t\t\t<a ref=\"magnificPopupGrid\" href=\"https:\/\/join.casiola.com\/wp-content\/uploads\/2019\/03\/propcare-5.jpg\" class=\"w-grid-item-anchor\" aria-label=\"Casiola - Property Care\"><\/a>\r\n\t\t\t\t\t\t<div class=\"w-post-elm post_image usg_post_image_1 stretched\"><img loading=\"lazy\" decoding=\"async\" width=\"1000\" height=\"675\" src=\"https:\/\/join.casiola.com\/wp-content\/uploads\/2019\/03\/propcare-5.jpg\" class=\"attachment-large size-large\" alt=\"Casiola - Property Care\" srcset=\"https:\/\/join.casiola.com\/wp-content\/uploads\/2019\/03\/propcare-5.jpg 1000w, https:\/\/join.casiola.com\/wp-content\/uploads\/2019\/03\/propcare-5-300x203.jpg 300w, https:\/\/join.casiola.com\/wp-content\/uploads\/2019\/03\/propcare-5-600x405.jpg 600w, https:\/\/join.casiola.com\/wp-content\/uploads\/2019\/03\/propcare-5-768x518.jpg 768w\" sizes=\"auto, (max-width: 1000px) 100vw, 1000px\" \/><\/div>\t\t<\/div>\r\n\t\t\t<\/article>\r\n\t<article class=\"w-grid-item size_1x1 post-26171 attachment type-attachment status-inherit hentry\" data-id=\"26171\">\r\n\t\t<div class=\"w-grid-item-h\">\r\n\t\t\t\t\t\t\t<a ref=\"magnificPopupGrid\" href=\"https:\/\/join.casiola.com\/wp-content\/uploads\/2019\/03\/propcare-4.jpg\" class=\"w-grid-item-anchor\" aria-label=\"Casiola - Property Care\"><\/a>\r\n\t\t\t\t\t\t<div class=\"w-post-elm post_image usg_post_image_1 stretched\"><img loading=\"lazy\" decoding=\"async\" width=\"1000\" height=\"675\" src=\"https:\/\/join.casiola.com\/wp-content\/uploads\/2019\/03\/propcare-4.jpg\" class=\"attachment-large size-large\" alt=\"Casiola - Property Care\" srcset=\"https:\/\/join.casiola.com\/wp-content\/uploads\/2019\/03\/propcare-4.jpg 1000w, https:\/\/join.casiola.com\/wp-content\/uploads\/2019\/03\/propcare-4-300x203.jpg 300w, https:\/\/join.casiola.com\/wp-content\/uploads\/2019\/03\/propcare-4-600x405.jpg 600w, https:\/\/join.casiola.com\/wp-content\/uploads\/2019\/03\/propcare-4-768x518.jpg 768w\" sizes=\"auto, (max-width: 1000px) 100vw, 1000px\" \/><\/div>\t\t<\/div>\r\n\t\t\t<\/article>\r\n\t<article class=\"w-grid-item size_1x1 post-26169 attachment type-attachment status-inherit hentry\" data-id=\"26169\">\r\n\t\t<div class=\"w-grid-item-h\">\r\n\t\t\t\t\t\t\t<a ref=\"magnificPopupGrid\" href=\"https:\/\/join.casiola.com\/wp-content\/uploads\/2019\/03\/propcare-2.jpg\" class=\"w-grid-item-anchor\" aria-label=\"Casiola - Property Care\"><\/a>\r\n\t\t\t\t\t\t<div class=\"w-post-elm post_image usg_post_image_1 stretched\"><img loading=\"lazy\" decoding=\"async\" width=\"1000\" height=\"675\" src=\"https:\/\/join.casiola.com\/wp-content\/uploads\/2019\/03\/propcare-2.jpg\" class=\"attachment-large size-large\" alt=\"Casiola - Property Care\" srcset=\"https:\/\/join.casiola.com\/wp-content\/uploads\/2019\/03\/propcare-2.jpg 1000w, https:\/\/join.casiola.com\/wp-content\/uploads\/2019\/03\/propcare-2-300x203.jpg 300w, https:\/\/join.casiola.com\/wp-content\/uploads\/2019\/03\/propcare-2-600x405.jpg 600w, https:\/\/join.casiola.com\/wp-content\/uploads\/2019\/03\/propcare-2-768x518.jpg 768w\" sizes=\"auto, (max-width: 1000px) 100vw, 1000px\" \/><\/div>\t\t<\/div>\r\n\t\t\t<\/article>\r\n\t<article class=\"w-grid-item size_1x1 post-26168 attachment type-attachment status-inherit hentry\" data-id=\"26168\">\r\n\t\t<div class=\"w-grid-item-h\">\r\n\t\t\t\t\t\t\t<a ref=\"magnificPopupGrid\" href=\"https:\/\/join.casiola.com\/wp-content\/uploads\/2019\/03\/propcare-6.jpg\" class=\"w-grid-item-anchor\" aria-label=\"Casiola - Property Care\"><\/a>\r\n\t\t\t\t\t\t<div class=\"w-post-elm post_image usg_post_image_1 stretched\"><img loading=\"lazy\" decoding=\"async\" width=\"1000\" height=\"675\" src=\"https:\/\/join.casiola.com\/wp-content\/uploads\/2019\/03\/propcare-6.jpg\" class=\"attachment-large size-large\" alt=\"Casiola - Property Care\" srcset=\"https:\/\/join.casiola.com\/wp-content\/uploads\/2019\/03\/propcare-6.jpg 1000w, https:\/\/join.casiola.com\/wp-content\/uploads\/2019\/03\/propcare-6-300x203.jpg 300w, https:\/\/join.casiola.com\/wp-content\/uploads\/2019\/03\/propcare-6-600x405.jpg 600w, https:\/\/join.casiola.com\/wp-content\/uploads\/2019\/03\/propcare-6-768x518.jpg 768w\" sizes=\"auto, (max-width: 1000px) 100vw, 1000px\" \/><\/div>\t\t<\/div>\r\n\t\t\t<\/article>\r\n\t<article class=\"w-grid-item size_1x1 post-26167 attachment type-attachment status-inherit hentry\" data-id=\"26167\">\r\n\t\t<div class=\"w-grid-item-h\">\r\n\t\t\t\t\t\t\t<a ref=\"magnificPopupGrid\" href=\"https:\/\/join.casiola.com\/wp-content\/uploads\/2019\/03\/propcare-1.jpg\" class=\"w-grid-item-anchor\" aria-label=\"Casiola - Property Care\"><\/a>\r\n\t\t\t\t\t\t<div class=\"w-post-elm post_image usg_post_image_1 stretched\"><img loading=\"lazy\" decoding=\"async\" width=\"1000\" height=\"675\" src=\"https:\/\/join.casiola.com\/wp-content\/uploads\/2019\/03\/propcare-1.jpg\" class=\"attachment-large size-large\" alt=\"Casiola - Property Care\" srcset=\"https:\/\/join.casiola.com\/wp-content\/uploads\/2019\/03\/propcare-1.jpg 1000w, https:\/\/join.casiola.com\/wp-content\/uploads\/2019\/03\/propcare-1-300x203.jpg 300w, https:\/\/join.casiola.com\/wp-content\/uploads\/2019\/03\/propcare-1-600x405.jpg 600w, https:\/\/join.casiola.com\/wp-content\/uploads\/2019\/03\/propcare-1-768x518.jpg 768w\" sizes=\"auto, (max-width: 1000px) 100vw, 1000px\" \/><\/div>\t\t<\/div>\r\n\t\t\t<\/article>\r\n<\/div>\t<div class=\"w-grid-preloader\">\r\n\t\t<div class=\"g-preloader type_1\">\r\n\t\t\t<div><\/div>\r\n\t\t<\/div>\r\n\t<\/div>\r\n\t\t<div class=\"w-grid-json hidden\" onclick='return {&quot;action&quot;:&quot;us_ajax_grid&quot;,&quot;infinite_scroll&quot;:0,&quot;max_num_pages&quot;:1,&quot;pagination&quot;:&quot;none&quot;,&quot;template_vars&quot;:{&quot;columns&quot;:&quot;5&quot;,&quot;exclude_items&quot;:&quot;none&quot;,&quot;img_size&quot;:&quot;default&quot;,&quot;ignore_items_size&quot;:0,&quot;items_layout&quot;:&quot;gallery_default&quot;,&quot;items_offset&quot;:&quot;1&quot;,&quot;load_animation&quot;:&quot;none&quot;,&quot;overriding_link&quot;:&quot;%7B%22type%22%3A%22popup_image%22%7D&quot;,&quot;post_id&quot;:0,&quot;query_args&quot;:{&quot;post_type&quot;:[&quot;attachment&quot;],&quot;post__in&quot;:[&quot;14697&quot;,&quot;14695&quot;,&quot;14691&quot;,&quot;14689&quot;,&quot;14687&quot;],&quot;post_status&quot;:&quot;inherit&quot;,&quot;post_mime_type&quot;:&quot;image&quot;,&quot;posts_per_page&quot;:&quot;5&quot;},&quot;orderby_query_args&quot;:{&quot;orderby&quot;:{&quot;date&quot;:&quot;DESC&quot;}},&quot;type&quot;:&quot;grid&quot;,&quot;us_grid_post_type&quot;:&quot;attachment&quot;,&quot;us_grid_ajax_index&quot;:1,&quot;us_grid_filter_query_string&quot;:null,&quot;us_grid_index&quot;:1,&quot;page_args&quot;:[],&quot;lang&quot;:&quot;es&quot;}}'><\/div>\r\n\t<\/div><\/div><\/div><\/div><\/div><\/div><\/section><section class=\"l-section wpb_row height_medium color_alternate\"><div class=\"l-section-h i-cf\"><div class=\"g-cols vc_row via_flex valign_middle type_default stacking_default\"><div class=\"vc_col-sm-6 wpb_column vc_column_container\"><div class=\"vc_column-inner\"><div class=\"wpb_wrapper\"><div class=\"wpb_text_column\"><div class=\"wpb_wrapper\"><h2><span style=\"font-weight: 400;\">Inspecciones exhaustivas <strong>antes y despu\u00e9s de cada hu\u00e9sped<\/strong><\/span><\/h2>\n<p><span style=\"font-weight: 400;\">Despu\u00e9s de que nuestro equipo de limpieza haga su <\/span><span style=\"font-weight: 400;\">magia, comprobamos que todo est\u00e9 perfecto para sus pr\u00f3ximos hu\u00e9spedes. Nos aseguramos de que su casa cumpla con nuestros est\u00e1ndares de limpieza y revisamos las luces, los aparatos electr\u00f3nicos y los electrodom\u00e9sticos para que todo funcione correctamente. <\/span> <\/p>\n<p><span style=\"font-weight: 400;\">Si sus hu\u00e9spedes han solicitado algo extra con su reserva, se lo entregamos en ese momento. Luego, el d\u00eda en que llegan sus hu\u00e9spedes, a\u00f1adimos los toques finales, con algunas luces encendidas y el aire fresco, para que su casa se sienta acogedora desde el momento en que entran. <\/span><\/p>\n<p><span style=\"font-weight: 400;\">Todas nuestras inspecciones se registran en su portal de propietario, para que pueda ver todas las notas dejadas por nuestros inspectores y comprobar el estado de su casa antes de que lleguen los hu\u00e9spedes.<\/span><\/p>\n<\/div><\/div><\/div><\/div><\/div><div class=\"vc_col-sm-6 wpb_column vc_column_container\"><div class=\"vc_column-inner\"><div class=\"wpb_wrapper\"><div class=\"w-counter us_custom_1ac58425 color_primary align_center has_font_size\" data-duration=\"2\"><div class=\"w-counter-value\"><span class=\"w-counter-value-part type_text\" data-final=\"\"><\/span><span class=\"w-counter-value-part type_number\" data-final=\"124\">0<\/span><span class=\"w-counter-value-part type_text\" data-final=\"\"><\/span><\/div><h6 class=\"w-counter-title\">N\u00famero de elementos inspeccionados antes de cada registro de entrada<\/h6><\/div><\/div><\/div><\/div><\/div><\/div><\/section><section class=\"l-section wpb_row height_auto\"><div class=\"l-section-h i-cf\"><div class=\"g-cols vc_row via_flex valign_bottom type_default stacking_default\"><div class=\"vc_col-sm-4 wpb_column vc_column_container\"><div class=\"vc_column-inner\"><div class=\"wpb_wrapper\"><div class=\"w-image align_center\"><div class=\"w-image-h\"><img decoding=\"async\" width=\"600\" height=\"718\" src=\"https:\/\/join.casiola.com\/wp-content\/uploads\/2025\/06\/brandon-1.webp\" class=\"attachment-large size-large has-transparency\" alt=\"brandon from casiola\" loading=\"lazy\" srcset=\"https:\/\/join.casiola.com\/wp-content\/uploads\/2025\/06\/brandon-1.webp 600w, https:\/\/join.casiola.com\/wp-content\/uploads\/2025\/06\/brandon-1-251x300.webp 251w\" sizes=\"auto, (max-width: 600px) 100vw, 600px\" data-has-transparency=\"true\" data-dominant-color=\"b53e56\" style=\"--dominant-color: #b53e56;\" \/><\/div><\/div><\/div><\/div><\/div><div class=\"vc_col-sm-8 wpb_column vc_column_container\"><div class=\"vc_column-inner\"><div class=\"wpb_wrapper\"><div class=\"w-separator size_medium\"><\/div><div class=\"wpb_text_column\"><div class=\"wpb_wrapper\"><h2>Mantenimiento<\/h2>\n<p><span style=\"font-weight: 400;\">Nuestros expertos en mantenimiento mantienen su casa en perfecto estado de funcionamiento. Nos encargamos de la limpieza de la piscina, el cuidado del c\u00e9sped, la recogida de basura, las reparaciones de emergencia y, lo que es m\u00e1s importante en Florida, el mantenimiento del aire acondicionado y el control de plagas.  <\/span><\/p>\n<p><span style=\"font-weight: 400;\">Ofrecemos servicios personalizados que incluyen tanto el mantenimiento regular como el mantenimiento preventivo, para que podamos evitar problemas antes de que surjan. Si hay algo que nuestro equipo no puede solucionar, consultaremos nuestra lista de contratistas aprobados y proveedores de equipos para resolver el problema lo antes posible. <\/span><\/p>\n<\/div><\/div><div class=\"wpb_text_column\"><div class=\"wpb_wrapper\"><h5><span style=\"color: #ff0099;\">Brandon<\/span> \u2013 mantenimiento<\/h5>\n<\/div><\/div><div class=\"w-separator size_medium\"><\/div><\/div><\/div><\/div><\/div><\/div><\/section><section class=\"l-section wpb_row height_medium color_primary\"><div class=\"l-section-h i-cf\"><div class=\"g-cols vc_row via_flex valign_top type_default stacking_default\"><div class=\"vc_col-sm-12 wpb_column vc_column_container\"><div class=\"vc_column-inner\"><div class=\"wpb_wrapper\"><div class=\"w-actionbox color_primary controls_right\"><div class=\"w-actionbox-text\"><h3 class=\"w-actionbox-title\">\u00a1Forme parte de la familia Casiola hoy mismo!<\/h3><\/div><div class=\"w-actionbox-controls\"><a class=\"w-btn us-btn-style_4\" href=\"http:\/\/101.35d.myftpupload.com\/join-us\/\" target=\"_blank\" rel=\"noopener\"><span class=\"w-btn-label\">\u00a1\u00danase a nosotros hoy mismo!<\/span><\/a><\/div><\/div><\/div><\/div><\/div><\/div><\/div><\/section>\n","protected":false},"excerpt":{"rendered":"","protected":false},"author":1,"featured_media":0,"parent":23014,"menu_order":0,"comment_status":"closed","ping_status":"closed","template":"","meta":{"_acf_changed":false,"footnotes":""},"categories":[203],"tags":[],"class_list":["post-26166","page","type-page","status-publish","hentry","category-servicios"],"acf":{"destination_name":null,"destination_slug":null,"destination-email":null,"destination_hero":null,"destination_copy":null,"advantages_title":null,"advantages_1":null,"advantages_2":null,"advantages_3":null,"advantages_4":null,"advantages_5":null,"advantages_6":null,"linen_program":null,"design_center":null,"guests_are_booking_title":null,"guests_are_booking_text":null,"hvm":null,"amex":null,"award_winning_company":null,"numbers_1":null,"numbers_2":null,"numbers_quote":null,"faq_1":null,"faq_1_response":null,"faq_2":null,"faq_2_response":null,"faq_3":null,"faq_3_response":null,"faq_4":null,"faq_4_response":null,"faq_5":null,"faq_5_response":null,"faq_6":null,"faq_6_response":null,"faq_7":null,"faq_7_response":null,"faq_8":null,"faq_8_response":null,"faq_9":null,"faq_9_response":null,"faq_10":null,"faq_10_response":null,"faq_11":null,"faq_11_response":null,"vacation_rental_manager_blog_title":null,"vacation_rental_manager_blog_text":null,"discover_all_casiola_destinations":null},"_links":{"self":[{"href":"https:\/\/join.casiola.com\/es\/wp-json\/wp\/v2\/pages\/26166","targetHints":{"allow":["GET"]}}],"collection":[{"href":"https:\/\/join.casiola.com\/es\/wp-json\/wp\/v2\/pages"}],"about":[{"href":"https:\/\/join.casiola.com\/es\/wp-json\/wp\/v2\/types\/page"}],"author":[{"embeddable":true,"href":"https:\/\/join.casiola.com\/es\/wp-json\/wp\/v2\/users\/1"}],"replies":[{"embeddable":true,"href":"https:\/\/join.casiola.com\/es\/wp-json\/wp\/v2\/comments?post=26166"}],"version-history":[{"count":5,"href":"https:\/\/join.casiola.com\/es\/wp-json\/wp\/v2\/pages\/26166\/revisions"}],"predecessor-version":[{"id":26180,"href":"https:\/\/join.casiola.com\/es\/wp-json\/wp\/v2\/pages\/26166\/revisions\/26180"}],"up":[{"embeddable":true,"href":"https:\/\/join.casiola.com\/es\/wp-json\/wp\/v2\/pages\/23014"}],"wp:attachment":[{"href":"https:\/\/join.casiola.com\/es\/wp-json\/wp\/v2\/media?parent=26166"}],"wp:term":[{"taxonomy":"category","embeddable":true,"href":"https:\/\/join.casiola.com\/es\/wp-json\/wp\/v2\/categories?post=26166"},{"taxonomy":"post_tag","embeddable":true,"href":"https:\/\/join.casiola.com\/es\/wp-json\/wp\/v2\/tags?post=26166"}],"curies":[{"name":"wp","href":"https:\/\/api.w.org\/{rel}","templated":true}]}}