{"id":26186,"date":"2017-06-30T11:59:24","date_gmt":"2017-06-30T11:59:24","guid":{"rendered":"https:\/\/join.casiola.com\/puesta-en-marcha-sin-problemas\/"},"modified":"2025-11-05T20:33:38","modified_gmt":"2025-11-05T20:33:38","slug":"puesta-en-marcha-sin-problemas","status":"publish","type":"page","link":"https:\/\/join.casiola.com\/es\/puesta-en-marcha-sin-problemas\/","title":{"rendered":"Puesta en marcha sin problemas"},"content":{"rendered":"<section class=\"l-section wpb_row height_auto\"><div class=\"l-section-h i-cf\"><div class=\"g-cols vc_row via_flex valign_middle type_default stacking_default\"><div class=\"vc_col-sm-6 wpb_column vc_column_container\"><div class=\"vc_column-inner\"><div class=\"wpb_wrapper\"><div class=\"wpb_text_column\"><div class=\"wpb_wrapper\"><h2 style=\"text-align: left;\"><span style=\"font-weight: 400;\">\u00a1Unirse a Casiola es <strong>f\u00e1cil<\/strong>! <\/span><\/h2>\n<\/div><\/div><div class=\"wpb_text_column\"><div class=\"wpb_wrapper\"><h3><span style=\"font-weight: 400;\">Olv\u00eddese del estr\u00e9s: <strong>administrar su casa nunca ha sido tan f\u00e1cil<\/strong>.<\/span><\/h3>\n<p><span style=\"font-weight: 400;\">\u00bfVive cerca de Orlando? Visite nuestra oficina de Orlando para charlar con nuestro personal mientras toma una taza de caf\u00e9. \u00bfVive en la otra punta del mundo? \u00a1Registrarse en Casiola solo requiere unos pocos clics!   <\/span><\/p>\n<\/div><\/div><div class=\"wpb_text_column\"><div class=\"wpb_wrapper\"><h4 style=\"text-align: right;\">Inspectora de propiedades <span style=\"color: #ff0099;\">Bertha<\/span><\/h4>\n<\/div><\/div><\/div><\/div><\/div><div class=\"vc_col-sm-6 wpb_column vc_column_container\"><div class=\"vc_column-inner\"><div class=\"wpb_wrapper\"><div class=\"w-separator size_medium\"><\/div><div class=\"w-image align_right\"><div class=\"w-image-h\"><img decoding=\"async\" width=\"1091\" height=\"994\" src=\"https:\/\/join.casiola.com\/wp-content\/uploads\/2017\/06\/bertha-seamless-1.jpg\" class=\"attachment-full size-full\" alt=\"Casiola Seamless Startup\" loading=\"lazy\" srcset=\"https:\/\/join.casiola.com\/wp-content\/uploads\/2017\/06\/bertha-seamless-1.jpg 1091w, https:\/\/join.casiola.com\/wp-content\/uploads\/2017\/06\/bertha-seamless-1-300x273.jpg 300w, https:\/\/join.casiola.com\/wp-content\/uploads\/2017\/06\/bertha-seamless-1-1024x933.jpg 1024w, https:\/\/join.casiola.com\/wp-content\/uploads\/2017\/06\/bertha-seamless-1-600x547.jpg 600w, https:\/\/join.casiola.com\/wp-content\/uploads\/2017\/06\/bertha-seamless-1-768x700.jpg 768w\" sizes=\"auto, (max-width: 1091px) 100vw, 1091px\" \/><\/div><\/div><\/div><\/div><\/div><\/div><\/div><\/section><section class=\"l-section wpb_row height_medium color_alternate\"><div class=\"l-section-h i-cf\"><div class=\"g-cols vc_row via_flex valign_top type_default stacking_default\"><div class=\"vc_col-sm-4 wpb_column vc_column_container\"><div class=\"vc_column-inner\"><div class=\"wpb_wrapper\"><div class=\"wpb_text_column\"><div class=\"wpb_wrapper\"><h3 style=\"text-align: center;\"><strong>Sin<\/strong> coste de configuraci\u00f3n<\/h3>\n<\/div><\/div><div class=\"wpb_text_column\"><div class=\"wpb_wrapper\"><p style=\"text-align: center;\"><span style=\"font-weight: 400;\">\u00a1Sin tarifas ocultas! \u00a1Configuramos su casa de vacaciones GRATIS!  <\/span><\/p>\n<\/div><\/div><\/div><\/div><\/div><div class=\"vc_col-sm-4 wpb_column vc_column_container\"><div class=\"vc_column-inner\"><div class=\"wpb_wrapper\"><div class=\"wpb_text_column\"><div class=\"wpb_wrapper\"><h3 style=\"text-align: center;\"><span style=\"font-weight: 400;\"><strong>Sin<\/strong> contratos a largo plazo<\/span><\/h3>\n<\/div><\/div><div class=\"wpb_text_column\"><div class=\"wpb_wrapper\"><p style=\"text-align: center;\"><span style=\"font-weight: 400;\">\u00a1Todos nuestros acuerdos de gesti\u00f3n son mes a mes!<\/span><\/p>\n<\/div><\/div><\/div><\/div><\/div><div class=\"vc_col-sm-4 wpb_column vc_column_container\"><div class=\"vc_column-inner\"><div class=\"wpb_wrapper\"><div class=\"wpb_text_column\"><div class=\"wpb_wrapper\"><h3 style=\"text-align: center;\"><span style=\"font-weight: 400;\"><strong>Sin<\/strong> cuotas mensuales<\/span><\/h3>\n<\/div><\/div><div class=\"wpb_text_column\"><div class=\"wpb_wrapper\"><p style=\"text-align: center;\"><span style=\"font-weight: 400;\">Administramos su propiedad al 100% y tomamos un porcentaje de los ingresos totales. <\/span><\/p>\n<\/div><\/div><\/div><\/div><\/div><\/div><\/div><\/section><section class=\"l-section wpb_row height_medium\"><div class=\"l-section-h i-cf\"><div class=\"g-cols vc_row via_flex valign_top type_default stacking_default\"><div class=\"vc_col-sm-12 wpb_column vc_column_container\"><div class=\"vc_column-inner\"><div class=\"wpb_wrapper\"><div class=\"wpb_text_column\"><div class=\"wpb_wrapper\"><h2 style=\"text-align: center;\">\u00bfC\u00f3mo funciona?<\/h2>\n<h3 style=\"text-align: center;\"><span style=\"font-weight: 400;\">Firme con nosotros y respire hondo: <strong>\u00a1lo tenemos todo cubierto!<\/strong> A lo largo de todo el proceso, le mantenemos informado en cada paso a trav\u00e9s del portal en l\u00ednea para propietarios. Esto es lo que abordamos primero: <\/span><\/h3>\n<\/div><\/div><div class=\"w-separator size_small\"><\/div><div class=\"g-cols wpb_row via_flex valign_top type_default stacking_default\"><div class=\"vc_col-sm-4 wpb_column vc_column_container\"><div class=\"vc_column-inner\"><div class=\"wpb_wrapper\"><div class=\"w-iconbox iconpos_top style_circle color_primary align_center\"><div class=\"w-iconbox-icon\" style=\"font-size:16px;\"><i class=\"fas fa-heart\"><\/i><\/div><div class=\"w-iconbox-meta\"><h5 class=\"w-iconbox-title\">Legal<\/h5><div class=\"w-iconbox-text\"><p style=\"text-align: center;\"><span style=\"font-weight: 400;\">Nos aseguraremos de que su propiedad sea totalmente legal en el estado de Florida, preparando todos los documentos fiscales y de licencia por usted. <\/span><\/p>\n<\/div><\/div><\/div><\/div><\/div><\/div><div class=\"vc_col-sm-4 wpb_column vc_column_container\"><div class=\"vc_column-inner\"><div class=\"wpb_wrapper\"><div class=\"w-iconbox iconpos_top style_circle color_primary align_center\"><a title=\"myCasiola \u2013 Real-time Property Dashboard\" href=\"https:\/\/join.casiola.com\/es\/mycasiola-panel-de-control-de-la-propiedad-en-tiempo-real\/\" class=\"w-iconbox-link\" aria-label=\"myCasiola\"><div class=\"w-iconbox-icon\" style=\"font-size:16px;\"><i class=\"fas fa-heart\"><\/i><\/div><\/a><div class=\"w-iconbox-meta\"><h5 class=\"w-iconbox-title\"><a title=\"myCasiola \u2013 Real-time Property Dashboard\" href=\"https:\/\/join.casiola.com\/es\/mycasiola-panel-de-control-de-la-propiedad-en-tiempo-real\/\" class=\"w-iconbox-link\" aria-label=\"myCasiola\">myCasiola<\/a><\/h5><div class=\"w-iconbox-text\"><p style=\"text-align: center;\"><span style=\"font-weight: 400;\">Configuramos su cuenta de myCasiola para que pueda seguir el progreso y ver en tiempo real todo lo que sucede con su propiedad. <\/span><\/p>\n<\/div><\/div><\/div><\/div><\/div><\/div><div class=\"vc_col-sm-4 wpb_column vc_column_container\"><div class=\"vc_column-inner\"><div class=\"wpb_wrapper\"><div class=\"w-iconbox iconpos_top style_circle color_primary align_center\"><div class=\"w-iconbox-icon\" style=\"font-size:16px;\"><i class=\"fas fa-heart\"><\/i><\/div><div class=\"w-iconbox-meta\"><h5 class=\"w-iconbox-title\">Seguridad<\/h5><div class=\"w-iconbox-text\"><p style=\"text-align: center;\"><span style=\"font-weight: 400;\">Los hu\u00e9spedes no tendr\u00e1n que preocuparse por las llaves gracias a nuestras cerraduras electr\u00f3nicas que ofrecen seguridad adicional. Cada hu\u00e9sped recibe su propio c\u00f3digo por adelantado, para que pueda comenzar sus vacaciones de inmediato.  <\/span><\/p>\n<\/div><\/div><\/div><\/div><\/div><\/div><\/div><div class=\"w-separator size_small with_line width_default thick_1 style_solid color_border align_center\"><div class=\"w-separator-h\"><\/div><\/div><div class=\"g-cols wpb_row via_flex valign_top type_default stacking_default\"><div class=\"vc_col-sm-4 wpb_column vc_column_container\"><div class=\"vc_column-inner\"><div class=\"wpb_wrapper\"><div class=\"w-iconbox iconpos_top style_circle color_primary align_center\"><div class=\"w-iconbox-icon\" style=\"font-size:16px;\"><i class=\"fas fa-heart\"><\/i><\/div><div class=\"w-iconbox-meta\"><h5 class=\"w-iconbox-title\">Configuraci\u00f3n de servicios<\/h5><div class=\"w-iconbox-text\"><p style=\"text-align: center;\"><span style=\"font-weight: 400;\">Si su casa de vacaciones tiene piscina, jacuzzi, c\u00e9sped u otra comodidad que requiera servicios adicionales, configuramos estos proveedores para que se encarguen del mantenimiento rutinario, asegurando que su casa est\u00e9 siempre en las mejores condiciones. <\/span><\/p>\n<\/div><\/div><\/div><\/div><\/div><\/div><div class=\"vc_col-sm-4 wpb_column vc_column_container\"><div class=\"vc_column-inner\"><div class=\"wpb_wrapper\"><div class=\"w-iconbox iconpos_top style_circle color_primary align_center\"><div class=\"w-iconbox-icon\" style=\"font-size:16px;\"><i class=\"fas fa-heart\"><\/i><\/div><div class=\"w-iconbox-meta\"><h5 class=\"w-iconbox-title\">Cuenta de servicios p\u00fablicos<\/h5><div class=\"w-iconbox-text\"><p style=\"text-align: center;\"><span style=\"font-weight: 400;\">Cambiaremos o abriremos cuentas de servicios p\u00fablicos a nuestro nombre para que podamos administrar f\u00e1cilmente todas las facturas de servicios p\u00fablicos. myCasiola le brinda una visi\u00f3n clara de todo (Internet, electricidad, agua, basura, etc.) que se paga y se paga a tiempo.   <\/span><\/p>\n<\/div><\/div><\/div><\/div><\/div><\/div><div class=\"vc_col-sm-4 wpb_column vc_column_container\"><div class=\"vc_column-inner\"><div class=\"wpb_wrapper\"><div class=\"w-iconbox iconpos_top style_circle color_primary align_center\"><div class=\"w-iconbox-icon\" style=\"font-size:16px;\"><i class=\"fas fa-heart\"><\/i><\/div><div class=\"w-iconbox-meta\"><h5 class=\"w-iconbox-title\">Se\u00f1alizaci\u00f3n e interior<\/h5><div class=\"w-iconbox-text\"><p style=\"text-align: center;\"><span style=\"font-weight: 400;\">Antes de que llegue cada hu\u00e9sped, hacemos una revisi\u00f3n final del interior, reemplazando o agregando cualquier art\u00edculo roto o faltante. Nos aseguramos de que todo lo que necesite una explicaci\u00f3n adicional est\u00e9 completamente etiquetado y tambi\u00e9n incluimos esa informaci\u00f3n en la tableta de la propiedad.  <\/span><\/p>\n<\/div><\/div><\/div><\/div><\/div><\/div><\/div><div class=\"w-separator size_small with_line width_default thick_1 style_solid color_border align_center\"><div class=\"w-separator-h\"><\/div><\/div><div class=\"g-cols wpb_row via_flex valign_top type_default stacking_default\"><div class=\"vc_col-sm-4 wpb_column vc_column_container\"><div class=\"vc_column-inner\"><div class=\"wpb_wrapper\"><div class=\"w-iconbox iconpos_top style_circle color_primary align_center\"><a title=\"Powerful Marketing\" href=\"https:\/\/join.casiola.com\/es\/servicios\/marketing-potente\/\" class=\"w-iconbox-link\" aria-label=\"Publicidad\"><div class=\"w-iconbox-icon\" style=\"font-size:16px;\"><i class=\"fas fa-heart\"><\/i><\/div><\/a><div class=\"w-iconbox-meta\"><h5 class=\"w-iconbox-title\"><a title=\"Powerful Marketing\" href=\"https:\/\/join.casiola.com\/es\/servicios\/marketing-potente\/\" class=\"w-iconbox-link\" aria-label=\"Publicidad\">Publicidad<\/a><\/h5><div class=\"w-iconbox-text\"><p style=\"text-align: center;\"><span style=\"font-weight: 400;\">Nuestros listados creativos y profesionales le dan a su propiedad una exposici\u00f3n adicional en los principales sitios de reserva.<\/span><\/p>\n<\/div><\/div><\/div><\/div><\/div><\/div><div class=\"vc_col-sm-4 wpb_column vc_column_container\"><div class=\"vc_column-inner\"><div class=\"wpb_wrapper\"><div class=\"w-iconbox iconpos_top style_circle color_primary align_center\"><a title=\"Beautiful photos\" href=\"https:\/\/join.casiola.com\/es\/servicios\/fotos-hermosas\/\" class=\"w-iconbox-link\" aria-label=\"Im\u00e1genes de alta calidad\"><div class=\"w-iconbox-icon\" style=\"font-size:16px;\"><i class=\"fas fa-heart\"><\/i><\/div><\/a><div class=\"w-iconbox-meta\"><h5 class=\"w-iconbox-title\"><a title=\"Beautiful photos\" href=\"https:\/\/join.casiola.com\/es\/servicios\/fotos-hermosas\/\" class=\"w-iconbox-link\" aria-label=\"Im\u00e1genes de alta calidad\">Im\u00e1genes de alta calidad<\/a><\/h5><div class=\"w-iconbox-text\"><p style=\"text-align: center;\"><span style=\"font-weight: 400;\">Cuando su propiedad est\u00e9 lista para los hu\u00e9spedes, nuestros fot\u00f3grafos profesionales capturar\u00e1n sus mejores cualidades y comodidades, haci\u00e9ndola lucir lo mejor posible. Mejores im\u00e1genes ayudan a causar una mejor primera impresi\u00f3n en los hu\u00e9spedes potenciales.  <\/span><\/p>\n<\/div><\/div><\/div><\/div><\/div><\/div><div class=\"vc_col-sm-4 wpb_column vc_column_container\"><div class=\"vc_column-inner\"><div class=\"wpb_wrapper\"><\/div><\/div><\/div><\/div><\/div><\/div><\/div><\/div><\/div><\/section>\n","protected":false},"excerpt":{"rendered":"\u00a1Unirse a Casiola es f\u00e1cil! Olv\u00eddese del estr\u00e9s: administrar su casa nunca ha sido tan f\u00e1cil. \u00bfVive cerca de Orlando? Visite nuestra oficina de Orlando para charlar con nuestro personal mientras toma una taza de caf\u00e9. \u00bfVive en la otra punta del mundo? \u00a1Registrarse en Casiola solo requiere unos pocos clics! Inspectora de propiedades Bertha...","protected":false},"author":1,"featured_media":0,"parent":0,"menu_order":0,"comment_status":"closed","ping_status":"closed","template":"","meta":{"_acf_changed":false,"footnotes":""},"categories":[203],"tags":[],"class_list":["post-26186","page","type-page","status-publish","hentry","category-servicios"],"acf":{"destination_name":null,"destination_slug":null,"destination-email":null,"destination_hero":null,"destination_copy":null,"advantages_title":null,"advantages_1":null,"advantages_2":null,"advantages_3":null,"advantages_4":null,"advantages_5":null,"advantages_6":null,"linen_program":null,"design_center":null,"guests_are_booking_title":null,"guests_are_booking_text":null,"hvm":null,"amex":null,"award_winning_company":null,"numbers_1":null,"numbers_2":null,"numbers_quote":null,"faq_1":null,"faq_1_response":null,"faq_2":null,"faq_2_response":null,"faq_3":null,"faq_3_response":null,"faq_4":null,"faq_4_response":null,"faq_5":null,"faq_5_response":null,"faq_6":null,"faq_6_response":null,"faq_7":null,"faq_7_response":null,"faq_8":null,"faq_8_response":null,"faq_9":null,"faq_9_response":null,"faq_10":null,"faq_10_response":null,"faq_11":null,"faq_11_response":null,"vacation_rental_manager_blog_title":null,"vacation_rental_manager_blog_text":null,"discover_all_casiola_destinations":null},"_links":{"self":[{"href":"https:\/\/join.casiola.com\/es\/wp-json\/wp\/v2\/pages\/26186","targetHints":{"allow":["GET"]}}],"collection":[{"href":"https:\/\/join.casiola.com\/es\/wp-json\/wp\/v2\/pages"}],"about":[{"href":"https:\/\/join.casiola.com\/es\/wp-json\/wp\/v2\/types\/page"}],"author":[{"embeddable":true,"href":"https:\/\/join.casiola.com\/es\/wp-json\/wp\/v2\/users\/1"}],"replies":[{"embeddable":true,"href":"https:\/\/join.casiola.com\/es\/wp-json\/wp\/v2\/comments?post=26186"}],"version-history":[{"count":2,"href":"https:\/\/join.casiola.com\/es\/wp-json\/wp\/v2\/pages\/26186\/revisions"}],"predecessor-version":[{"id":26198,"href":"https:\/\/join.casiola.com\/es\/wp-json\/wp\/v2\/pages\/26186\/revisions\/26198"}],"wp:attachment":[{"href":"https:\/\/join.casiola.com\/es\/wp-json\/wp\/v2\/media?parent=26186"}],"wp:term":[{"taxonomy":"category","embeddable":true,"href":"https:\/\/join.casiola.com\/es\/wp-json\/wp\/v2\/categories?post=26186"},{"taxonomy":"post_tag","embeddable":true,"href":"https:\/\/join.casiola.com\/es\/wp-json\/wp\/v2\/tags?post=26186"}],"curies":[{"name":"wp","href":"https:\/\/api.w.org\/{rel}","templated":true}]}}