{"id":26225,"date":"2025-02-28T11:56:46","date_gmt":"2025-02-28T11:56:46","guid":{"rendered":"https:\/\/join.casiola.com\/estepona\/"},"modified":"2025-11-06T15:42:31","modified_gmt":"2025-11-06T15:42:31","slug":"estepona","status":"publish","type":"page","link":"https:\/\/join.casiola.com\/es\/estepona\/","title":{"rendered":"Estepona"},"content":{"rendered":"","protected":false},"excerpt":{"rendered":"","protected":false},"author":2,"featured_media":0,"parent":0,"menu_order":0,"comment_status":"closed","ping_status":"closed","template":"","meta":{"_acf_changed":false,"footnotes":""},"categories":[210,238],"tags":[],"class_list":["post-26225","page","type-page","status-publish","hentry","category-destino","category-sotogrande"],"acf":{"destination-email":"costadelsol@casiola.com","destination_hero":{"ID":26227,"id":26227,"title":"estepona-1024x622","filename":"estepona-1024x622-1.webp","filesize":163300,"url":"https:\/\/join.casiola.com\/wp-content\/uploads\/2025\/06\/estepona-1024x622-1.webp","link":"https:\/\/join.casiola.com\/es\/estepona\/estepona-1024x622-2\/","alt":"estepona spain","author":"6","description":"","caption":"","name":"estepona-1024x622-2","status":"inherit","uploaded_to":26225,"date":"2025-06-01 15:17:16","modified":"2025-06-01 15:17:16","menu_order":0,"mime_type":"image\/webp","type":"image","subtype":"webp","icon":"https:\/\/join.casiola.com\/wp-includes\/images\/media\/default.png","width":1024,"height":622,"sizes":{"thumbnail":"https:\/\/join.casiola.com\/wp-content\/uploads\/2025\/06\/estepona-1024x622-1-150x150.webp","thumbnail-width":150,"thumbnail-height":150,"medium":"https:\/\/join.casiola.com\/wp-content\/uploads\/2025\/06\/estepona-1024x622-1-300x182.webp","medium-width":300,"medium-height":182,"large":"https:\/\/join.casiola.com\/wp-content\/uploads\/2025\/06\/estepona-1024x622-1.webp","large-width":1024,"large-height":622,"us_350_350_crop":"https:\/\/join.casiola.com\/wp-content\/uploads\/2025\/06\/estepona-1024x622-1-350x350.webp","us_350_350_crop-width":350,"us_350_350_crop-height":350,"us_600_600_crop":"https:\/\/join.casiola.com\/wp-content\/uploads\/2025\/06\/estepona-1024x622-1-600x600.webp","us_600_600_crop-width":600,"us_600_600_crop-height":600,"us_600_0":"https:\/\/join.casiola.com\/wp-content\/uploads\/2025\/06\/estepona-1024x622-1-600x364.webp","us_600_0-width":600,"us_600_0-height":364,"us_600_400_crop":"https:\/\/join.casiola.com\/wp-content\/uploads\/2025\/06\/estepona-1024x622-1-600x400.webp","us_600_400_crop-width":600,"us_600_400_crop-height":400,"us_768_0":"https:\/\/join.casiola.com\/wp-content\/uploads\/2025\/06\/estepona-1024x622-1-768x467.webp","us_768_0-width":768,"us_768_0-height":467,"us_400_400":"https:\/\/join.casiola.com\/wp-content\/uploads\/2025\/06\/estepona-1024x622-1.webp","us_400_400-width":400,"us_400_400-height":243,"us_500_400":"https:\/\/join.casiola.com\/wp-content\/uploads\/2025\/06\/estepona-1024x622-1.webp","us_500_400-width":500,"us_500_400-height":304,"us_300_800":"https:\/\/join.casiola.com\/wp-content\/uploads\/2025\/06\/estepona-1024x622-1.webp","us_300_800-width":300,"us_300_800-height":182,"us_600_600":"https:\/\/join.casiola.com\/wp-content\/uploads\/2025\/06\/estepona-1024x622-1.webp","us_600_600-width":600,"us_600_600-height":364,"us_600_400":"https:\/\/join.casiola.com\/wp-content\/uploads\/2025\/06\/estepona-1024x622-1.webp","us_600_400-width":600,"us_600_400-height":364,"author_avatar":"https:\/\/join.casiola.com\/wp-content\/uploads\/2025\/06\/estepona-1024x622-1.webp","author_avatar-width":160,"author_avatar-height":97}},"destination_name":"Estepona","destination_slug":"Estepona","destination_copy":"<p class=\"p1\">Estepona, Espa\u00f1a, es una encantadora joya costera en la Costa del Sol que ofrece una combinaci\u00f3n perfecta de relajaci\u00f3n, cultura y aventura. Los visitantes pueden pasear por el pintoresco casco antiguo, adornado con coloridas macetas y calles sinuosas, o explorar el impresionante Orquidario, que alberga a m\u00e1s de 5000 especies de plantas. Los amantes del sol disfrutar\u00e1n de las playas v\u00edrgenes de Estepona, mientras que los entusiastas del aire libre pueden practicar senderismo en las cercanas monta\u00f1as de Sierra Bermeja para disfrutar de impresionantes vistas panor\u00e1micas. El puerto deportivo bulle con una vibrante vida nocturna y restaurantes de mariscos que sirven la pesca fresca del d\u00eda. Para una estancia verdaderamente libre de estr\u00e9s, los alquileres vacacionales de Casiola ofrecen el hogar perfecto lejos de casa, con alojamientos elegantes y totalmente equipados en ubicaciones privilegiadas. Con Casiola, le garantizamos que su escapada a Estepona ser\u00e1 impecable e inolvidable.     <\/p>\n"},"_links":{"self":[{"href":"https:\/\/join.casiola.com\/es\/wp-json\/wp\/v2\/pages\/26225","targetHints":{"allow":["GET"]}}],"collection":[{"href":"https:\/\/join.casiola.com\/es\/wp-json\/wp\/v2\/pages"}],"about":[{"href":"https:\/\/join.casiola.com\/es\/wp-json\/wp\/v2\/types\/page"}],"author":[{"embeddable":true,"href":"https:\/\/join.casiola.com\/es\/wp-json\/wp\/v2\/users\/2"}],"replies":[{"embeddable":true,"href":"https:\/\/join.casiola.com\/es\/wp-json\/wp\/v2\/comments?post=26225"}],"version-history":[{"count":1,"href":"https:\/\/join.casiola.com\/es\/wp-json\/wp\/v2\/pages\/26225\/revisions"}],"predecessor-version":[{"id":27300,"href":"https:\/\/join.casiola.com\/es\/wp-json\/wp\/v2\/pages\/26225\/revisions\/27300"}],"wp:attachment":[{"href":"https:\/\/join.casiola.com\/es\/wp-json\/wp\/v2\/media?parent=26225"}],"wp:term":[{"taxonomy":"category","embeddable":true,"href":"https:\/\/join.casiola.com\/es\/wp-json\/wp\/v2\/categories?post=26225"},{"taxonomy":"post_tag","embeddable":true,"href":"https:\/\/join.casiola.com\/es\/wp-json\/wp\/v2\/tags?post=26225"}],"curies":[{"name":"wp","href":"https:\/\/api.w.org\/{rel}","templated":true}]}}