{"id":26278,"date":"2025-02-28T14:30:57","date_gmt":"2025-02-28T14:30:57","guid":{"rendered":"https:\/\/join.casiola.com\/fort-lauderdale\/"},"modified":"2025-11-06T15:43:01","modified_gmt":"2025-11-06T15:43:01","slug":"fort-lauderdale","status":"publish","type":"page","link":"https:\/\/join.casiola.com\/es\/fort-lauderdale\/","title":{"rendered":"Fort Lauderdale"},"content":{"rendered":"","protected":false},"excerpt":{"rendered":"","protected":false},"author":2,"featured_media":0,"parent":0,"menu_order":0,"comment_status":"closed","ping_status":"closed","template":"","meta":{"_acf_changed":false,"footnotes":""},"categories":[211,210,212],"tags":[],"class_list":["post-26278","page","type-page","status-publish","hentry","category-broward","category-destino","category-florida"],"acf":{"destination-email":"fortlauderdale@casiola.com","destination_hero":{"ID":26282,"id":26282,"title":"fortlauderdale","filename":"fortlauderdale-scaled.webp","filesize":1034500,"url":"https:\/\/join.casiola.com\/wp-content\/uploads\/2025\/02\/fortlauderdale-scaled.webp","link":"https:\/\/join.casiola.com\/es\/fort-lauderdale\/fortlauderdale-2\/","alt":"Vacation home management in Fort Lauderdale","author":"2","description":"","caption":"","name":"fortlauderdale-2","status":"inherit","uploaded_to":26278,"date":"2025-02-28 14:30:23","modified":"2025-02-28 14:30:23","menu_order":0,"mime_type":"image\/webp","type":"image","subtype":"webp","icon":"https:\/\/join.casiola.com\/wp-includes\/images\/media\/default.png","width":2560,"height":1920,"sizes":{"thumbnail":"https:\/\/join.casiola.com\/wp-content\/uploads\/2025\/02\/fortlauderdale-150x150.webp","thumbnail-width":150,"thumbnail-height":150,"medium":"https:\/\/join.casiola.com\/wp-content\/uploads\/2025\/02\/fortlauderdale-300x225.webp","medium-width":300,"medium-height":225,"large":"https:\/\/join.casiola.com\/wp-content\/uploads\/2025\/02\/fortlauderdale-1024x768.webp","large-width":1024,"large-height":768,"us_350_350_crop":"https:\/\/join.casiola.com\/wp-content\/uploads\/2025\/02\/fortlauderdale-350x350.webp","us_350_350_crop-width":350,"us_350_350_crop-height":350,"us_600_600_crop":"https:\/\/join.casiola.com\/wp-content\/uploads\/2025\/02\/fortlauderdale-600x600.webp","us_600_600_crop-width":600,"us_600_600_crop-height":600,"us_600_0":"https:\/\/join.casiola.com\/wp-content\/uploads\/2025\/02\/fortlauderdale-600x450.webp","us_600_0-width":600,"us_600_0-height":450,"us_600_400_crop":"https:\/\/join.casiola.com\/wp-content\/uploads\/2025\/02\/fortlauderdale-600x400.webp","us_600_400_crop-width":600,"us_600_400_crop-height":400,"us_768_0":"https:\/\/join.casiola.com\/wp-content\/uploads\/2025\/02\/fortlauderdale-768x576.webp","us_768_0-width":768,"us_768_0-height":576,"us_400_400":"https:\/\/join.casiola.com\/wp-content\/uploads\/2025\/02\/fortlauderdale-scaled.webp","us_400_400-width":400,"us_400_400-height":300,"us_500_400":"https:\/\/join.casiola.com\/wp-content\/uploads\/2025\/02\/fortlauderdale-scaled.webp","us_500_400-width":500,"us_500_400-height":375,"us_300_800":"https:\/\/join.casiola.com\/wp-content\/uploads\/2025\/02\/fortlauderdale-scaled.webp","us_300_800-width":300,"us_300_800-height":225,"us_600_600":"https:\/\/join.casiola.com\/wp-content\/uploads\/2025\/02\/fortlauderdale-scaled.webp","us_600_600-width":600,"us_600_600-height":450,"us_600_400":"https:\/\/join.casiola.com\/wp-content\/uploads\/2025\/02\/fortlauderdale-scaled.webp","us_600_400-width":533,"us_600_400-height":400,"author_avatar":"https:\/\/join.casiola.com\/wp-content\/uploads\/2025\/02\/fortlauderdale-scaled.webp","author_avatar-width":160,"author_avatar-height":120}},"destination_name":"Fort Lauderdale, FL","destination_slug":"Fort Lauderdale","destination_copy":"<p class=\"p1\">Fort Lauderdale, Florida, es un destino de primer nivel para los viajeros que buscan disfrutar de hermosas playas, una vibrante vida nocturna y experiencias culturales \u00fanicas. Los visitantes pueden explorar el famoso Las Olas Boulevard, repleto de tiendas de moda, galer\u00edas de arte y restaurantes frente al mar. Un recorrido panor\u00e1mico en barco por los canales de la Venecia de Am\u00e9rica ofrece impresionantes vistas de mansiones de lujo y megayates. Los amantes de la naturaleza pueden visitar el Parque Estatal Hugh Taylor Birch para practicar kayak y senderismo, o dar un paseo en hidrodeslizador por los Everglades para ver de cerca la fauna de Florida. Para un d\u00eda de sol y relajaci\u00f3n, Fort Lauderdale Beach cuenta con aguas cristalinas y arena suave, perfectas para desconectar. En lo que respecta al alojamiento, <g id=\"gid_0\"><g id=\"gid_1\">Casiola<\/g><\/g> es la mejor opci\u00f3n para alquileres vacacionales en la zona, ya que ofrece casas elegantes y totalmente equipadas con servicios de primera categor\u00eda que hacen que cada estancia sea c\u00f3moda y sin complicaciones. Tanto si visita la ciudad para unas vacaciones familiares, una escapada rom\u00e1ntica o un viaje de negocios, Casiola le garantiza una experiencia lujosa y sin contratiempos.      <\/p>\n"},"_links":{"self":[{"href":"https:\/\/join.casiola.com\/es\/wp-json\/wp\/v2\/pages\/26278","targetHints":{"allow":["GET"]}}],"collection":[{"href":"https:\/\/join.casiola.com\/es\/wp-json\/wp\/v2\/pages"}],"about":[{"href":"https:\/\/join.casiola.com\/es\/wp-json\/wp\/v2\/types\/page"}],"author":[{"embeddable":true,"href":"https:\/\/join.casiola.com\/es\/wp-json\/wp\/v2\/users\/2"}],"replies":[{"embeddable":true,"href":"https:\/\/join.casiola.com\/es\/wp-json\/wp\/v2\/comments?post=26278"}],"version-history":[{"count":1,"href":"https:\/\/join.casiola.com\/es\/wp-json\/wp\/v2\/pages\/26278\/revisions"}],"predecessor-version":[{"id":27328,"href":"https:\/\/join.casiola.com\/es\/wp-json\/wp\/v2\/pages\/26278\/revisions\/27328"}],"wp:attachment":[{"href":"https:\/\/join.casiola.com\/es\/wp-json\/wp\/v2\/media?parent=26278"}],"wp:term":[{"taxonomy":"category","embeddable":true,"href":"https:\/\/join.casiola.com\/es\/wp-json\/wp\/v2\/categories?post=26278"},{"taxonomy":"post_tag","embeddable":true,"href":"https:\/\/join.casiola.com\/es\/wp-json\/wp\/v2\/tags?post=26278"}],"curies":[{"name":"wp","href":"https:\/\/api.w.org\/{rel}","templated":true}]}}