{"id":20896,"date":"2017-06-23T17:26:22","date_gmt":"2017-06-23T17:26:22","guid":{"rendered":"https:\/\/join.casiola.com\/junte-se-a-nos\/"},"modified":"2026-01-05T10:35:17","modified_gmt":"2026-01-05T10:35:17","slug":"junte-se-a-nos","status":"publish","type":"page","link":"https:\/\/join.casiola.com\/pt-br\/junte-se-a-nos\/","title":{"rendered":"Junte-se a n\u00f3s"},"content":{"rendered":"<section class=\"l-section wpb_row height_medium\"><div class=\"l-section-h i-cf\"><div class=\"g-cols vc_row via_flex valign_top type_default stacking_default\"><div class=\"vc_col-sm-12 wpb_column vc_column_container\"><div class=\"vc_column-inner\"><div class=\"wpb_wrapper\"><div class=\"g-cols wpb_row us_custom_d6a2b157 via_flex valign_middle type_default stacking_default\"><div class=\"vc_col-sm-12 wpb_column vc_column_container\"><div class=\"vc_column-inner us_custom_e2949594\"><div class=\"wpb_wrapper\"><div class=\"w-image us_custom_44d93045 align_none\"><div class=\"w-image-h\"><img decoding=\"async\" width=\"400\" height=\"400\" src=\"https:\/\/join.casiola.com\/wp-content\/uploads\/2017\/07\/Casiola-logo.png\" class=\"attachment-large size-large has-transparency\" alt=\"Casiola-logo\" loading=\"lazy\" srcset=\"https:\/\/join.casiola.com\/wp-content\/uploads\/2017\/07\/Casiola-logo.png 400w, https:\/\/join.casiola.com\/wp-content\/uploads\/2017\/07\/Casiola-logo-300x300.png 300w, https:\/\/join.casiola.com\/wp-content\/uploads\/2017\/07\/Casiola-logo-150x150.png 150w, https:\/\/join.casiola.com\/wp-content\/uploads\/2017\/07\/Casiola-logo-350x350.png 350w\" sizes=\"auto, (max-width: 400px) 100vw, 400px\" data-has-transparency=\"true\" data-dominant-color=\"ff11a0\" style=\"--dominant-color: #ff11a0;\" \/><\/div><\/div><h1 class=\"w-text us_custom_eb849559\"><span class=\"w-text-h\"><span class=\"w-text-value\">Descubra o que voc\u00ea &lt;strong&gt;realmente pode ganhar&lt;\/strong&gt; com a sua &lt;strong&gt;casa de f\u00e9rias&lt;\/strong&gt;<\/span><\/span><\/h1><div class=\"wpb_text_column us_custom_9a68d6e5\"><div class=\"wpb_wrapper\"><p>Ao enviar este formul\u00e1rio, <strong>voc\u00ea receber\u00e1 uma avalia\u00e7\u00e3o gratuita e sem compromisso da sua casa de f\u00e9rias<\/strong>, incluindo uma estimativa de lucratividade e oportunidades de melhoria.<\/p>\n<\/div><\/div>\n<div class=\"wpcf7 no-js\" id=\"wpcf7-f24298-o1\" lang=\"pt-BR\" dir=\"ltr\" data-wpcf7-id=\"24298\">\n<div class=\"screen-reader-response\"><p role=\"status\" aria-live=\"polite\" aria-atomic=\"true\"><\/p> <ul><\/ul><\/div>\n<form action=\"\/pt-br\/wp-json\/wp\/v2\/pages\/20896#wpcf7-f24298-o1\" method=\"post\" class=\"wpcf7-form init\" aria-label=\"Formul\u00e1rios de contato\" novalidate=\"novalidate\" data-status=\"init\">\n<fieldset class=\"hidden-fields-container\"><input type=\"hidden\" name=\"_wpcf7\" value=\"24298\" \/><input type=\"hidden\" name=\"_wpcf7_version\" value=\"6.1.5\" \/><input type=\"hidden\" name=\"_wpcf7_locale\" value=\"pt_BR\" \/><input type=\"hidden\" name=\"_wpcf7_unit_tag\" value=\"wpcf7-f24298-o1\" \/><input type=\"hidden\" name=\"_wpcf7_container_post\" value=\"0\" \/><input type=\"hidden\" name=\"_wpcf7_posted_data_hash\" value=\"\" \/><input type=\"hidden\" name=\"_cf7a__timestamp\" value=\"L20vHy8Fb4lc7bdTCCj5ow==\" \/><input type=\"hidden\" name=\"_cf7a_version\" value=\"1.0\" \/><input type=\"hidden\" name=\"_cf7a_address\" value=\"\" \/><input type=\"hidden\" name=\"_cf7a_referer\" value=\"\" \/><input type=\"hidden\" name=\"_cf7a_protocol\" value=\"\" \/><input type=\"hidden\" name=\"_cf7a_bot_fingerprint\" value=\"L20vHy8Fb4lc7bdTCCj5ow==\" \/><input type=\"hidden\" name=\"_cf7a_bot_fingerprint_extras\" \/><input type=\"hidden\" name=\"_cf7a_append_on_submit\" \/>\n<\/fieldset>\n<div class=\"uacf7-form-wrapper-container uacf7-form-24298  \">\t\t<div class=\"uacf7-step uacf7-step-24298 step-content\"\n\t\t\tnext-btn-text=\"Pr\u00f3ximo\" prev-btn-text=\"Anterior\">\n\t\t\t\n<span class=\"wpcf7-form-control-wrap\" data-name=\"property\"><input size=\"40\" maxlength=\"400\" class=\"wpcf7-form-control wpcf7-text wpcf7-validates-as-required\" aria-required=\"true\" aria-invalid=\"false\" placeholder=\"Endere\u00e7o do im\u00f3vel de temporada\" value=\"\" type=\"text\" name=\"property\" \/><input type=\"text\" name=\"name\" value=\"\" autocomplete=\"fill\" class=\"fit-the-fullspace\" aria-hidden=\"true\" tabindex=\"-1\" \/><\/span>\n<span class=\"wpcf7-form-control-wrap\" data-name=\"destination\"><select class=\"wpcf7-form-control wpcf7-select wpcf7-validates-as-required\" aria-required=\"true\" aria-invalid=\"false\" name=\"destination\"><option value=\"Aruba\">Aruba<\/option><option value=\"Broward County, FL\">Broward County, FL<\/option><option value=\"Tampa Bay area, FL\">Tampa Bay area, FL<\/option><option value=\"Houston, TX\">Houston, TX<\/option><option value=\"Miami, FL\">Miami, FL<\/option><option value=\"Orlando, FL\">Orlando, FL<\/option><option value=\"Costa del Sol, Espanha\">Costa del Sol, Espanha<\/option><option value=\"Outro\">Outro<\/option><\/select><\/span>\n<span class=\"wpcf7-form-control-wrap\" data-name=\"resort-name\"><input type=\"text\" name=\"email\" value=\"\" autocomplete=\"fill\" class=\"fit-the-fullspace\" aria-hidden=\"true\" tabindex=\"-1\" \/><input size=\"40\" maxlength=\"400\" class=\"wpcf7-form-control wpcf7-text\" aria-invalid=\"false\" placeholder=\"Nome do resort (opcional)\" value=\"\" type=\"text\" name=\"resort-name\" \/><\/span>\n<span class=\"wpcf7-form-control-wrap\" data-name=\"listing\"><input size=\"40\" maxlength=\"400\" class=\"wpcf7-form-control wpcf7-url wpcf7-text wpcf7-validates-as-url\" aria-invalid=\"false\" placeholder=\"Listagem (opcional)\" value=\"\" type=\"url\" name=\"listing\" \/><\/span>\n\t\t\t<p class=\"uacf7-buttons\">\n\t\t\t\t<button class=\"uacf7-prev\"\n\t\t\t\t\tdata-form-id=\"24298\">Anterior<\/button>\n\t\t\t\t<button class=\"uacf7-next\"\n\t\t\t\t\tdata-form-id=\"24298\">Pr\u00f3ximo<\/button>\n\t\t\t\t<span class=\"wpcf7-spinner uacf7-ajax-loader\"><\/span>\n\t\t\t<\/p>\n\t\t<\/div>\n\t\t\n\n\n\t\t<div class=\"uacf7-step uacf7-step-24298 step-content\"\n\t\t\tnext-btn-text=\"Pr\u00f3ximo\" prev-btn-text=\"Anterior\">\n\t\t\t\n<span class=\"wpcf7-form-control-wrap\" data-name=\"your-name\"><input type=\"text\" name=\"address\" value=\"\" autocomplete=\"fill\" class=\"fit-the-fullspace\" aria-hidden=\"true\" tabindex=\"-1\" \/><input size=\"40\" maxlength=\"400\" class=\"wpcf7-form-control wpcf7-text wpcf7-validates-as-required\" autocomplete=\"name\" aria-required=\"true\" aria-invalid=\"false\" placeholder=\"Seu nome\" value=\"\" type=\"text\" name=\"your-name\" \/><\/span>\n<span class=\"wpcf7-form-control-wrap\" data-name=\"your-email\"><input size=\"40\" maxlength=\"400\" class=\"wpcf7-form-control wpcf7-email wpcf7-validates-as-required wpcf7-text wpcf7-validates-as-email\" autocomplete=\"email\" aria-required=\"true\" aria-invalid=\"false\" placeholder=\"Seu e-mail\" value=\"\" type=\"email\" name=\"your-email\" \/><\/span>\n<span class=\"wpcf7-form-control-wrap\" data-name=\"phone\"><input size=\"40\" maxlength=\"400\" class=\"wpcf7-form-control wpcf7-tel wpcf7-validates-as-required wpcf7-text wpcf7-validates-as-tel\" aria-required=\"true\" aria-invalid=\"false\" placeholder=\"Seu telefone\" value=\"\" type=\"tel\" name=\"phone\" \/><\/span>\n\n<input class=\"wpcf7-form-control wpcf7-submit has-spinner\" type=\"submit\" value=\"Junte-se a n\u00f3s\" \/>\n\t\t\t<p class=\"uacf7-buttons\">\n\t\t\t\t<button class=\"uacf7-prev\"\n\t\t\t\t\tdata-form-id=\"24298\">Anterior<\/button>\n\t\t\t\t<button class=\"uacf7-next\"\n\t\t\t\t\tdata-form-id=\"24298\">Pr\u00f3ximo<\/button>\n\t\t\t\t<span class=\"wpcf7-spinner uacf7-ajax-loader\"><\/span>\n\t\t\t<\/p>\n\t\t<\/div>\n\t\t\n\n<input class=\"wpcf7-form-control wpcf7-hidden\" value=\"\" type=\"hidden\" name=\"utm_source\" \/><\/div><p style=\"display: none !important;\" class=\"akismet-fields-container\" data-prefix=\"_wpcf7_ak_\"><label>&#916;<textarea name=\"_wpcf7_ak_hp_textarea\" cols=\"45\" rows=\"8\" maxlength=\"100\"><\/textarea><\/label><input type=\"hidden\" id=\"ak_js_1\" name=\"_wpcf7_ak_js\" value=\"194\"\/><script>\ndocument.getElementById( \"ak_js_1\" ).setAttribute( \"value\", ( new Date() ).getTime() );\n<\/script>\n<\/p><div class=\"wpcf7-response-output\" aria-hidden=\"true\"><\/div>\n<\/form>\n<\/div>\n<div class=\"wpb_text_column us_custom_45644cc9\"><div class=\"wpb_wrapper\"><p>Voc\u00ea <strong>n\u00e3o est\u00e1 se inscrevendo em nada<\/strong>, isso \u00e9 simplesmente nosso <strong>conhecimento especializado<\/strong>, compartilhado com voc\u00ea.<\/p>\n<\/div><\/div><div class=\"wpb_text_column us_custom_45644cc9\"><div class=\"wpb_wrapper\"><h4><span style=\"color: #ff0099;\">Stuart<\/span> \u2013 especialista em casas de f\u00e9rias<\/h4>\n<\/div><\/div><div class=\"w-image us_custom_7e20fa79 us_animate_this align_center\"><div class=\"w-image-h\"><img decoding=\"async\" width=\"800\" height=\"1067\" src=\"https:\/\/join.casiola.com\/wp-content\/uploads\/2025\/05\/join-stuart-2-1.webp\" class=\"attachment-us_img_size_1 size-us_img_size_1 has-transparency\" alt=\"join stuart at casiola\" loading=\"lazy\" srcset=\"https:\/\/join.casiola.com\/wp-content\/uploads\/2025\/05\/join-stuart-2-1.webp 800w, https:\/\/join.casiola.com\/wp-content\/uploads\/2025\/05\/join-stuart-2-1-225x300.webp 225w, https:\/\/join.casiola.com\/wp-content\/uploads\/2025\/05\/join-stuart-2-1-768x1024.webp 768w, https:\/\/join.casiola.com\/wp-content\/uploads\/2025\/05\/join-stuart-2-1-600x800.webp 600w\" sizes=\"auto, (max-width: 800px) 100vw, 800px\" data-has-transparency=\"true\" data-dominant-color=\"d2537d\" style=\"--dominant-color: #d2537d;\" \/><\/div><\/div><\/div><\/div><\/div><\/div><\/div><\/div><\/div><\/div><\/div><\/section>\n","protected":false},"excerpt":{"rendered":"Descubra o que voc\u00ea &lt;strong&gt;realmente pode ganhar&lt;\/strong&gt; com a sua &lt;strong&gt;casa de f\u00e9rias&lt;\/strong&gt;Ao enviar este formul\u00e1rio, voc\u00ea receber\u00e1 uma avalia\u00e7\u00e3o gratuita e sem compromisso da sua casa de f\u00e9rias, incluindo uma estimativa de lucratividade e oportunidades de melhoria. ArubaBroward County, FLTampa Bay area, FLHouston, TXMiami, FLOrlando, FLCosta del Sol, EspanhaOutro Anterior Pr\u00f3ximo Anterior Pr\u00f3ximo &#916;...","protected":false},"author":1,"featured_media":0,"parent":0,"menu_order":0,"comment_status":"closed","ping_status":"closed","template":"","meta":{"_acf_changed":false,"footnotes":""},"categories":[],"tags":[],"class_list":["post-20896","page","type-page","status-publish","hentry"],"acf":{"destination-email":"","destination_hero":false,"advantages_1":"<p>Estrat\u00e9gia de pre\u00e7os competitivos<\/p>\n<p>Definimos o pre\u00e7o ideal para a sua casa, aumentando a sua ocupa\u00e7\u00e3o e incrementando a sua receita por noite dispon\u00edvel.<\/p>\n"},"_links":{"self":[{"href":"https:\/\/join.casiola.com\/pt-br\/wp-json\/wp\/v2\/pages\/20896","targetHints":{"allow":["GET"]}}],"collection":[{"href":"https:\/\/join.casiola.com\/pt-br\/wp-json\/wp\/v2\/pages"}],"about":[{"href":"https:\/\/join.casiola.com\/pt-br\/wp-json\/wp\/v2\/types\/page"}],"author":[{"embeddable":true,"href":"https:\/\/join.casiola.com\/pt-br\/wp-json\/wp\/v2\/users\/1"}],"replies":[{"embeddable":true,"href":"https:\/\/join.casiola.com\/pt-br\/wp-json\/wp\/v2\/comments?post=20896"}],"version-history":[{"count":50,"href":"https:\/\/join.casiola.com\/pt-br\/wp-json\/wp\/v2\/pages\/20896\/revisions"}],"predecessor-version":[{"id":28564,"href":"https:\/\/join.casiola.com\/pt-br\/wp-json\/wp\/v2\/pages\/20896\/revisions\/28564"}],"wp:attachment":[{"href":"https:\/\/join.casiola.com\/pt-br\/wp-json\/wp\/v2\/media?parent=20896"}],"wp:term":[{"taxonomy":"category","embeddable":true,"href":"https:\/\/join.casiola.com\/pt-br\/wp-json\/wp\/v2\/categories?post=20896"},{"taxonomy":"post_tag","embeddable":true,"href":"https:\/\/join.casiola.com\/pt-br\/wp-json\/wp\/v2\/tags?post=20896"}],"curies":[{"name":"wp","href":"https:\/\/api.w.org\/{rel}","templated":true}]}}