{"id":20915,"date":"2017-06-23T13:35:29","date_gmt":"2017-06-23T13:35:29","guid":{"rendered":"https:\/\/join.casiola.com\/servicos\/"},"modified":"2025-11-03T12:03:12","modified_gmt":"2025-11-03T12:03:12","slug":"servicos","status":"publish","type":"page","link":"https:\/\/join.casiola.com\/pt-br\/servicos\/","title":{"rendered":"Servi\u00e7os"},"content":{"rendered":"<section class=\"l-section wpb_row height_auto\"><div class=\"l-section-h i-cf\"><div class=\"g-cols vc_row via_flex valign_middle type_default stacking_default\"><div class=\"vc_col-sm-8 wpb_column vc_column_container\"><div class=\"vc_column-inner\"><div class=\"wpb_wrapper\"><div class=\"wpb_text_column\"><div class=\"wpb_wrapper\"><h2><span style=\"font-weight: 400;\"><strong>Relaxe. Descanse.<\/strong> N\u00f3s cuidamos do seu im\u00f3vel!<\/span><\/h2>\n<div class=\"wpb_text_column \">\n<div class=\"wpb_wrapper\">\n<h3><span style=\"font-weight: 400;\">Quando se trata de gerenciar sua casa, n\u00f3s cuidamos de tudo. <\/span><span style=\"font-weight: 400;\">Do marketing \u00e0s reservas, do atendimento aos h\u00f3spedes \u00e0 manuten\u00e7\u00e3o, cuidaremos de tudo. <\/span><\/h3>\n<\/div>\n<\/div>\n<\/div><\/div><div class=\"w-btn-wrapper align_none\"><a class=\"w-btn us-btn-style_6\" href=\"https:\/\/join.casiola.com\/pt-br\/junte-se-a-nos\/\"><span class=\"w-btn-label\">Junte-se hoje!<\/span><\/a><\/div><\/div><\/div><\/div><div class=\"vc_col-sm-4 wpb_column vc_column_container\"><div class=\"vc_column-inner\"><div class=\"wpb_wrapper\"><div class=\"w-image align_none\"><div class=\"w-image-h\"><img decoding=\"async\" width=\"734\" height=\"1024\" src=\"https:\/\/join.casiola.com\/wp-content\/uploads\/2025\/05\/randolph-01-white-bullet-734x1024.webp\" class=\"attachment-large size-large has-transparency\" alt=\"randolph casiola\" loading=\"lazy\" srcset=\"https:\/\/join.casiola.com\/wp-content\/uploads\/2025\/05\/randolph-01-white-bullet-734x1024.webp 734w, https:\/\/join.casiola.com\/wp-content\/uploads\/2025\/05\/randolph-01-white-bullet-215x300.webp 215w, https:\/\/join.casiola.com\/wp-content\/uploads\/2025\/05\/randolph-01-white-bullet-600x837.webp 600w, https:\/\/join.casiola.com\/wp-content\/uploads\/2025\/05\/randolph-01-white-bullet-768x1072.webp 768w, https:\/\/join.casiola.com\/wp-content\/uploads\/2025\/05\/randolph-01-white-bullet.webp 1193w\" sizes=\"auto, (max-width: 734px) 100vw, 734px\" data-has-transparency=\"true\" data-dominant-color=\"cb5289\" style=\"--dominant-color: #cb5289;\" \/><\/div><\/div><\/div><\/div><\/div><\/div><\/div><\/section><section class=\"l-section wpb_row height_medium\"><div class=\"l-section-h i-cf\"><div class=\"g-cols vc_row via_flex valign_top type_default stacking_default\"><div class=\"vc_col-sm-12 wpb_column vc_column_container\"><div class=\"vc_column-inner\"><div class=\"wpb_wrapper\"><div class=\"wpb_text_column\"><div class=\"wpb_wrapper\"><h3 class=\"title\" style=\"text-align: center;\"><span style=\"font-weight: 400;\">A Casiola oferece <strong>gest\u00e3o completa de propriedades<\/strong> para sua casa de aluguel de temporada. <\/span><\/h3>\n<\/div><\/div><div class=\"g-cols wpb_row via_flex valign_top type_default stacking_default\"><div class=\"vc_col-sm-3 wpb_column vc_column_container\"><div class=\"vc_column-inner\"><div class=\"wpb_wrapper\"><div class=\"w-iconbox iconpos_top style_circle color_primary align_center\"><a href=\"https:\/\/join.casiola.com\/seamless-startup\/\" class=\"w-iconbox-link\" aria-label=\"In\u00edcio simplificado\"><div class=\"w-iconbox-icon\" style=\"font-size:20px;\"><i class=\"fas fa-user-plus\"><\/i><\/div><\/a><div class=\"w-iconbox-meta\"><h5 class=\"w-iconbox-title\"><a href=\"https:\/\/join.casiola.com\/seamless-startup\/\" class=\"w-iconbox-link\" aria-label=\"In\u00edcio simplificado\">In\u00edcio simplificado<\/a><\/h5><div class=\"w-iconbox-text\"><p><span style=\"font-weight: 400;\">Pronto para se livrar do estresse de ter um im\u00f3vel de temporada? Come\u00e7ar com a Casiola \u00e9 f\u00e1cil. Junte-se \u00e0 nossa fam\u00edlia e deixe o resto conosco! N\u00f3s verificamos todos os requisitos para ajudar a preparar seu im\u00f3vel para os h\u00f3spedes.    <\/span><\/p>\n<\/div><\/div><\/div><\/div><\/div><\/div><div class=\"vc_col-sm-3 wpb_column vc_column_container\"><div class=\"vc_column-inner\"><div class=\"wpb_wrapper\"><div class=\"w-iconbox iconpos_top style_circle color_primary align_center\"><a href=\"https:\/\/join.casiola.com\/services\/powerful-marketing\/\" class=\"w-iconbox-link\" aria-label=\"Marketing poderoso\"><div class=\"w-iconbox-icon\" style=\"font-size:20px;\"><i class=\"fas fa-desktop\"><\/i><\/div><\/a><div class=\"w-iconbox-meta\"><h5 class=\"w-iconbox-title\"><a href=\"https:\/\/join.casiola.com\/services\/powerful-marketing\/\" class=\"w-iconbox-link\" aria-label=\"Marketing poderoso\">Marketing poderoso<\/a><\/h5><div class=\"w-iconbox-text\"><p><span style=\"font-weight: 400;\">Cada an\u00fancio da Casiola \u00e9 profissional e totalmente otimizado para todos os principais sites de reservas, incluindo Airbnb, HomeAway, VRBO e centenas mais. <\/span><\/p>\n<\/div><\/div><\/div><\/div><\/div><\/div><div class=\"vc_col-sm-3 wpb_column vc_column_container\"><div class=\"vc_column-inner\"><div class=\"wpb_wrapper\"><div class=\"w-iconbox iconpos_top style_circle color_primary align_center\"><a href=\"https:\/\/join.casiola.com\/services\/guest-services\/\" class=\"w-iconbox-link\" aria-label=\"Excelente atendimento aos h\u00f3spedes\"><div class=\"w-iconbox-icon\" style=\"font-size:20px;\"><i class=\"fas fa-users\"><\/i><\/div><\/a><div class=\"w-iconbox-meta\"><h5 class=\"w-iconbox-title\"><a href=\"https:\/\/join.casiola.com\/services\/guest-services\/\" class=\"w-iconbox-link\" aria-label=\"Excelente atendimento aos h\u00f3spedes\">Excelente atendimento aos h\u00f3spedes<\/a><\/h5><div class=\"w-iconbox-text\"><p><span style=\"font-weight: 400;\">Elevando a experi\u00eancia do h\u00f3spede a um novo patamar, vamos al\u00e9m por cada h\u00f3spede, proporcionando uma experi\u00eancia luxuosa e sem estresse que eles nunca esquecer\u00e3o. Seus h\u00f3spedes falar\u00e3o sobre estas f\u00e9rias por anos!  <\/span><\/p>\n<\/div><\/div><\/div><\/div><\/div><\/div><div class=\"vc_col-sm-3 wpb_column vc_column_container\"><div class=\"vc_column-inner\"><div class=\"wpb_wrapper\"><div class=\"w-iconbox iconpos_top style_circle color_primary align_center\"><a href=\"https:\/\/join.casiola.com\/services\/property-care\/\" class=\"w-iconbox-link\" aria-label=\"Cuidados com a propriedade\"><div class=\"w-iconbox-icon\" style=\"font-size:20px;\"><i class=\"fas fa-wrench\"><\/i><\/div><\/a><div class=\"w-iconbox-meta\"><h5 class=\"w-iconbox-title\"><a href=\"https:\/\/join.casiola.com\/services\/property-care\/\" class=\"w-iconbox-link\" aria-label=\"Cuidados com a propriedade\">Cuidados com a propriedade<\/a><\/h5><div class=\"w-iconbox-text\"><p><span style=\"font-weight: 400;\">Nossas equipes de cuidados com a propriedade s\u00e3o dedicadas a garantir que seu im\u00f3vel esteja sempre em perfeitas condi\u00e7\u00f5es. Da limpeza \u00e0 manuten\u00e7\u00e3o, nossos profissionais verificam cada propriedade antes e depois de cada estadia. <\/span><\/p>\n<\/div><\/div><\/div><\/div><\/div><\/div><\/div><div class=\"w-separator size_medium with_line width_default thick_1 style_solid color_border align_center\"><div class=\"w-separator-h\"><\/div><\/div><div class=\"g-cols wpb_row via_flex valign_top type_default stacking_default\"><div class=\"vc_col-sm-3 wpb_column vc_column_container\"><div class=\"vc_column-inner\"><div class=\"wpb_wrapper\"><div class=\"w-iconbox iconpos_top style_circle color_primary align_center\"><a href=\"https:\/\/join.casiola.com\/services\/dynamic-pricing\/\" class=\"w-iconbox-link\" aria-label=\"Precifica\u00e7\u00e3o din\u00e2mica\"><div class=\"w-iconbox-icon\" style=\"font-size:20px;\"><i class=\"far fa-chart-bar\"><\/i><\/div><\/a><div class=\"w-iconbox-meta\"><h5 class=\"w-iconbox-title\"><a href=\"https:\/\/join.casiola.com\/services\/dynamic-pricing\/\" class=\"w-iconbox-link\" aria-label=\"Precifica\u00e7\u00e3o din\u00e2mica\">Precifica\u00e7\u00e3o din\u00e2mica<\/a><\/h5><div class=\"w-iconbox-text\"><p><span style=\"font-weight: 400;\">Usando nossos pr\u00f3prios algoritmos, aumentamos a receita do seu im\u00f3vel de aluguel, para que voc\u00ea obtenha o m\u00e1ximo do seu investimento. <\/span><\/p>\n<\/div><\/div><\/div><\/div><\/div><\/div><div class=\"vc_col-sm-3 wpb_column vc_column_container\"><div class=\"vc_column-inner\"><div class=\"wpb_wrapper\"><div class=\"w-iconbox iconpos_top style_circle color_primary align_center\"><a href=\"https:\/\/join.casiola.com\/services\/reporting-financial\/\" class=\"w-iconbox-link\" aria-label=\"Relat\u00f3rios e finan\u00e7as\"><div class=\"w-iconbox-icon\" style=\"font-size:20px;\"><i class=\"far fa-money-bill-alt\"><\/i><\/div><\/a><div class=\"w-iconbox-meta\"><h5 class=\"w-iconbox-title\"><a href=\"https:\/\/join.casiola.com\/services\/reporting-financial\/\" class=\"w-iconbox-link\" aria-label=\"Relat\u00f3rios e finan\u00e7as\">Relat\u00f3rios e finan\u00e7as<\/a><\/h5><div class=\"w-iconbox-text\"><p><span style=\"font-weight: 400;\">Como Superhost do Airbnb, demonstramos a import\u00e2ncia que damos ao atendimento ao cliente. Temos mais de 10 estadias no \u00faltimo ano com uma avalia\u00e7\u00e3o geral de 4,8, zero cancelamentos e 100% de taxa de resposta.  <\/span><\/p>\n<\/div><\/div><\/div><\/div><\/div><\/div><div class=\"vc_col-sm-3 wpb_column vc_column_container\"><div class=\"vc_column-inner\"><div class=\"wpb_wrapper\"><div class=\"w-iconbox iconpos_top style_circle color_primary align_center\"><a title=\"Superhost do Airbnb\" href=\"https:\/\/join.casiola.com\/airbnb-superhost\/\" class=\"w-iconbox-link\" aria-label=\"Superhost do Airbnb\"><div class=\"w-iconbox-icon\" style=\"font-size:20px;\"><i class=\"material-icons\">star<\/i><\/div><\/a><div class=\"w-iconbox-meta\"><h5 class=\"w-iconbox-title\"><a title=\"Superhost do Airbnb\" href=\"https:\/\/join.casiola.com\/airbnb-superhost\/\" class=\"w-iconbox-link\" aria-label=\"Superhost do Airbnb\">Superhost do Airbnb<\/a><\/h5><div class=\"w-iconbox-text\"><p>Como Superhost do Airbnb, temos mais de 10 estadias no \u00faltimo ano com avalia\u00e7\u00e3o geral de 4,8 e 0 cancelamentos. Al\u00e9m de 100% de taxa de resposta.<\/p>\n<\/div><\/div><\/div><\/div><\/div><\/div><div class=\"vc_col-sm-3 wpb_column vc_column_container\"><div class=\"vc_column-inner\"><div class=\"wpb_wrapper\"><div class=\"w-iconbox iconpos_top style_circle color_primary align_center\"><a title=\"Parcerias estrat\u00e9gicas\" href=\"https:\/\/join.casiola.com\/strategic-partnerships\/\" class=\"w-iconbox-link\" aria-label=\"Parcerias estrat\u00e9gicas\"><div class=\"w-iconbox-icon\" style=\"font-size:20px;\"><i class=\"fas fa-handshake\"><\/i><\/div><\/a><div class=\"w-iconbox-meta\"><h5 class=\"w-iconbox-title\"><a title=\"Parcerias estrat\u00e9gicas\" href=\"https:\/\/join.casiola.com\/strategic-partnerships\/\" class=\"w-iconbox-link\" aria-label=\"Parcerias estrat\u00e9gicas\">Parcerias estrat\u00e9gicas<\/a><\/h5><div class=\"w-iconbox-text\"><p>Escolhemos os melhores parceiros do mercado para podermos oferecer nosso melhor servi\u00e7o.<\/p>\n<\/div><\/div><\/div><\/div><\/div><\/div><\/div><div class=\"w-separator size_medium with_line width_default thick_1 style_solid color_border align_center\"><div class=\"w-separator-h\"><\/div><\/div><div class=\"g-cols wpb_row via_flex valign_top type_default stacking_default\"><div class=\"vc_col-sm-3 wpb_column vc_column_container\"><div class=\"vc_column-inner\"><div class=\"wpb_wrapper\"><div class=\"w-iconbox iconpos_top style_circle color_primary align_center\"><a title=\"Fotos deslumbrantes\" href=\"https:\/\/join.casiola.com\/services\/beautiful-photos\/\" class=\"w-iconbox-link\" aria-label=\"Fotografia profissional\"><div class=\"w-iconbox-icon\" style=\"font-size:20px;\"><i class=\"fas fa-camera-retro\"><\/i><\/div><\/a><div class=\"w-iconbox-meta\"><h5 class=\"w-iconbox-title\"><a title=\"Fotos deslumbrantes\" href=\"https:\/\/join.casiola.com\/services\/beautiful-photos\/\" class=\"w-iconbox-link\" aria-label=\"Fotografia profissional\">Fotografia profissional<\/a><\/h5><div class=\"w-iconbox-text\"><p><span style=\"font-weight: 400;\">Quase 99% de todas as reservas s\u00e3o feitas online \u2014 que tipo de primeira impress\u00e3o seu im\u00f3vel est\u00e1 causando online? Nossos fot\u00f3grafos profissionais capturam a ess\u00eancia do seu im\u00f3vel, destacando sua casa e mostrando seus melhores atributos.  <\/span><\/p>\n<\/div><\/div><\/div><\/div><\/div><\/div><div class=\"vc_col-sm-3 wpb_column vc_column_container\"><div class=\"vc_column-inner\"><div class=\"wpb_wrapper\"><div class=\"w-iconbox iconpos_top style_circle color_primary align_center\"><a title=\"Centro de design\" href=\"https:\/\/join.casiola.com\/services\/design-center\/\" class=\"w-iconbox-link\" aria-label=\"Centro de design\"><div class=\"w-iconbox-icon\" style=\"font-size:20px;\"><i class=\"fas fa-chair\"><\/i><\/div><\/a><div class=\"w-iconbox-meta\"><h5 class=\"w-iconbox-title\"><a title=\"Centro de design\" href=\"https:\/\/join.casiola.com\/services\/design-center\/\" class=\"w-iconbox-link\" aria-label=\"Centro de design\">Centro de design<\/a><\/h5><div class=\"w-iconbox-text\"><p><span style=\"font-weight: 400;\">A apar\u00eancia da sua casa \u00e9 importante para os h\u00f3spedes, por isso criamos nosso pr\u00f3prio Centro de Design. Nossos designers de interiores altamente qualificados trabalham com cada propriet\u00e1rio, ajudando-os a escolher os melhores m\u00f3veis, decora\u00e7\u00e3o e estilo para sua casa.  <\/span><\/p>\n<\/div><\/div><\/div><\/div><\/div><\/div><div class=\"vc_col-sm-3 wpb_column vc_column_container\"><div class=\"vc_column-inner\"><div class=\"wpb_wrapper\"><\/div><\/div><\/div><div class=\"vc_col-sm-3 wpb_column vc_column_container\"><div class=\"vc_column-inner\"><div class=\"wpb_wrapper\"><\/div><\/div><\/div><\/div><\/div><\/div><\/div><\/div><\/div><\/section>\n","protected":false},"excerpt":{"rendered":"Relaxe. Descanse. N\u00f3s cuidamos do seu im\u00f3vel! Quando se trata de gerenciar sua casa, n\u00f3s cuidamos de tudo. Do marketing \u00e0s reservas, do atendimento aos h\u00f3spedes \u00e0 manuten\u00e7\u00e3o, cuidaremos de tudo. Junte-se hoje!A Casiola oferece gest\u00e3o completa de propriedades para sua casa de aluguel de temporada. In\u00edcio simplificadoPronto para se livrar do estresse de ter...","protected":false},"author":1,"featured_media":0,"parent":0,"menu_order":0,"comment_status":"closed","ping_status":"closed","template":"","meta":{"_acf_changed":false,"footnotes":""},"categories":[169],"tags":[],"class_list":["post-20915","page","type-page","status-publish","hentry","category-servicos"],"acf":{"destination_name":null,"destination_slug":null,"destination-email":null,"destination_hero":null,"destination_copy":null,"advantages_title":null,"advantages_1":null,"advantages_2":null,"advantages_3":null,"advantages_4":null,"advantages_5":null,"advantages_6":null,"linen_program":null,"design_center":null,"guests_are_booking_title":null,"guests_are_booking_text":null,"hvm":null,"amex":null,"award_winning_company":null,"numbers_1":null,"numbers_2":null,"numbers_quote":null,"faq_1":null,"faq_1_response":null,"faq_2":null,"faq_2_response":null,"faq_3":null,"faq_3_response":null,"faq_4":null,"faq_4_response":null,"faq_5":null,"faq_5_response":null,"faq_6":null,"faq_6_response":null,"faq_7":null,"faq_7_response":null,"faq_8":null,"faq_8_response":null,"faq_9":null,"faq_9_response":null,"faq_10":null,"faq_10_response":null,"faq_11":null,"faq_11_response":null,"vacation_rental_manager_blog_title":null,"vacation_rental_manager_blog_text":null,"discover_all_casiola_destinations":null},"_links":{"self":[{"href":"https:\/\/join.casiola.com\/pt-br\/wp-json\/wp\/v2\/pages\/20915","targetHints":{"allow":["GET"]}}],"collection":[{"href":"https:\/\/join.casiola.com\/pt-br\/wp-json\/wp\/v2\/pages"}],"about":[{"href":"https:\/\/join.casiola.com\/pt-br\/wp-json\/wp\/v2\/types\/page"}],"author":[{"embeddable":true,"href":"https:\/\/join.casiola.com\/pt-br\/wp-json\/wp\/v2\/users\/1"}],"replies":[{"embeddable":true,"href":"https:\/\/join.casiola.com\/pt-br\/wp-json\/wp\/v2\/comments?post=20915"}],"version-history":[{"count":2,"href":"https:\/\/join.casiola.com\/pt-br\/wp-json\/wp\/v2\/pages\/20915\/revisions"}],"predecessor-version":[{"id":20917,"href":"https:\/\/join.casiola.com\/pt-br\/wp-json\/wp\/v2\/pages\/20915\/revisions\/20917"}],"wp:attachment":[{"href":"https:\/\/join.casiola.com\/pt-br\/wp-json\/wp\/v2\/media?parent=20915"}],"wp:term":[{"taxonomy":"category","embeddable":true,"href":"https:\/\/join.casiola.com\/pt-br\/wp-json\/wp\/v2\/categories?post=20915"},{"taxonomy":"post_tag","embeddable":true,"href":"https:\/\/join.casiola.com\/pt-br\/wp-json\/wp\/v2\/tags?post=20915"}],"curies":[{"name":"wp","href":"https:\/\/api.w.org\/{rel}","templated":true}]}}