{"id":20921,"date":"2017-08-15T18:43:15","date_gmt":"2017-08-15T18:43:15","guid":{"rendered":"https:\/\/join.casiola.com\/resort-championsgate\/"},"modified":"2025-11-06T15:38:15","modified_gmt":"2025-11-06T15:38:15","slug":"resort-championsgate","status":"publish","type":"page","link":"https:\/\/join.casiola.com\/pt-br\/resort-championsgate\/","title":{"rendered":"Resort ChampionsGate"},"content":{"rendered":"<section class=\"l-section wpb_row height_medium with_img\"><div class=\"l-section-img\" role=\"img\" aria-label=\"championsgate resort casiola\" data-img-width=\"2000\" data-img-height=\"776\" style=\"background-image: url(https:\/\/join.casiola.com\/wp-content\/uploads\/2017\/06\/championsgatre.jpg);background-position: bottom center;\"><\/div><div class=\"l-section-h i-cf\"><div class=\"g-cols vc_row via_flex valign_bottom type_default stacking_default\"><div class=\"vc_col-sm-12 wpb_column vc_column_container\"><div class=\"vc_column-inner\"><div class=\"wpb_wrapper\"><div class=\"w-image us_custom_ca2bb189 us_animate_this align_center\"><div class=\"w-image-h\"><img decoding=\"async\" width=\"360\" height=\"360\" src=\"https:\/\/join.casiola.com\/wp-content\/uploads\/2017\/11\/landing-championsgate-logo.png\" class=\"attachment-us_img_size_1 size-us_img_size_1\" alt=\"ChampionsGate resort by Casiola vacation homes\" loading=\"lazy\" srcset=\"https:\/\/join.casiola.com\/wp-content\/uploads\/2017\/11\/landing-championsgate-logo.png 360w, https:\/\/join.casiola.com\/wp-content\/uploads\/2017\/11\/landing-championsgate-logo-300x300.png 300w, https:\/\/join.casiola.com\/wp-content\/uploads\/2017\/11\/landing-championsgate-logo-150x150.png 150w, https:\/\/join.casiola.com\/wp-content\/uploads\/2017\/11\/landing-championsgate-logo-350x350.png 350w\" sizes=\"auto, (max-width: 360px) 100vw, 360px\" \/><\/div><\/div><\/div><\/div><\/div><\/div><\/div><\/section><section class=\"l-section wpb_row height_medium\"><div class=\"l-section-h i-cf\"><div class=\"g-cols vc_row via_flex valign_top type_default stacking_default\"><div class=\"vc_col-sm-12 wpb_column vc_column_container\"><div class=\"vc_column-inner\"><div class=\"wpb_wrapper\"><div class=\"wpb_text_column\"><div class=\"wpb_wrapper\"><h2 style=\"text-align: center;\">Ol\u00e1, curioso para ver quanto voc\u00ea pode<strong> ganhar?<\/strong><\/h2>\n<h3 style=\"text-align: center;\">Trabalhamos com as melhores taxas do mercado. Descubra exatamente quanto voc\u00ea pode ganhar ao trabalhar conosco. <\/h3>\n<\/div><\/div><div class=\"wpb_text_column\"><div class=\"wpb_wrapper\">\n<table id=\"tablepress-2\" class=\"tablepress tablepress-id-2 pricing_table\">\n<thead>\n<tr class=\"row-1\">\n\t<th class=\"column-1\">Property Type<\/th><th class=\"column-2\">Average Daily Rate<\/th><th class=\"column-3\">Annual Revenue<\/th><th class=\"column-4\">Expenses<\/th><th class=\"column-5\">Net Lower Range<\/th><th class=\"column-6\">Net Upper Range<\/th>\n<\/tr>\n<\/thead>\n<tbody class=\"row-hover\">\n<tr class=\"row-2\">\n\t<td class=\"column-1\">3 Bedroom Townhome<\/td><td class=\"column-2\">$110.00<\/td><td class=\"column-3\">$25,495.25<\/td><td class=\"column-4\">$12,599.05<\/td><td class=\"column-5\">$11,606.58<\/td><td class=\"column-6\">$14,185.82<\/td>\n<\/tr>\n<tr class=\"row-3\">\n\t<td class=\"column-1\">4 Bedroom Townhome<\/td><td class=\"column-2\">$135.00<\/td><td class=\"column-3\">$29,565.00<\/td><td class=\"column-4\">$13,413.00<\/td><td class=\"column-5\">$14,536.80<\/td><td class=\"column-6\">$17,767.20<\/td>\n<\/tr>\n<tr class=\"row-4\">\n\t<td class=\"column-1\">5 bedroom Townhome<\/td><td class=\"column-2\">$155.00<\/td><td class=\"column-3\">$37,339.50<\/td><td class=\"column-4\">$14,967.90<\/td><td class=\"column-5\">$20,134.44<\/td><td class=\"column-6\">$24,608.76<\/td>\n<\/tr>\n<tr class=\"row-5\">\n\t<td class=\"column-1\">4 Bedroom Pool Home<\/td><td class=\"column-2\">$150.00<\/td><td class=\"column-3\">$27,375.00<\/td><td class=\"column-4\">$12,975.00<\/td><td class=\"column-5\">$12,960.00<\/td><td class=\"column-6\">$15,840.00<\/td>\n<\/tr>\n<tr class=\"row-6\">\n\t<td class=\"column-1\">5 Bedroom Pool Home<\/td><td class=\"column-2\">$170.00<\/td><td class=\"column-3\">$40,953.00<\/td><td class=\"column-4\">$16,190.60<\/td><td class=\"column-5\">$22,286.16<\/td><td class=\"column-6\">$27,238.64<\/td>\n<\/tr>\n<tr class=\"row-7\">\n\t<td class=\"column-1\">6 Bedroom Pool Home<\/td><td class=\"column-2\">$215.00<\/td><td class=\"column-3\">$48,654.50<\/td><td class=\"column-4\">$18,730.90<\/td><td class=\"column-5\">$26,931.24<\/td><td class=\"column-6\">$32,915.96<\/td>\n<\/tr>\n<tr class=\"row-8\">\n\t<td class=\"column-1\">7 Bedroom Pool Home<\/td><td class=\"column-2\">$280.00<\/td><td class=\"column-3\">$66,430.00<\/td><td class=\"column-4\">$22,786.00<\/td><td class=\"column-5\">$39,279.60<\/td><td class=\"column-6\">$48,008.40<\/td>\n<\/tr>\n<tr class=\"row-9\">\n\t<td class=\"column-1\">8 Bedroom Pool Home<\/td><td class=\"column-2\">$300.00<\/td><td class=\"column-3\">$71,175.00<\/td><td class=\"column-4\">$24,235.00<\/td><td class=\"column-5\">$42,246.00<\/td><td class=\"column-6\">$51,634.00<\/td>\n<\/tr>\n<tr class=\"row-10\">\n\t<td class=\"column-1\">9 Bedroom Pool Home<\/td><td class=\"column-2\">$340.00<\/td><td class=\"column-3\">$80,665.00<\/td><td class=\"column-4\">$26,133.00<\/td><td class=\"column-5\">$49,078.80<\/td><td class=\"column-6\">$59,985.20<\/td>\n<\/tr>\n<\/tbody>\n<\/table>\n<!-- #tablepress-2 from cache -->\n<\/div><\/div><div class=\"wpb_text_column\"><div class=\"wpb_wrapper\"><p style=\"font-size: 12px;\">*Todos os valores de receita e despesas s\u00e3o estimativas e N\u00c3O devem ser considerados garantidos. Os valores n\u00e3o refletem despesas com taxas de condom\u00ednio, taxas CDD, grandes reparos, impostos sobre a propriedade, etc. Os valores n\u00e3o refletem o potencial ganho de valoriza\u00e7\u00e3o e, para compradores dos EUA, poss\u00edveis benef\u00edcios fiscais. A Casiola LLC n\u00e3o alega ser consultora financeira ou jur\u00eddica. Isto n\u00e3o \u00e9, de forma alguma, uma garantia de ocupa\u00e7\u00e3o. As despesas podem variar com a infla\u00e7\u00e3o e outros fatores.     <\/p>\n<\/div><\/div><\/div><\/div><\/div><\/div><\/div><\/section><section class=\"l-section wpb_row height_medium color_alternate\"><div class=\"l-section-h i-cf\"><div class=\"g-cols vc_row via_flex valign_top type_default stacking_default\"><div class=\"vc_col-sm-12 wpb_column vc_column_container\"><div class=\"vc_column-inner\"><div class=\"wpb_wrapper\"><div class=\"wpb_text_column\"><div class=\"wpb_wrapper\"><h2 style=\"text-align: center;\">Conhe\u00e7a a <strong>equipe de integra\u00e7\u00e3o da Casiola<\/strong><\/h2>\n<h3 style=\"text-align: center;\">Seja escolhendo sua <strong>casa de f\u00e9rias ideal<\/strong>, garantindo que seu aluguel esteja <strong>pronto para os h\u00f3spedes<\/strong>, ou <strong>fazendo a transi\u00e7\u00e3o de outra empresa de administra\u00e7\u00e3o de propriedades<\/strong>, nossa equipe de integra\u00e7\u00e3o est\u00e1 aqui para <strong>ajud\u00e1-lo em cada etapa do processo!<\/strong><\/h3>\n<\/div><\/div><div class=\"w-image align_center\"><div class=\"w-image-h\"><img decoding=\"async\" width=\"1024\" height=\"574\" src=\"https:\/\/join.casiola.com\/wp-content\/uploads\/2022\/02\/owner-relations-1024x574.jpg\" class=\"attachment-large size-large\" alt=\"owner-relations\" loading=\"lazy\" srcset=\"https:\/\/join.casiola.com\/wp-content\/uploads\/2022\/02\/owner-relations-1024x574.jpg 1024w, https:\/\/join.casiola.com\/wp-content\/uploads\/2022\/02\/owner-relations-300x168.jpg 300w, https:\/\/join.casiola.com\/wp-content\/uploads\/2022\/02\/owner-relations-600x336.jpg 600w, https:\/\/join.casiola.com\/wp-content\/uploads\/2022\/02\/owner-relations-768x430.jpg 768w, https:\/\/join.casiola.com\/wp-content\/uploads\/2022\/02\/owner-relations.jpg 1080w\" sizes=\"auto, (max-width: 1024px) 100vw, 1024px\" \/><\/div><\/div><div class=\"w-separator size_small\"><\/div><div class=\"wpb_text_column\"><div class=\"wpb_wrapper\"><h4 style=\"text-align: center;\">Conhe\u00e7a a equipe: <span style=\"color: #ff0099;\"><strong>Michelle, Mayra e Natalia<\/strong><\/span><\/h4>\n<\/div><\/div><div class=\"w-separator size_medium\"><\/div><div class=\"w-btn-wrapper align_center\"><a class=\"w-btn us-btn-style_6\" href=\"https:\/\/join.casiola.com\/pt-br\/junte-se-a-nos\/\"><span class=\"w-btn-label\">Junte-se a n\u00f3s hoje<\/span><\/a><\/div><\/div><\/div><\/div><\/div><\/div><\/section><section class=\"l-section wpb_row height_medium color_primary\"><div class=\"l-section-h i-cf\"><div class=\"g-cols vc_row via_flex valign_top type_default stacking_default\"><div class=\"vc_col-sm-12 wpb_column vc_column_container\"><div class=\"vc_column-inner\"><div class=\"wpb_wrapper\"><div class=\"w-actionbox color_primary controls_right\"><div class=\"w-actionbox-text\"><h2 class=\"w-actionbox-title\" style=\"font-size:h3\">Casiola: administra\u00e7\u00e3o de casas de f\u00e9rias que voc\u00ea vai adorar!<\/h2><\/div><div class=\"w-actionbox-controls\"><a class=\"w-btn us-btn-style_4\" href=\"http:\/\/101.35d.myftpupload.com\/join-us\/\" style=\"font-size:20;\" target=\"_blank\" rel=\"noopener\"><span class=\"w-btn-label\">Junte-se a n\u00f3s agora!<\/span><\/a><\/div><\/div><\/div><\/div><\/div><\/div><\/div><\/section><section class=\"l-section wpb_row height_medium with_img\"><div class=\"l-section-img\" role=\"img\" aria-label=\"Resort Championsgate com casiola\" data-img-width=\"2000\" data-img-height=\"607\" style=\"background-image: url(https:\/\/join.casiola.com\/wp-content\/uploads\/2017\/08\/championsgate-header.jpg);background-position: bottom center;\"><\/div><div class=\"l-section-h i-cf\"><div class=\"g-cols vc_row via_flex valign_top type_default stacking_default\"><div class=\"vc_col-sm-12 wpb_column vc_column_container\"><div class=\"vc_column-inner\"><div class=\"wpb_wrapper\"><div class=\"w-separator size_custom\" style=\"height:200\"><\/div><\/div><\/div><\/div><\/div><\/div><\/section>\n","protected":false},"excerpt":{"rendered":"Ol\u00e1, curioso para ver quanto voc\u00ea pode ganhar? Trabalhamos com as melhores taxas do mercado. Descubra exatamente quanto voc\u00ea pode ganhar ao trabalhar conosco. Property TypeAverage Daily RateAnnual RevenueExpensesNet Lower RangeNet Upper Range 3 Bedroom Townhome$110.00$25,495.25$12,599.05$11,606.58$14,185.82 4 Bedroom Townhome$135.00$29,565.00$13,413.00$14,536.80$17,767.20 5 bedroom Townhome$155.00$37,339.50$14,967.90$20,134.44$24,608.76 4 Bedroom Pool Home$150.00$27,375.00$12,975.00$12,960.00$15,840.00 5 Bedroom Pool Home$170.00$40,953.00$16,190.60$22,286.16$27,238.64 6 Bedroom Pool Home$215.00$48,654.50$18,730.90$26,931.24$32,915.96 7...","protected":false},"author":1,"featured_media":20925,"parent":0,"menu_order":0,"comment_status":"closed","ping_status":"closed","template":"","meta":{"_acf_changed":false,"footnotes":""},"categories":[170,171],"tags":[],"class_list":["post-20921","page","type-page","status-publish","has-post-thumbnail","hentry","category-orlando","category-resort"],"acf":{"destination-email":"","destination_hero":false},"_links":{"self":[{"href":"https:\/\/join.casiola.com\/pt-br\/wp-json\/wp\/v2\/pages\/20921","targetHints":{"allow":["GET"]}}],"collection":[{"href":"https:\/\/join.casiola.com\/pt-br\/wp-json\/wp\/v2\/pages"}],"about":[{"href":"https:\/\/join.casiola.com\/pt-br\/wp-json\/wp\/v2\/types\/page"}],"author":[{"embeddable":true,"href":"https:\/\/join.casiola.com\/pt-br\/wp-json\/wp\/v2\/users\/1"}],"replies":[{"embeddable":true,"href":"https:\/\/join.casiola.com\/pt-br\/wp-json\/wp\/v2\/comments?post=20921"}],"version-history":[{"count":10,"href":"https:\/\/join.casiola.com\/pt-br\/wp-json\/wp\/v2\/pages\/20921\/revisions"}],"predecessor-version":[{"id":26932,"href":"https:\/\/join.casiola.com\/pt-br\/wp-json\/wp\/v2\/pages\/20921\/revisions\/26932"}],"wp:featuredmedia":[{"embeddable":true,"href":"https:\/\/join.casiola.com\/pt-br\/wp-json\/wp\/v2\/media\/20925"}],"wp:attachment":[{"href":"https:\/\/join.casiola.com\/pt-br\/wp-json\/wp\/v2\/media?parent=20921"}],"wp:term":[{"taxonomy":"category","embeddable":true,"href":"https:\/\/join.casiola.com\/pt-br\/wp-json\/wp\/v2\/categories?post=20921"},{"taxonomy":"post_tag","embeddable":true,"href":"https:\/\/join.casiola.com\/pt-br\/wp-json\/wp\/v2\/tags?post=20921"}],"curies":[{"name":"wp","href":"https:\/\/api.w.org\/{rel}","templated":true}]}}