{"id":20981,"date":"2017-09-23T08:20:14","date_gmt":"2017-09-23T08:20:14","guid":{"rendered":"https:\/\/join.casiola.com\/superhost-do-airbnb\/"},"modified":"2025-11-06T15:38:24","modified_gmt":"2025-11-06T15:38:24","slug":"superhost-do-airbnb","status":"publish","type":"page","link":"https:\/\/join.casiola.com\/pt-br\/superhost-do-airbnb\/","title":{"rendered":"Superhost do Airbnb"},"content":{"rendered":"<section class=\"l-section wpb_row height_medium color_alternate\"><div class=\"l-section-h i-cf\"><div class=\"g-cols vc_row via_flex valign_top type_default stacking_default\"><div class=\"vc_col-sm-12 wpb_column vc_column_container\"><div class=\"vc_column-inner\"><div class=\"wpb_wrapper\"><div class=\"w-image align_center us_animate_afb\"><div class=\"w-image-h\"><img decoding=\"async\" width=\"200\" height=\"140\" src=\"https:\/\/join.casiola.com\/wp-content\/uploads\/2019\/03\/superhost-logo-200.png\" class=\"attachment-full size-full\" alt=\"superhost-logo\" loading=\"lazy\" \/><\/div><\/div><div class=\"w-separator size_medium\"><\/div><h1 class=\"w-itext us_custom_e5aea6d2 type_fadeIn align_center dynamic_bold\" onclick='return {&quot;duration&quot;:300,&quot;delay&quot;:5000,&quot;disablePartAnimation&quot;:false,&quot;html_nbsp_char&quot;:true}'><span class=\"w-itext-part changesat_0 changesat_1 changesat_2 dynamic\" onclick='return [&quot;Deixe\\u00a0nossa\\u00a0experi\\u00eancia\\u00a0trabalhar\\u00a0para\\u00a0voc\\u00ea!&quot;,&quot;A\\u00a0Casiola\\u00a0det\\u00e9m\\u00a0a\\u00a0distin\\u00e7\\u00e3o\\u00a0de\\u00a0Superhost\\u00a0do\\u00a0Airbnb&quot;,&quot;Airbnb\\u00a0Superhost:\\u00a0Elevando\\u00a0o\\u00a0Atendimento\\u00a0ao\\u00a0H\\u00f3spede\\u00a0ao\\u00a0Pr\\u00f3ximo\\u00a0N\\u00edvel&quot;]'><span>Deixe&nbsp;nossa&nbsp;experi&ecirc;ncia&nbsp;trabalhar&nbsp;para&nbsp;voc&ecirc;!<\/span><\/span><\/h1><\/div><\/div><\/div><\/div><\/div><\/section><section class=\"l-section wpb_row height_medium\"><div class=\"l-section-h i-cf\"><div class=\"g-cols vc_row via_flex valign_top type_default stacking_default\"><div class=\"vc_col-sm-12 wpb_column vc_column_container\"><div class=\"vc_column-inner\"><div class=\"wpb_wrapper\"><div class=\"wpb_text_column\"><div class=\"wpb_wrapper\"><h2 style=\"text-align: center;\">Airbnb Superhost: <strong>hospedagem Airbnb simplificada<\/strong><\/h2>\n<\/div><\/div><div class=\"w-separator size_medium\"><\/div><div class=\"g-cols wpb_row via_flex valign_top type_default stacking_default\"><div class=\"vc_col-sm-3 wpb_column vc_column_container\"><div class=\"vc_column-inner\"><div class=\"wpb_wrapper\"><div class=\"w-iconbox iconpos_top style_outlined color_primary align_center\"><div class=\"w-iconbox-icon\" style=\"font-size:2rem;\"><i class=\"far fa-chart-bar\"><\/i><\/div><div class=\"w-iconbox-meta\"><h3 class=\"w-iconbox-title\">Sua casa, nossa hospitalidade<\/h3><div class=\"w-iconbox-text\"><p><span style=\"font-weight: 400;\">Est\u00e1 se sentindo sobrecarregado? Deixe a log\u00edstica e o atendimento ao h\u00f3spede conosco. Envolva-se ou delegue o quanto quiser!  <\/span><\/p>\n<\/div><\/div><\/div><\/div><\/div><\/div><div class=\"vc_col-sm-3 wpb_column vc_column_container\"><div class=\"vc_column-inner\"><div class=\"wpb_wrapper\"><div class=\"w-iconbox iconpos_top style_outlined color_primary align_center\"><div class=\"w-iconbox-icon\" style=\"font-size:2rem;\"><i class=\"fas fa-calendar-alt\"><\/i><\/div><div class=\"w-iconbox-meta\"><h3 class=\"w-iconbox-title\">Experi\u00eancia com Airbnb<\/h3><div class=\"w-iconbox-text\"><p><span style=\"font-weight: 400;\">A designa\u00e7\u00e3o de Superhosts do Airbnb mostra que conhecemos os h\u00f3spedes! Entendemos o que os h\u00f3spedes procuram ao viajar e sabemos como atrair esses h\u00f3spedes para as casas dos nossos propriet\u00e1rios.  <\/span><\/p>\n<\/div><\/div><\/div><\/div><\/div><\/div><div class=\"vc_col-sm-3 wpb_column vc_column_container\"><div class=\"vc_column-inner\"><div class=\"wpb_wrapper\"><div class=\"w-iconbox iconpos_top style_outlined color_primary align_center\"><div class=\"w-iconbox-icon\" style=\"font-size:2rem;\"><i class=\"fas fa-users\"><\/i><\/div><div class=\"w-iconbox-meta\"><h3 class=\"w-iconbox-title\">Perto para necessidades urgentes<\/h3><div class=\"w-iconbox-text\"><p><span style=\"font-weight: 400;\">A qualquer hora, dia ou noite, estamos a poucos minutos para responder a perguntas, resolver problemas e oferecer recursos aos seus h\u00f3spedes e \u00e0 sua casa. <\/span><\/p>\n<\/div><\/div><\/div><\/div><\/div><\/div><div class=\"vc_col-sm-3 wpb_column vc_column_container\"><div class=\"vc_column-inner\"><div class=\"wpb_wrapper\"><div class=\"w-iconbox iconpos_top style_outlined color_primary align_center\"><div class=\"w-iconbox-icon\" style=\"font-size:2rem;\"><i class=\"fas fa-wrench\"><\/i><\/div><div class=\"w-iconbox-meta\"><h3 class=\"w-iconbox-title\">Renda extra, sem o trabalho extra<\/h3><div class=\"w-iconbox-text\"><p><span style=\"font-weight: 400;\">Fa\u00e7a seus investimentos trabalharem de forma mais inteligente, n\u00e3o mais dif\u00edcil. N\u00f3s o ajudamos a ganhar mais com sua propriedade de investimento para economizar para o seu futuro ou financiar suas paix\u00f5es.  <\/span><\/p>\n<\/div><\/div><\/div><\/div><\/div><\/div><\/div><div class=\"w-separator size_medium\"><\/div><div class=\"w-btn-wrapper align_center\"><a class=\"w-btn us-btn-style_6\" href=\"https:\/\/join.casiola.com\/pt-br\/junte-se-a-nos\/\"><span class=\"w-btn-label\">Junte-se \u00e0 Casiola hoje!<\/span><\/a><\/div><div class=\"wpb_text_column\"><div class=\"wpb_wrapper\"><p style=\"text-align: center;\"><a href=\"https:\/\/join.casiola.com\/pt-br\/servicos\/\">Saiba mais sobre nossos servi\u00e7os de gest\u00e3o de casas de f\u00e9rias<\/a><\/p>\n<\/div><\/div><\/div><\/div><\/div><\/div><\/div><\/section><section class=\"l-section wpb_row height_medium color_alternate\"><div class=\"l-section-h i-cf\"><div class=\"g-cols vc_row via_flex valign_top type_default stacking_default\"><div class=\"vc_col-sm-12 wpb_column vc_column_container\"><div class=\"vc_column-inner\"><div class=\"wpb_wrapper\"><div class=\"w-image align_center us_animate_afb\"><div class=\"w-image-h\"><img decoding=\"async\" width=\"1000\" height=\"660\" src=\"https:\/\/join.casiola.com\/wp-content\/uploads\/2019\/03\/superhost-interior.jpg\" class=\"attachment-large size-large\" alt=\"Casiola vacation homes\" loading=\"lazy\" srcset=\"https:\/\/join.casiola.com\/wp-content\/uploads\/2019\/03\/superhost-interior.jpg 1000w, https:\/\/join.casiola.com\/wp-content\/uploads\/2019\/03\/superhost-interior-300x198.jpg 300w, https:\/\/join.casiola.com\/wp-content\/uploads\/2019\/03\/superhost-interior-600x396.jpg 600w, https:\/\/join.casiola.com\/wp-content\/uploads\/2019\/03\/superhost-interior-768x507.jpg 768w\" sizes=\"auto, (max-width: 1000px) 100vw, 1000px\" \/><\/div><\/div><div class=\"w-separator size_medium\"><\/div><div class=\"wpb_text_column\"><div class=\"wpb_wrapper\"><h2 style=\"text-align: center;\">O que \u00e9 um <strong>Airbnb Superhost<\/strong>?<\/h2>\n<p style=\"text-align: center;\"><span style=\"font-weight: 400;\">Os Superhosts do Airbnb provaram ser anfitri\u00f5es experientes que oferecem atendimento ao cliente de primeira linha e experi\u00eancias extraordin\u00e1rias aos h\u00f3spedes. Eles servem de exemplo para outros anfitri\u00f5es sobre o que um aluguel de temporada deve ser. Uma vez que um anfitri\u00e3o atinge o status de Superhost, um distintivo aparece em seus an\u00fancios e perfil para ajudar os h\u00f3spedes a identific\u00e1-los.<br \/>\n<\/span>Leia mais sobre <a href=\"https:\/\/www.airbnb.com\/\" target=\"_blank\" rel=\"noopener noreferrer\">Airbnb<\/a> e <a href=\"https:\/\/www.airbnb.com\/e\/superhost\" target=\"_blank\" rel=\"noopener noreferrer\">Airbnb Superhosts<\/a>.<\/p>\n<\/div><\/div><\/div><\/div><\/div><\/div><\/div><\/section><section class=\"l-section wpb_row height_medium\"><div class=\"l-section-h i-cf\"><div class=\"g-cols vc_row via_flex valign_top type_default stacking_default\"><div class=\"vc_col-sm-12 wpb_column vc_column_container\"><div class=\"vc_column-inner\"><div class=\"wpb_wrapper\"><div class=\"w-image align_center us_animate_afb\"><div class=\"w-image-h\"><img decoding=\"async\" width=\"227\" height=\"227\" src=\"https:\/\/join.casiola.com\/wp-content\/uploads\/2017\/06\/airbnb.png\" class=\"attachment-medium size-medium\" alt=\"airbnb\" loading=\"lazy\" srcset=\"https:\/\/join.casiola.com\/wp-content\/uploads\/2017\/06\/airbnb.png 227w, https:\/\/join.casiola.com\/wp-content\/uploads\/2017\/06\/airbnb-150x150.png 150w\" sizes=\"auto, (max-width: 227px) 100vw, 227px\" \/><\/div><\/div><div class=\"w-separator size_small\"><\/div><div class=\"wpb_text_column\"><div class=\"wpb_wrapper\"><h2 style=\"text-align: center;\">N\u00e3o tem uma <strong>conta Airbnb<\/strong>?<\/h2>\n<p><span style=\"font-weight: 400;\">N\u00e3o se preocupe! A Casiola gerencia tudo para voc\u00ea atrav\u00e9s do Airbnb, configurando seu an\u00fancio em um dia. <\/span>N\u00e3o deixe de conferir no<a href=\"https:\/\/www.airbnb.com\" target=\"_blank\" rel=\"noopener noreferrer\"> site do Airbnb<\/a>!<\/p>\n<\/div><\/div><\/div><\/div><\/div><\/div><\/div><\/section><section class=\"l-section wpb_row height_medium color_alternate\"><div class=\"l-section-h i-cf\"><div class=\"g-cols vc_row via_flex valign_top type_default stacking_default\"><div class=\"vc_col-sm-12 wpb_column vc_column_container\"><div class=\"vc_column-inner\"><div class=\"wpb_wrapper\"><div class=\"wpb_text_column\"><div class=\"wpb_wrapper\"><h2 style=\"text-align: center;\"><span style=\"font-weight: 400;\">Nossas parcerias com as melhores marcas do setor significam <strong>maior ROI para voc\u00ea!<\/strong><\/span><\/h2>\n<p style=\"text-align: center;\"><a href=\"https:\/\/join.casiola.com\/pt-br\/parcerias-estrategicas\/\">Saiba mais sobre nossas parcerias estrat\u00e9gicas aqui<\/a><\/p>\n<\/div><\/div><\/div><\/div><\/div><\/div><\/div><\/section><section class=\"l-section wpb_row height_medium color_primary\"><div class=\"l-section-h i-cf\"><div class=\"g-cols vc_row via_flex valign_top type_default stacking_default\"><div class=\"vc_col-sm-12 wpb_column vc_column_container\"><div class=\"vc_column-inner\"><div class=\"wpb_wrapper\"><div class=\"w-actionbox color_primary controls_right\"><div class=\"w-actionbox-text\"><h2 class=\"w-actionbox-title\">Junte-se \u00e0 Casiola hoje<\/h2><div class=\"w-actionbox-description\"><p>Leva apenas alguns minutos!<\/p>\n<\/div><\/div><div class=\"w-actionbox-controls\"><a class=\"w-btn us-btn-style_4\" href=\"https:\/\/join.casiola.com\/pt-br\/junte-se-a-nos\/\"><span class=\"w-btn-label\">Junte-se a n\u00f3s<\/span><\/a><\/div><\/div><\/div><\/div><\/div><\/div><\/div><\/section>\n","protected":false},"excerpt":{"rendered":"Deixe&nbsp;nossa&nbsp;experi&ecirc;ncia&nbsp;trabalhar&nbsp;para&nbsp;voc&ecirc;!Airbnb Superhost: hospedagem Airbnb simplificada Sua casa, nossa hospitalidadeEst\u00e1 se sentindo sobrecarregado? Deixe a log\u00edstica e o atendimento ao h\u00f3spede conosco. Envolva-se ou delegue o quanto quiser! Experi\u00eancia com AirbnbA designa\u00e7\u00e3o de Superhosts do Airbnb mostra que conhecemos os h\u00f3spedes! Entendemos o que os h\u00f3spedes procuram ao viajar e sabemos como atrair esses h\u00f3spedes para...","protected":false},"author":1,"featured_media":0,"parent":0,"menu_order":0,"comment_status":"closed","ping_status":"closed","template":"","meta":{"_acf_changed":false,"footnotes":""},"categories":[169],"tags":[],"class_list":["post-20981","page","type-page","status-publish","hentry","category-servicos"],"acf":{"destination-email":"","destination_hero":false},"_links":{"self":[{"href":"https:\/\/join.casiola.com\/pt-br\/wp-json\/wp\/v2\/pages\/20981","targetHints":{"allow":["GET"]}}],"collection":[{"href":"https:\/\/join.casiola.com\/pt-br\/wp-json\/wp\/v2\/pages"}],"about":[{"href":"https:\/\/join.casiola.com\/pt-br\/wp-json\/wp\/v2\/types\/page"}],"author":[{"embeddable":true,"href":"https:\/\/join.casiola.com\/pt-br\/wp-json\/wp\/v2\/users\/1"}],"replies":[{"embeddable":true,"href":"https:\/\/join.casiola.com\/pt-br\/wp-json\/wp\/v2\/comments?post=20981"}],"version-history":[{"count":7,"href":"https:\/\/join.casiola.com\/pt-br\/wp-json\/wp\/v2\/pages\/20981\/revisions"}],"predecessor-version":[{"id":26941,"href":"https:\/\/join.casiola.com\/pt-br\/wp-json\/wp\/v2\/pages\/20981\/revisions\/26941"}],"wp:attachment":[{"href":"https:\/\/join.casiola.com\/pt-br\/wp-json\/wp\/v2\/media?parent=20981"}],"wp:term":[{"taxonomy":"category","embeddable":true,"href":"https:\/\/join.casiola.com\/pt-br\/wp-json\/wp\/v2\/categories?post=20981"},{"taxonomy":"post_tag","embeddable":true,"href":"https:\/\/join.casiola.com\/pt-br\/wp-json\/wp\/v2\/tags?post=20981"}],"curies":[{"name":"wp","href":"https:\/\/api.w.org\/{rel}","templated":true}]}}