{"id":23652,"date":"2018-05-23T10:46:54","date_gmt":"2018-05-23T10:46:54","guid":{"rendered":"https:\/\/join.casiola.com\/resort-solterra-2\/"},"modified":"2025-11-05T20:06:37","modified_gmt":"2025-11-05T20:06:37","slug":"resort-solterra-2","status":"publish","type":"page","link":"https:\/\/join.casiola.com\/pt-br\/resort-solterra-2\/","title":{"rendered":"Resort Solterra"},"content":{"rendered":"<section class=\"l-section wpb_row height_small with_img\"><div class=\"l-section-img\" role=\"img\" aria-label=\"Casiola no Solterra Resort\" data-img-width=\"2560\" data-img-height=\"924\" style=\"background-image: url(https:\/\/join.casiola.com\/wp-content\/uploads\/2017\/09\/soltera-scaled.jpg);\"><\/div><div class=\"l-section-h i-cf\"><div class=\"g-cols vc_row via_flex valign_bottom type_default stacking_default\"><div class=\"vc_col-sm-12 wpb_column vc_column_container\"><div class=\"vc_column-inner\"><div class=\"wpb_wrapper\"><div class=\"w-image align_center us_animate_aft\" style=\"animation-delay:1s\"><div class=\"w-image-h\"><img decoding=\"async\" width=\"360\" height=\"360\" src=\"https:\/\/join.casiola.com\/wp-content\/uploads\/2017\/11\/landing-solterra-logo-1.png\" class=\"attachment-full size-full\" alt=\"Solterre Resort by Casiola vacation homes\" loading=\"lazy\" srcset=\"https:\/\/join.casiola.com\/wp-content\/uploads\/2017\/11\/landing-solterra-logo-1.png 360w, https:\/\/join.casiola.com\/wp-content\/uploads\/2017\/11\/landing-solterra-logo-1-300x300.png 300w, https:\/\/join.casiola.com\/wp-content\/uploads\/2017\/11\/landing-solterra-logo-1-150x150.png 150w, https:\/\/join.casiola.com\/wp-content\/uploads\/2017\/11\/landing-solterra-logo-1-350x350.png 350w\" sizes=\"auto, (max-width: 360px) 100vw, 360px\" \/><\/div><\/div><\/div><\/div><\/div><\/div><\/div><\/section><section class=\"l-section wpb_row height_auto\"><div class=\"l-section-h i-cf\"><div class=\"g-cols vc_row via_flex valign_middle type_default stacking_default\"><div class=\"vc_col-sm-6 wpb_column vc_column_container\"><div class=\"vc_column-inner\"><div class=\"wpb_wrapper\"><div class=\"w-separator size_large\"><\/div><div class=\"wpb_text_column\"><div class=\"wpb_wrapper\"><h2>Junte-se \u00e0 empresa de administra\u00e7\u00e3o de im\u00f3veis que <strong>mais cresce no Resort Solterra<\/strong><\/h2>\n<\/div><\/div><div class=\"w-separator size_large\"><\/div><div class=\"wpb_text_column\"><div class=\"wpb_wrapper\"><h5 style=\"text-align: right;\"><span style=\"color: #ff0099;\">Gabriela<\/span> \u2013 Gerente de Apoio ao Propriet\u00e1rio<\/h5>\n<\/div><\/div><\/div><\/div><\/div><div class=\"vc_col-sm-6 wpb_column vc_column_container\"><div class=\"vc_column-inner\"><div class=\"wpb_wrapper\"><div class=\"w-separator size_large\"><\/div><div class=\"w-image align_none us_animate_afr\"><div class=\"w-image-h\"><img decoding=\"async\" width=\"1132\" height=\"1138\" src=\"https:\/\/join.casiola.com\/wp-content\/uploads\/2017\/11\/landing-LL-2-1.jpg\" class=\"attachment-full size-full\" alt=\"casiola team members\" loading=\"lazy\" srcset=\"https:\/\/join.casiola.com\/wp-content\/uploads\/2017\/11\/landing-LL-2-1.jpg 1132w, https:\/\/join.casiola.com\/wp-content\/uploads\/2017\/11\/landing-LL-2-1-298x300.jpg 298w, https:\/\/join.casiola.com\/wp-content\/uploads\/2017\/11\/landing-LL-2-1-1019x1024.jpg 1019w, https:\/\/join.casiola.com\/wp-content\/uploads\/2017\/11\/landing-LL-2-1-150x150.jpg 150w, https:\/\/join.casiola.com\/wp-content\/uploads\/2017\/11\/landing-LL-2-1-600x603.jpg 600w, https:\/\/join.casiola.com\/wp-content\/uploads\/2017\/11\/landing-LL-2-1-768x772.jpg 768w\" sizes=\"auto, (max-width: 1132px) 100vw, 1132px\" \/><\/div><\/div><\/div><\/div><\/div><\/div><\/div><\/section><section class=\"l-section wpb_row height_medium color_alternate\"><div class=\"l-section-h i-cf\"><div class=\"g-cols vc_row via_flex valign_top type_default stacking_default\"><div class=\"vc_col-sm-12 wpb_column vc_column_container\"><div class=\"vc_column-inner\"><div class=\"wpb_wrapper\"><div class=\"g-cols wpb_row via_flex valign_top type_default stacking_default\"><div class=\"vc_col-sm-8 wpb_column vc_column_container\"><div class=\"vc_column-inner\"><div class=\"wpb_wrapper\"><div class=\"w-separator size_small\"><\/div><div class=\"wpb_text_column\"><div class=\"wpb_wrapper\"><div class=\"wpb_text_column \">\n<div class=\"wpb_wrapper\">\n<h3>Conhecemos o <strong>Resort Solterra<\/strong> como ningu\u00e9m<\/h3>\n<\/div>\n<\/div>\n<\/div><\/div><div class=\"w-separator size_small\"><\/div><div class=\"wpb_text_column\"><div class=\"wpb_wrapper\"><p>Chegue a todos os pontos mais populares de Orlando em minutos, ao se hospedar no Solterra Resort! Ele est\u00e1 convenientemente localizado na Solterra Blvd em Davenport, FL. O Solterra atrai instantaneamente turistas que desejam ter uma loca\u00e7\u00e3o relaxante, tranquila e sossegada.  <\/p>\n<p>N\u00e3o precisamos dizer que as propriedades da Casiola no Solterra Resort est\u00e3o em alta demanda. Possu\u00edmos reservas consistentes nesta propriedade, devido \u00e0 nossa estrat\u00e9gia de precifica\u00e7\u00e3o din\u00e2mica e planos de marketing de cair o queixo. Estruturamos esses planos de marketing para que sua listagem de alugu\u00e9is atinja mais pessoas, aumente o n\u00famero de reservas e gere mais receita de aluguel.<\/p>\n<\/div><\/div><div class=\"w-separator size_medium\"><\/div><div class=\"w-iconbox iconpos_left style_circle color_primary align_left no_text\"><a target=\" _blank\" href=\"https:\/\/www.google.be\/maps\/place\/Vista+Cay+Resort+by+Casiola\/@28.4289241,-81.4485972,17z\/data=!4m12!1m6!3m5!1s0x88e77e6a953055fd:0xc7e5016016f4a916!2sVista+Cay+Resort+by+Casiola!8m2!3d28.4287051!4d-81.4487111!3m4!1s0x88e77e6a953055fd:0xc7e5016016f4a916!8m2!3d28.4287051!4d-81.4487111\" class=\"w-iconbox-link\" aria-label=\"5200 Solterra Blvd, Davenport, FL 33837, EUA\" rel=\"noopener\"><div class=\"w-iconbox-icon\" style=\"font-size:75%;\"><i class=\"fas fa-map-marker-alt\"><\/i><\/div><\/a><div class=\"w-iconbox-meta\"><h3 class=\"w-iconbox-title\" style=\"font-size:20px;\"><a target=\" _blank\" href=\"https:\/\/www.google.be\/maps\/place\/Vista+Cay+Resort+by+Casiola\/@28.4289241,-81.4485972,17z\/data=!4m12!1m6!3m5!1s0x88e77e6a953055fd:0xc7e5016016f4a916!2sVista+Cay+Resort+by+Casiola!8m2!3d28.4287051!4d-81.4487111!3m4!1s0x88e77e6a953055fd:0xc7e5016016f4a916!8m2!3d28.4287051!4d-81.4487111\" class=\"w-iconbox-link\" aria-label=\"5200 Solterra Blvd, Davenport, FL 33837, EUA\" rel=\"noopener\">5200 Solterra Blvd, Davenport, FL 33837, EUA<\/a><\/h3><\/div><\/div><\/div><\/div><\/div><div class=\"vc_col-sm-4 wpb_column vc_column_container has_bg_color\"><div class=\"vc_column-inner us_custom_4fb9e5a3\"><div class=\"wpb_wrapper\"><div class=\"wpb_text_column\"><div class=\"wpb_wrapper\"><h4><strong>Descubra o que voc\u00ea poderia ganhar <\/strong><\/h4>\n<p>.color_alternate select, .color_alternate input {background-color:#F4F4F4;} .color_alternate input[type=&#8221;submit&#8221;]{color:#FFFFFF;}<\/p>\n<\/div><\/div><div class=\"wpb_text_column\"><div class=\"wpb_wrapper\"><p>[mautic type=&#8221;form&#8221; id=&#8221;36&#8243;]<\/p>\n<\/div><\/div><\/div><\/div><\/div><\/div><\/div><\/div><\/div><\/div><\/div><\/section><section class=\"l-section wpb_row height_auto color_primary\"><div class=\"l-section-h i-cf\"><div class=\"g-cols vc_row via_flex valign_bottom type_default stacking_default\"><div class=\"vc_col-sm-6 wpb_column vc_column_container\"><div class=\"vc_column-inner\"><div class=\"wpb_wrapper\"><div class=\"w-separator size_medium\"><\/div><div class=\"w-image align_center us_animate_afl\"><div class=\"w-image-h\"><img decoding=\"async\" width=\"300\" height=\"237\" src=\"https:\/\/join.casiola.com\/wp-content\/uploads\/2019\/02\/myCasiola-logo-shadow-1-300x237.png\" class=\"attachment-medium size-medium\" alt=\"myCasiola-logo-shadow\" loading=\"lazy\" srcset=\"https:\/\/join.casiola.com\/wp-content\/uploads\/2019\/02\/myCasiola-logo-shadow-1-300x237.png 300w, https:\/\/join.casiola.com\/wp-content\/uploads\/2019\/02\/myCasiola-logo-shadow-1.png 337w\" sizes=\"auto, (max-width: 300px) 100vw, 300px\" \/><\/div><\/div><div class=\"wpb_text_column\"><div class=\"wpb_wrapper\"><h2 style=\"text-align: center;\">NOVO!<br \/>\nPainel de controle das propriedades em tempo real.<\/h2>\n<h4 style=\"text-align: center;\">Tudo est\u00e1 acontecendo em sua casa de f\u00e9rias em tempo real.<br \/>\nGR\u00c1TIS para todos os propriet\u00e1rios Casiola.<\/h4>\n<\/div><\/div><div class=\"w-btn-wrapper align_center\"><a class=\"w-btn us-btn-style_1\" href=\"https:\/\/join.casiola.com\/mycasiola-painel-de-propriedades-gratis\/?lang=pt-br\"><span class=\"w-btn-label\">Leia mais<\/span><\/a><\/div><div class=\"w-separator size_medium\"><\/div><\/div><\/div><\/div><div class=\"vc_col-sm-6 wpb_column vc_column_container\"><div class=\"vc_column-inner\"><div class=\"wpb_wrapper\"><div class=\"w-image align_none us_animate_afr\" style=\"animation-delay:0.4s\"><div class=\"w-image-h\"><img decoding=\"async\" width=\"922\" height=\"911\" src=\"https:\/\/join.casiola.com\/wp-content\/uploads\/2019\/01\/dashboard-nonotch-cropped.png\" class=\"attachment-large size-large\" alt=\"dashboard-nonotch-cropped\" loading=\"lazy\" srcset=\"https:\/\/join.casiola.com\/wp-content\/uploads\/2019\/01\/dashboard-nonotch-cropped.png 922w, https:\/\/join.casiola.com\/wp-content\/uploads\/2019\/01\/dashboard-nonotch-cropped-300x296.png 300w, https:\/\/join.casiola.com\/wp-content\/uploads\/2019\/01\/dashboard-nonotch-cropped-600x593.png 600w, https:\/\/join.casiola.com\/wp-content\/uploads\/2019\/01\/dashboard-nonotch-cropped-768x759.png 768w\" sizes=\"auto, (max-width: 922px) 100vw, 922px\" \/><\/div><\/div><\/div><\/div><\/div><\/div><\/div><\/section><section class=\"l-section wpb_row height_auto\"><div class=\"l-section-h i-cf\"><div class=\"g-cols vc_row via_flex valign_top type_default stacking_default\"><div class=\"vc_col-sm-4 wpb_column vc_column_container\"><div class=\"vc_column-inner\"><div class=\"wpb_wrapper\"><div class=\"w-separator size_medium\"><\/div><div class=\"w-image align_none us_animate_afl\"><div class=\"w-image-h\"><img decoding=\"async\" width=\"1000\" height=\"1613\" src=\"https:\/\/join.casiola.com\/wp-content\/uploads\/2017\/11\/landing-LR-1.jpg\" class=\"attachment-full size-full\" alt=\"Casiola vacation homes\" loading=\"lazy\" srcset=\"https:\/\/join.casiola.com\/wp-content\/uploads\/2017\/11\/landing-LR-1.jpg 1000w, https:\/\/join.casiola.com\/wp-content\/uploads\/2017\/11\/landing-LR-1-186x300.jpg 186w, https:\/\/join.casiola.com\/wp-content\/uploads\/2017\/11\/landing-LR-1-635x1024.jpg 635w, https:\/\/join.casiola.com\/wp-content\/uploads\/2017\/11\/landing-LR-1-600x968.jpg 600w, https:\/\/join.casiola.com\/wp-content\/uploads\/2017\/11\/landing-LR-1-768x1239.jpg 768w\" sizes=\"auto, (max-width: 1000px) 100vw, 1000px\" \/><\/div><\/div><\/div><\/div><\/div><div class=\"vc_col-sm-8 wpb_column vc_column_container\"><div class=\"vc_column-inner\"><div class=\"wpb_wrapper\"><div class=\"w-separator size_huge\"><\/div><div class=\"wpb_text_column\"><div class=\"wpb_wrapper\"><h3><strong>Dois<\/strong> objetivos <strong>planos de pre\u00e7o<\/strong><\/h3>\n<\/div><\/div><div class=\"wpb_text_column\"><div class=\"wpb_wrapper\"><div class=\"wpb_text_column \">\n<div class=\"wpb_wrapper\">A Casiola oferece dois planos de pre\u00e7o objetivos: tenha sua renda com base na <strong>receita<\/strong> que sua propriedade produz ou opte pela <strong>renda mensal 100% garantida.<\/strong> Escolha o plano ideal para voc\u00ea!<\/div>\n<\/div>\n<\/div><\/div><div class=\"w-separator size_small\"><\/div><div class=\"w-message us_custom_c2161654 has_text_color color_custom with_icon\"><div class=\"w-message-icon\"><i class=\"fas fa-chart-line\"><\/i><\/div><div class=\"w-message-body\"><p><span style=\"font-size: 24px;\"><b><a href=\"https:\/\/join.casiola.com\/pt-br\/precos\/\">Rendimento baseado em performance<\/a><\/b><\/span> N\u00f3s administramos seu im\u00f3vel completamente, por uma pequena <b>comiss\u00e3o de 20%<\/b>.<\/p>\n<\/div><\/div><div class=\"w-message us_custom_c2161654 has_text_color color_custom with_icon\"><div class=\"w-message-icon\"><i class=\"fas fa-shield-alt\"><\/i><\/div><div class=\"w-message-body\"><p><span style=\"font-size: 24px;\"><b><a href=\"https:\/\/join.casiola.com\/pt-br\/precos\/\">Rendimento 100% Garantido<\/a><\/b><\/span> N\u00f3s administramos seu im\u00f3vel completamente, e voc\u00ea recebe o mesmo rendimento todo m\u00eas.<\/p>\n<\/div><\/div><div class=\"wpb_text_column\"><div class=\"wpb_wrapper\"><p><a href=\"https:\/\/join.casiola.com\/pt-br\/precos\/\">Conhe\u00e7a mais a respeito de nossos dois planos de pre\u00e7o.<\/a><\/p>\n<\/div><\/div><div class=\"w-separator size_medium\"><\/div><div class=\"wpb_text_column\"><div class=\"wpb_wrapper\"><h6 style=\"text-align: left;\"><span style=\"color: #ff0099;\">Takia<\/span> \u2013 Gerente de Cuidados \u00e0 Propriedade<\/h6>\n<\/div><\/div><\/div><\/div><\/div><\/div><\/div><\/section><section class=\"l-section wpb_row height_medium color_alternate\" id=\"Advantages\"><div class=\"l-section-h i-cf\"><div class=\"g-cols vc_row via_flex valign_top type_default stacking_default\"><div class=\"vc_col-sm-12 wpb_column vc_column_container\"><div class=\"vc_column-inner\"><div class=\"wpb_wrapper\"><div class=\"g-cols wpb_row via_flex valign_top type_default stacking_default\"><div class=\"vc_col-sm-12 wpb_column vc_column_container\"><div class=\"vc_column-inner\"><div class=\"wpb_wrapper\"><div class=\"wpb_text_column\"><div class=\"wpb_wrapper\"><h3 class=\"title\" style=\"text-align: center;\"><strong>Servi\u00e7o completo de administra\u00e7\u00e3o<\/strong> de casas de f\u00e9rias. N\u00f3s cuidamos de todos os aspectos da sua casa de f\u00e9rias no <strong>Solterra<\/strong>.<\/h3>\n<\/div><\/div><\/div><\/div><\/div><\/div><div class=\"w-separator size_medium\"><\/div><div class=\"g-cols wpb_row via_flex valign_top type_default stacking_default\"><div class=\"vc_col-sm-3 wpb_column vc_column_container\"><div class=\"vc_column-inner\"><div class=\"wpb_wrapper\"><div class=\"w-iconbox iconpos_top style_outlined color_primary align_center\"><a href=\"https:\/\/join.casiola.com\/pt-br\/servicos\/marketing-poderoso\/\" class=\"w-iconbox-link\" aria-label=\"Marketing poderoso\"><div class=\"w-iconbox-icon\" style=\"font-size:2rem;\"><i class=\"far fa-chart-bar\"><\/i><\/div><\/a><div class=\"w-iconbox-meta\"><h4 class=\"w-iconbox-title\"><a href=\"https:\/\/join.casiola.com\/pt-br\/servicos\/marketing-poderoso\/\" class=\"w-iconbox-link\" aria-label=\"Marketing poderoso\">Marketing poderoso<\/a><\/h4><div class=\"w-iconbox-text\"><p>Criamos listagens de destaque, pesquisamos e definimos as melhores taxas de pernoite, e publicamos nas maiores plataformas.<\/p>\n<\/div><\/div><\/div><\/div><\/div><\/div><div class=\"vc_col-sm-3 wpb_column vc_column_container\"><div class=\"vc_column-inner\"><div class=\"wpb_wrapper\"><div class=\"w-iconbox iconpos_top style_outlined color_primary align_center\"><a href=\"https:\/\/join.casiola.com\/pt-br\/servicos\/precos-dinamicos\/\" class=\"w-iconbox-link\" aria-label=\"Mais reservas\"><div class=\"w-iconbox-icon\" style=\"font-size:2rem;\"><i class=\"fas fa-calendar-alt\"><\/i><\/div><\/a><div class=\"w-iconbox-meta\"><h4 class=\"w-iconbox-title\"><a href=\"https:\/\/join.casiola.com\/pt-br\/servicos\/precos-dinamicos\/\" class=\"w-iconbox-link\" aria-label=\"Mais reservas\">Mais reservas<\/a><\/h4><div class=\"w-iconbox-text\"><p>Respondemos rapidamente a todas as solicita\u00e7\u00f5es de reserva e atra\u00edmos os h\u00f3spedes certos para seu im\u00f3vel.<\/p>\n<\/div><\/div><\/div><\/div><\/div><\/div><div class=\"vc_col-sm-3 wpb_column vc_column_container\"><div class=\"vc_column-inner\"><div class=\"wpb_wrapper\"><div class=\"w-iconbox iconpos_top style_outlined color_primary align_center\"><a href=\"https:\/\/join.casiola.com\/pt-br\/servicos\/servicos-para-hospedes\/\" class=\"w-iconbox-link\" aria-label=\"Suporte ao h\u00f3spede 24\/7\"><div class=\"w-iconbox-icon\" style=\"font-size:2rem;\"><i class=\"fas fa-users\"><\/i><\/div><\/a><div class=\"w-iconbox-meta\"><h4 class=\"w-iconbox-title\"><a href=\"https:\/\/join.casiola.com\/pt-br\/servicos\/servicos-para-hospedes\/\" class=\"w-iconbox-link\" aria-label=\"Suporte ao h\u00f3spede 24\/7\">Suporte ao h\u00f3spede 24\/7<\/a><\/h4><div class=\"w-iconbox-text\"><p>Cuidamos de seus h\u00f3spedes 24 horas por dia, 7 dias por semana, para garantir uma excelente estadia e \u00f3timas avalia\u00e7\u00f5es.<\/p>\n<\/div><\/div><\/div><\/div><\/div><\/div><div class=\"vc_col-sm-3 wpb_column vc_column_container\"><div class=\"vc_column-inner\"><div class=\"wpb_wrapper\"><div class=\"w-iconbox iconpos_top style_outlined color_primary align_center\"><a href=\"https:\/\/join.casiola.com\/pt-br\/servicos\/cuidado-com-a-propriedade\/\" class=\"w-iconbox-link\" aria-label=\"Cuidados \u00e0 Propriedade 5 estrelas\"><div class=\"w-iconbox-icon\" style=\"font-size:2rem;\"><i class=\"fas fa-wrench\"><\/i><\/div><\/a><div class=\"w-iconbox-meta\"><h4 class=\"w-iconbox-title\"><a href=\"https:\/\/join.casiola.com\/pt-br\/servicos\/cuidado-com-a-propriedade\/\" class=\"w-iconbox-link\" aria-label=\"Cuidados \u00e0 Propriedade 5 estrelas\">Cuidados \u00e0 Propriedade 5 estrelas<\/a><\/h4><div class=\"w-iconbox-text\"><p>Vamos cuidar muito bem de sua propriedade e resolver rapidamente quaisquer problemas ou manuten\u00e7\u00f5es que possam surgir.<\/p>\n<\/div><\/div><\/div><\/div><\/div><\/div><\/div><div class=\"w-separator size_medium\"><\/div><div class=\"w-btn-wrapper align_center\"><a class=\"w-btn us-btn-style_6\" href=\"https:\/\/join.casiola.com\/junte-se\/?lang=pt-br\"><span class=\"w-btn-label\">Junte-se agora!<\/span><\/a><\/div><\/div><\/div><\/div><\/div><\/div><\/section><section class=\"l-section wpb_row height_medium\"><div class=\"l-section-h i-cf\"><div class=\"g-cols vc_row via_flex valign_top type_default stacking_default\"><div class=\"vc_col-sm-6 wpb_column vc_column_container\"><div class=\"vc_column-inner\"><div class=\"wpb_wrapper\"><div class=\"wpb_text_column\"><div class=\"wpb_wrapper\"><h3 style=\"text-align: left;\">O que nossos propriet\u00e1rios falam sobre a <strong>Casiola<\/strong><\/h3>\n<\/div><\/div><div class=\"w-separator size_small\"><\/div><div class=\"w-grid us_carousel type_carousel layout_testimonial_6 hidden preload_style_spinner\" id=\"us_grid_1\"><style>.layout_testimonial_6 .w-grid-item-h{}.layout_testimonial_6 .usg_hwrapper_1{padding-top:1.5rem!important;padding-right:2.5rem!important;padding-left:2.5rem!important}.layout_testimonial_6 .usg_post_image_1{width:4rem!important;margin-left:0!important;margin-right:1rem!important}.layout_testimonial_6 .usg_post_custom_field_1{font-weight:700!important;line-height:1.5!important;margin-bottom:0!important}.layout_testimonial_6 .usg_post_custom_field_2{color:var(--color-content-faded)!important;font-size:0.9rem!important;line-height:1.5!important}.layout_testimonial_6 .usg_vwrapper_2{color:var(--color-content-text)!important;border-radius:0.3rem!important;background:var(--color-content-bg-alt)!important;padding:2rem 2.5rem 2rem 2.5rem!important}.layout_testimonial_6 .usg_post_custom_field_3{color:#fb0!important}<\/style><div class=\"w-grid-list owl-carousel valign_stretch dotstyle_circle navstyle_circle arrows-ver-pos_middle arrows-hor-pos_on_sides_outside arrows-disabled_hide owl-responsive-2000 with_dots\" style=\"--transition-duration:350ms;\"><\/div><div class=\"w-grid-carousel-json hidden\" onclick='return {&quot;carousel_settings&quot;:{&quot;aria_labels&quot;:{&quot;prev&quot;:&quot;Anterior&quot;,&quot;next&quot;:&quot;Seguinte&quot;},&quot;autoplayContinual&quot;:false,&quot;autoplayHoverPause&quot;:false,&quot;autoplayTimeout&quot;:3000,&quot;autoWidth&quot;:false,&quot;smartSpeed&quot;:350,&quot;margin&quot;:0,&quot;mouseDrag&quot;:true,&quot;rtl&quot;:false,&quot;slideBy&quot;:&quot;1&quot;,&quot;touchDrag&quot;:true,&quot;slideTransition&quot;:&quot;&quot;,&quot;responsive&quot;:{&quot;0&quot;:{&quot;autoHeight&quot;:false,&quot;autoplay&quot;:false,&quot;autoWidth&quot;:false,&quot;center&quot;:false,&quot;dots&quot;:false,&quot;items&quot;:1,&quot;loop&quot;:false,&quot;nav&quot;:false,&quot;stagePadding&quot;:0,&quot;slideBy&quot;:&quot;1&quot;},&quot;601&quot;:{&quot;items&quot;:1,&quot;autoplay&quot;:false,&quot;center&quot;:false,&quot;dots&quot;:true,&quot;nav&quot;:false,&quot;autoHeight&quot;:false,&quot;autoWidth&quot;:false,&quot;loop&quot;:false,&quot;stagePadding&quot;:0}}}}'><\/div><\/div><div class=\"w-grid-none type_message\">Nenhum resultado encontrado.<\/div><\/div><\/div><\/div><div class=\"vc_col-sm-6 wpb_column vc_column_container\"><div class=\"vc_column-inner\"><div class=\"wpb_wrapper\"><div class=\"wpb_text_column\"><div class=\"wpb_wrapper\"><h3>Anunciamos sua casa de f\u00e9rias <strong>nos maiores sites de reserva do mundo<\/strong><\/h3>\n<\/div><\/div><div class=\"w-grid us_grid items_valign_center type_grid layout_13346 cols_3 preload_style_spinner\" id=\"us_grid_2\" style=\"--columns:3;\" data-filterable=\"true\"><style>@media (max-width:1024px){#us_grid_2{--columns:2!important}}@media (max-width:600px){#us_grid_2{--columns:1!important}}.layout_13346 .w-grid-item-h{}.layout_13346 .usg_post_image_1{border-radius:0.3rem!important}<\/style><div class=\"w-grid-list\">\t<article class=\"w-grid-item size_1x1 post-24342 attachment type-attachment status-inherit hentry\" data-id=\"24342\">\r\n\t\t<div class=\"w-grid-item-h\">\r\n\t\t\t\t\t\t<div class=\"w-post-elm post_image usg_post_image_1 stretched\"><img loading=\"lazy\" decoding=\"async\" width=\"240\" height=\"130\" src=\"https:\/\/join.casiola.com\/wp-content\/uploads\/2017\/11\/landing-more-dots.png\" class=\"attachment-medium size-medium\" alt=\"Casiola vacation homes\" \/><\/div>\t\t<\/div>\r\n\t\t\t<\/article>\r\n<\/div>\t<div class=\"w-grid-preloader\">\r\n\t\t<div class=\"g-preloader type_1\">\r\n\t\t\t<div><\/div>\r\n\t\t<\/div>\r\n\t<\/div>\r\n\t\t<div class=\"w-grid-json hidden\" onclick='return {&quot;action&quot;:&quot;us_ajax_grid&quot;,&quot;infinite_scroll&quot;:0,&quot;max_num_pages&quot;:1,&quot;pagination&quot;:&quot;none&quot;,&quot;template_vars&quot;:{&quot;columns&quot;:&quot;3&quot;,&quot;exclude_items&quot;:&quot;none&quot;,&quot;img_size&quot;:&quot;medium&quot;,&quot;ignore_items_size&quot;:0,&quot;items_layout&quot;:&quot;13346&quot;,&quot;items_offset&quot;:&quot;1&quot;,&quot;load_animation&quot;:&quot;none&quot;,&quot;overriding_link&quot;:&quot;{\\&quot;url\\&quot;:\\&quot;\\&quot;}&quot;,&quot;post_id&quot;:0,&quot;query_args&quot;:{&quot;post_type&quot;:[&quot;attachment&quot;],&quot;post__in&quot;:[&quot;9477&quot;,&quot;9479&quot;,&quot;9484&quot;,&quot;9489&quot;,&quot;9485&quot;,&quot;9487&quot;,&quot;9482&quot;,&quot;9480&quot;,&quot;10315&quot;],&quot;post_status&quot;:&quot;inherit&quot;,&quot;post_mime_type&quot;:&quot;image&quot;,&quot;posts_per_page&quot;:999},&quot;orderby_query_args&quot;:{&quot;orderby&quot;:{&quot;date&quot;:&quot;DESC&quot;}},&quot;type&quot;:&quot;grid&quot;,&quot;us_grid_post_type&quot;:&quot;attachment&quot;,&quot;us_grid_ajax_index&quot;:2,&quot;us_grid_filter_query_string&quot;:null,&quot;us_grid_index&quot;:2,&quot;page_args&quot;:[],&quot;lang&quot;:&quot;pt-br&quot;}}'><\/div>\r\n\t<\/div><div class=\"wpb_text_column\"><div class=\"wpb_wrapper\"><p><a href=\"https:\/\/join.casiola.com\/servicos\/marketing-poderoso\/?lang=pt-br\">Descubra como a Casiola anuncia sua casa de f\u00e9rias.<\/a><\/p>\n<\/div><\/div><\/div><\/div><\/div><\/div><\/div><\/section><section class=\"l-section wpb_row height_medium color_primary\"><div class=\"l-section-h i-cf\"><div class=\"g-cols vc_row via_flex valign_top type_default stacking_default\"><div class=\"vc_col-sm-12 wpb_column vc_column_container\"><div class=\"vc_column-inner\"><div class=\"wpb_wrapper\"><div class=\"w-actionbox color_primary controls_right\"><div class=\"w-actionbox-text\"><h2 class=\"w-actionbox-title\" style=\"font-size:h3\">Casiola: administra\u00e7\u00e3o de casas de f\u00e9rias que voc\u00ea ir\u00e1 amar!<\/h2><\/div><div class=\"w-actionbox-controls\"><a class=\"w-btn us-btn-style_4\" href=\"https:\/\/join.casiola.com\/junte-se\/?lang=pt-br\" style=\"font-size:20;\"><span class=\"w-btn-label\">Junte-se a n\u00f3s agora!<\/span><\/a><\/div><\/div><\/div><\/div><\/div><\/div><\/div><\/section>\n","protected":false},"excerpt":{"rendered":"<p>Chegue a todos os pontos mais populares de Orlando em minutos, ao se hospedar no Solterra Resort! Ele est\u00e1 convenientemente localizado na Solterra Blvd em Davenport, FL. O Solterra atrai instantaneamente turistas que desejam ter&#8230;  <\/p>\n","protected":false},"author":1,"featured_media":23620,"parent":0,"menu_order":0,"comment_status":"closed","ping_status":"closed","template":"","meta":{"_acf_changed":false,"footnotes":""},"categories":[],"tags":[],"class_list":["post-23652","page","type-page","status-publish","has-post-thumbnail","hentry"],"acf":{"destination_name":null,"destination_slug":null,"destination-email":null,"destination_hero":null,"destination_copy":null,"advantages_title":null,"advantages_1":null,"advantages_2":null,"advantages_3":null,"advantages_4":null,"advantages_5":null,"advantages_6":null,"linen_program":null,"design_center":null,"guests_are_booking_title":null,"guests_are_booking_text":null,"hvm":null,"amex":null,"award_winning_company":null,"numbers_1":null,"numbers_2":null,"numbers_quote":null,"faq_1":null,"faq_1_response":null,"faq_2":null,"faq_2_response":null,"faq_3":null,"faq_3_response":null,"faq_4":null,"faq_4_response":null,"faq_5":null,"faq_5_response":null,"faq_6":null,"faq_6_response":null,"faq_7":null,"faq_7_response":null,"faq_8":null,"faq_8_response":null,"faq_9":null,"faq_9_response":null,"faq_10":null,"faq_10_response":null,"faq_11":null,"faq_11_response":null,"vacation_rental_manager_blog_title":null,"vacation_rental_manager_blog_text":null,"discover_all_casiola_destinations":null},"_links":{"self":[{"href":"https:\/\/join.casiola.com\/pt-br\/wp-json\/wp\/v2\/pages\/23652","targetHints":{"allow":["GET"]}}],"collection":[{"href":"https:\/\/join.casiola.com\/pt-br\/wp-json\/wp\/v2\/pages"}],"about":[{"href":"https:\/\/join.casiola.com\/pt-br\/wp-json\/wp\/v2\/types\/page"}],"author":[{"embeddable":true,"href":"https:\/\/join.casiola.com\/pt-br\/wp-json\/wp\/v2\/users\/1"}],"replies":[{"embeddable":true,"href":"https:\/\/join.casiola.com\/pt-br\/wp-json\/wp\/v2\/comments?post=23652"}],"version-history":[{"count":7,"href":"https:\/\/join.casiola.com\/pt-br\/wp-json\/wp\/v2\/pages\/23652\/revisions"}],"predecessor-version":[{"id":23666,"href":"https:\/\/join.casiola.com\/pt-br\/wp-json\/wp\/v2\/pages\/23652\/revisions\/23666"}],"wp:featuredmedia":[{"embeddable":true,"href":"https:\/\/join.casiola.com\/pt-br\/wp-json\/wp\/v2\/media\/23620"}],"wp:attachment":[{"href":"https:\/\/join.casiola.com\/pt-br\/wp-json\/wp\/v2\/media?parent=23652"}],"wp:term":[{"taxonomy":"category","embeddable":true,"href":"https:\/\/join.casiola.com\/pt-br\/wp-json\/wp\/v2\/categories?post=23652"},{"taxonomy":"post_tag","embeddable":true,"href":"https:\/\/join.casiola.com\/pt-br\/wp-json\/wp\/v2\/tags?post=23652"}],"curies":[{"name":"wp","href":"https:\/\/api.w.org\/{rel}","templated":true}]}}