{"id":23671,"date":"2017-09-14T08:29:40","date_gmt":"2017-09-14T08:29:40","guid":{"rendered":"https:\/\/join.casiola.com\/politica-de-privacidade\/"},"modified":"2025-11-06T15:38:36","modified_gmt":"2025-11-06T15:38:36","slug":"politica-de-privacidade","status":"publish","type":"page","link":"https:\/\/join.casiola.com\/pt-br\/politica-de-privacidade\/","title":{"rendered":"Pol\u00edtica de privacidade"},"content":{"rendered":"<section class=\"l-section wpb_row height_medium\"><div class=\"l-section-h i-cf\"><div class=\"g-cols vc_row via_flex valign_top type_default stacking_default\"><div class=\"vc_col-sm-12 wpb_column vc_column_container\"><div class=\"vc_column-inner\"><div class=\"wpb_wrapper\"><div class=\"wpb_text_column us_custom_14fc538c\"><div class=\"wpb_wrapper\"><p>Esta pol\u00edtica de privacidade foi compilada para melhor atender aqueles que est\u00e3o preocupados com a forma como suas &#8216;Informa\u00e7\u00f5es Pessoais Identific\u00e1veis&#8217; (PII) est\u00e3o sendo usadas online. PII, conforme descrito na lei de privacidade dos EUA e seguran\u00e7a da informa\u00e7\u00e3o, s\u00e3o informa\u00e7\u00f5es que podem ser usadas por si s\u00f3 ou com outras informa\u00e7\u00f5es para identificar, contatar ou localizar uma \u00fanica pessoa, ou para identificar um indiv\u00edduo no contexto. Por favor, leia nossa pol\u00edtica de privacidade cuidadosamente para obter uma compreens\u00e3o clara de como coletamos, usamos, protegemos ou de outra forma lidamos com suas Informa\u00e7\u00f5es Pessoais Identific\u00e1veis de acordo com nosso site.<\/p>\n<\/div><\/div><div class=\"w-separator size_medium\"><\/div><div class=\"wpb_text_column\"><div class=\"wpb_wrapper\"><div><strong style=\"font-family: -apple-system, BlinkMacSystemFont, 'Segoe UI', Roboto, Oxygen-Sans, Ubuntu, Cantarell, 'Helvetica Neue', sans-serif;\">Quais informa\u00e7\u00f5es pessoais coletamos das pessoas que visitam nosso blog, site ou aplicativo?<\/strong><\/div>\n<div id=\"ppBody\">\n<div class=\"innerText\">Ao fazer um pedido ou se registrar em nosso site, conforme apropriado, voc\u00ea pode ser solicitado a inserir seu nome, endere\u00e7o de e-mail, endere\u00e7o postal, n\u00famero de telefone, informa\u00e7\u00f5es de cart\u00e3o de cr\u00e9dito, prefer\u00eancias pessoais ou outros detalhes para ajud\u00e1-lo com sua experi\u00eancia.<\/div>\n<div><\/div>\n<div class=\"grayText\"><strong>Quando coletamos informa\u00e7\u00f5es?<\/strong><\/div>\n<div class=\"innerText\">Coletamos informa\u00e7\u00f5es de voc\u00ea quando voc\u00ea se registra em nosso site, faz um pedido, se inscreve em uma newsletter, responde a uma pesquisa, preenche um formul\u00e1rio, usa o Chat ao Vivo, abre um Ticket de Suporte ou insere informa\u00e7\u00f5es em nosso site.<\/div>\n<p>Nos fornece feedback sobre nossos produtos ou servi\u00e7os <span id=\"infoUs\"><\/span><\/p>\n<div class=\"grayText\"><strong>Como usamos suas informa\u00e7\u00f5es? <\/strong><\/div>\n<div class=\"innerText\">\n<p>Podemos usar as informa\u00e7\u00f5es que coletamos de voc\u00ea quando voc\u00ea se registra, faz uma compra, se inscreve em nossa newsletter, responde a uma pesquisa ou comunica\u00e7\u00e3o de marketing, navega no site ou usa certos outros recursos do site das seguintes maneiras:<\/p>\n<\/div>\n<div class=\"innerText\">      <strong>\u2022<\/strong> Para personalizar sua experi\u00eancia e nos permitir entregar o tipo de conte\u00fado e ofertas de produtos nos quais voc\u00ea est\u00e1 mais interessado.<\/div>\n<div class=\"innerText\">      <strong>\u2022<\/strong> Para melhorar nosso site a fim de melhor atend\u00ea-lo.<\/div>\n<div class=\"innerText\">      <strong>\u2022<\/strong> Para nos permitir atend\u00ea-lo melhor em resposta \u00e0s suas solicita\u00e7\u00f5es de atendimento ao cliente.<\/div>\n<div class=\"innerText\">      <strong>\u2022<\/strong> Para administrar um concurso, promo\u00e7\u00e3o, pesquisa ou outro recurso do site.<\/div>\n<div class=\"innerText\">      <strong>\u2022<\/strong> Para processar rapidamente suas transa\u00e7\u00f5es.<\/div>\n<div class=\"innerText\">      <strong>\u2022<\/strong> Para solicitar avalia\u00e7\u00f5es e revis\u00f5es de servi\u00e7os ou produtos<\/div>\n<div class=\"innerText\">      <strong>\u2022<\/strong> Para fazer um acompanhamento ap\u00f3s a correspond\u00eancia (chat ao vivo, e-mail ou consultas telef\u00f4nicas)<\/div>\n<div><\/div>\n<div class=\"grayText\"><strong>Como protegemos suas informa\u00e7\u00f5es?<\/strong><\/div>\n<div class=\"innerText\">\n<p>Nosso site \u00e9 verificado regularmente em busca de vulnerabilidades de seguran\u00e7a e falhas conhecidas para tornar sua visita ao nosso site o mais segura poss\u00edvel.<\/p>\n<\/div>\n<div class=\"innerText\">\n<p>Usamos verifica\u00e7\u00e3o regular de Malware.<\/p>\n<\/div>\n<div class=\"innerText\">Suas informa\u00e7\u00f5es pessoais est\u00e3o contidas atr\u00e1s de redes seguras e s\u00e3o acess\u00edveis apenas por um n\u00famero limitado de pessoas que t\u00eam direitos especiais de acesso a tais sistemas, e s\u00e3o obrigadas a manter as informa\u00e7\u00f5es confidenciais. Al\u00e9m disso, todas as informa\u00e7\u00f5es sens\u00edveis\/de cr\u00e9dito que voc\u00ea fornece s\u00e3o criptografadas via tecnologia Secure Socket Layer (SSL). <\/div>\n<div class=\"innerText\">Implementamos uma variedade de medidas de seguran\u00e7a quando um usu\u00e1rio faz um pedido, insere, envia ou acessa suas informa\u00e7\u00f5es para manter a seguran\u00e7a de suas informa\u00e7\u00f5es pessoais.<\/div>\n<div class=\"innerText\">Todas as transa\u00e7\u00f5es s\u00e3o processadas por um provedor de gateway e n\u00e3o s\u00e3o armazenadas ou processadas em nossos servidores.<\/div>\n<div><\/div>\n<div class=\"grayText\"><strong>Usamos &#8216;cookies&#8217;?<\/strong><\/div>\n<div class=\"innerText\">Sim. Cookies s\u00e3o pequenos arquivos que um site ou seu provedor de servi\u00e7os transfere para o disco r\u00edgido do seu computador atrav\u00e9s do seu navegador da Web (se voc\u00ea permitir) que permite que os sistemas do site ou do provedor de servi\u00e7os reconhe\u00e7am seu navegador e capturem e lembrem certas informa\u00e7\u00f5es. Por exemplo, usamos cookies para nos ajudar a lembrar e processar os itens em seu carrinho de compras. Eles tamb\u00e9m s\u00e3o usados para nos ajudar a entender suas prefer\u00eancias com base na atividade anterior ou atual do site, o que nos permite fornecer servi\u00e7os aprimorados. Tamb\u00e9m usamos cookies para nos ajudar a compilar dados agregados sobre o tr\u00e1fego do site e intera\u00e7\u00e3o do site para que possamos oferecer melhores experi\u00eancias e ferramentas no futuro.    <\/div>\n<div><\/div>\n<div class=\"innerText\" style=\"padding-left: 40px;\"><strong>Usamos cookies para:<\/strong><\/div>\n<div class=\"innerText\" style=\"padding-left: 40px;\">      <strong>\u2022<\/strong> Ajudar a lembrar e processar os itens no carrinho de compras.<\/div>\n<div class=\"innerText\" style=\"padding-left: 40px;\">      <strong>\u2022<\/strong> Entender e salvar as prefer\u00eancias do usu\u00e1rio para visitas futuras.<\/div>\n<div class=\"innerText\" style=\"padding-left: 40px;\">      <strong>\u2022<\/strong> Acompanhar an\u00fancios.<\/div>\n<div class=\"innerText\" style=\"padding-left: 40px;\">      <strong>\u2022<\/strong> Compilar dados agregados sobre o tr\u00e1fego do site e intera\u00e7\u00f5es do site para oferecer melhores experi\u00eancias e ferramentas no futuro. Tamb\u00e9m podemos usar servi\u00e7os de terceiros confi\u00e1veis que rastreiam essas informa\u00e7\u00f5es em nosso nome. <\/div>\n<div class=\"innerText\" style=\"padding-left: 40px;\">Voc\u00ea pode escolher que seu computador o avise cada vez que um cookie est\u00e1 sendo enviado, ou voc\u00ea pode escolher desativar todos os cookies. Voc\u00ea faz isso atrav\u00e9s das configura\u00e7\u00f5es do seu navegador. Como cada navegador \u00e9 um pouco diferente, consulte o Menu de Ajuda do seu navegador para aprender a maneira correta de modificar seus cookies.  <\/div>\n<div class=\"innerText\" style=\"padding-left: 40px;\">Se voc\u00ea desativar os cookies, alguns dos recursos que tornam sua experi\u00eancia no site mais eficiente podem n\u00e3o funcionar corretamente. Isso n\u00e3o afetar\u00e1 a experi\u00eancia do usu\u00e1rio que torna sua experi\u00eancia no site mais eficiente e pode n\u00e3o funcionar corretamente.<\/div>\n<h2 class=\"grayText\">Divulga\u00e7\u00e3o a terceiros<\/h2>\n<div class=\"innerText\">\n<p>N\u00e3o vendemos, comercializamos ou transferimos de outra forma para terceiros suas Informa\u00e7\u00f5es Pessoais Identific\u00e1veis, a menos que forne\u00e7amos aos usu\u00e1rios aviso pr\u00e9vio. Isso n\u00e3o inclui parceiros de hospedagem de sites e outras partes que nos auxiliam na opera\u00e7\u00e3o de nosso site, na condu\u00e7\u00e3o de nossos neg\u00f3cios ou no atendimento aos nossos usu\u00e1rios, desde que essas partes concordem em manter essas informa\u00e7\u00f5es confidenciais. Tamb\u00e9m podemos divulgar informa\u00e7\u00f5es quando sua libera\u00e7\u00e3o for apropriada para cumprir a lei, fazer cumprir as pol\u00edticas de nosso site ou proteger nossos direitos, propriedade ou seguran\u00e7a ou de outros.  <\/p>\n<p>No entanto, informa\u00e7\u00f5es n\u00e3o pessoalmente identific\u00e1veis dos visitantes podem ser fornecidas a outras partes para fins de marketing, publicidade ou outros usos.<\/p>\n<p><strong>Links de terceiros<\/strong><\/p>\n<\/div>\n<div class=\"innerText\">Ocasionalmente, a nosso crit\u00e9rio, podemos incluir ou oferecer produtos ou servi\u00e7os de terceiros em nosso site. Esses sites de terceiros t\u00eam pol\u00edticas de privacidade separadas e independentes. Portanto, n\u00e3o temos responsabilidade ou obriga\u00e7\u00e3o pelo conte\u00fado e atividades desses sites vinculados. No entanto, buscamos proteger a integridade de nosso site e agradecemos qualquer feedback sobre esses sites.   <\/div>\n<div><\/div>\n<div class=\"innerText\"><strong>Google<\/strong><\/div>\n<div>Os requisitos de publicidade do Google podem ser resumidos pelos Princ\u00edpios de Publicidade do Google. Eles s\u00e3o implementados para proporcionar uma experi\u00eancia positiva aos usu\u00e1rios. N\u00e3o habilitamos o Google AdSense em nosso site, mas podemos faz\u00ea-lo no futuro.  <\/div>\n<div class=\"innerText\">\n<p><a href=\"https:\/\/support.google.com\/adwordspolicy\/answer\/1316548?hl=en\" target=\"_blank\" rel=\"noopener\">https:\/\/support.google.com\/adwordspolicy\/answer\/1316548?hl=en<\/a><\/p>\n<\/div>\n<div class=\"blueText\"><strong><br \/>\nLei de prote\u00e7\u00e3o \u00e0 privacidade online da Calif\u00f3rnia<\/strong><\/div>\n<div class=\"innerText\">A CalOPPA \u00e9 a primeira lei estadual do pa\u00eds a exigir que sites comerciais e servi\u00e7os online publiquem uma pol\u00edtica de privacidade. O alcance da lei se estende muito al\u00e9m da Calif\u00f3rnia para exigir que qualquer pessoa ou empresa nos Estados Unidos (e possivelmente no mundo) que opera sites coletando Informa\u00e7\u00f5es Pessoais Identific\u00e1veis de consumidores da Calif\u00f3rnia publique uma pol\u00edtica de privacidade consp\u00edcua em seu site declarando exatamente as informa\u00e7\u00f5es sendo coletadas e aqueles indiv\u00edduos ou empresas com quem est\u00e1 sendo compartilhada. \u2013 Veja mais em: <a href=\"http:\/\/consumercal.org\/california-online-privacy-protection-act-caloppa\/#sthash.0FdRbT51.dpuf\" target=\"_blank\" rel=\"noopener\">http:\/\/consumercal.org\/california-online-privacy-protection-act-caloppa\/#sthash.0FdRbT51.dpuf<\/a>  <\/div>\n<div><\/div>\n<div class=\"innerText\" style=\"padding-left: 40px;\"><strong>De acordo com a CalOPPA, concordamos com o seguinte:<\/strong><\/div>\n<div class=\"innerText\" style=\"padding-left: 40px;\">Os usu\u00e1rios podem visitar nosso site anonimamente.<\/div>\n<div class=\"innerText\" style=\"padding-left: 40px;\">Uma vez que esta pol\u00edtica de privacidade for criada, adicionaremos um link para ela em nossa p\u00e1gina inicial ou, no m\u00ednimo, na primeira p\u00e1gina significativa ap\u00f3s entrar em nosso site.<\/div>\n<div class=\"innerText\" style=\"padding-left: 40px;\">Nosso link da Pol\u00edtica de Privacidade inclui a palavra &#8216;Privacidade&#8217; e pode ser facilmente encontrado na p\u00e1gina especificada acima.<\/div>\n<div class=\"innerText\" style=\"padding-left: 40px;\">Voc\u00ea ser\u00e1 notificado de quaisquer altera\u00e7\u00f5es na Pol\u00edtica de Privacidade:<\/div>\n<div class=\"innerText\" style=\"padding-left: 40px;\">      <strong>\u2022<\/strong> Em nossa P\u00e1gina de Pol\u00edtica de Privacidade<\/div>\n<div class=\"innerText\" style=\"padding-left: 40px;\">Pode alterar suas informa\u00e7\u00f5es pessoais:<\/div>\n<div class=\"innerText\" style=\"padding-left: 40px;\">      <strong>\u2022<\/strong> Enviando-nos um e-mail<\/div>\n<div class=\"innerText\" style=\"padding-left: 40px;\">      <strong>\u2022<\/strong> Ligando para n\u00f3s<\/div>\n<div class=\"innerText\" style=\"padding-left: 40px;\">      <strong>\u2022<\/strong> Fazendo login em sua conta<\/div>\n<div class=\"innerText\" style=\"padding-left: 40px;\">      <strong>\u2022<\/strong> Conversando conosco ou enviando-nos um ticket de suporte<\/div>\n<div><\/div>\n<div class=\"innerText\"><strong>Como nosso site lida com sinais de N\u00e3o Rastrear?<\/strong><\/div>\n<div class=\"innerText\">Honramos os sinais de N\u00e3o Rastrear e N\u00e3o Rastreamos, n\u00e3o plantamos cookies ou usamos publicidade quando um mecanismo de navegador de N\u00e3o Rastrear (DNT) est\u00e1 em vigor.<\/div>\n<div class=\"innerText\"><strong>Nosso site permite rastreamento comportamental de terceiros?<\/strong><\/div>\n<div class=\"innerText\">\u00c9 importante notar tamb\u00e9m que permitimos o rastreamento comportamental de terceiros.<\/div>\n<div><\/div>\n<div class=\"innerText\"><strong>COPPA (lei de prote\u00e7\u00e3o \u00e0 privacidade online das crian\u00e7as)<\/strong><\/div>\n<div class=\"innerText\">\n<p>Quando se trata da coleta de informa\u00e7\u00f5es pessoais de crian\u00e7as menores de 13 anos, a Lei de Prote\u00e7\u00e3o \u00e0 Privacidade Online das Crian\u00e7as (COPPA) coloca os pais no controle. A Comiss\u00e3o Federal de Com\u00e9rcio, ag\u00eancia de prote\u00e7\u00e3o ao consumidor dos Estados Unidos, aplica a Regra COPPA, que especifica o que os operadores de sites e servi\u00e7os online devem fazer para proteger a privacidade e seguran\u00e7a das crian\u00e7as online. <\/p>\n<\/div>\n<div class=\"innerText\">N\u00e3o comercializamos especificamente para crian\u00e7as menores de 13 anos.<\/div>\n<div class=\"blueText\"><strong>Pr\u00e1ticas justas de informa\u00e7\u00e3o<\/strong><\/div>\n<div class=\"innerText\">\n<p>Os Princ\u00edpios das Pr\u00e1ticas Justas de Informa\u00e7\u00e3o formam a base da lei de privacidade nos Estados Unidos e os conceitos que incluem desempenharam um papel significativo no desenvolvimento das leis de prote\u00e7\u00e3o de dados em todo o mundo. Entender os Princ\u00edpios das Pr\u00e1ticas Justas de Informa\u00e7\u00e3o e como eles devem ser implementados \u00e9 crucial para cumprir as v\u00e1rias leis de privacidade que protegem as informa\u00e7\u00f5es pessoais. <\/p>\n<\/div>\n<div class=\"innerText\"><strong>Para estar em conformidade com as Pr\u00e1ticas Justas de Informa\u00e7\u00e3o, tomaremos a seguinte a\u00e7\u00e3o responsiva, caso ocorra uma viola\u00e7\u00e3o de dados:<\/strong><\/div>\n<div class=\"innerText\">Notificaremos voc\u00ea por e-mail<\/div>\n<div class=\"innerText\">      <strong>\u2022<\/strong> Dentro de 7 dias \u00fateis<\/div>\n<div class=\"innerText\">Tamb\u00e9m concordamos com o Princ\u00edpio de Repara\u00e7\u00e3o Individual, que exige que os indiv\u00edduos tenham o direito de buscar legalmente direitos execut\u00e1veis contra coletores e processadores de dados que n\u00e3o cumpram a lei. Este princ\u00edpio requer n\u00e3o apenas que os indiv\u00edduos tenham direitos execut\u00e1veis contra os usu\u00e1rios de dados, mas tamb\u00e9m que os indiv\u00edduos tenham recurso aos tribunais ou ag\u00eancias governamentais para investigar e\/ou processar o n\u00e3o cumprimento pelos processadores de dados. <\/div>\n<div class=\"blueText\"><strong>Lei CAN-SPAM<\/strong><\/div>\n<div class=\"innerText\">\n<p>A Lei CAN-SPAM \u00e9 uma lei que estabelece as regras para e-mail comercial, estabelece requisitos para mensagens comerciais, d\u00e1 aos destinat\u00e1rios o direito de fazer com que e-mails parem de ser enviados a eles e especifica penalidades severas por viola\u00e7\u00f5es.<\/p>\n<\/div>\n<div class=\"innerText\" style=\"padding-left: 40px;\"><strong>Coletamos seu endere\u00e7o de e-mail para:<\/strong><\/div>\n<div class=\"innerText\" style=\"padding-left: 40px;\">      <strong>\u2022<\/strong> Enviar informa\u00e7\u00f5es, responder a consultas e\/ou outras solicita\u00e7\u00f5es ou perguntas<\/div>\n<div class=\"innerText\" style=\"padding-left: 40px;\">      <strong>\u2022<\/strong> Processar pedidos e enviar informa\u00e7\u00f5es e atualiza\u00e7\u00f5es pertinentes aos pedidos.<\/div>\n<div class=\"innerText\" style=\"padding-left: 40px;\">      <strong>\u2022<\/strong> Enviar informa\u00e7\u00f5es adicionais relacionadas ao seu produto e\/ou servi\u00e7o<\/div>\n<div class=\"innerText\" style=\"padding-left: 40px;\">      <strong>\u2022<\/strong> Fazer marketing para nossa lista de e-mails ou continuar a enviar e-mails aos nossos clientes ap\u00f3s a transa\u00e7\u00e3o original ter ocorrido.<\/div>\n<div class=\"innerText\" style=\"padding-left: 40px;\"><strong>Para estar de acordo com a CANSPAM, concordamos com o seguinte:<\/strong><\/div>\n<div class=\"innerText\" style=\"padding-left: 40px;\">      <strong>\u2022<\/strong> N\u00e3o usar assuntos ou endere\u00e7os de e-mail falsos ou enganosos.<\/div>\n<div class=\"innerText\" style=\"padding-left: 40px;\">      <strong>\u2022<\/strong> Identificar a mensagem como um an\u00fancio de forma razo\u00e1vel.<\/div>\n<div class=\"innerText\" style=\"padding-left: 40px;\">      <strong>\u2022<\/strong> Incluir o endere\u00e7o f\u00edsico de nossa empresa ou sede do site.<\/div>\n<div class=\"innerText\" style=\"padding-left: 40px;\">      <strong>\u2022<\/strong> Monitorar servi\u00e7os de marketing por e-mail de terceiros para conformidade, se um for usado.<\/div>\n<div class=\"innerText\" style=\"padding-left: 40px;\">      <strong>\u2022<\/strong> Honrar rapidamente as solicita\u00e7\u00f5es de opt-out\/cancelamento de inscri\u00e7\u00e3o.<\/div>\n<div class=\"innerText\" style=\"padding-left: 40px;\">      <strong>\u2022<\/strong> Permitir que os usu\u00e1rios cancelem a inscri\u00e7\u00e3o usando o link no rodap\u00e9 de cada e-mail.<\/div>\n<div class=\"innerText\"><strong><br \/>\nSe a qualquer momento voc\u00ea desejar cancelar a inscri\u00e7\u00e3o, use o link no rodap\u00e9 de cada e-mail.<\/strong> Siga as instru\u00e7\u00f5es no rodap\u00e9 de cada e-mail e n\u00f3s prontamente o removeremos de <strong>TODA<\/strong> correspond\u00eancia.<\/div>\n<\/div>\n<\/div><\/div><div class=\"wpb_text_column\"><div class=\"wpb_wrapper\"><h2>Pol\u00edtica de Privacidade de Marketing SMS das Casas de F\u00e9rias Casiola<\/h2>\n<h3>Data de Vig\u00eancia: 4 de abril de 2024<\/h3>\n<p>Na Casiola Vacation Homes, sua privacidade \u00e9 de extrema import\u00e2ncia para n\u00f3s. Esta Pol\u00edtica de Privacidade de Marketing por SMS descreve como coletamos, utilizamos e protegemos suas informa\u00e7\u00f5es pessoais em rela\u00e7\u00e3o \u00e0s nossas atividades de marketing por SMS (Servi\u00e7o de Mensagens Curtas). <\/p>\n<h3>1. Informa\u00e7\u00f5es que Coletamos<\/h3>\n<p>No contexto do marketing por SMS, podemos coletar os seguintes tipos de informa\u00e7\u00f5es pessoais:<\/p>\n<ul>\n<li><strong>N\u00famero de Telefone Celular:<\/strong> Seu n\u00famero de telefone celular \u00e9 coletado quando voc\u00ea opta por receber mensagens de marketing de nossa parte.<\/li>\n<li><strong>Informa\u00e7\u00f5es de Intera\u00e7\u00e3o:<\/strong> Coletamos informa\u00e7\u00f5es sobre como voc\u00ea interage com nossas mensagens, incluindo se voc\u00ea as abre e em quais links clica.<\/li>\n<li><strong>Informa\u00e7\u00f5es de Prefer\u00eancia:<\/strong> Informa\u00e7\u00f5es sobre suas prefer\u00eancias e interesses com base em suas intera\u00e7\u00f5es com nossas mensagens e site.<\/li>\n<\/ul>\n<h3>2. Como Coletamos Informa\u00e7\u00f5es<\/h3>\n<p>Coletamos informa\u00e7\u00f5es diretamente de voc\u00ea quando voc\u00ea:<\/p>\n<ul>\n<li>Por meio de nossas reservas.<\/li>\n<li>Se inscreve em nossa lista de marketing por SMS atrav\u00e9s do nosso site, durante o checkout ou enviando uma palavra-chave para nosso n\u00famero.<\/li>\n<li>Interage com nossas mensagens SMS.<\/li>\n<\/ul>\n<h3>3. Uso das Informa\u00e7\u00f5es<\/h3>\n<p>Suas informa\u00e7\u00f5es s\u00e3o utilizadas para:<\/p>\n<ul>\n<li>Enviar mensagens promocionais, ofertas e informa\u00e7\u00f5es sobre nossas casas de f\u00e9rias.<\/li>\n<li>Entender suas prefer\u00eancias para personalizar nossas mensagens de acordo com seus interesses.<\/li>\n<li>Melhorar nossas estrat\u00e9gias e campanhas de marketing.<\/li>\n<\/ul>\n<h3>4. Compartilhamento de Informa\u00e7\u00f5es<\/h3>\n<p>N\u00e3o vendemos, alugamos ou compartilhamos suas informa\u00e7\u00f5es pessoais com <span>terceiros\/afiliados para fins de marketing\/promocionais<\/span> sem seu consentimento expl\u00edcito. Podemos compartilhar informa\u00e7\u00f5es com provedores de servi\u00e7os que nos auxiliam em nossos esfor\u00e7os de marketing, sob rigorosos acordos de confidencialidade.  <span> Todas as categorias acima excluem dados de opt-in e consentimento do originador de mensagens de texto; essas informa\u00e7\u00f5es n\u00e3o ser\u00e3o compartilhadas com terceiros.<\/span><\/p>\n<h3>5. Suas Escolhas e Cancelamento<\/h3>\n<p>Voc\u00ea tem o direito de cancelar o recebimento de mensagens de marketing a qualquer momento atrav\u00e9s de:<\/p>\n<ul>\n<li>Seguir as instru\u00e7\u00f5es de cancelamento na mensagem SMS (enviando \u201cSTOP&#8221;).<\/li>\n<li>Entrar em contato diretamente conosco com sua solicita\u00e7\u00e3o.<\/li>\n<\/ul>\n<h3>6. Seguran\u00e7a dos Dados<\/h3>\n<p>Implementamos medidas t\u00e9cnicas e organizacionais apropriadas para proteger suas informa\u00e7\u00f5es pessoais contra processamento n\u00e3o autorizado ou ilegal, perda acidental, destrui\u00e7\u00e3o ou danos.<\/p>\n<h3>7. Altera\u00e7\u00f5es nesta Pol\u00edtica de Privacidade<\/h3>\n<p>Podemos atualizar esta pol\u00edtica periodicamente. A vers\u00e3o mais recente estar\u00e1 sempre publicada em nosso site com uma data de vig\u00eancia atualizada.<\/p>\n<\/div><\/div><div class=\"wpb_text_column\"><div class=\"wpb_wrapper\"><div id=\"ppBody\">\n<h2>Entre em Contato Conosco<\/h2>\n<\/div>\n<div class=\"innerText\">\n<p>Se houver alguma d\u00favida sobre esta pol\u00edtica de privacidade, voc\u00ea pode entrar em contato conosco usando as informa\u00e7\u00f5es abaixo.<\/p>\n<\/div>\n<div class=\"innerText\"><\/div>\n<div class=\"innerText\">P.O. Box 22414<\/div>\n<p>Orlando, FL 32819<br \/>\nUSA<br \/>\n<a href=\"mailto:info@casiola.com\">info@casiola.com<\/a><br \/>\n<a href=\"https:\/\/www.casiola.com\/\" target=\"_blank\" rel=\"noopener\">www.casiola.com<\/a><\/p>\n<div class=\"innerText\">\u00daltima edi\u00e7\u00e3o em 26-11-2024<\/div>\n<\/div><\/div><\/div><\/div><\/div><\/div><\/div><\/section>\n","protected":false},"excerpt":{"rendered":"Esta pol\u00edtica de privacidade foi compilada para melhor atender aqueles que est\u00e3o preocupados com a forma como suas &#8216;Informa\u00e7\u00f5es Pessoais Identific\u00e1veis&#8217; (PII) est\u00e3o sendo usadas online. PII, conforme descrito na lei de privacidade dos EUA e seguran\u00e7a da informa\u00e7\u00e3o, s\u00e3o informa\u00e7\u00f5es que podem ser usadas por si s\u00f3 ou com outras informa\u00e7\u00f5es para identificar, contatar...","protected":false},"author":1,"featured_media":0,"parent":0,"menu_order":0,"comment_status":"closed","ping_status":"closed","template":"","meta":{"_acf_changed":false,"footnotes":""},"categories":[],"tags":[],"class_list":["post-23671","page","type-page","status-publish","hentry"],"acf":{"destination-email":"","destination_hero":false},"_links":{"self":[{"href":"https:\/\/join.casiola.com\/pt-br\/wp-json\/wp\/v2\/pages\/23671","targetHints":{"allow":["GET"]}}],"collection":[{"href":"https:\/\/join.casiola.com\/pt-br\/wp-json\/wp\/v2\/pages"}],"about":[{"href":"https:\/\/join.casiola.com\/pt-br\/wp-json\/wp\/v2\/types\/page"}],"author":[{"embeddable":true,"href":"https:\/\/join.casiola.com\/pt-br\/wp-json\/wp\/v2\/users\/1"}],"replies":[{"embeddable":true,"href":"https:\/\/join.casiola.com\/pt-br\/wp-json\/wp\/v2\/comments?post=23671"}],"version-history":[{"count":4,"href":"https:\/\/join.casiola.com\/pt-br\/wp-json\/wp\/v2\/pages\/23671\/revisions"}],"predecessor-version":[{"id":26979,"href":"https:\/\/join.casiola.com\/pt-br\/wp-json\/wp\/v2\/pages\/23671\/revisions\/26979"}],"wp:attachment":[{"href":"https:\/\/join.casiola.com\/pt-br\/wp-json\/wp\/v2\/media?parent=23671"}],"wp:term":[{"taxonomy":"category","embeddable":true,"href":"https:\/\/join.casiola.com\/pt-br\/wp-json\/wp\/v2\/categories?post=23671"},{"taxonomy":"post_tag","embeddable":true,"href":"https:\/\/join.casiola.com\/pt-br\/wp-json\/wp\/v2\/tags?post=23671"}],"curies":[{"name":"wp","href":"https:\/\/api.w.org\/{rel}","templated":true}]}}