{"id":23713,"date":"2018-09-05T12:06:10","date_gmt":"2018-09-05T12:06:10","guid":{"rendered":"https:\/\/join.casiola.com\/resort-compass-bay\/"},"modified":"2025-11-06T15:39:19","modified_gmt":"2025-11-06T15:39:19","slug":"resort-compass-bay","status":"publish","type":"page","link":"https:\/\/join.casiola.com\/pt-br\/resort-compass-bay\/","title":{"rendered":"Resort Compass Bay"},"content":{"rendered":"<section class=\"l-section wpb_row height_medium with_img\"><div class=\"l-section-img\" role=\"img\" aria-label=\"compassbay\" data-img-width=\"2560\" data-img-height=\"924\" style=\"background-image: url(https:\/\/join.casiola.com\/wp-content\/uploads\/2018\/09\/compassbay-1-scaled-1.jpg);\"><\/div><div class=\"l-section-h i-cf\"><div class=\"g-cols vc_row via_flex valign_middle type_default stacking_default\"><div class=\"vc_col-sm-12 wpb_column vc_column_container\"><div class=\"vc_column-inner\"><div class=\"wpb_wrapper\"><div class=\"w-image us_custom_ca2bb189 us_animate_this align_center\"><div class=\"w-image-h\"><img decoding=\"async\" width=\"360\" height=\"360\" src=\"https:\/\/join.casiola.com\/wp-content\/uploads\/2018\/09\/compass-bay-logo.png\" class=\"attachment-full size-full\" alt=\"compass-bay-logo\" loading=\"lazy\" srcset=\"https:\/\/join.casiola.com\/wp-content\/uploads\/2018\/09\/compass-bay-logo.png 360w, https:\/\/join.casiola.com\/wp-content\/uploads\/2018\/09\/compass-bay-logo-300x300.png 300w, https:\/\/join.casiola.com\/wp-content\/uploads\/2018\/09\/compass-bay-logo-150x150.png 150w, https:\/\/join.casiola.com\/wp-content\/uploads\/2018\/09\/compass-bay-logo-350x350.png 350w\" sizes=\"auto, (max-width: 360px) 100vw, 360px\" \/><\/div><\/div><\/div><\/div><\/div><\/div><\/div><\/section><section class=\"l-section wpb_row height_medium\"><div class=\"l-section-h i-cf\"><div class=\"g-cols vc_row via_flex valign_top type_default stacking_default\"><div class=\"vc_col-sm-12 wpb_column vc_column_container\"><div class=\"vc_column-inner\"><div class=\"wpb_wrapper\"><div class=\"wpb_text_column\"><div class=\"wpb_wrapper\"><h2 style=\"text-align: center;\">Quanto voc\u00ea pode<strong> ganhar no resort Compass Bay?<\/strong><\/h2>\n<h3 style=\"text-align: center;\">Trabalhamos com as melhores taxas do mercado. Descubra exatamente quanto voc\u00ea pode ganhar ao trabalhar conosco. <\/h3>\n<\/div><\/div><div class=\"w-separator size_medium\"><\/div><div class=\"wpb_text_column\"><div class=\"wpb_wrapper\"><p>[supsystic-tables id=&#8221;34&#8243;]<\/p>\n<\/div><\/div><div class=\"w-separator size_medium\"><\/div><div class=\"wpb_text_column\"><div class=\"wpb_wrapper\"><p style=\"font-size: 12px;\">*Todos os valores de receita e despesas s\u00e3o estimativas e N\u00c3O devem ser considerados garantidos. Os valores n\u00e3o refletem despesas com taxas de condom\u00ednio, taxas CDD, grandes reparos, impostos sobre a propriedade, etc. Os valores n\u00e3o refletem o potencial ganho de valoriza\u00e7\u00e3o e, para compradores dos EUA, poss\u00edveis benef\u00edcios fiscais. A Casiola LLC n\u00e3o alega ser consultora financeira ou jur\u00eddica. Isto n\u00e3o \u00e9, de forma alguma, uma garantia de ocupa\u00e7\u00e3o. As despesas podem variar com a infla\u00e7\u00e3o e outros fatores.     <\/p>\n<\/div><\/div><\/div><\/div><\/div><\/div><\/div><\/section><section class=\"l-section wpb_row height_medium color_alternate\"><div class=\"l-section-h i-cf\"><div class=\"g-cols vc_row via_flex valign_top type_default stacking_default\"><div class=\"vc_col-sm-12 wpb_column vc_column_container\"><div class=\"vc_column-inner\"><div class=\"wpb_wrapper\"><div class=\"wpb_text_column\"><div class=\"wpb_wrapper\"><h2 style=\"text-align: center;\">Conhe\u00e7a a <strong>equipe de integra\u00e7\u00e3o da Casiola<\/strong><\/h2>\n<h3 style=\"text-align: center;\">Seja escolhendo sua casa de f\u00e9rias ideal, garantindo que seu im\u00f3vel esteja pronto para os h\u00f3spedes ou fazendo a transi\u00e7\u00e3o de outra empresa de administra\u00e7\u00e3o de propriedades, nossa equipe de integra\u00e7\u00e3o est\u00e1 aqui para atend\u00ea-lo em cada etapa do processo!<\/h3>\n<\/div><\/div><div class=\"w-separator size_large\"><\/div><div class=\"g-cols wpb_row via_flex valign_top type_default stacking_default\"><div class=\"vc_col-sm-4 wpb_column vc_column_container\"><div class=\"vc_column-inner\"><div class=\"wpb_wrapper\"><div class=\"w-person layout_circle\" itemscope itemtype=\"https:\/\/schema.org\/Person\"><div class=\"w-person-image\"><img loading=\"lazy\" decoding=\"async\" width=\"350\" height=\"350\" src=\"https:\/\/join.casiola.com\/wp-content\/uploads\/2025\/06\/gaby-front.webp\" class=\"attachment-large size-large not-transparent\" alt=\"Resort Compass Bay gaby casiola\" itemprop=\"image\" srcset=\"https:\/\/join.casiola.com\/wp-content\/uploads\/2025\/06\/gaby-front.webp 350w, https:\/\/join.casiola.com\/wp-content\/uploads\/2025\/06\/gaby-front-300x300.webp 300w, https:\/\/join.casiola.com\/wp-content\/uploads\/2025\/06\/gaby-front-150x150.webp 150w\" sizes=\"auto, (max-width: 350px) 100vw, 350px\" data-has-transparency=\"false\" data-dominant-color=\"dea9b3\" style=\"--dominant-color: #dea9b3;\" \/><\/div><div class=\"w-person-content\"><h4 itemprop=\"name\" class=\"w-person-name\"><span>Gabi<\/span><\/h4><div class=\"w-person-role\" itemprop=\"jobTitle\">Rela\u00e7\u00f5es com propriet\u00e1rios<\/div><\/div><\/div><\/div><\/div><\/div><div class=\"vc_col-sm-4 wpb_column vc_column_container\"><div class=\"vc_column-inner\"><div class=\"wpb_wrapper\"><div class=\"w-person layout_circle\" itemscope itemtype=\"https:\/\/schema.org\/Person\"><div class=\"w-person-image\"><img loading=\"lazy\" decoding=\"async\" width=\"1000\" height=\"1000\" src=\"https:\/\/join.casiola.com\/wp-content\/uploads\/2025\/06\/shoot_17.webp\" class=\"attachment-large size-large not-transparent\" alt=\"erica da casiola\" itemprop=\"image\" srcset=\"https:\/\/join.casiola.com\/wp-content\/uploads\/2025\/06\/shoot_17.webp 1000w, https:\/\/join.casiola.com\/wp-content\/uploads\/2025\/06\/shoot_17-300x300.webp 300w, https:\/\/join.casiola.com\/wp-content\/uploads\/2025\/06\/shoot_17-150x150.webp 150w, https:\/\/join.casiola.com\/wp-content\/uploads\/2025\/06\/shoot_17-350x350.webp 350w, https:\/\/join.casiola.com\/wp-content\/uploads\/2025\/06\/shoot_17-600x600.webp 600w, https:\/\/join.casiola.com\/wp-content\/uploads\/2025\/06\/shoot_17-768x768.webp 768w\" sizes=\"auto, (max-width: 1000px) 100vw, 1000px\" data-has-transparency=\"false\" data-dominant-color=\"cfa3aa\" style=\"--dominant-color: #cfa3aa;\" \/><\/div><div class=\"w-person-content\"><h4 itemprop=\"name\" class=\"w-person-name\"><span>Erica<\/span><\/h4><div class=\"w-person-role\" itemprop=\"jobTitle\">Rela\u00e7\u00f5es com propriet\u00e1rios<\/div><\/div><\/div><\/div><\/div><\/div><div class=\"vc_col-sm-4 wpb_column vc_column_container\"><div class=\"vc_column-inner\"><div class=\"wpb_wrapper\"><div class=\"w-person layout_circle\" itemscope itemtype=\"https:\/\/schema.org\/Person\"><div class=\"w-person-image\"><img loading=\"lazy\" decoding=\"async\" width=\"1000\" height=\"1000\" src=\"https:\/\/join.casiola.com\/wp-content\/uploads\/2025\/06\/shoot_16.webp\" class=\"attachment-large size-large not-transparent\" alt=\"dennis casiola\" itemprop=\"image\" srcset=\"https:\/\/join.casiola.com\/wp-content\/uploads\/2025\/06\/shoot_16.webp 1000w, https:\/\/join.casiola.com\/wp-content\/uploads\/2025\/06\/shoot_16-300x300.webp 300w, https:\/\/join.casiola.com\/wp-content\/uploads\/2025\/06\/shoot_16-150x150.webp 150w, https:\/\/join.casiola.com\/wp-content\/uploads\/2025\/06\/shoot_16-350x350.webp 350w, https:\/\/join.casiola.com\/wp-content\/uploads\/2025\/06\/shoot_16-600x600.webp 600w, https:\/\/join.casiola.com\/wp-content\/uploads\/2025\/06\/shoot_16-768x768.webp 768w\" sizes=\"auto, (max-width: 1000px) 100vw, 1000px\" data-has-transparency=\"false\" data-dominant-color=\"d2aab2\" style=\"--dominant-color: #d2aab2;\" \/><\/div><div class=\"w-person-content\"><h4 itemprop=\"name\" class=\"w-person-name\"><span>Dennis<\/span><\/h4><div class=\"w-person-role\" itemprop=\"jobTitle\">Rela\u00e7\u00f5es com propriet\u00e1rios<\/div><\/div><\/div><\/div><\/div><\/div><\/div><div class=\"w-btn-wrapper align_center\"><a class=\"w-btn us-btn-style_6\" href=\"https:\/\/join.casiola.com\/pt-br\/junte-se-a-nos\/\"><span class=\"w-btn-label\">Junte-se a n\u00f3s hoje<\/span><\/a><\/div><\/div><\/div><\/div><\/div><\/div><\/section><section class=\"l-section wpb_row height_medium with_img\"><div class=\"l-section-img\" role=\"img\" aria-label=\"Imagem\" style=\"background-image: url(https:\/\/join.casiola.com\/wp-content\/plugins\/us-core\/assets\/images\/placeholder.svg);\"><\/div><div class=\"l-section-h i-cf\"><div class=\"g-cols vc_row via_flex valign_top type_default stacking_default\"><div class=\"vc_col-sm-12 wpb_column vc_column_container\"><div class=\"vc_column-inner\"><div class=\"wpb_wrapper\"><div class=\"w-separator size_custom\" style=\"height:200\"><\/div><\/div><\/div><\/div><\/div><\/div><\/section><section class=\"l-section wpb_row height_medium color_primary\"><div class=\"l-section-h i-cf\"><div class=\"g-cols vc_row via_flex valign_top type_default stacking_default\"><div class=\"vc_col-sm-12 wpb_column vc_column_container\"><div class=\"vc_column-inner\"><div class=\"wpb_wrapper\"><div class=\"w-actionbox color_primary controls_right\"><div class=\"w-actionbox-text\"><h2 class=\"w-actionbox-title\" style=\"font-size:h3\">Casiola: administra\u00e7\u00e3o de casas de f\u00e9rias que voc\u00ea vai adorar!<\/h2><\/div><div class=\"w-actionbox-controls\"><a class=\"w-btn us-btn-style_4\" href=\"http:\/\/101.35d.myftpupload.com\/join-us\/\" style=\"font-size:20;\" target=\"_blank\" rel=\"noopener\"><span class=\"w-btn-label\">Junte-se a n\u00f3s agora!<\/span><\/a><\/div><\/div><\/div><\/div><\/div><\/div><\/div><\/section>\n","protected":false},"excerpt":{"rendered":"Quanto voc\u00ea pode ganhar no resort Compass Bay? Trabalhamos com as melhores taxas do mercado. Descubra exatamente quanto voc\u00ea pode ganhar ao trabalhar conosco. [supsystic-tables id=&#8221;34&#8243;] *Todos os valores de receita e despesas s\u00e3o estimativas e N\u00c3O devem ser considerados garantidos. Os valores n\u00e3o refletem despesas com taxas de condom\u00ednio, taxas CDD, grandes reparos, impostos...","protected":false},"author":1,"featured_media":23718,"parent":0,"menu_order":0,"comment_status":"closed","ping_status":"closed","template":"","meta":{"_acf_changed":false,"footnotes":""},"categories":[170,171],"tags":[],"class_list":["post-23713","page","type-page","status-publish","has-post-thumbnail","hentry","category-orlando","category-resort"],"acf":{"destination-email":"","destination_hero":false},"_links":{"self":[{"href":"https:\/\/join.casiola.com\/pt-br\/wp-json\/wp\/v2\/pages\/23713","targetHints":{"allow":["GET"]}}],"collection":[{"href":"https:\/\/join.casiola.com\/pt-br\/wp-json\/wp\/v2\/pages"}],"about":[{"href":"https:\/\/join.casiola.com\/pt-br\/wp-json\/wp\/v2\/types\/page"}],"author":[{"embeddable":true,"href":"https:\/\/join.casiola.com\/pt-br\/wp-json\/wp\/v2\/users\/1"}],"replies":[{"embeddable":true,"href":"https:\/\/join.casiola.com\/pt-br\/wp-json\/wp\/v2\/comments?post=23713"}],"version-history":[{"count":9,"href":"https:\/\/join.casiola.com\/pt-br\/wp-json\/wp\/v2\/pages\/23713\/revisions"}],"predecessor-version":[{"id":27063,"href":"https:\/\/join.casiola.com\/pt-br\/wp-json\/wp\/v2\/pages\/23713\/revisions\/27063"}],"wp:featuredmedia":[{"embeddable":true,"href":"https:\/\/join.casiola.com\/pt-br\/wp-json\/wp\/v2\/media\/23718"}],"wp:attachment":[{"href":"https:\/\/join.casiola.com\/pt-br\/wp-json\/wp\/v2\/media?parent=23713"}],"wp:term":[{"taxonomy":"category","embeddable":true,"href":"https:\/\/join.casiola.com\/pt-br\/wp-json\/wp\/v2\/categories?post=23713"},{"taxonomy":"post_tag","embeddable":true,"href":"https:\/\/join.casiola.com\/pt-br\/wp-json\/wp\/v2\/tags?post=23713"}],"curies":[{"name":"wp","href":"https:\/\/api.w.org\/{rel}","templated":true}]}}