{"id":23754,"date":"2019-06-18T11:17:47","date_gmt":"2019-06-18T11:17:47","guid":{"rendered":"https:\/\/join.casiola.com\/corretores-de-imoveis-vendam-mais-casas-de-ferias-com-a-casiola-vacation-homes\/"},"modified":"2025-11-06T15:39:38","modified_gmt":"2025-11-06T15:39:38","slug":"corretores-de-imoveis-vendam-mais-casas-de-ferias-com-a-casiola-vacation-homes","status":"publish","type":"page","link":"https:\/\/join.casiola.com\/pt-br\/corretores-de-imoveis-vendam-mais-casas-de-ferias-com-a-casiola-vacation-homes\/","title":{"rendered":"Corretores de im\u00f3veis \u2013 vendam mais casas de f\u00e9rias com a Casiola Vacation Homes"},"content":{"rendered":"<section class=\"l-section wpb_row height_auto color_alternate\"><div class=\"l-section-h i-cf\"><div class=\"g-cols vc_row via_flex valign_top type_default stacking_default\"><div class=\"vc_col-sm-12 wpb_column vc_column_container\"><div class=\"vc_column-inner\"><div class=\"wpb_wrapper\"><div class=\"wpb_text_column us_custom_cdf14ffd\"><div class=\"wpb_wrapper\"><h2 style=\"text-align: center;\"><strong>Muito obrigado<\/strong> pela sua submiss\u00e3o!<\/h2>\n<h3 style=\"text-align: center;\">Um especialista da Casiola Vacation Homes entrar\u00e1 em contato com voc\u00ea o mais breve poss\u00edvel para discutir as oportunidades de trabalharmos juntos.<\/h3>\n<\/div><\/div><div class=\"w-image align_center\"><div class=\"w-image-h\"><img decoding=\"async\" width=\"650\" height=\"663\" src=\"https:\/\/join.casiola.com\/wp-content\/uploads\/2025\/06\/stuart-julia-2-1-1.webp\" class=\"attachment-large size-large has-transparency\" alt=\"stuart-julia\" loading=\"lazy\" srcset=\"https:\/\/join.casiola.com\/wp-content\/uploads\/2025\/06\/stuart-julia-2-1-1.webp 650w, https:\/\/join.casiola.com\/wp-content\/uploads\/2025\/06\/stuart-julia-2-1-1-294x300.webp 294w, https:\/\/join.casiola.com\/wp-content\/uploads\/2025\/06\/stuart-julia-2-1-1-600x612.webp 600w\" sizes=\"auto, (max-width: 650px) 100vw, 650px\" data-has-transparency=\"true\" data-dominant-color=\"e66995\" style=\"--dominant-color: #e66995;\" \/><\/div><\/div><\/div><\/div><\/div><\/div><\/div><\/section>\n","protected":false},"excerpt":{"rendered":"Muito obrigado pela sua submiss\u00e3o! Um especialista da Casiola Vacation Homes entrar\u00e1 em contato com voc\u00ea o mais breve poss\u00edvel para discutir as oportunidades de trabalharmos juntos.","protected":false},"author":1,"featured_media":0,"parent":0,"menu_order":0,"comment_status":"closed","ping_status":"closed","template":"","meta":{"_acf_changed":false,"footnotes":""},"categories":[154],"tags":[],"class_list":["post-23754","page","type-page","status-publish","hentry","category-sem-categoria"],"acf":{"destination-email":"","destination_hero":false},"_links":{"self":[{"href":"https:\/\/join.casiola.com\/pt-br\/wp-json\/wp\/v2\/pages\/23754","targetHints":{"allow":["GET"]}}],"collection":[{"href":"https:\/\/join.casiola.com\/pt-br\/wp-json\/wp\/v2\/pages"}],"about":[{"href":"https:\/\/join.casiola.com\/pt-br\/wp-json\/wp\/v2\/types\/page"}],"author":[{"embeddable":true,"href":"https:\/\/join.casiola.com\/pt-br\/wp-json\/wp\/v2\/users\/1"}],"replies":[{"embeddable":true,"href":"https:\/\/join.casiola.com\/pt-br\/wp-json\/wp\/v2\/comments?post=23754"}],"version-history":[{"count":4,"href":"https:\/\/join.casiola.com\/pt-br\/wp-json\/wp\/v2\/pages\/23754\/revisions"}],"predecessor-version":[{"id":27094,"href":"https:\/\/join.casiola.com\/pt-br\/wp-json\/wp\/v2\/pages\/23754\/revisions\/27094"}],"wp:attachment":[{"href":"https:\/\/join.casiola.com\/pt-br\/wp-json\/wp\/v2\/media?parent=23754"}],"wp:term":[{"taxonomy":"category","embeddable":true,"href":"https:\/\/join.casiola.com\/pt-br\/wp-json\/wp\/v2\/categories?post=23754"},{"taxonomy":"post_tag","embeddable":true,"href":"https:\/\/join.casiola.com\/pt-br\/wp-json\/wp\/v2\/tags?post=23754"}],"curies":[{"name":"wp","href":"https:\/\/api.w.org\/{rel}","templated":true}]}}