{"id":23793,"date":"2020-01-13T12:04:34","date_gmt":"2020-01-13T12:04:34","guid":{"rendered":"https:\/\/join.casiola.com\/resort-bella-vida\/"},"modified":"2025-11-05T20:08:21","modified_gmt":"2025-11-05T20:08:21","slug":"resort-bella-vida","status":"publish","type":"page","link":"https:\/\/join.casiola.com\/pt-br\/resort-bella-vida\/","title":{"rendered":"Resort Bella Vida"},"content":{"rendered":"<section class=\"l-section wpb_row height_medium with_img\"><div class=\"l-section-img\" role=\"img\" aria-label=\"Resort Bella Vida gerenciado pela Casiola\" data-img-width=\"2000\" data-img-height=\"776\" style=\"background-image: url(https:\/\/join.casiola.com\/wp-content\/uploads\/2020\/01\/bella-vida-header.jpg);background-position: bottom center;\"><\/div><div class=\"l-section-h i-cf\"><div class=\"g-cols vc_row via_flex valign_bottom type_default stacking_default\"><div class=\"vc_col-sm-12 wpb_column vc_column_container\"><div class=\"vc_column-inner\"><div class=\"wpb_wrapper\"><div class=\"w-image us_custom_ca2bb189 us_animate_this align_center\"><div class=\"w-image-h\"><img decoding=\"async\" width=\"360\" height=\"360\" src=\"https:\/\/join.casiola.com\/wp-content\/uploads\/2020\/01\/bella-vidalogo.png\" class=\"attachment-full size-full\" alt=\"Bella Vida Resort managed by casiola\" loading=\"lazy\" srcset=\"https:\/\/join.casiola.com\/wp-content\/uploads\/2020\/01\/bella-vidalogo.png 360w, https:\/\/join.casiola.com\/wp-content\/uploads\/2020\/01\/bella-vidalogo-300x300.png 300w, https:\/\/join.casiola.com\/wp-content\/uploads\/2020\/01\/bella-vidalogo-150x150.png 150w, https:\/\/join.casiola.com\/wp-content\/uploads\/2020\/01\/bella-vidalogo-350x350.png 350w\" sizes=\"auto, (max-width: 360px) 100vw, 360px\" \/><\/div><\/div><\/div><\/div><\/div><\/div><\/div><\/section><section class=\"l-section wpb_row height_medium\"><div class=\"l-section-h i-cf\"><div class=\"g-cols vc_row via_flex valign_top type_default stacking_default\"><div class=\"vc_col-sm-12 wpb_column vc_column_container\"><div class=\"vc_column-inner\"><div class=\"wpb_wrapper\"><div class=\"wpb_text_column\"><div class=\"wpb_wrapper\"><h2 style=\"text-align: center;\">Ol\u00e1, curioso para ver quanto voc\u00ea pode<strong> ganhar?<\/strong><\/h2>\n<h3 style=\"text-align: center;\">Trabalhamos com as melhores taxas do mercado. Descubra exatamente quanto voc\u00ea pode ganhar ao trabalhar conosco. <\/h3>\n<\/div><\/div><div class=\"wpb_text_column\"><div class=\"wpb_wrapper\">\n<table id=\"tablepress-1\" class=\"tablepress tablepress-id-1 pricing_table\">\n<thead>\n<tr class=\"row-1\">\n\t<th class=\"column-1\">Property Type<\/th><th class=\"column-2\">Average Daily Rate<\/th><th class=\"column-3\">Annual Revenue<\/th><th class=\"column-4\">Expenses<\/th><th class=\"column-5\">Net Lower Range<\/th><th class=\"column-6\">Net Upper Range<\/th>\n<\/tr>\n<\/thead>\n<tbody class=\"row-hover\">\n<tr class=\"row-2\">\n\t<td class=\"column-1\">3 Bedroom Townhome<\/td><td class=\"column-2\">$116.00<\/td><td class=\"column-3\">$29,638.00<\/td><td class=\"column-4\">$13,427.60<\/td><td class=\"column-5\">$14,589.36<\/td><td class=\"column-6\">$17,831.44<\/td>\n<\/tr>\n<tr class=\"row-3\">\n\t<td class=\"column-1\">4 Bedroom Townhome<\/td><td class=\"column-2\">$126.00<\/td><td class=\"column-3\">$32,193.00<\/td><td class=\"column-4\">$13,938.60<\/td><td class=\"column-5\">$16,428.96<\/td><td class=\"column-6\">$20,079.84<\/td>\n<\/tr>\n<tr class=\"row-4\">\n\t<td class=\"column-1\">5 bedroom Townhome<\/td><td class=\"column-2\">$137.00<\/td><td class=\"column-3\">$35,003.50<\/td><td class=\"column-4\">$14,500.70<\/td><td class=\"column-5\">$18,452.52<\/td><td class=\"column-6\">$22,553.08<\/td>\n<\/tr>\n<tr class=\"row-5\">\n\t<td class=\"column-1\">4 Bedroom Pool Home<\/td><td class=\"column-2\">$158.00<\/td><td class=\"column-3\">$37,485.50<\/td><td class=\"column-4\">$15,497.10<\/td><td class=\"column-5\">$19,789.56<\/td><td class=\"column-6\">$24,187.24<\/td>\n<\/tr>\n<tr class=\"row-6\">\n\t<td class=\"column-1\">5 Bedroom Pool Home<\/td><td class=\"column-2\">$168.00<\/td><td class=\"column-3\">$39,858.00<\/td><td class=\"column-4\">$15,971.60<\/td><td class=\"column-5\">$21,497.76<\/td><td class=\"column-6\">$26,275.04<\/td>\n<\/tr>\n<tr class=\"row-7\">\n\t<td class=\"column-1\">6 Bedroom Pool Home<\/td><td class=\"column-2\">$179.00<\/td><td class=\"column-3\">$42,467.75<\/td><td class=\"column-4\">$17,493.55<\/td><td class=\"column-5\">$22,476.78<\/td><td class=\"column-6\">$27,471.62<\/td>\n<\/tr>\n<tr class=\"row-8\">\n\t<td class=\"column-1\">8 Bedroom Pool Home<\/td><td class=\"column-2\">$263.00<\/td><td class=\"column-3\">$62,396.75<\/td><td class=\"column-4\">$22,479.35<\/td><td class=\"column-5\">$35,925.66<\/td><td class=\"column-6\">$43,909.14<\/td>\n<\/tr>\n<tr class=\"row-9\">\n\t<td class=\"column-1\">9 Bedroom Pool Home<\/td><td class=\"column-2\">$284.00<\/td><td class=\"column-3\">$67,379.00<\/td><td class=\"column-4\">$23,475.80<\/td><td class=\"column-5\">$39,512.88<\/td><td class=\"column-6\">$48,293.52<\/td>\n<\/tr>\n<tr class=\"row-10\">\n\t<td class=\"column-1\">10 Bedroom Pool Home<\/td><td class=\"column-2\">$305.00<\/td><td class=\"column-3\">$72,361.25<\/td><td class=\"column-4\">$24,472.25<\/td><td class=\"column-5\">$43,100.10<\/td><td class=\"column-6\">$52,677.90<\/td>\n<\/tr>\n<tr class=\"row-11\">\n\t<td class=\"column-1\">12 Bedroom Pool Home<\/td><td class=\"column-2\">$336.00<\/td><td class=\"column-3\">$79,716.00<\/td><td class=\"column-4\">$25,943.20<\/td><td class=\"column-5\">$48,395.52<\/td><td class=\"column-6\">$59,150.08<\/td>\n<\/tr>\n<\/tbody>\n<\/table>\n<!-- #tablepress-1 from cache -->\n<\/div><\/div><div class=\"w-separator size_medium\"><\/div><div class=\"wpb_text_column\"><div class=\"wpb_wrapper\"><p style=\"font-size: 12px;\">*Todos os valores de receita e despesas s\u00e3o estimativas e N\u00c3O devem ser considerados garantidos. Os valores n\u00e3o refletem despesas com taxas de condom\u00ednio, taxas CDD, grandes reparos, impostos sobre a propriedade, etc. Os valores n\u00e3o refletem o potencial ganho de valoriza\u00e7\u00e3o e, para compradores dos EUA, poss\u00edveis benef\u00edcios fiscais. A Casiola LLC n\u00e3o alega ser consultora financeira ou jur\u00eddica. Isto n\u00e3o \u00e9, de forma alguma, uma garantia de ocupa\u00e7\u00e3o. As despesas podem variar com a infla\u00e7\u00e3o e outros fatores.     <\/p>\n<\/div><\/div><\/div><\/div><\/div><\/div><\/div><\/section><section class=\"l-section wpb_row height_medium color_alternate\"><div class=\"l-section-h i-cf\"><div class=\"g-cols vc_row via_flex valign_top type_default stacking_default\"><div class=\"vc_col-sm-12 wpb_column vc_column_container\"><div class=\"vc_column-inner\"><div class=\"wpb_wrapper\"><div class=\"wpb_text_column\"><div class=\"wpb_wrapper\"><h2 style=\"text-align: center;\">Conhe\u00e7a a <strong>equipe de integra\u00e7\u00e3o da Casiola<\/strong><\/h2>\n<h3 style=\"text-align: center;\">Seja escolhendo sua casa de f\u00e9rias ideal, garantindo que seu im\u00f3vel esteja pronto para os h\u00f3spedes ou fazendo a transi\u00e7\u00e3o de outra empresa de administra\u00e7\u00e3o de propriedades, nossa equipe de integra\u00e7\u00e3o est\u00e1 aqui para atend\u00ea-lo em cada etapa do processo!<\/h3>\n<\/div><\/div><div class=\"w-separator size_large\"><\/div><div class=\"g-cols wpb_row via_flex valign_top type_default stacking_default\"><div class=\"vc_col-sm-4 wpb_column vc_column_container\"><div class=\"vc_column-inner\"><div class=\"wpb_wrapper\"><div class=\"w-person layout_circle\" itemscope itemtype=\"https:\/\/schema.org\/Person\"><div class=\"w-person-image\"><img loading=\"lazy\" decoding=\"async\" width=\"350\" height=\"350\" src=\"https:\/\/join.casiola.com\/wp-content\/uploads\/2017\/06\/gaby-front.jpg\" class=\"attachment-large size-large\" alt=\"gaby-front\" itemprop=\"image\" srcset=\"https:\/\/join.casiola.com\/wp-content\/uploads\/2017\/06\/gaby-front.jpg 350w, https:\/\/join.casiola.com\/wp-content\/uploads\/2017\/06\/gaby-front-300x300.jpg 300w, https:\/\/join.casiola.com\/wp-content\/uploads\/2017\/06\/gaby-front-150x150.jpg 150w\" sizes=\"auto, (max-width: 350px) 100vw, 350px\" \/><\/div><div class=\"w-person-content\"><h4 itemprop=\"name\" class=\"w-person-name\"><span>Gabi<\/span><\/h4><div class=\"w-person-role\" itemprop=\"jobTitle\">Rela\u00e7\u00f5es com propriet\u00e1rios<\/div><\/div><\/div><\/div><\/div><\/div><div class=\"vc_col-sm-4 wpb_column vc_column_container\"><div class=\"vc_column-inner\"><div class=\"wpb_wrapper\"><div class=\"w-person layout_circle\" itemscope itemtype=\"https:\/\/schema.org\/Person\"><div class=\"w-person-image\"><img loading=\"lazy\" decoding=\"async\" width=\"1000\" height=\"1000\" src=\"https:\/\/join.casiola.com\/wp-content\/uploads\/2017\/06\/shoot_17.jpg\" class=\"attachment-large size-large\" alt=\"membros da equipe casiola erica\" itemprop=\"image\" srcset=\"https:\/\/join.casiola.com\/wp-content\/uploads\/2017\/06\/shoot_17.jpg 1000w, https:\/\/join.casiola.com\/wp-content\/uploads\/2017\/06\/shoot_17-300x300.jpg 300w, https:\/\/join.casiola.com\/wp-content\/uploads\/2017\/06\/shoot_17-150x150.jpg 150w, https:\/\/join.casiola.com\/wp-content\/uploads\/2017\/06\/shoot_17-350x350.jpg 350w, https:\/\/join.casiola.com\/wp-content\/uploads\/2017\/06\/shoot_17-600x600.jpg 600w, https:\/\/join.casiola.com\/wp-content\/uploads\/2017\/06\/shoot_17-768x768.jpg 768w\" sizes=\"auto, (max-width: 1000px) 100vw, 1000px\" \/><\/div><div class=\"w-person-content\"><h4 itemprop=\"name\" class=\"w-person-name\"><span>Erica<\/span><\/h4><div class=\"w-person-role\" itemprop=\"jobTitle\">Rela\u00e7\u00f5es com propriet\u00e1rios<\/div><\/div><\/div><\/div><\/div><\/div><div class=\"vc_col-sm-4 wpb_column vc_column_container\"><div class=\"vc_column-inner\"><div class=\"wpb_wrapper\"><div class=\"w-person layout_circle\" itemscope itemtype=\"https:\/\/schema.org\/Person\"><div class=\"w-person-image\"><img loading=\"lazy\" decoding=\"async\" width=\"1000\" height=\"1000\" src=\"https:\/\/join.casiola.com\/wp-content\/uploads\/2017\/06\/shoot_16.jpg\" class=\"attachment-large size-large\" alt=\"membros da equipe casiola Denis\" itemprop=\"image\" srcset=\"https:\/\/join.casiola.com\/wp-content\/uploads\/2017\/06\/shoot_16.jpg 1000w, https:\/\/join.casiola.com\/wp-content\/uploads\/2017\/06\/shoot_16-300x300.jpg 300w, https:\/\/join.casiola.com\/wp-content\/uploads\/2017\/06\/shoot_16-150x150.jpg 150w, https:\/\/join.casiola.com\/wp-content\/uploads\/2017\/06\/shoot_16-350x350.jpg 350w, https:\/\/join.casiola.com\/wp-content\/uploads\/2017\/06\/shoot_16-600x600.jpg 600w, https:\/\/join.casiola.com\/wp-content\/uploads\/2017\/06\/shoot_16-768x768.jpg 768w\" sizes=\"auto, (max-width: 1000px) 100vw, 1000px\" \/><\/div><div class=\"w-person-content\"><h4 itemprop=\"name\" class=\"w-person-name\"><span>Dennis<\/span><\/h4><div class=\"w-person-role\" itemprop=\"jobTitle\">Rela\u00e7\u00f5es com propriet\u00e1rios<\/div><\/div><\/div><\/div><\/div><\/div><\/div><div class=\"w-btn-wrapper align_center\"><a class=\"w-btn us-btn-style_6\" href=\"https:\/\/join.casiola.com\/pt-br\/junte-se-a-nos\/\"><span class=\"w-btn-label\">Junte-se a n\u00f3s hoje<\/span><\/a><\/div><\/div><\/div><\/div><\/div><\/div><\/section><section class=\"l-section wpb_row height_medium with_img\"><div class=\"l-section-img\" role=\"img\" aria-label=\"Resort Bella Vida gerenciado pela Casiola\" data-img-width=\"1357\" data-img-height=\"904\" style=\"background-image: url(https:\/\/join.casiola.com\/wp-content\/uploads\/2020\/01\/bella-vida-2.jpg);background-position: bottom center;\"><\/div><div class=\"l-section-h i-cf\"><div class=\"g-cols vc_row via_flex valign_top type_default stacking_default\"><div class=\"vc_col-sm-12 wpb_column vc_column_container\"><div class=\"vc_column-inner\"><div class=\"wpb_wrapper\"><div class=\"w-separator size_custom\" style=\"height:200\"><\/div><\/div><\/div><\/div><\/div><\/div><\/section>\n","protected":false},"excerpt":{"rendered":"Ol\u00e1, curioso para ver quanto voc\u00ea pode ganhar? Trabalhamos com as melhores taxas do mercado. Descubra exatamente quanto voc\u00ea pode ganhar ao trabalhar conosco. Property TypeAverage Daily RateAnnual RevenueExpensesNet Lower RangeNet Upper Range 3 Bedroom Townhome$116.00$29,638.00$13,427.60$14,589.36$17,831.44 4 Bedroom Townhome$126.00$32,193.00$13,938.60$16,428.96$20,079.84 5 bedroom Townhome$137.00$35,003.50$14,500.70$18,452.52$22,553.08 4 Bedroom Pool Home$158.00$37,485.50$15,497.10$19,789.56$24,187.24 5 Bedroom Pool Home$168.00$39,858.00$15,971.60$21,497.76$26,275.04 6 Bedroom Pool Home$179.00$42,467.75$17,493.55$22,476.78$27,471.62 8...","protected":false},"author":1,"featured_media":23801,"parent":0,"menu_order":0,"comment_status":"closed","ping_status":"closed","template":"","meta":{"_acf_changed":false,"footnotes":""},"categories":[170,171],"tags":[],"class_list":["post-23793","page","type-page","status-publish","has-post-thumbnail","hentry","category-orlando","category-resort"],"acf":{"destination_name":null,"destination_slug":null,"destination-email":null,"destination_hero":null,"destination_copy":null,"advantages_title":null,"advantages_1":null,"advantages_2":null,"advantages_3":null,"advantages_4":null,"advantages_5":null,"advantages_6":null,"linen_program":null,"design_center":null,"guests_are_booking_title":null,"guests_are_booking_text":null,"hvm":null,"amex":null,"award_winning_company":null,"numbers_1":null,"numbers_2":null,"numbers_quote":null,"faq_1":null,"faq_1_response":null,"faq_2":null,"faq_2_response":null,"faq_3":null,"faq_3_response":null,"faq_4":null,"faq_4_response":null,"faq_5":null,"faq_5_response":null,"faq_6":null,"faq_6_response":null,"faq_7":null,"faq_7_response":null,"faq_8":null,"faq_8_response":null,"faq_9":null,"faq_9_response":null,"faq_10":null,"faq_10_response":null,"faq_11":null,"faq_11_response":null,"vacation_rental_manager_blog_title":null,"vacation_rental_manager_blog_text":null,"discover_all_casiola_destinations":null},"_links":{"self":[{"href":"https:\/\/join.casiola.com\/pt-br\/wp-json\/wp\/v2\/pages\/23793","targetHints":{"allow":["GET"]}}],"collection":[{"href":"https:\/\/join.casiola.com\/pt-br\/wp-json\/wp\/v2\/pages"}],"about":[{"href":"https:\/\/join.casiola.com\/pt-br\/wp-json\/wp\/v2\/types\/page"}],"author":[{"embeddable":true,"href":"https:\/\/join.casiola.com\/pt-br\/wp-json\/wp\/v2\/users\/1"}],"replies":[{"embeddable":true,"href":"https:\/\/join.casiola.com\/pt-br\/wp-json\/wp\/v2\/comments?post=23793"}],"version-history":[{"count":7,"href":"https:\/\/join.casiola.com\/pt-br\/wp-json\/wp\/v2\/pages\/23793\/revisions"}],"predecessor-version":[{"id":23917,"href":"https:\/\/join.casiola.com\/pt-br\/wp-json\/wp\/v2\/pages\/23793\/revisions\/23917"}],"wp:featuredmedia":[{"embeddable":true,"href":"https:\/\/join.casiola.com\/pt-br\/wp-json\/wp\/v2\/media\/23801"}],"wp:attachment":[{"href":"https:\/\/join.casiola.com\/pt-br\/wp-json\/wp\/v2\/media?parent=23793"}],"wp:term":[{"taxonomy":"category","embeddable":true,"href":"https:\/\/join.casiola.com\/pt-br\/wp-json\/wp\/v2\/categories?post=23793"},{"taxonomy":"post_tag","embeddable":true,"href":"https:\/\/join.casiola.com\/pt-br\/wp-json\/wp\/v2\/tags?post=23793"}],"curies":[{"name":"wp","href":"https:\/\/api.w.org\/{rel}","templated":true}]}}