{"id":23981,"date":"2023-08-11T09:50:54","date_gmt":"2023-08-11T09:50:54","guid":{"rendered":"https:\/\/join.casiola.com\/servicos\/programa-de-roupas-de-cama-casiola\/"},"modified":"2025-11-05T20:09:37","modified_gmt":"2025-11-05T20:09:37","slug":"programa-de-roupas-de-cama-casiola","status":"publish","type":"page","link":"https:\/\/join.casiola.com\/pt-br\/servicos\/programa-de-roupas-de-cama-casiola\/","title":{"rendered":"Programa de roupas de cama Casiola"},"content":{"rendered":"<section class=\"l-section wpb_row height_large with_img\"><div class=\"l-section-img\" role=\"img\" aria-label=\"casiola-linen-progran-header\" data-img-width=\"1200\" data-img-height=\"498\" style=\"background-image: url(https:\/\/join.casiola.com\/wp-content\/uploads\/2024\/05\/casiola-linen-progran-header.jpg);\"><\/div><div class=\"l-section-h i-cf\"><div class=\"g-cols vc_row via_flex valign_top type_default stacking_default\"><div class=\"vc_col-sm-12 wpb_column vc_column_container\"><div class=\"vc_column-inner\"><div class=\"wpb_wrapper\"><\/div><\/div><\/div><\/div><\/div><\/section><section class=\"l-section wpb_row height_medium\"><div class=\"l-section-h i-cf\"><div class=\"g-cols vc_row via_flex valign_top type_default stacking_default\"><div class=\"vc_col-sm-12 wpb_column vc_column_container\"><div class=\"vc_column-inner\"><div class=\"wpb_wrapper\"><div class=\"wpb_text_column\"><div class=\"wpb_wrapper\"><p>Possuir uma propriedade de aluguel por temporada pode ser uma experi\u00eancia gratificante, mas tamb\u00e9m traz sua parcela de desafios. Um dos aspectos menos glamorosos \u00e9 garantir que seus h\u00f3spedes tenham <g id=\"gid_0\">acesso a roupas de cama e toalhas de alta qualidade<\/g> durante sua estadia. Felizmente, o <strong>Programa de Roupas de Cama da Casiola<\/strong> oferece uma solu\u00e7\u00e3o sem complica\u00e7\u00f5es que beneficia tanto os propriet\u00e1rios quanto seus h\u00f3spedes.  <\/p>\n<h2>O que \u00e9 o <strong>programa de roupas de cama casiola<\/strong>?<\/h2>\n<p>O Programa de Roupas de Cama da Casiola \u00e9 um servi\u00e7o abrangente onde a <strong>Casiola fornece todos os len\u00e7\u00f3is, toalhas e outras roupas de cama necess\u00e1rias para a estadia de seus h\u00f3spedes<\/strong>. Isso significa que, como propriet\u00e1rio, voc\u00ea n\u00e3o precisa se preocupar em comprar, manter ou substituir esses itens. A Casiola cuida de tudo, garantindo que sua propriedade esteja sempre equipada com roupas de cama de primeira qualidade.  <\/p>\n<\/div><\/div><div class=\"w-btn-wrapper default_align_none laptops_align_none tablets_align_none mobiles_align_center\"><a class=\"w-btn us-btn-style_1\" href=\"https:\/\/join.casiola.com\/pt-br\/junte-se-a-nos\/\"><span class=\"w-btn-label\">Junte-se a n\u00f3s agora<\/span><\/a><\/div><div class=\"g-cols wpb_row us_custom_f3f68ac4 via_flex valign_top type_default reversed stacking_default\"><div class=\"vc_col-sm-6 wpb_column vc_column_container\"><div class=\"vc_column-inner\"><div class=\"wpb_wrapper\"><div class=\"wpb_text_column\"><div class=\"wpb_wrapper\"><h3><strong>Benef\u00edcios para propriet\u00e1rios<\/strong><\/h3>\n<ol>\n<li><strong>Sem Custos Iniciais:<\/strong> Uma das vantagens mais significativas do Programa de Roupas de Cama da Casiola \u00e9 que n\u00e3o h\u00e1 custos iniciais para os propriet\u00e1rios. Voc\u00ea n\u00e3o precisa investir em um grande estoque de roupas de cama, o que pode ser uma despesa consider\u00e1vel, especialmente para propriedades maiores. <\/li>\n<li><strong>Sem Complica\u00e7\u00f5es de Substitui\u00e7\u00e3o:<\/strong> As roupas de cama inevitavelmente se desgastam com o tempo, exigindo substitui\u00e7\u00e3o regular para manter a qualidade. Com o Programa de Roupas de Cama da Casiola, voc\u00ea n\u00e3o precisa se preocupar em acompanhar o estado de suas roupas de cama ou comprar substitui\u00e7\u00f5es. A Casiola cuida de tudo isso para voc\u00ea.  <\/li>\n<li><strong>Economia de Custos:<\/strong> Ao eliminar a necessidade de compras iniciais e substitui\u00e7\u00f5es cont\u00ednuas, os propriet\u00e1rios podem economizar uma quantia substancial de dinheiro. Isso permite que voc\u00ea aloque seus recursos para outros aspectos importantes da gest\u00e3o da propriedade. <\/li>\n<li><strong>Qualidade Consistente:<\/strong> Garantir que seus h\u00f3spedes sempre tenham acesso a roupas de cama de alta qualidade pode ser um desafio. Com o programa da Casiola, voc\u00ea pode ter confian\u00e7a de que as roupas de cama fornecidas s\u00e3o da mais alta qualidade, melhorando a experi\u00eancia de seus h\u00f3spedes e aumentando a probabilidade de avalia\u00e7\u00f5es positivas. <\/li>\n<li><strong>Economia de Tempo:<\/strong> Gerenciar roupas de cama pode ser demorado, especialmente se voc\u00ea possui m\u00faltiplas propriedades. O Programa de Roupas de Cama da Casiola libera seu tempo, permitindo que voc\u00ea se concentre em outras tarefas importantes, como marketing de sua propriedade e fornecimento de atendimento ao cliente excepcional. <\/li>\n<\/ol>\n<\/div><\/div><\/div><\/div><\/div><div class=\"vc_col-sm-6 wpb_column vc_column_container\"><div class=\"vc_column-inner\"><div class=\"wpb_wrapper\"><div class=\"w-image us_custom_5e8a7298 align_none\"><div class=\"w-image-h\"><img decoding=\"async\" width=\"900\" height=\"725\" src=\"https:\/\/join.casiola.com\/wp-content\/uploads\/2025\/06\/linen-program.webp\" class=\"attachment-large size-large not-transparent\" alt=\"linen-program\" loading=\"lazy\" srcset=\"https:\/\/join.casiola.com\/wp-content\/uploads\/2025\/06\/linen-program.webp 900w, https:\/\/join.casiola.com\/wp-content\/uploads\/2025\/06\/linen-program-300x242.webp 300w, https:\/\/join.casiola.com\/wp-content\/uploads\/2025\/06\/linen-program-600x483.webp 600w, https:\/\/join.casiola.com\/wp-content\/uploads\/2025\/06\/linen-program-768x619.webp 768w\" sizes=\"auto, (max-width: 900px) 100vw, 900px\" data-has-transparency=\"false\" data-dominant-color=\"b29691\" style=\"--dominant-color: #b29691;\" \/><\/div><\/div><\/div><\/div><\/div><\/div><div class=\"g-cols wpb_row us_custom_cdf14ffd via_flex valign_top type_default stacking_default\"><div class=\"vc_col-sm-6 wpb_column vc_column_container\"><div class=\"vc_column-inner\"><div class=\"wpb_wrapper\"><div class=\"w-image us_custom_5e8a7298 align_none\"><div class=\"w-image-h\"><img decoding=\"async\" width=\"1000\" height=\"681\" src=\"https:\/\/join.casiola.com\/wp-content\/uploads\/2025\/06\/casiola-linen-program-1.webp\" class=\"attachment-large size-large not-transparent\" alt=\"casiola-linen-program\" loading=\"lazy\" srcset=\"https:\/\/join.casiola.com\/wp-content\/uploads\/2025\/06\/casiola-linen-program-1.webp 1000w, https:\/\/join.casiola.com\/wp-content\/uploads\/2025\/06\/casiola-linen-program-1-300x204.webp 300w, https:\/\/join.casiola.com\/wp-content\/uploads\/2025\/06\/casiola-linen-program-1-600x409.webp 600w, https:\/\/join.casiola.com\/wp-content\/uploads\/2025\/06\/casiola-linen-program-1-768x523.webp 768w\" sizes=\"auto, (max-width: 1000px) 100vw, 1000px\" data-has-transparency=\"false\" data-dominant-color=\"746e78\" style=\"--dominant-color: #746e78;\" \/><\/div><\/div><\/div><\/div><\/div><div class=\"vc_col-sm-6 wpb_column vc_column_container\"><div class=\"vc_column-inner\"><div class=\"wpb_wrapper\"><div class=\"wpb_text_column\"><div class=\"wpb_wrapper\"><h3><strong>Benef\u00edcios para h\u00f3spedes<\/strong><\/h3>\n<ol>\n<li><strong>Qualidade Garantida:<\/strong> Os h\u00f3spedes podem ter a certeza de que as roupas de cama que usam s\u00e3o sempre da melhor qualidade. Isso inclui len\u00e7\u00f3is macios e confort\u00e1veis e toalhas felpudas e absorventes que melhoram sua estadia. <\/li>\n<li><strong>Higiene e Limpeza:<\/strong> As roupas de cama da Casiola s\u00e3o lavadas e higienizadas profissionalmente, garantindo que atendam aos mais altos padr\u00f5es de higiene e limpeza. Isso proporciona tranquilidade aos h\u00f3spedes, sabendo que est\u00e3o usando roupas de cama limpas e seguras. <\/li>\n<li><strong>Consist\u00eancia:<\/strong> Os h\u00f3spedes apreciam consist\u00eancia em suas experi\u00eancias de viagem. Ao usar as roupas de cama da Casiola, voc\u00ea pode fornecer um n\u00edvel consistente e confi\u00e1vel de conforto e qualidade, independentemente de qual propriedade eles escolham. <\/li>\n<li><strong>Experi\u00eancia Aprimorada:<\/strong> Roupas de cama de alta qualidade contribuem para uma experi\u00eancia geral melhor para os h\u00f3spedes. Camas confort\u00e1veis e toalhas luxuosas podem fazer uma diferen\u00e7a significativa em como os h\u00f3spedes percebem sua estadia, levando a maior satisfa\u00e7\u00e3o e reservas repetidas. <\/li>\n<\/ol>\n<h3><\/h3>\n<\/div><\/div><\/div><\/div><\/div><\/div><div class=\"g-cols wpb_row via_flex valign_top type_default stacking_default\"><div class=\"vc_col-sm-12 wpb_column vc_column_container\"><div class=\"vc_column-inner\"><div class=\"wpb_wrapper\"><div class=\"wpb_text_column\"><div class=\"wpb_wrapper\"><h3><strong>Conclus\u00e3o<\/strong><\/h3>\n<p>O Programa de Roupas de Cama da Casiola \u00e9 uma situa\u00e7\u00e3o vantajosa tanto para propriet\u00e1rios quanto para h\u00f3spedes. Oferece uma <strong>solu\u00e7\u00e3o econ\u00f4mica e sem complica\u00e7\u00f5es<\/strong> que garante que <strong>roupas de cama de alta qualidade<\/strong> estejam sempre dispon\u00edveis, melhorando a <strong>experi\u00eancia do h\u00f3spede<\/strong> e simplificando a <strong>gest\u00e3o da propriedade<\/strong>. <\/p>\n<p>Ao escolher a Casiola, voc\u00ea n\u00e3o est\u00e1 apenas fornecendo um lugar para ficar; est\u00e1 oferecendo um <strong>lar longe de casa<\/strong> com todos os confortos e conveni\u00eancias que seus h\u00f3spedes merecem.<\/p>\n<p>Fa\u00e7a a escolha inteligente para sua propriedade de aluguel por temporada e junte-se \u00e0 Casiola hoje!<\/p>\n<\/div><\/div><\/div><\/div><\/div><\/div><div class=\"w-btn-wrapper default_align_none laptops_align_none tablets_align_none mobiles_align_center\"><a class=\"w-btn us-btn-style_1\" href=\"https:\/\/join.casiola.com\/pt-br\/junte-se-a-nos\/\"><span class=\"w-btn-label\">Junte-se a n\u00f3s agora<\/span><\/a><\/div><\/div><\/div><\/div><\/div><\/div><\/section><section class=\"l-section wpb_row height_medium color_alternate\"><div class=\"l-section-h i-cf\"><div class=\"g-cols vc_row via_flex valign_top type_default stacking_default\"><div class=\"vc_col-sm-12 wpb_column vc_column_container\"><div class=\"vc_column-inner\"><div class=\"wpb_wrapper\"><div class=\"wpb_text_column us_custom_eecd5a9b\"><div class=\"wpb_wrapper\"><h2><strong>Perguntas frequentes<\/strong><\/h2>\n<p>O Programa de Roupas de Cama da Casiola foi projetado para <strong>facilitar a vida<\/strong> dos propriet\u00e1rios de propriedades de aluguel por temporada enquanto <strong>melhora a experi\u00eancia do h\u00f3spede.<\/strong> Ao cuidar de todas as roupas de cama necess\u00e1rias para sua propriedade, a Casiola garante que seus h\u00f3spedes sempre desfrutem dos melhores len\u00e7\u00f3is e toalhas de qualidade sem qualquer complica\u00e7\u00e3o de sua parte.<\/p>\n<\/div><\/div><div class=\"w-tabs style_default switch_click accordion has_scrolling\" style=\"--sections-title-size:inherit\"><div class=\"w-tabs-sections titles-align_none icon_chevron cpos_right\"><div class=\"w-tabs-section\" id=\"u423\"><button class=\"w-tabs-section-header\" aria-controls=\"content-u423\" aria-expanded=\"false\"><div class=\"w-tabs-section-title\">1. Quais custos est\u00e3o envolvidos para propriet\u00e1rios no Programa de Roupas de Cama da Casiola?<\/div><div class=\"w-tabs-section-control\"><\/div><\/button><div  class=\"w-tabs-section-content\" id=\"content-u423\"><div class=\"w-tabs-section-content-h i-cf\"><div class=\"wpb_text_column\"><div class=\"wpb_wrapper\"><p>N\u00e3o h\u00e1<strong> custos iniciais<\/strong> para propriet\u00e1rios. A Casiola fornece todas as roupas de cama necess\u00e1rias sem qualquer investimento inicial, poupando voc\u00ea da despesa de comprar e manter um estoque de len\u00e7\u00f3is e toalhas.<\/p>\n<\/div><\/div><\/div><\/div><\/div><div class=\"w-tabs-section\" id=\"q553\"><button class=\"w-tabs-section-header\" aria-controls=\"content-q553\" aria-expanded=\"false\"><div class=\"w-tabs-section-title\">2. Como o Programa de Roupas de Cama da Casiola garante a qualidade das roupas de cama fornecidas aos h\u00f3spedes?<\/div><div class=\"w-tabs-section-control\"><\/div><\/button><div  class=\"w-tabs-section-content\" id=\"content-q553\"><div class=\"w-tabs-section-content-h i-cf\"><div class=\"wpb_text_column\"><div class=\"wpb_wrapper\"><p>A Casiola garante que todas as roupas de cama sejam da <strong>mais alta qualidade<\/strong>. Elas s\u00e3o lavadas e higienizadas profissionalmente para atender rigorosos padr\u00f5es de higiene e limpeza, garantindo que os h\u00f3spedes sempre tenham acesso a<strong> roupas de cama frescas, confort\u00e1veis e luxuosas.<\/strong><\/p>\n<\/div><\/div><\/div><\/div><\/div><div class=\"w-tabs-section\" id=\"f6aa\"><button class=\"w-tabs-section-header\" aria-controls=\"content-f6aa\" aria-expanded=\"false\"><div class=\"w-tabs-section-title\">3. Quais s\u00e3o os principais benef\u00edcios para propriet\u00e1rios que participam do Programa de Roupas de Cama da Casiola?<\/div><div class=\"w-tabs-section-control\"><\/div><\/button><div  class=\"w-tabs-section-content\" id=\"content-f6aa\"><div class=\"w-tabs-section-content-h i-cf\"><div class=\"wpb_text_column\"><div class=\"wpb_wrapper\"><p>Os propriet\u00e1rios se beneficiam de <strong>sem custos iniciais, sem complica\u00e7\u00f5es de substitui\u00e7\u00e3o, economia de custos, qualidade consistente e economia significativa de tempo.<\/strong> A Casiola cuida de todos os aspectos da gest\u00e3o de roupas de cama, permitindo que os propriet\u00e1rios se concentrem em outras tarefas importantes.<\/p>\n<\/div><\/div><\/div><\/div><\/div><div class=\"w-tabs-section\" id=\"h7f0\"><button class=\"w-tabs-section-header\" aria-controls=\"content-h7f0\" aria-expanded=\"false\"><div class=\"w-tabs-section-title\">4. Como o Programa de Roupas de Cama da Casiola melhora a experi\u00eancia do h\u00f3spede?<\/div><div class=\"w-tabs-section-control\"><\/div><\/button><div  class=\"w-tabs-section-content\" id=\"content-h7f0\"><div class=\"w-tabs-section-content-h i-cf\"><div class=\"wpb_text_column\"><div class=\"wpb_wrapper\"><p>Os h\u00f3spedes desfrutam de <strong>qualidade, higiene e limpeza<\/strong> garantidas com as roupas de cama gerenciadas profissionalmente pela Casiola. O fornecimento consistente de roupas de cama confort\u00e1veis e de alta qualidade melhora sua estadia, levando a<strong> maior satisfa\u00e7\u00e3o<\/strong> e \u00e0 probabilidade de avalia\u00e7\u00f5es positivas e reservas repetidas.<\/p>\n<\/div><\/div><\/div><\/div><\/div><\/div><\/div><\/div><\/div><\/div><\/div><\/div><\/section>\n","protected":false},"excerpt":{"rendered":"Possuir uma propriedade de aluguel por temporada pode ser uma experi\u00eancia gratificante, mas tamb\u00e9m traz sua parcela de desafios. Um dos aspectos menos glamorosos \u00e9 garantir que seus h\u00f3spedes tenham acesso a roupas de cama e toalhas de alta qualidade durante sua estadia. Felizmente, o Programa de Roupas de Cama da Casiola oferece uma solu\u00e7\u00e3o...","protected":false},"author":1,"featured_media":0,"parent":20915,"menu_order":0,"comment_status":"closed","ping_status":"closed","template":"","meta":{"_acf_changed":false,"footnotes":""},"categories":[],"tags":[],"class_list":["post-23981","page","type-page","status-publish","hentry"],"acf":{"destination_name":null,"destination_slug":null,"destination-email":null,"destination_hero":null,"destination_copy":null,"advantages_title":null,"advantages_1":null,"advantages_2":null,"advantages_3":null,"advantages_4":null,"advantages_5":null,"advantages_6":null,"linen_program":null,"design_center":null,"guests_are_booking_title":null,"guests_are_booking_text":null,"hvm":null,"amex":null,"award_winning_company":null,"numbers_1":null,"numbers_2":null,"numbers_quote":null,"faq_1":null,"faq_1_response":null,"faq_2":null,"faq_2_response":null,"faq_3":null,"faq_3_response":null,"faq_4":null,"faq_4_response":null,"faq_5":null,"faq_5_response":null,"faq_6":null,"faq_6_response":null,"faq_7":null,"faq_7_response":null,"faq_8":null,"faq_8_response":null,"faq_9":null,"faq_9_response":null,"faq_10":null,"faq_10_response":null,"faq_11":null,"faq_11_response":null,"vacation_rental_manager_blog_title":null,"vacation_rental_manager_blog_text":null,"discover_all_casiola_destinations":null},"_links":{"self":[{"href":"https:\/\/join.casiola.com\/pt-br\/wp-json\/wp\/v2\/pages\/23981","targetHints":{"allow":["GET"]}}],"collection":[{"href":"https:\/\/join.casiola.com\/pt-br\/wp-json\/wp\/v2\/pages"}],"about":[{"href":"https:\/\/join.casiola.com\/pt-br\/wp-json\/wp\/v2\/types\/page"}],"author":[{"embeddable":true,"href":"https:\/\/join.casiola.com\/pt-br\/wp-json\/wp\/v2\/users\/1"}],"replies":[{"embeddable":true,"href":"https:\/\/join.casiola.com\/pt-br\/wp-json\/wp\/v2\/comments?post=23981"}],"version-history":[{"count":7,"href":"https:\/\/join.casiola.com\/pt-br\/wp-json\/wp\/v2\/pages\/23981\/revisions"}],"predecessor-version":[{"id":24230,"href":"https:\/\/join.casiola.com\/pt-br\/wp-json\/wp\/v2\/pages\/23981\/revisions\/24230"}],"up":[{"embeddable":true,"href":"https:\/\/join.casiola.com\/pt-br\/wp-json\/wp\/v2\/pages\/20915"}],"wp:attachment":[{"href":"https:\/\/join.casiola.com\/pt-br\/wp-json\/wp\/v2\/media?parent=23981"}],"wp:term":[{"taxonomy":"category","embeddable":true,"href":"https:\/\/join.casiola.com\/pt-br\/wp-json\/wp\/v2\/categories?post=23981"},{"taxonomy":"post_tag","embeddable":true,"href":"https:\/\/join.casiola.com\/pt-br\/wp-json\/wp\/v2\/tags?post=23981"}],"curies":[{"name":"wp","href":"https:\/\/api.w.org\/{rel}","templated":true}]}}