{"id":23999,"date":"2021-01-07T13:46:31","date_gmt":"2021-01-07T13:46:31","guid":{"rendered":"https:\/\/join.casiola.com\/corretores-de-imoveis-vendam-mais-casas-de-ferias-em-aruba-com-a-casiola-vacation-homes-2\/"},"modified":"2025-11-06T15:40:08","modified_gmt":"2025-11-06T15:40:08","slug":"corretores-de-imoveis-vendam-mais-casas-de-ferias-em-aruba-com-a-casiola-vacation-homes-2","status":"publish","type":"page","link":"https:\/\/join.casiola.com\/pt-br\/corretores-de-imoveis-vendam-mais-casas-de-ferias-em-aruba-com-a-casiola-vacation-homes-2\/","title":{"rendered":"Corretores de im\u00f3veis \u2013 vendam mais casas de f\u00e9rias em Aruba com a Casiola Vacation Homes"},"content":{"rendered":"<section class=\"l-section wpb_row height_auto color_primary\"><div class=\"l-section-h i-cf\"><div class=\"g-cols vc_row via_flex valign_middle type_default stacking_default\"><div class=\"vc_col-sm-6 wpb_column vc_column_container\"><div class=\"vc_column-inner\"><div class=\"wpb_wrapper\"><div class=\"w-separator size_huge\"><\/div><\/div><\/div><\/div><div class=\"vc_col-sm-6 wpb_column vc_column_container\"><div class=\"vc_column-inner\"><div class=\"wpb_wrapper\"><\/div><\/div><\/div><\/div><\/div><\/section><section class=\"l-section wpb_row height_medium\"><div class=\"l-section-h i-cf\"><div class=\"g-cols vc_row via_flex valign_top type_default stacking_default\"><div class=\"vc_col-sm-12 wpb_column vc_column_container\"><div class=\"vc_column-inner\"><div class=\"wpb_wrapper\"><div class=\"wpb_text_column\"><div class=\"wpb_wrapper\"><h2 style=\"text-align: center;\"><strong>Agradecemos muito<\/strong> por preencher seus dados!<\/h2>\n<h3 style=\"text-align: center;\">Um membro da nossa equipe de desenvolvimento de neg\u00f3cios entrar\u00e1 em contato em breve para discutir os detalhes da colabora\u00e7\u00e3o com a Casiola!<\/h3>\n<\/div><\/div><\/div><\/div><\/div><\/div><\/div><\/section>\n","protected":false},"excerpt":{"rendered":"Agradecemos muito por preencher seus dados! Um membro da nossa equipe de desenvolvimento de neg\u00f3cios entrar\u00e1 em contato em breve para discutir os detalhes da colabora\u00e7\u00e3o com a Casiola!","protected":false},"author":1,"featured_media":0,"parent":0,"menu_order":0,"comment_status":"closed","ping_status":"closed","template":"","meta":{"_acf_changed":false,"footnotes":""},"categories":[154],"tags":[],"class_list":["post-23999","page","type-page","status-publish","hentry","category-sem-categoria"],"acf":{"destination-email":"","destination_hero":false},"_links":{"self":[{"href":"https:\/\/join.casiola.com\/pt-br\/wp-json\/wp\/v2\/pages\/23999","targetHints":{"allow":["GET"]}}],"collection":[{"href":"https:\/\/join.casiola.com\/pt-br\/wp-json\/wp\/v2\/pages"}],"about":[{"href":"https:\/\/join.casiola.com\/pt-br\/wp-json\/wp\/v2\/types\/page"}],"author":[{"embeddable":true,"href":"https:\/\/join.casiola.com\/pt-br\/wp-json\/wp\/v2\/users\/1"}],"replies":[{"embeddable":true,"href":"https:\/\/join.casiola.com\/pt-br\/wp-json\/wp\/v2\/comments?post=23999"}],"version-history":[{"count":9,"href":"https:\/\/join.casiola.com\/pt-br\/wp-json\/wp\/v2\/pages\/23999\/revisions"}],"predecessor-version":[{"id":27174,"href":"https:\/\/join.casiola.com\/pt-br\/wp-json\/wp\/v2\/pages\/23999\/revisions\/27174"}],"wp:attachment":[{"href":"https:\/\/join.casiola.com\/pt-br\/wp-json\/wp\/v2\/media?parent=23999"}],"wp:term":[{"taxonomy":"category","embeddable":true,"href":"https:\/\/join.casiola.com\/pt-br\/wp-json\/wp\/v2\/categories?post=23999"},{"taxonomy":"post_tag","embeddable":true,"href":"https:\/\/join.casiola.com\/pt-br\/wp-json\/wp\/v2\/tags?post=23999"}],"curies":[{"name":"wp","href":"https:\/\/api.w.org\/{rel}","templated":true}]}}