{"id":24089,"date":"2019-03-04T11:02:09","date_gmt":"2019-03-04T11:02:09","guid":{"rendered":"https:\/\/join.casiola.com\/mycasiola-gerenciamento-de-avaliacoes-2\/"},"modified":"2025-11-05T20:09:05","modified_gmt":"2025-11-05T20:09:05","slug":"mycasiola-gerenciamento-de-avaliacoes-2","status":"publish","type":"page","link":"https:\/\/join.casiola.com\/pt-br\/mycasiola-gerenciamento-de-avaliacoes-2\/","title":{"rendered":"myCasiola \u2013 gerenciamento de avalia\u00e7\u00f5es"},"content":{"rendered":"<section class=\"l-section wpb_row height_medium color_alternate\"><div class=\"l-section-h i-cf\"><div class=\"g-cols vc_row via_flex valign_middle type_default stacking_default\"><div class=\"vc_col-sm-6 wpb_column vc_column_container\"><div class=\"vc_column-inner\"><div class=\"wpb_wrapper\"><div class=\"w-image us_custom_7e20fa79 us_animate_this align_center\"><div class=\"w-image-h\"><img decoding=\"async\" width=\"300\" height=\"231\" src=\"https:\/\/join.casiola.com\/wp-content\/uploads\/2019\/01\/myCasiola-logo.png\" class=\"attachment-large size-large\" alt=\"myCasiola-logo\" loading=\"lazy\" \/><\/div><\/div><div class=\"w-separator size_medium\"><\/div><div class=\"wpb_text_column\"><div class=\"wpb_wrapper\"><p style=\"text-align: center;\"><span style=\"font-weight: 400;\">Saiba o que seus h\u00f3spedes est\u00e3o dizendo com as avalia\u00e7\u00f5es de h\u00f3spedes do myCasiola. Voc\u00ea receber\u00e1 <strong>feedback em tempo real dos h\u00f3spedes sobre sua propriedade, sua localiza\u00e7\u00e3o e nosso atendimento ao cliente<\/strong>. O feedback dos h\u00f3spedes vale ouro, por isso, garantimos que voc\u00ea tenha tudo ao seu alcance. N\u00e3o h\u00e1 propaganda melhor do que o boca a boca de um h\u00f3spede satisfeito!    <\/span><\/p>\n<\/div><\/div><\/div><\/div><\/div><div class=\"vc_col-sm-6 wpb_column vc_column_container\"><div class=\"vc_column-inner\"><div class=\"wpb_wrapper\"><div class=\"w-image align_none\"><div class=\"w-image-h\"><img decoding=\"async\" width=\"858\" height=\"589\" src=\"https:\/\/join.casiola.com\/wp-content\/uploads\/2019\/02\/reviews.png\" class=\"attachment-large size-large\" alt=\"reviews myCasiola - Property timeline\" loading=\"lazy\" srcset=\"https:\/\/join.casiola.com\/wp-content\/uploads\/2019\/02\/reviews.png 858w, https:\/\/join.casiola.com\/wp-content\/uploads\/2019\/02\/reviews-300x206.png 300w, https:\/\/join.casiola.com\/wp-content\/uploads\/2019\/02\/reviews-600x412.png 600w, https:\/\/join.casiola.com\/wp-content\/uploads\/2019\/02\/reviews-768x527.png 768w\" sizes=\"auto, (max-width: 858px) 100vw, 858px\" \/><\/div><\/div><\/div><\/div><\/div><\/div><\/div><\/section><section class=\"l-section wpb_row height_auto\"><div class=\"l-section-h i-cf\"><div class=\"g-cols vc_row via_flex valign_middle type_default stacking_default\"><div class=\"vc_col-sm-4 wpb_column vc_column_container\"><div class=\"vc_column-inner\"><div class=\"wpb_wrapper\"><div class=\"w-image align_none\"><div class=\"w-image-h\"><img decoding=\"async\" width=\"600\" height=\"815\" src=\"https:\/\/join.casiola.com\/wp-content\/uploads\/2025\/06\/maggy-1.webp\" class=\"attachment-large size-large has-transparency\" alt=\"maggy\" loading=\"lazy\" srcset=\"https:\/\/join.casiola.com\/wp-content\/uploads\/2025\/06\/maggy-1.webp 600w, https:\/\/join.casiola.com\/wp-content\/uploads\/2025\/06\/maggy-1-221x300.webp 221w\" sizes=\"auto, (max-width: 600px) 100vw, 600px\" data-has-transparency=\"true\" data-dominant-color=\"c5306f\" style=\"--dominant-color: #c5306f;\" \/><\/div><\/div><\/div><\/div><\/div><div class=\"vc_col-sm-8 wpb_column vc_column_container\"><div class=\"vc_column-inner\"><div class=\"wpb_wrapper\"><div class=\"wpb_text_column\"><div class=\"wpb_wrapper\"><h2>Como fazemos isso<\/h2>\n<p><span style=\"font-weight: 400;\">Para garantir que tenhamos uma vis\u00e3o completa de cada estadia, pedimos a cada h\u00f3spede que <strong>nos avalie duas vezes<\/strong> durante a estadia. Solicitamos <strong>feedback<\/strong> no dia seguinte \u00e0 chegada, dando-lhes tempo para se instalarem, mas ainda obtendo suas primeiras impress\u00f5es da propriedade. Isso tamb\u00e9m nos permite corrigir rapidamente qualquer coisa que n\u00e3o seja do agrado deles, para que possam aproveitar o resto da estadia. Tamb\u00e9m solicitamos outra avalia\u00e7\u00e3o ap\u00f3s a estadia, buscando mais detalhes sobre a propriedade e nosso atendimento ao cliente.   <\/span><\/p>\n<\/div><\/div><div class=\"wpb_text_column\"><div class=\"wpb_wrapper\"><h5><span style=\"color: #ff0099;\">Maggy<\/span> \u2013 inspetora de propriedades<\/h5>\n<\/div><\/div><\/div><\/div><\/div><\/div><\/div><\/section><section class=\"l-section wpb_row height_medium color_primary\"><div class=\"l-section-h i-cf\"><div class=\"g-cols vc_row via_flex valign_top type_default stacking_default\"><div class=\"vc_col-sm-12 wpb_column vc_column_container\"><div class=\"vc_column-inner\"><div class=\"wpb_wrapper\"><div class=\"w-actionbox color_primary controls_right\"><div class=\"w-actionbox-text\"><h2 class=\"w-actionbox-title\">Interessado? Junte-se a n\u00f3s agora e tenha acesso ao myCasiola! <\/h2><\/div><div class=\"w-actionbox-controls\"><a class=\"w-btn us-btn-style_4\" title=\"Junte-se a n\u00f3s\" href=\"https:\/\/join.casiola.com\/pt-br\/junte-se-a-nos\/\"><span class=\"w-btn-label\">Junte-se a n\u00f3s!<\/span><\/a><\/div><\/div><\/div><\/div><\/div><\/div><\/div><\/section>\n","protected":false},"excerpt":{"rendered":"Saiba o que seus h\u00f3spedes est\u00e3o dizendo com as avalia\u00e7\u00f5es de h\u00f3spedes do myCasiola. Voc\u00ea receber\u00e1 feedback em tempo real dos h\u00f3spedes sobre sua propriedade, sua localiza\u00e7\u00e3o e nosso atendimento ao cliente. O feedback dos h\u00f3spedes vale ouro, por isso, garantimos que voc\u00ea tenha tudo ao seu alcance. N\u00e3o h\u00e1 propaganda melhor do que o...","protected":false},"author":1,"featured_media":0,"parent":0,"menu_order":0,"comment_status":"closed","ping_status":"closed","template":"","meta":{"_acf_changed":false,"footnotes":""},"categories":[213],"tags":[],"class_list":["post-24089","page","type-page","status-publish","hentry","category-mycasiola"],"acf":{"destination_name":null,"destination_slug":null,"destination-email":null,"destination_hero":null,"destination_copy":null,"advantages_title":null,"advantages_1":null,"advantages_2":null,"advantages_3":null,"advantages_4":null,"advantages_5":null,"advantages_6":null,"linen_program":null,"design_center":null,"guests_are_booking_title":null,"guests_are_booking_text":null,"hvm":null,"amex":null,"award_winning_company":null,"numbers_1":null,"numbers_2":null,"numbers_quote":null,"faq_1":null,"faq_1_response":null,"faq_2":null,"faq_2_response":null,"faq_3":null,"faq_3_response":null,"faq_4":null,"faq_4_response":null,"faq_5":null,"faq_5_response":null,"faq_6":null,"faq_6_response":null,"faq_7":null,"faq_7_response":null,"faq_8":null,"faq_8_response":null,"faq_9":null,"faq_9_response":null,"faq_10":null,"faq_10_response":null,"faq_11":null,"faq_11_response":null,"vacation_rental_manager_blog_title":null,"vacation_rental_manager_blog_text":null,"discover_all_casiola_destinations":null},"_links":{"self":[{"href":"https:\/\/join.casiola.com\/pt-br\/wp-json\/wp\/v2\/pages\/24089","targetHints":{"allow":["GET"]}}],"collection":[{"href":"https:\/\/join.casiola.com\/pt-br\/wp-json\/wp\/v2\/pages"}],"about":[{"href":"https:\/\/join.casiola.com\/pt-br\/wp-json\/wp\/v2\/types\/page"}],"author":[{"embeddable":true,"href":"https:\/\/join.casiola.com\/pt-br\/wp-json\/wp\/v2\/users\/1"}],"replies":[{"embeddable":true,"href":"https:\/\/join.casiola.com\/pt-br\/wp-json\/wp\/v2\/comments?post=24089"}],"version-history":[{"count":2,"href":"https:\/\/join.casiola.com\/pt-br\/wp-json\/wp\/v2\/pages\/24089\/revisions"}],"predecessor-version":[{"id":24126,"href":"https:\/\/join.casiola.com\/pt-br\/wp-json\/wp\/v2\/pages\/24089\/revisions\/24126"}],"wp:attachment":[{"href":"https:\/\/join.casiola.com\/pt-br\/wp-json\/wp\/v2\/media?parent=24089"}],"wp:term":[{"taxonomy":"category","embeddable":true,"href":"https:\/\/join.casiola.com\/pt-br\/wp-json\/wp\/v2\/categories?post=24089"},{"taxonomy":"post_tag","embeddable":true,"href":"https:\/\/join.casiola.com\/pt-br\/wp-json\/wp\/v2\/tags?post=24089"}],"curies":[{"name":"wp","href":"https:\/\/api.w.org\/{rel}","templated":true}]}}