{"id":24332,"date":"2017-12-07T13:16:01","date_gmt":"2017-12-07T13:16:01","guid":{"rendered":"https:\/\/join.casiola.com\/resort-vista-cay-3\/"},"modified":"2025-11-05T20:11:38","modified_gmt":"2025-11-05T20:11:38","slug":"resort-vista-cay-3","status":"publish","type":"page","link":"https:\/\/join.casiola.com\/pt-br\/resort-vista-cay-3\/","title":{"rendered":"Resort Vista Cay"},"content":{"rendered":"<section class=\"l-section wpb_row height_small with_img\"><div class=\"l-section-img\" role=\"img\" aria-label=\"Casas de f\u00e9rias Casiola no resort Vista Cay\" data-img-width=\"2000\" data-img-height=\"591\" style=\"background-image: url(https:\/\/join.casiola.com\/wp-content\/uploads\/2017\/11\/vistacay-header.jpg);\"><\/div><div class=\"l-section-h i-cf\"><div class=\"g-cols vc_row via_flex valign_bottom type_default stacking_default\"><div class=\"vc_col-sm-12 wpb_column vc_column_container\"><div class=\"vc_column-inner\"><div class=\"wpb_wrapper\"><div class=\"w-image align_center us_animate_aft\" style=\"animation-delay:1s\"><div class=\"w-image-h\"><img decoding=\"async\" width=\"360\" height=\"360\" src=\"https:\/\/join.casiola.com\/wp-content\/uploads\/2017\/11\/landing-vistacay-logo-1.png\" class=\"attachment-full size-full\" alt=\"Vista Cay Resort by Casiola vacation homes\" loading=\"lazy\" srcset=\"https:\/\/join.casiola.com\/wp-content\/uploads\/2017\/11\/landing-vistacay-logo-1.png 360w, https:\/\/join.casiola.com\/wp-content\/uploads\/2017\/11\/landing-vistacay-logo-1-300x300.png 300w, https:\/\/join.casiola.com\/wp-content\/uploads\/2017\/11\/landing-vistacay-logo-1-150x150.png 150w, https:\/\/join.casiola.com\/wp-content\/uploads\/2017\/11\/landing-vistacay-logo-1-350x350.png 350w\" sizes=\"auto, (max-width: 360px) 100vw, 360px\" \/><\/div><\/div><\/div><\/div><\/div><\/div><\/div><\/section><section class=\"l-section wpb_row height_auto\"><div class=\"l-section-h i-cf\"><div class=\"g-cols vc_row via_flex valign_bottom type_default stacking_default\"><div class=\"vc_col-sm-8 wpb_column vc_column_container\"><div class=\"vc_column-inner\"><div class=\"wpb_wrapper\"><div class=\"w-separator size_large\"><\/div><div class=\"wpb_text_column\"><div class=\"wpb_wrapper\"><h2><strong>Muito obrigado<\/strong>,  [urlparam param=&#8221;firstname&#8221;]<\/h2>\n<p>Muito obrigado pelo interesse demonstrado na Casiola. Enviamos um e-mail com todas as informa\u00e7\u00f5es sobre a Casiola e o Vista Cay Resort. Esperamos sinceramente conseguir convenc\u00ea-lo de que <strong>a Casiola \u00e9 a empresa de gest\u00e3o de casas de f\u00e9rias certa<\/strong> para voc\u00ea!<\/p>\n<\/div><\/div><div class=\"w-message us_custom_d2407894 has_text_color color_custom with_icon\"><div class=\"w-message-icon\"><i class=\"material-icons\">info<\/i><\/div><div class=\"w-message-body\"><p>Enquanto isso, se tiver alguma d\u00favida, n\u00e3o hesite em nos contatar. Teremos prazer em ajudar!<br \/>\n<strong> Entre em contato conosco por telefone: +1 321-284-8400 \u2013 ou e-mail <a href=\"mailto:owners@casiola.com\">owners@casiola.com<\/a> <\/strong><\/p>\n<\/div><\/div><div class=\"w-separator size_large\"><\/div><div class=\"wpb_text_column\"><div class=\"wpb_wrapper\"><h5 style=\"text-align: right;\"><span style=\"color: #ff0099;\">Natalia<\/span> \u2013 Gerente de Rela\u00e7\u00f5es com Propriet\u00e1rios<\/h5>\n<\/div><\/div><div class=\"w-separator size_large\"><\/div><\/div><\/div><\/div><div class=\"vc_col-sm-4 wpb_column vc_column_container\"><div class=\"vc_column-inner\"><div class=\"wpb_wrapper\"><div class=\"w-separator size_small\"><\/div><div class=\"w-image align_none\"><div class=\"w-image-h\"><img decoding=\"async\" width=\"800\" height=\"975\" src=\"https:\/\/join.casiola.com\/wp-content\/uploads\/2022\/02\/natalia.png\" class=\"attachment-full size-full\" alt=\"natalia from casiola\" loading=\"lazy\" srcset=\"https:\/\/join.casiola.com\/wp-content\/uploads\/2022\/02\/natalia.png 800w, https:\/\/join.casiola.com\/wp-content\/uploads\/2022\/02\/natalia-246x300.png 246w, https:\/\/join.casiola.com\/wp-content\/uploads\/2022\/02\/natalia-600x731.png 600w, https:\/\/join.casiola.com\/wp-content\/uploads\/2022\/02\/natalia-768x936.png 768w\" sizes=\"auto, (max-width: 800px) 100vw, 800px\" \/><\/div><\/div><\/div><\/div><\/div><\/div><\/div><\/section><section class=\"l-section wpb_row height_medium color_primary\"><div class=\"l-section-h i-cf\"><div class=\"g-cols vc_row via_flex valign_top type_default stacking_default\"><div class=\"vc_col-sm-12 wpb_column vc_column_container\"><div class=\"vc_column-inner\"><div class=\"wpb_wrapper\"><div class=\"w-actionbox color_primary controls_right\"><div class=\"w-actionbox-text\"><h2 class=\"w-actionbox-title\" style=\"font-size:h3\">Casiola: administra\u00e7\u00e3o de casas de f\u00e9rias que voc\u00ea vai adorar!<\/h2><\/div><div class=\"w-actionbox-controls\"><a class=\"w-btn us-btn-style_4\" href=\"https:\/\/join.casiola.com\/junte-se\/?lang=pt-br\" style=\"font-size:20;\"><span class=\"w-btn-label\">Junte-se a n\u00f3s agora!<\/span><\/a><\/div><\/div><\/div><\/div><\/div><\/div><\/div><\/section>\n","protected":false},"excerpt":{"rendered":"Muito obrigado, [urlparam param=&#8221;firstname&#8221;] Muito obrigado pelo interesse demonstrado na Casiola. Enviamos um e-mail com todas as informa\u00e7\u00f5es sobre a Casiola e o Vista Cay Resort. Esperamos sinceramente conseguir convenc\u00ea-lo de que a Casiola \u00e9 a empresa de gest\u00e3o de casas de f\u00e9rias certa para voc\u00ea! infoEnquanto isso, se tiver alguma d\u00favida, n\u00e3o hesite em...","protected":false},"author":1,"featured_media":24335,"parent":0,"menu_order":0,"comment_status":"closed","ping_status":"closed","template":"","meta":{"_acf_changed":false,"footnotes":""},"categories":[171],"tags":[],"class_list":["post-24332","page","type-page","status-publish","has-post-thumbnail","hentry","category-resort"],"acf":{"destination_name":null,"destination_slug":null,"destination-email":null,"destination_hero":null,"destination_copy":null,"advantages_title":null,"advantages_1":null,"advantages_2":null,"advantages_3":null,"advantages_4":null,"advantages_5":null,"advantages_6":null,"linen_program":null,"design_center":null,"guests_are_booking_title":null,"guests_are_booking_text":null,"hvm":null,"amex":null,"award_winning_company":null,"numbers_1":null,"numbers_2":null,"numbers_quote":null,"faq_1":null,"faq_1_response":null,"faq_2":null,"faq_2_response":null,"faq_3":null,"faq_3_response":null,"faq_4":null,"faq_4_response":null,"faq_5":null,"faq_5_response":null,"faq_6":null,"faq_6_response":null,"faq_7":null,"faq_7_response":null,"faq_8":null,"faq_8_response":null,"faq_9":null,"faq_9_response":null,"faq_10":null,"faq_10_response":null,"faq_11":null,"faq_11_response":null,"vacation_rental_manager_blog_title":null,"vacation_rental_manager_blog_text":null,"discover_all_casiola_destinations":null},"_links":{"self":[{"href":"https:\/\/join.casiola.com\/pt-br\/wp-json\/wp\/v2\/pages\/24332","targetHints":{"allow":["GET"]}}],"collection":[{"href":"https:\/\/join.casiola.com\/pt-br\/wp-json\/wp\/v2\/pages"}],"about":[{"href":"https:\/\/join.casiola.com\/pt-br\/wp-json\/wp\/v2\/types\/page"}],"author":[{"embeddable":true,"href":"https:\/\/join.casiola.com\/pt-br\/wp-json\/wp\/v2\/users\/1"}],"replies":[{"embeddable":true,"href":"https:\/\/join.casiola.com\/pt-br\/wp-json\/wp\/v2\/comments?post=24332"}],"version-history":[{"count":2,"href":"https:\/\/join.casiola.com\/pt-br\/wp-json\/wp\/v2\/pages\/24332\/revisions"}],"predecessor-version":[{"id":24357,"href":"https:\/\/join.casiola.com\/pt-br\/wp-json\/wp\/v2\/pages\/24332\/revisions\/24357"}],"wp:featuredmedia":[{"embeddable":true,"href":"https:\/\/join.casiola.com\/pt-br\/wp-json\/wp\/v2\/media\/24335"}],"wp:attachment":[{"href":"https:\/\/join.casiola.com\/pt-br\/wp-json\/wp\/v2\/media?parent=24332"}],"wp:term":[{"taxonomy":"category","embeddable":true,"href":"https:\/\/join.casiola.com\/pt-br\/wp-json\/wp\/v2\/categories?post=24332"},{"taxonomy":"post_tag","embeddable":true,"href":"https:\/\/join.casiola.com\/pt-br\/wp-json\/wp\/v2\/tags?post=24332"}],"curies":[{"name":"wp","href":"https:\/\/api.w.org\/{rel}","templated":true}]}}