{"id":24359,"date":"2017-10-23T19:36:30","date_gmt":"2017-10-23T19:36:30","guid":{"rendered":"https:\/\/join.casiola.com\/como-a-tarifa-certa-poderia-gerar-a-voce-75-mais-renda\/"},"modified":"2025-11-05T20:11:50","modified_gmt":"2025-11-05T20:11:50","slug":"como-a-tarifa-certa-poderia-gerar-a-voce-75-mais-renda","status":"publish","type":"page","link":"https:\/\/join.casiola.com\/pt-br\/como-a-tarifa-certa-poderia-gerar-a-voce-75-mais-renda\/","title":{"rendered":"Como a tarifa certa poderia gerar a voc\u00ea 75 % mais renda"},"content":{"rendered":"<section class=\"l-section wpb_row height_medium color_alternate\"><div class=\"l-section-h i-cf\"><div class=\"g-cols vc_row via_flex valign_top type_default stacking_default\"><div class=\"vc_col-sm-12 wpb_column vc_column_container\"><div class=\"vc_column-inner\"><div class=\"wpb_wrapper\"><div class=\"wpb_text_column\"><div class=\"wpb_wrapper\"><h1 style=\"text-align: center;\">Como a tarifa certa poderia gerar a voc\u00ea<br \/>\n<strong>75 % mais renda<\/strong><\/h1>\n<\/div><\/div><\/div><\/div><\/div><\/div><\/div><\/section><section class=\"l-section wpb_row height_medium\"><div class=\"l-section-h i-cf\"><div class=\"g-cols vc_row via_flex valign_top type_default stacking_default\"><div class=\"vc_col-sm-6 wpb_column vc_column_container\"><div class=\"vc_column-inner\"><div class=\"wpb_wrapper\"><div class=\"wpb_text_column\"><div class=\"wpb_wrapper\"><h2>Contexto<\/h2>\n<p>Angelo comprou seu condom\u00ednio em Vista Cay h\u00e1 1 ano.<\/p>\n<p>Embora a propriedade estivesse em condi\u00e7\u00f5es decentes, a decora\u00e7\u00e3o estava um pouco desatualizada e o espa\u00e7o precisava de novos pisos, pintura e m\u00f3veis. Ap\u00f3s a compra de seu condom\u00ednio, nosso propriet\u00e1rio n\u00e3o tinha os fundos dispon\u00edveis para reformar a unidade imediatamente. <\/p>\n<p>Entendemos que nem todos podem investir milhares de d\u00f3lares para reformar completamente uma propriedade. Nesses casos, trabalhamos para tirar o melhor proveito do que voc\u00ea j\u00e1 tem! <\/p>\n<p>Voc\u00ea pode ver o an\u00fancio em nosso site para h\u00f3spedes <a href=\"http:\/\/www.casiola.com\/booking\/sun-kissed\/1955-102191\" target=\"_blank\" rel=\"noopener noreferrer\">aqui<\/a><\/p>\n<\/div><\/div><\/div><\/div><\/div><div class=\"vc_col-sm-6 wpb_column vc_column_container\"><div class=\"vc_column-inner\"><div class=\"wpb_wrapper\"><div class=\"w-slider style_none fit_contain nav_dots count_18\"><div class=\"w-slider-h\" aria-hidden=\"true\"><div class=\"royalSlider\"><div class=\"rsContent\"><a class=\"rsImg\" data-rsw=\"640\" data-rsh=\"457\" data-rsBigImg=\"https:\/\/join.casiola.com\/wp-content\/uploads\/2017\/10\/0270060698.jpg\" href=\"https:\/\/join.casiola.com\/wp-content\/uploads\/2017\/10\/0270060698.jpg\"><span data-alt=\"Ensolarado - casas de f\u00e9rias Casiola que voc\u00ea vai adorar\"><\/span><\/a><\/div><div class=\"rsContent\"><a class=\"rsImg\" data-rsw=\"640\" data-rsh=\"457\" data-rsBigImg=\"https:\/\/join.casiola.com\/wp-content\/uploads\/2017\/10\/0707360244.jpg\" href=\"https:\/\/join.casiola.com\/wp-content\/uploads\/2017\/10\/0707360244.jpg\"><span data-alt=\"Sun Kissed - Casiola vacation homes you'll love\"><\/span><\/a><\/div><div class=\"rsContent\"><a class=\"rsImg\" data-rsw=\"640\" data-rsh=\"457\" data-rsBigImg=\"https:\/\/join.casiola.com\/wp-content\/uploads\/2017\/10\/0724970184.jpg\" href=\"https:\/\/join.casiola.com\/wp-content\/uploads\/2017\/10\/0724970184.jpg\"><span data-alt=\"Sun Kissed - Casiola vacation homes you'll love\"><\/span><\/a><\/div><div class=\"rsContent\"><a class=\"rsImg\" data-rsw=\"640\" data-rsh=\"457\" data-rsBigImg=\"https:\/\/join.casiola.com\/wp-content\/uploads\/2017\/10\/1149570253.jpg\" href=\"https:\/\/join.casiola.com\/wp-content\/uploads\/2017\/10\/1149570253.jpg\"><span data-alt=\"Sun Kissed - Casiola vacation homes you'll love\"><\/span><\/a><\/div><div class=\"rsContent\"><a class=\"rsImg\" data-rsw=\"640\" data-rsh=\"457\" data-rsBigImg=\"https:\/\/join.casiola.com\/wp-content\/uploads\/2017\/10\/1962390699.jpg\" href=\"https:\/\/join.casiola.com\/wp-content\/uploads\/2017\/10\/1962390699.jpg\"><span data-alt=\"Sun Kissed - Casiola vacation homes you'll love\"><\/span><\/a><\/div><div class=\"rsContent\"><a class=\"rsImg\" data-rsw=\"640\" data-rsh=\"457\" data-rsBigImg=\"https:\/\/join.casiola.com\/wp-content\/uploads\/2017\/10\/2421260185.jpg\" href=\"https:\/\/join.casiola.com\/wp-content\/uploads\/2017\/10\/2421260185.jpg\"><span data-alt=\"Sun Kissed - Casiola vacation homes you'll love\"><\/span><\/a><\/div><div class=\"rsContent\"><a class=\"rsImg\" data-rsw=\"640\" data-rsh=\"457\" data-rsBigImg=\"https:\/\/join.casiola.com\/wp-content\/uploads\/2017\/10\/2644070239.jpg\" href=\"https:\/\/join.casiola.com\/wp-content\/uploads\/2017\/10\/2644070239.jpg\"><span data-alt=\"Sun Kissed - Casiola vacation homes you'll love\"><\/span><\/a><\/div><div class=\"rsContent\"><a class=\"rsImg\" data-rsw=\"640\" data-rsh=\"457\" data-rsBigImg=\"https:\/\/join.casiola.com\/wp-content\/uploads\/2017\/10\/2896800697.jpg\" href=\"https:\/\/join.casiola.com\/wp-content\/uploads\/2017\/10\/2896800697.jpg\"><span data-alt=\"Sun Kissed - Casiola vacation homes you'll love\"><\/span><\/a><\/div><div class=\"rsContent\"><a class=\"rsImg\" data-rsw=\"640\" data-rsh=\"457\" data-rsBigImg=\"https:\/\/join.casiola.com\/wp-content\/uploads\/2017\/10\/3268400702.jpg\" href=\"https:\/\/join.casiola.com\/wp-content\/uploads\/2017\/10\/3268400702.jpg\"><span data-alt=\"Sun Kissed - Casiola vacation homes you'll love\"><\/span><\/a><\/div><div class=\"rsContent\"><a class=\"rsImg\" data-rsw=\"640\" data-rsh=\"457\" data-rsBigImg=\"https:\/\/join.casiola.com\/wp-content\/uploads\/2017\/10\/3614950254.jpg\" href=\"https:\/\/join.casiola.com\/wp-content\/uploads\/2017\/10\/3614950254.jpg\"><span data-alt=\"Sun Kissed - Casiola vacation homes you'll love\"><\/span><\/a><\/div><div class=\"rsContent\"><a class=\"rsImg\" data-rsw=\"640\" data-rsh=\"457\" data-rsBigImg=\"https:\/\/join.casiola.com\/wp-content\/uploads\/2017\/10\/9563090695.jpg\" href=\"https:\/\/join.casiola.com\/wp-content\/uploads\/2017\/10\/9563090695.jpg\"><span data-alt=\"Sun Kissed - Casiola vacation homes you'll love\"><\/span><\/a><\/div><div class=\"rsContent\"><a class=\"rsImg\" data-rsw=\"640\" data-rsh=\"457\" data-rsBigImg=\"https:\/\/join.casiola.com\/wp-content\/uploads\/2017\/10\/9239350186.jpg\" href=\"https:\/\/join.casiola.com\/wp-content\/uploads\/2017\/10\/9239350186.jpg\"><span data-alt=\"Sun Kissed - Casiola vacation homes you'll love\"><\/span><\/a><\/div><div class=\"rsContent\"><a class=\"rsImg\" data-rsw=\"640\" data-rsh=\"457\" data-rsBigImg=\"https:\/\/join.casiola.com\/wp-content\/uploads\/2017\/10\/8463260241.jpg\" href=\"https:\/\/join.casiola.com\/wp-content\/uploads\/2017\/10\/8463260241.jpg\"><span data-alt=\"Sun Kissed - Casiola vacation homes you'll love\"><\/span><\/a><\/div><div class=\"rsContent\"><a class=\"rsImg\" data-rsw=\"640\" data-rsh=\"457\" data-rsBigImg=\"https:\/\/join.casiola.com\/wp-content\/uploads\/2017\/10\/8278100187.jpg\" href=\"https:\/\/join.casiola.com\/wp-content\/uploads\/2017\/10\/8278100187.jpg\"><span data-alt=\"Sun Kissed - Casiola vacation homes you'll love\"><\/span><\/a><\/div><div class=\"rsContent\"><a class=\"rsImg\" data-rsw=\"640\" data-rsh=\"457\" data-rsBigImg=\"https:\/\/join.casiola.com\/wp-content\/uploads\/2017\/10\/8217570243.jpg\" href=\"https:\/\/join.casiola.com\/wp-content\/uploads\/2017\/10\/8217570243.jpg\"><span data-alt=\"Sun Kissed - Casiola vacation homes you'll love\"><\/span><\/a><\/div><div class=\"rsContent\"><a class=\"rsImg\" data-rsw=\"640\" data-rsh=\"457\" data-rsBigImg=\"https:\/\/join.casiola.com\/wp-content\/uploads\/2017\/10\/5913940700.jpg\" href=\"https:\/\/join.casiola.com\/wp-content\/uploads\/2017\/10\/5913940700.jpg\"><span data-alt=\"Sun Kissed - Casiola vacation homes you'll love\"><\/span><\/a><\/div><div class=\"rsContent\"><a class=\"rsImg\" data-rsw=\"640\" data-rsh=\"457\" data-rsBigImg=\"https:\/\/join.casiola.com\/wp-content\/uploads\/2017\/10\/5752240245.jpg\" href=\"https:\/\/join.casiola.com\/wp-content\/uploads\/2017\/10\/5752240245.jpg\"><span data-alt=\"Sun Kissed - Casiola vacation homes you'll love\"><\/span><\/a><\/div><div class=\"rsContent\"><a class=\"rsImg\" data-rsw=\"640\" data-rsh=\"457\" data-rsBigImg=\"https:\/\/join.casiola.com\/wp-content\/uploads\/2017\/10\/4610470240.jpg\" href=\"https:\/\/join.casiola.com\/wp-content\/uploads\/2017\/10\/4610470240.jpg\"><span data-alt=\"Sun Kissed - Casiola vacation homes you'll love\"><\/span><\/a><\/div><\/div><img decoding=\"async\" src=\"https:\/\/join.casiola.com\/wp-content\/uploads\/2017\/10\/0270060698.jpg\" width=\"640\" height=\"457\" alt=\"Ensolarado - casas de f\u00e9rias Casiola que voc\u00ea vai adorar\" loading=\"lazy\"><\/div><div class=\"w-slider-json\" onclick='return {&quot;autoScaleSlider&quot;:true,&quot;addActiveClass&quot;:true,&quot;loop&quot;:true,&quot;fadeInLoadedSlide&quot;:false,&quot;slidesSpacing&quot;:0,&quot;imageScalePadding&quot;:0,&quot;numImagesToPreload&quot;:2,&quot;arrowsNav&quot;:false,&quot;arrowsNavAutoHide&quot;:false,&quot;transitionType&quot;:&quot;move&quot;,&quot;transitionSpeed&quot;:250,&quot;block&quot;:{&quot;moveEffect&quot;:&quot;none&quot;,&quot;speed&quot;:300},&quot;thumbs&quot;:{&quot;fitInViewport&quot;:false,&quot;firstMargin&quot;:false,&quot;spacing&quot;:4},&quot;controlNavigation&quot;:&quot;bullets&quot;,&quot;autoplay&quot;:{&quot;enabled&quot;:true,&quot;pauseOnHover&quot;:true,&quot;delay&quot;:2000},&quot;fullscreen&quot;:{&quot;enabled&quot;:true},&quot;autoScaleSliderWidth&quot;:640,&quot;autoScaleSliderHeight&quot;:457}'><\/div><\/div><\/div><\/div><\/div><\/div><\/div><\/section><section class=\"l-section wpb_row height_medium color_alternate\"><div class=\"l-section-h i-cf\"><div class=\"g-cols vc_row via_flex valign_top type_default stacking_default\"><div class=\"vc_col-sm-6 wpb_column vc_column_container\"><div class=\"vc_column-inner\"><div class=\"wpb_wrapper\"><div class=\"w-image align_none\"><div class=\"w-image-h\"><img decoding=\"async\" width=\"640\" height=\"457\" src=\"https:\/\/join.casiola.com\/wp-content\/uploads\/2017\/10\/9297360246.jpg\" class=\"attachment-large size-large\" alt=\"Sun Kissed - Casiola vacation homes you&#039;ll love\" loading=\"lazy\" srcset=\"https:\/\/join.casiola.com\/wp-content\/uploads\/2017\/10\/9297360246.jpg 640w, https:\/\/join.casiola.com\/wp-content\/uploads\/2017\/10\/9297360246-300x214.jpg 300w, https:\/\/join.casiola.com\/wp-content\/uploads\/2017\/10\/9297360246-600x428.jpg 600w\" sizes=\"auto, (max-width: 640px) 100vw, 640px\" \/><\/div><\/div><\/div><\/div><\/div><div class=\"vc_col-sm-6 wpb_column vc_column_container\"><div class=\"vc_column-inner\"><div class=\"wpb_wrapper\"><div class=\"wpb_text_column\"><div class=\"wpb_wrapper\"><h2>Solu\u00e7\u00e3o<\/h2>\n<p><span style=\"font-weight: 400;\">Neste caso, nossa estrat\u00e9gia foi precificar este condom\u00ednio um pouco abaixo da concorr\u00eancia para impulsionar a ocupa\u00e7\u00e3o. Reduzimos as tarifas para 99 $\/noite durante os meses de baixa temporada. <\/span><\/p>\n<p>[supsystic-tables id=&#8221;18&#8243;]<\/p>\n<\/div><\/div><\/div><\/div><\/div><\/div><\/div><\/section><section class=\"l-section wpb_row height_medium\"><div class=\"l-section-h i-cf\"><div class=\"g-cols vc_row via_flex valign_top type_default stacking_default\"><div class=\"vc_col-sm-6 wpb_column vc_column_container\"><div class=\"vc_column-inner\"><div class=\"wpb_wrapper\"><div class=\"wpb_text_column\"><div class=\"wpb_wrapper\"><h2>Resultados<\/h2>\n<p>N\u00e3o tivemos que esperar muito para saber que esta era a decis\u00e3o certa! A ocupa\u00e7\u00e3o disparou de uma m\u00e9dia de <strong>36 % no ano passado para 86 % este ano<\/strong>. A renda m\u00e9dia de aluguel passou de 1.600 $\/m\u00eas para 2.800 $\/m\u00eas com <strong>picos de at\u00e9 3.600 $\/m\u00eas<\/strong>! Este \u00e9 um aumento de renda de 75 %.  <\/p>\n<p>Gra\u00e7as \u00e0 renda extra de aluguel, Angelo conseguiu trocar os pisos, repintar a unidade e adicionar alguns m\u00f3veis novos. Isso resultou em maior atratividade para os h\u00f3spedes e excelentes avalia\u00e7\u00f5es. <\/p>\n<p>Devido a esses investimentos, a ADR voltou a subir para 140 $\/noite com uma ocupa\u00e7\u00e3o est\u00e1vel entre 70-80 %.<\/p>\n<\/div><\/div><\/div><\/div><\/div><div class=\"vc_col-sm-6 wpb_column vc_column_container\"><div class=\"vc_column-inner\"><div class=\"wpb_wrapper\"><div class=\"w-image align_none\"><div class=\"w-image-h\"><img decoding=\"async\" width=\"640\" height=\"457\" src=\"https:\/\/join.casiola.com\/wp-content\/uploads\/2017\/10\/5987060687.jpg\" class=\"attachment-large size-large\" alt=\"Sun Kissed - Casiola vacation homes you&#039;ll love\" loading=\"lazy\" srcset=\"https:\/\/join.casiola.com\/wp-content\/uploads\/2017\/10\/5987060687.jpg 640w, https:\/\/join.casiola.com\/wp-content\/uploads\/2017\/10\/5987060687-300x214.jpg 300w, https:\/\/join.casiola.com\/wp-content\/uploads\/2017\/10\/5987060687-600x428.jpg 600w\" sizes=\"auto, (max-width: 640px) 100vw, 640px\" \/><\/div><\/div><\/div><\/div><\/div><\/div><\/div><\/section><section class=\"l-section wpb_row height_medium color_primary\"><div class=\"l-section-h i-cf\"><div class=\"g-cols vc_row via_flex valign_top type_default stacking_default\"><div class=\"vc_col-sm-12 wpb_column vc_column_container\"><div class=\"vc_column-inner\"><div class=\"wpb_wrapper\"><div class=\"w-actionbox color_primary controls_right\"><div class=\"w-actionbox-text\"><h2 class=\"w-actionbox-title\">Voc\u00ea est\u00e1 obtendo a m\u00e1xima renda de aluguel poss\u00edvel de sua casa de f\u00e9rias?<\/h2><div class=\"w-actionbox-description\"><p>Junte-se a n\u00f3s hoje e enviaremos a voc\u00ea uma proposta personalizada nas pr\u00f3ximas 36 horas! <\/p>\n<\/div><\/div><div class=\"w-actionbox-controls\"><a class=\"w-btn us-btn-style_4\"><span class=\"w-btn-label\">Junte-se a n\u00f3s!<\/span><\/a><\/div><\/div><\/div><\/div><\/div><\/div><\/div><\/section>\n","protected":false},"excerpt":{"rendered":"Como a tarifa certa poderia gerar a voc\u00ea 75 % mais renda Contexto Angelo comprou seu condom\u00ednio em Vista Cay h\u00e1 1 ano. Embora a propriedade estivesse em condi\u00e7\u00f5es decentes, a decora\u00e7\u00e3o estava um pouco desatualizada e o espa\u00e7o precisava de novos pisos, pintura e m\u00f3veis. Ap\u00f3s a compra de seu condom\u00ednio, nosso propriet\u00e1rio n\u00e3o...","protected":false},"author":1,"featured_media":0,"parent":0,"menu_order":0,"comment_status":"closed","ping_status":"closed","template":"","meta":{"_acf_changed":false,"footnotes":""},"categories":[],"tags":[],"class_list":["post-24359","page","type-page","status-publish","hentry"],"acf":{"destination_name":null,"destination_slug":null,"destination-email":null,"destination_hero":null,"destination_copy":null,"advantages_title":null,"advantages_1":null,"advantages_2":null,"advantages_3":null,"advantages_4":null,"advantages_5":null,"advantages_6":null,"linen_program":null,"design_center":null,"guests_are_booking_title":null,"guests_are_booking_text":null,"hvm":null,"amex":null,"award_winning_company":null,"numbers_1":null,"numbers_2":null,"numbers_quote":null,"faq_1":null,"faq_1_response":null,"faq_2":null,"faq_2_response":null,"faq_3":null,"faq_3_response":null,"faq_4":null,"faq_4_response":null,"faq_5":null,"faq_5_response":null,"faq_6":null,"faq_6_response":null,"faq_7":null,"faq_7_response":null,"faq_8":null,"faq_8_response":null,"faq_9":null,"faq_9_response":null,"faq_10":null,"faq_10_response":null,"faq_11":null,"faq_11_response":null,"vacation_rental_manager_blog_title":null,"vacation_rental_manager_blog_text":null,"discover_all_casiola_destinations":null},"_links":{"self":[{"href":"https:\/\/join.casiola.com\/pt-br\/wp-json\/wp\/v2\/pages\/24359","targetHints":{"allow":["GET"]}}],"collection":[{"href":"https:\/\/join.casiola.com\/pt-br\/wp-json\/wp\/v2\/pages"}],"about":[{"href":"https:\/\/join.casiola.com\/pt-br\/wp-json\/wp\/v2\/types\/page"}],"author":[{"embeddable":true,"href":"https:\/\/join.casiola.com\/pt-br\/wp-json\/wp\/v2\/users\/1"}],"replies":[{"embeddable":true,"href":"https:\/\/join.casiola.com\/pt-br\/wp-json\/wp\/v2\/comments?post=24359"}],"version-history":[{"count":1,"href":"https:\/\/join.casiola.com\/pt-br\/wp-json\/wp\/v2\/pages\/24359\/revisions"}],"predecessor-version":[{"id":24362,"href":"https:\/\/join.casiola.com\/pt-br\/wp-json\/wp\/v2\/pages\/24359\/revisions\/24362"}],"wp:attachment":[{"href":"https:\/\/join.casiola.com\/pt-br\/wp-json\/wp\/v2\/media?parent=24359"}],"wp:term":[{"taxonomy":"category","embeddable":true,"href":"https:\/\/join.casiola.com\/pt-br\/wp-json\/wp\/v2\/categories?post=24359"},{"taxonomy":"post_tag","embeddable":true,"href":"https:\/\/join.casiola.com\/pt-br\/wp-json\/wp\/v2\/tags?post=24359"}],"curies":[{"name":"wp","href":"https:\/\/api.w.org\/{rel}","templated":true}]}}