{"id":24420,"date":"2025-02-27T11:42:09","date_gmt":"2025-02-27T11:42:09","guid":{"rendered":"https:\/\/join.casiola.com\/gestao-de-casas-de-ferias-em-largo-fl\/"},"modified":"2025-11-06T15:42:32","modified_gmt":"2025-11-06T15:42:32","slug":"gestao-de-casas-de-ferias-em-largo-fl","status":"publish","type":"page","link":"https:\/\/join.casiola.com\/pt-br\/gestao-de-casas-de-ferias-em-largo-fl\/","title":{"rendered":"Gest\u00e3o de casas de f\u00e9rias em Largo, FL"},"content":{"rendered":"<section class=\"l-section wpb_row height_medium\"><div class=\"l-section-h i-cf\"><div class=\"g-cols vc_row via_flex valign_top type_default stacking_default\"><div class=\"vc_col-sm-12 wpb_column vc_column_container\"><div class=\"vc_column-inner\"><div class=\"wpb_wrapper\"><\/div><\/div><\/div><\/div><\/div><\/section>\n","protected":false},"excerpt":{"rendered":"","protected":false},"author":2,"featured_media":0,"parent":0,"menu_order":0,"comment_status":"closed","ping_status":"closed","template":"","meta":{"_acf_changed":false,"footnotes":""},"categories":[224,214,225],"tags":[],"class_list":["post-24420","page","type-page","status-publish","hentry","category-destino","category-florida","category-tampa-bay"],"acf":{"destination-email":"largo@casiola.com","destination_hero":{"ID":24423,"id":24423,"title":"largo","filename":"largo-scaled.jpg","filesize":416427,"url":"https:\/\/join.casiola.com\/wp-content\/uploads\/2025\/02\/largo-scaled.jpg","link":"https:\/\/join.casiola.com\/pt-br\/gestao-de-casas-de-ferias-em-largo-fl\/largo-2-2\/","alt":"Vacation home management in Largo, FL","author":"2","description":"","caption":"","name":"largo-2-2","status":"inherit","uploaded_to":24420,"date":"2025-02-27 11:41:38","modified":"2025-02-27 11:41:38","menu_order":0,"mime_type":"image\/jpeg","type":"image","subtype":"jpeg","icon":"https:\/\/join.casiola.com\/wp-includes\/images\/media\/default.png","width":2560,"height":1707,"sizes":{"thumbnail":"https:\/\/join.casiola.com\/wp-content\/uploads\/2025\/02\/largo-150x150.jpg","thumbnail-width":150,"thumbnail-height":150,"medium":"https:\/\/join.casiola.com\/wp-content\/uploads\/2025\/02\/largo-300x200.jpg","medium-width":300,"medium-height":200,"large":"https:\/\/join.casiola.com\/wp-content\/uploads\/2025\/02\/largo-1024x683.jpg","large-width":1024,"large-height":683,"us_350_350_crop":"https:\/\/join.casiola.com\/wp-content\/uploads\/2025\/02\/largo-350x350.jpg","us_350_350_crop-width":350,"us_350_350_crop-height":350,"us_600_600_crop":"https:\/\/join.casiola.com\/wp-content\/uploads\/2025\/02\/largo-600x600.jpg","us_600_600_crop-width":600,"us_600_600_crop-height":600,"us_600_0":"https:\/\/join.casiola.com\/wp-content\/uploads\/2025\/02\/largo-600x400.jpg","us_600_0-width":600,"us_600_0-height":400,"us_600_400_crop":"https:\/\/join.casiola.com\/wp-content\/uploads\/2025\/02\/largo-600x400.jpg","us_600_400_crop-width":600,"us_600_400_crop-height":400,"us_768_0":"https:\/\/join.casiola.com\/wp-content\/uploads\/2025\/02\/largo-768x512.jpg","us_768_0-width":768,"us_768_0-height":512,"us_400_400":"https:\/\/join.casiola.com\/wp-content\/uploads\/2025\/02\/largo-scaled.jpg","us_400_400-width":400,"us_400_400-height":267,"us_500_400":"https:\/\/join.casiola.com\/wp-content\/uploads\/2025\/02\/largo-scaled.jpg","us_500_400-width":500,"us_500_400-height":333,"us_300_800":"https:\/\/join.casiola.com\/wp-content\/uploads\/2025\/02\/largo-scaled.jpg","us_300_800-width":300,"us_300_800-height":200,"us_600_600":"https:\/\/join.casiola.com\/wp-content\/uploads\/2025\/02\/largo-scaled.jpg","us_600_600-width":600,"us_600_600-height":400,"us_600_400":"https:\/\/join.casiola.com\/wp-content\/uploads\/2025\/02\/largo-scaled.jpg","us_600_400-width":600,"us_600_400-height":400,"author_avatar":"https:\/\/join.casiola.com\/wp-content\/uploads\/2025\/02\/largo-scaled.jpg","author_avatar-width":160,"author_avatar-height":107}},"destination_name":"Largo, FL","destination_slug":"largo","destination_copy":"<p class=\"p1\">Largo, FL, \u00e9 uma cidade vibrante na Costa do Golfo da Fl\u00f3rida, oferecendo uma combina\u00e7\u00e3o perfeita de beleza natural, recrea\u00e7\u00e3o ao ar livre e f\u00e1cil acesso a praias mundialmente famosas como Indian Rocks Beach e Clearwater Beach. Com seu clima quente durante todo o ano, campos de golfe de primeira linha e atra\u00e7\u00f5es para toda a fam\u00edlia, como o Jardim Bot\u00e2nico da Fl\u00f3rida e o Parque Central de Largo, Largo atrai um fluxo constante de turistas em busca de um ref\u00fagio relaxante. Essa demanda torna Largo uma excelente localiza\u00e7\u00e3o para investimentos em aluguel de temporada, oferecendo aos propriet\u00e1rios a oportunidade de gerar uma renda substancial com alugu\u00e9is. Para maximizar as reservas e garantir uma experi\u00eancia de aluguel sem complica\u00e7\u00f5es, a <g id=\"gid_0\"><g id=\"gid_1\">Casiola Vacation Homes<\/g><\/g> \u00e9 a <g id=\"gid_2\"><g id=\"gid_3\">parceira preferencial de gest\u00e3o de aluguel de temporada<\/g><\/g> em Largo. Com marketing especializado, estrat\u00e9gias de pre\u00e7os din\u00e2micos e gest\u00e3o completa de propriedades, a Casiola ajuda os propriet\u00e1rios a otimizar seu potencial de aluguel enquanto oferece uma experi\u00eancia de alto n\u00edvel para os h\u00f3spedes.    <\/p>\n"},"_links":{"self":[{"href":"https:\/\/join.casiola.com\/pt-br\/wp-json\/wp\/v2\/pages\/24420","targetHints":{"allow":["GET"]}}],"collection":[{"href":"https:\/\/join.casiola.com\/pt-br\/wp-json\/wp\/v2\/pages"}],"about":[{"href":"https:\/\/join.casiola.com\/pt-br\/wp-json\/wp\/v2\/types\/page"}],"author":[{"embeddable":true,"href":"https:\/\/join.casiola.com\/pt-br\/wp-json\/wp\/v2\/users\/2"}],"replies":[{"embeddable":true,"href":"https:\/\/join.casiola.com\/pt-br\/wp-json\/wp\/v2\/comments?post=24420"}],"version-history":[{"count":1,"href":"https:\/\/join.casiola.com\/pt-br\/wp-json\/wp\/v2\/pages\/24420\/revisions"}],"predecessor-version":[{"id":24424,"href":"https:\/\/join.casiola.com\/pt-br\/wp-json\/wp\/v2\/pages\/24420\/revisions\/24424"}],"wp:attachment":[{"href":"https:\/\/join.casiola.com\/pt-br\/wp-json\/wp\/v2\/media?parent=24420"}],"wp:term":[{"taxonomy":"category","embeddable":true,"href":"https:\/\/join.casiola.com\/pt-br\/wp-json\/wp\/v2\/categories?post=24420"},{"taxonomy":"post_tag","embeddable":true,"href":"https:\/\/join.casiola.com\/pt-br\/wp-json\/wp\/v2\/tags?post=24420"}],"curies":[{"name":"wp","href":"https:\/\/api.w.org\/{rel}","templated":true}]}}