{"id":24433,"date":"2019-02-18T10:25:05","date_gmt":"2019-02-18T10:25:05","guid":{"rendered":"https:\/\/join.casiola.com\/mycasiola-painel-de-propriedades-gratis\/"},"modified":"2025-11-06T15:39:35","modified_gmt":"2025-11-06T15:39:35","slug":"mycasiola-painel-de-propriedades-gratis","status":"publish","type":"page","link":"https:\/\/join.casiola.com\/pt-br\/mycasiola-painel-de-propriedades-gratis\/","title":{"rendered":"myCasiola \u2013 painel de propriedades GR\u00c1TIS"},"content":{"rendered":"<section class=\"l-section wpb_row height_auto color_primary\"><div class=\"l-section-h i-cf\"><div class=\"g-cols vc_row via_flex valign_bottom type_default stacking_default\"><div class=\"vc_col-sm-6 wpb_column vc_column_container\"><div class=\"vc_column-inner\"><div class=\"wpb_wrapper\"><div class=\"w-separator size_medium\"><\/div><div class=\"w-image us_custom_7e20fa79 us_animate_this align_center\"><div class=\"w-image-h\"><img decoding=\"async\" width=\"300\" height=\"231\" src=\"https:\/\/join.casiola.com\/wp-content\/uploads\/2019\/01\/myCasiola-logo.png\" class=\"attachment-large size-large\" alt=\"myCasiola-logo\" loading=\"lazy\" \/><\/div><\/div><div class=\"w-separator size_small\"><\/div><div class=\"wpb_text_column\"><div class=\"wpb_wrapper\"><h2 style=\"text-align: center;\">NOVO! <span style=\"font-weight: 400;\"><strong>Painel de Propriedades<\/strong> em tempo real!<\/span><\/h2>\n<h4 style=\"text-align: center;\">GR\u00c1TIS para todos propriet\u00e1rios casiola.<br \/>\n Chegando no 2\u00ba trimestre de 2019.<\/h4>\n<\/div><\/div><div class=\"wpb_text_column\"><div class=\"wpb_wrapper\"><p style=\"text-align: left;\">[mautic type=&#8221;form&#8221; id=&#8221;63&#8243;]<\/p>\n<\/div><\/div><div class=\"w-separator size_medium\"><\/div><\/div><\/div><\/div><div class=\"vc_col-sm-6 wpb_column vc_column_container\"><div class=\"vc_column-inner\"><div class=\"wpb_wrapper\"><div class=\"w-image us_custom_3e9d1bc9 us_animate_this align_none\"><div class=\"w-image-h\"><img decoding=\"async\" width=\"922\" height=\"911\" src=\"https:\/\/join.casiola.com\/wp-content\/uploads\/2019\/01\/dashboard-nonotch-cropped-1.png\" class=\"attachment-large size-large\" alt=\"dashboard-nonotch-cropped\" loading=\"lazy\" srcset=\"https:\/\/join.casiola.com\/wp-content\/uploads\/2019\/01\/dashboard-nonotch-cropped-1.png 922w, https:\/\/join.casiola.com\/wp-content\/uploads\/2019\/01\/dashboard-nonotch-cropped-1-300x296.png 300w, https:\/\/join.casiola.com\/wp-content\/uploads\/2019\/01\/dashboard-nonotch-cropped-1-600x593.png 600w, https:\/\/join.casiola.com\/wp-content\/uploads\/2019\/01\/dashboard-nonotch-cropped-1-768x759.png 768w\" sizes=\"auto, (max-width: 922px) 100vw, 922px\" \/><\/div><\/div><\/div><\/div><\/div><\/div><\/div><\/section><section class=\"l-section wpb_row height_auto\"><div class=\"l-section-h i-cf\"><div class=\"g-cols vc_row via_flex valign_bottom type_default stacking_default\"><div class=\"vc_col-sm-4 wpb_column vc_column_container\"><div class=\"vc_column-inner\"><div class=\"wpb_wrapper\"><div class=\"w-separator size_medium\"><\/div><div class=\"w-image align_none\"><div class=\"w-image-h\"><img decoding=\"async\" width=\"600\" height=\"621\" src=\"https:\/\/join.casiola.com\/wp-content\/uploads\/2025\/05\/gabi.webp\" class=\"attachment-large size-large has-transparency\" alt=\"gabi from casiola\" loading=\"lazy\" srcset=\"https:\/\/join.casiola.com\/wp-content\/uploads\/2025\/05\/gabi.webp 600w, https:\/\/join.casiola.com\/wp-content\/uploads\/2025\/05\/gabi-290x300.webp 290w\" sizes=\"auto, (max-width: 600px) 100vw, 600px\" data-has-transparency=\"true\" data-dominant-color=\"db6787\" style=\"--dominant-color: #db6787;\" \/><\/div><\/div><\/div><\/div><\/div><div class=\"vc_col-sm-8 wpb_column vc_column_container\"><div class=\"vc_column-inner\"><div class=\"wpb_wrapper\"><div class=\"w-separator size_medium\"><\/div><div class=\"wpb_text_column\"><div class=\"wpb_wrapper\"><h3>myCasiola<\/h3>\n<p><span style=\"font-weight: 400;\">A Casiola est\u00e1 lan\u00e7ando uma nova ferramenta para todos os propriet\u00e1rios de im\u00f3veis: myCasiola: um Painel de Propriedades em tempo real, totalmente GR\u00c1TIS. Acompanhe todos os eventos que acontecem em sua casa de f\u00e9rias com a <\/span><span style=\"font-weight: 400;\">Linha do Tempo da Propriedade<\/span><span style=\"font-weight: 400;\">, <\/span><span style=\"font-weight: 400;\">acompanhe as reservas de seus h\u00f3spedes ou adicione reservas<\/span><span style=\"font-weight: 400;\"> para voc\u00ea mesmo ou seus convidados. Gerencie suas faturas e extratos financeiros ou leia todas as avalia\u00e7\u00f5es deixadas por seus h\u00f3spedes, de forma imparcial e imediata. Gerenciamento de usu\u00e1rio simples e claro: adicione quantos usu\u00e1rios forem necess\u00e1rios.<\/span><\/p>\n<p><span style=\"font-weight: 400;\">myCasiola \u00e9 a forma mais intuitiva de gerenciar sua casa de f\u00e9rias. Voc\u00ea est\u00e1 no controle: a qualquer momento, onde quer que esteja.<\/span><\/p>\n<\/div><\/div><div class=\"wpb_text_column\"><div class=\"wpb_wrapper\"><h5><span style=\"color: #ff0099;\">Gabriela<\/span> \u2013 <span style=\"font-weight: 400;\">gerente de suporte ao propriet\u00e1rio<\/span><\/h5>\n<\/div><\/div><div class=\"w-separator size_medium\"><\/div><\/div><\/div><\/div><\/div><\/div><\/section><section class=\"l-section wpb_row height_auto color_alternate\" id=\"timeline\"><div class=\"l-section-h i-cf\"><div class=\"g-cols vc_row via_flex valign_bottom type_default stacking_default\"><div class=\"vc_col-sm-12 wpb_column vc_column_container\"><div class=\"vc_column-inner\"><div class=\"wpb_wrapper\"><div class=\"w-separator size_medium\"><\/div><div class=\"wpb_text_column\"><div class=\"wpb_wrapper\"><h2 style=\"text-align: center;\"><span style=\"font-weight: 400;\">Tenha uma amostra das atividades em sua propriedade<\/span><\/h2>\n<h3 style=\"text-align: center;\"><span style=\"font-weight: 400;\">Veja os detalhes de sua propriedade a qualquer momento, em qualquer lugar com a <strong>linha do tempo da propriedade<\/strong><\/span><\/h3>\n<p style=\"text-align: center;\"><span style=\"font-weight: 400;\">Desde a reserva at\u00e9 o check-out e al\u00e9m, a <\/span><b>Linha do Tempo da Propriedade myCasiola<\/b><span style=\"font-weight: 400;\"> mostra tudo o que est\u00e1 acontecendo em sua propriedade. Voc\u00ea saber\u00e1 quando um h\u00f3spede fizer uma reserva, quando eles efetuarem o check-out e quando a equipe de limpeza preparar sua casa para os pr\u00f3ximos h\u00f3spedes. Essa ferramenta tamb\u00e9m mostra as inspe\u00e7\u00f5es, ordens de servi\u00e7o e tarefas de manuten\u00e7\u00e3o \u2014 <\/span><b>voc\u00ea acessa os detalhes, a qualquer momento, de qualquer lugar.<\/b><\/p>\n<\/div><\/div><div class=\"w-image us_custom_60e9caca us_animate_this align_center\"><div class=\"w-image-h\"><img loading=\"lazy\" decoding=\"async\" class=\"g-placeholder\" src=\"https:\/\/join.casiola.com\/wp-content\/plugins\/us-core\/assets\/images\/placeholder.svg\" width=\"1024\" height=\"1024\" alt><\/div><\/div><div class=\"w-btn-wrapper align_center\"><a class=\"w-btn us-btn-style_1 us_custom_d7cf1f00\" href=\"#contact\"><span class=\"w-btn-label\">Entre em contato agora!<\/span><\/a><\/div><div class=\"w-separator size_medium with_line width_default thick_1 style_solid color_border align_center\"><div class=\"w-separator-h\"><\/div><\/div><div class=\"w-image us_custom_60e9caca us_animate_this align_center\"><div class=\"w-image-h\"><img decoding=\"async\" width=\"800\" height=\"76\" src=\"https:\/\/join.casiola.com\/wp-content\/uploads\/2019\/01\/icons-800.png\" class=\"attachment-large size-large\" alt=\"icons-800\" loading=\"lazy\" srcset=\"https:\/\/join.casiola.com\/wp-content\/uploads\/2019\/01\/icons-800.png 800w, https:\/\/join.casiola.com\/wp-content\/uploads\/2019\/01\/icons-800-300x29.png 300w, https:\/\/join.casiola.com\/wp-content\/uploads\/2019\/01\/icons-800-600x57.png 600w, https:\/\/join.casiola.com\/wp-content\/uploads\/2019\/01\/icons-800-768x73.png 768w\" sizes=\"auto, (max-width: 800px) 100vw, 800px\" \/><\/div><\/div><div class=\"w-separator size_medium\"><\/div><\/div><\/div><\/div><\/div><\/div><\/section><section class=\"l-section wpb_row height_auto\" id=\"bookings\"><div class=\"l-section-h i-cf\"><div class=\"g-cols vc_row via_flex valign_middle type_default stacking_default\"><div class=\"vc_col-sm-6 wpb_column vc_column_container\"><div class=\"vc_column-inner\"><div class=\"wpb_wrapper\"><div class=\"w-separator size_medium\"><\/div><div class=\"w-image align_right\"><div class=\"w-image-h\"><img loading=\"lazy\" decoding=\"async\" class=\"g-placeholder\" src=\"https:\/\/join.casiola.com\/wp-content\/plugins\/us-core\/assets\/images\/placeholder.svg\" width=\"1024\" height=\"1024\" alt><\/div><\/div><div class=\"w-separator size_small\"><\/div><div class=\"wpb_text_column\"><div class=\"wpb_wrapper\"><h2 style=\"text-align: center;\"><span style=\"font-weight: 400;\">Veja todos os detalhes de cada reserva<\/span><\/h2>\n<h3 style=\"text-align: center;\"><span style=\"font-weight: 400;\">Tenha uma <strong>visualiza\u00e7\u00e3o detalhada de todas as suas reservas<\/strong> e veja quanto voc\u00ea j\u00e1 faturou. Ou adicione sua pr\u00f3pria reserva. <\/span><\/h3>\n<\/div><\/div><div class=\"w-image align_center\"><div class=\"w-image-h\"><img decoding=\"async\" width=\"363\" height=\"129\" src=\"https:\/\/join.casiola.com\/wp-content\/uploads\/2019\/01\/add-booking.png\" class=\"attachment-large size-large\" alt=\"add-booking\" loading=\"lazy\" srcset=\"https:\/\/join.casiola.com\/wp-content\/uploads\/2019\/01\/add-booking.png 363w, https:\/\/join.casiola.com\/wp-content\/uploads\/2019\/01\/add-booking-300x107.png 300w\" sizes=\"auto, (max-width: 363px) 100vw, 363px\" \/><\/div><\/div><div class=\"wpb_text_column\"><div class=\"wpb_wrapper\"><p style=\"text-align: center;\"><span style=\"font-weight: 400;\">O recurso de gerenciamento de reservas do myCasiola lhe d\u00e1 uma <strong>vis\u00e3o abrangente de todas as suas reservas<\/strong>. Reserve sua propriedade para voc\u00ea mesmo ou um h\u00f3spede ou adicione uma reserva para outra pessoa. Voc\u00ea tamb\u00e9m pode visualizar instantaneamente quanto voc\u00ea j\u00e1 faturou com reservas passadas e planejar rendimentos futuros.  <\/span><\/p>\n<\/div><\/div><div class=\"w-separator size_medium\"><\/div><\/div><\/div><\/div><div class=\"vc_col-sm-6 wpb_column vc_column_container\"><div class=\"vc_column-inner\"><div class=\"wpb_wrapper\"><div class=\"w-separator size_medium\"><\/div><div class=\"w-image us_custom_47474b22 us_animate_this align_none\"><div class=\"w-image-h\"><img decoding=\"async\" width=\"641\" height=\"1024\" src=\"https:\/\/join.casiola.com\/wp-content\/uploads\/2019\/02\/mycasiola-bookings-1-641x1024.png\" class=\"attachment-large size-large\" alt=\"mycasiola-bookings\" loading=\"lazy\" srcset=\"https:\/\/join.casiola.com\/wp-content\/uploads\/2019\/02\/mycasiola-bookings-1-641x1024.png 641w, https:\/\/join.casiola.com\/wp-content\/uploads\/2019\/02\/mycasiola-bookings-1-188x300.png 188w, https:\/\/join.casiola.com\/wp-content\/uploads\/2019\/02\/mycasiola-bookings-1-600x959.png 600w, https:\/\/join.casiola.com\/wp-content\/uploads\/2019\/02\/mycasiola-bookings-1.png 670w\" sizes=\"auto, (max-width: 641px) 100vw, 641px\" \/><\/div><\/div><div class=\"w-separator size_medium\"><\/div><\/div><\/div><\/div><\/div><\/div><\/section><section class=\"l-section wpb_row height_auto color_alternate\" id=\"finances\"><div class=\"l-section-h i-cf\"><div class=\"g-cols vc_row via_flex valign_middle type_default stacking_default\"><div class=\"vc_col-sm-6 wpb_column vc_column_container\"><div class=\"vc_column-inner\"><div class=\"wpb_wrapper\"><div class=\"w-separator size_medium\"><\/div><div class=\"w-image us_custom_7e20fa79 us_animate_this align_none\"><div class=\"w-image-h\"><img decoding=\"async\" width=\"661\" height=\"476\" src=\"https:\/\/join.casiola.com\/wp-content\/uploads\/2019\/01\/documents-screens-2.png\" class=\"attachment-large size-large\" alt=\"documents-screens\" loading=\"lazy\" srcset=\"https:\/\/join.casiola.com\/wp-content\/uploads\/2019\/01\/documents-screens-2.png 661w, https:\/\/join.casiola.com\/wp-content\/uploads\/2019\/01\/documents-screens-2-300x216.png 300w, https:\/\/join.casiola.com\/wp-content\/uploads\/2019\/01\/documents-screens-2-600x432.png 600w\" sizes=\"auto, (max-width: 661px) 100vw, 661px\" \/><\/div><\/div><div class=\"w-separator size_medium\"><\/div><\/div><\/div><\/div><div class=\"vc_col-sm-6 wpb_column vc_column_container\"><div class=\"vc_column-inner\"><div class=\"wpb_wrapper\"><div class=\"wpb_text_column\"><div class=\"wpb_wrapper\"><h2 style=\"text-align: center;\"><span style=\"font-weight: 400;\">Gerencie <strong>todos os seus documentos<\/strong> facilmente<\/span><\/h2>\n<h3 style=\"text-align: center;\"><span style=\"font-weight: 400;\">Armazene todos os <strong>documentos financeiros e legais<\/strong> de sua propriedade em um \u00fanico local.<\/span><\/h3>\n<p style=\"text-align: center;\"><span style=\"font-weight: 400;\">Encontre qualquer <strong>documento importante<\/strong> que voc\u00ea precise. Desde notas ou faturas de im\u00f3vel at\u00e9 extratos mensais, voc\u00ea encontrar\u00e1 todos eles com o Gerenciador de Documentos myCasiola. Chega de revirar pap\u00e9is, tudo est\u00e1 na ponta dos seus dedos no myCasiola.  <\/span><\/p>\n<\/div><\/div><\/div><\/div><\/div><\/div><\/div><\/section><section class=\"l-section wpb_row height_auto\" id=\"reviews\"><div class=\"l-section-h i-cf\"><div class=\"g-cols vc_row via_flex valign_middle type_default stacking_default\"><div class=\"vc_col-sm-6 wpb_column vc_column_container\"><div class=\"vc_column-inner\"><div class=\"wpb_wrapper\"><div class=\"wpb_text_column\"><div class=\"wpb_wrapper\"><h2 style=\"text-align: center;\"><span style=\"font-weight: 400;\">Receba avalia\u00e7\u00f5es de h\u00f3spedes em <strong>tempo real<\/strong><\/span><\/h2>\n<h3 style=\"text-align: center;\"><span style=\"font-weight: 400;\">Obtenha <strong>feedbacks honestos e imediatos<\/strong> de seus h\u00f3spedes.<\/span><\/h3>\n<p style=\"text-align: center;\"><span style=\"font-weight: 400;\">Com as avalia\u00e7\u00f5es de h\u00f3spedes do myCasiola, voc\u00ea ter\u00e1 o <strong>feedback sobre seu im\u00f3vel, a localiza\u00e7\u00e3o e nosso atendimento ao cliente<\/strong>. Os h\u00f3spedes deixam uma pontua\u00e7\u00e3o, assim como uma avalia\u00e7\u00e3o ou recomenda\u00e7\u00e3o. Uma resposta r\u00e1pida ao h\u00f3spede faz com que ele se sinta especial. O feedback de seus h\u00f3spedes vale ouro, n\u00e3o h\u00e1 nada melhor do que a propaganda boca a boca de um h\u00f3spede satisfeito!   <\/span><\/p>\n<\/div><\/div><\/div><\/div><\/div><div class=\"vc_col-sm-6 wpb_column vc_column_container\"><div class=\"vc_column-inner\"><div class=\"wpb_wrapper\"><div class=\"w-separator size_medium\"><\/div><div class=\"w-image us_custom_47474b22 us_animate_this align_none\"><div class=\"w-image-h\"><img decoding=\"async\" width=\"662\" height=\"988\" src=\"https:\/\/join.casiola.com\/wp-content\/uploads\/2019\/01\/realtime-feedback.png\" class=\"attachment-large size-large\" alt=\"realtime-feedback\" loading=\"lazy\" srcset=\"https:\/\/join.casiola.com\/wp-content\/uploads\/2019\/01\/realtime-feedback.png 662w, https:\/\/join.casiola.com\/wp-content\/uploads\/2019\/01\/realtime-feedback-201x300.png 201w, https:\/\/join.casiola.com\/wp-content\/uploads\/2019\/01\/realtime-feedback-600x895.png 600w\" sizes=\"auto, (max-width: 662px) 100vw, 662px\" \/><\/div><\/div><div class=\"w-separator size_medium\"><\/div><\/div><\/div><\/div><\/div><\/div><\/section><section class=\"l-section wpb_row height_auto color_alternate\" id=\"usermanagement\"><div class=\"l-section-h i-cf\"><div class=\"g-cols vc_row via_flex valign_middle type_default stacking_default\"><div class=\"vc_col-sm-6 wpb_column vc_column_container\"><div class=\"vc_column-inner\"><div class=\"wpb_wrapper\"><div class=\"w-separator size_medium\"><\/div><div class=\"w-image us_custom_7e20fa79 us_animate_this align_none\"><div class=\"w-image-h\"><img decoding=\"async\" width=\"918\" height=\"923\" src=\"https:\/\/join.casiola.com\/wp-content\/uploads\/2025\/05\/user-management.webp\" class=\"attachment-large size-large has-transparency\" alt=\"user-management casiola\" loading=\"lazy\" srcset=\"https:\/\/join.casiola.com\/wp-content\/uploads\/2025\/05\/user-management.webp 918w, https:\/\/join.casiola.com\/wp-content\/uploads\/2025\/05\/user-management-298x300.webp 298w, https:\/\/join.casiola.com\/wp-content\/uploads\/2025\/05\/user-management-150x150.webp 150w, https:\/\/join.casiola.com\/wp-content\/uploads\/2025\/05\/user-management-600x603.webp 600w, https:\/\/join.casiola.com\/wp-content\/uploads\/2025\/05\/user-management-768x772.webp 768w\" sizes=\"auto, (max-width: 918px) 100vw, 918px\" data-has-transparency=\"true\" data-dominant-color=\"a19184\" style=\"--dominant-color: #a19184;\" \/><\/div><\/div><div class=\"w-separator size_medium\"><\/div><\/div><\/div><\/div><div class=\"vc_col-sm-6 wpb_column vc_column_container\"><div class=\"vc_column-inner\"><div class=\"wpb_wrapper\"><div class=\"wpb_text_column\"><div class=\"wpb_wrapper\"><h2 style=\"text-align: center;\"><span style=\"font-weight: 400;\">Gerenciamento de usu\u00e1rio simples e claro<\/span><\/h2>\n<h3 style=\"text-align: center;\"><span style=\"font-weight: 400;\">Gerencie o <strong>acesso dos usu\u00e1rios<\/strong> aos detalhes de sua propriedade.<\/span><\/h3>\n<p style=\"text-align: center;\"><span style=\"font-weight: 400;\">Com o myCasiola, voc\u00ea mesmo pode <strong>gerenciar o acesso administrativo<\/strong> aos detalhes de sua propriedade. Chega de aborrecimentos com troca de contas, login em v\u00e1rias contas em v\u00e1rios navegadores. Todas as suas propriedades na ponta dos seus dedos, em uma \u00fanica ferramenta simples.  <\/span><\/p>\n<\/div><\/div><\/div><\/div><\/div><\/div><\/div><\/section><section class=\"l-section wpb_row height_medium color_primary\" id=\"contact\"><div class=\"l-section-h i-cf\"><div class=\"g-cols vc_row via_flex valign_top type_default stacking_default\"><div class=\"vc_col-sm-6 wpb_column vc_column_container\"><div class=\"vc_column-inner\"><div class=\"wpb_wrapper\"><div class=\"w-image us_custom_7e20fa79 us_animate_this align_none\"><div class=\"w-image-h\"><img decoding=\"async\" width=\"1000\" height=\"817\" src=\"https:\/\/join.casiola.com\/wp-content\/uploads\/2025\/06\/mockup-iphone.webp\" class=\"attachment-large size-large has-transparency\" alt=\"casiola\" loading=\"lazy\" srcset=\"https:\/\/join.casiola.com\/wp-content\/uploads\/2025\/06\/mockup-iphone.webp 1000w, https:\/\/join.casiola.com\/wp-content\/uploads\/2025\/06\/mockup-iphone-300x245.webp 300w, https:\/\/join.casiola.com\/wp-content\/uploads\/2025\/06\/mockup-iphone-600x490.webp 600w, https:\/\/join.casiola.com\/wp-content\/uploads\/2025\/06\/mockup-iphone-768x627.webp 768w\" sizes=\"auto, (max-width: 1000px) 100vw, 1000px\" data-has-transparency=\"true\" data-dominant-color=\"c9b8bd\" style=\"--dominant-color: #c9b8bd;\" \/><\/div><\/div><\/div><\/div><\/div><div class=\"vc_col-sm-6 wpb_column vc_column_container\"><div class=\"vc_column-inner\"><div class=\"wpb_wrapper\"><div class=\"w-image us_custom_4a593b65 us_animate_this align_center\"><div class=\"w-image-h\"><img decoding=\"async\" width=\"300\" height=\"231\" src=\"https:\/\/join.casiola.com\/wp-content\/uploads\/2019\/01\/myCasiola-logo.png\" class=\"attachment-large size-large\" alt=\"myCasiola-logo\" loading=\"lazy\" \/><\/div><\/div><div class=\"wpb_text_column\"><div class=\"wpb_wrapper\"><h2><span data-story-id=\"story_5bf309dc4a569c1888402ef0e3e1c084\" data-room-id=\"room_f4351fe1ba6dab7dc1686496bf3f1ebf\" data-timestamp=\"1550489072930\" data-text=\"Quer juntar-se a n\u00f3s? Voc\u00ea \u00e9 um dos primeiros a utilizar o app? Pronto para testar o novo painel com seus pr\u00f3prios im\u00f3veis? Avise-nos e iremos inserir voc\u00ea no programa!\" data-userid=\"961624088632160256\" data-orgid=\"961624088636354561\">Quer se juntar a n\u00f3s?<\/span><\/h2>\n<p><span data-story-id=\"story_5bf309dc4a569c1888402ef0e3e1c084\" data-room-id=\"room_f4351fe1ba6dab7dc1686496bf3f1ebf\" data-timestamp=\"1550489072930\" data-text=\"Quer juntar-se a n\u00f3s? Voc\u00ea \u00e9 um dos primeiros a utilizar o app? Pronto para testar o novo painel com seus pr\u00f3prios im\u00f3veis? Avise-nos e iremos inserir voc\u00ea no programa!\" data-userid=\"961624088632160256\" data-orgid=\"961624088636354561\">Voc\u00ea \u00e9 um dos primeiros a utilizar o aplicativo? Pronto para testar o novo painel com seus pr\u00f3prios im\u00f3veis? Avise-nos e iremos incluir voc\u00ea no programa!  <\/span><\/p>\n<\/div><\/div><div class=\"wpb_text_column\"><div class=\"wpb_wrapper\"><p>[mautic type=&#8221;form&#8221; id=&#8221;63&#8243;]<\/p>\n<\/div><\/div><\/div><\/div><\/div><\/div><\/div><\/section>\n","protected":false},"excerpt":{"rendered":"NOVO! Painel de Propriedades em tempo real! GR\u00c1TIS para todos propriet\u00e1rios casiola. Chegando no 2\u00ba trimestre de 2019. [mautic type=&#8221;form&#8221; id=&#8221;63&#8243;] myCasiola A Casiola est\u00e1 lan\u00e7ando uma nova ferramenta para todos os propriet\u00e1rios de im\u00f3veis: myCasiola: um Painel de Propriedades em tempo real, totalmente GR\u00c1TIS. Acompanhe todos os eventos que acontecem em sua casa de...","protected":false},"author":1,"featured_media":0,"parent":0,"menu_order":0,"comment_status":"closed","ping_status":"closed","template":"","meta":{"_acf_changed":false,"footnotes":""},"categories":[213],"tags":[],"class_list":["post-24433","page","type-page","status-publish","hentry","category-mycasiola"],"acf":{"destination-email":"","destination_hero":false},"_links":{"self":[{"href":"https:\/\/join.casiola.com\/pt-br\/wp-json\/wp\/v2\/pages\/24433","targetHints":{"allow":["GET"]}}],"collection":[{"href":"https:\/\/join.casiola.com\/pt-br\/wp-json\/wp\/v2\/pages"}],"about":[{"href":"https:\/\/join.casiola.com\/pt-br\/wp-json\/wp\/v2\/types\/page"}],"author":[{"embeddable":true,"href":"https:\/\/join.casiola.com\/pt-br\/wp-json\/wp\/v2\/users\/1"}],"replies":[{"embeddable":true,"href":"https:\/\/join.casiola.com\/pt-br\/wp-json\/wp\/v2\/comments?post=24433"}],"version-history":[{"count":3,"href":"https:\/\/join.casiola.com\/pt-br\/wp-json\/wp\/v2\/pages\/24433\/revisions"}],"predecessor-version":[{"id":27082,"href":"https:\/\/join.casiola.com\/pt-br\/wp-json\/wp\/v2\/pages\/24433\/revisions\/27082"}],"wp:attachment":[{"href":"https:\/\/join.casiola.com\/pt-br\/wp-json\/wp\/v2\/media?parent=24433"}],"wp:term":[{"taxonomy":"category","embeddable":true,"href":"https:\/\/join.casiola.com\/pt-br\/wp-json\/wp\/v2\/categories?post=24433"},{"taxonomy":"post_tag","embeddable":true,"href":"https:\/\/join.casiola.com\/pt-br\/wp-json\/wp\/v2\/tags?post=24433"}],"curies":[{"name":"wp","href":"https:\/\/api.w.org\/{rel}","templated":true}]}}