{"id":24787,"date":"2025-02-28T11:47:38","date_gmt":"2025-02-28T11:47:38","guid":{"rendered":"https:\/\/join.casiola.com\/seminole-fl\/"},"modified":"2025-11-06T15:42:27","modified_gmt":"2025-11-06T15:42:27","slug":"seminole-fl","status":"publish","type":"page","link":"https:\/\/join.casiola.com\/pt-br\/seminole-fl\/","title":{"rendered":"Seminole, FL"},"content":{"rendered":"","protected":false},"excerpt":{"rendered":"","protected":false},"author":2,"featured_media":0,"parent":0,"menu_order":0,"comment_status":"closed","ping_status":"closed","template":"","meta":{"_acf_changed":false,"footnotes":""},"categories":[224,214,225],"tags":[],"class_list":["post-24787","page","type-page","status-publish","hentry","category-destino","category-florida","category-tampa-bay"],"acf":{"destination-email":"seminole@casiola.com","destination_hero":{"ID":24790,"id":24790,"title":"Seminole, FL","filename":"Best_places-_to_retire_Seminole_birdeye.jpg","filesize":197950,"url":"https:\/\/join.casiola.com\/wp-content\/uploads\/2025\/02\/Best_places-_to_retire_Seminole_birdeye.jpg","link":"https:\/\/join.casiola.com\/pt-br\/seminole-fl\/best_places-_to_retire_seminole_birdeye-2\/","alt":"Vacation home management in Seminole, FL","author":"2","description":"","caption":"","name":"best_places-_to_retire_seminole_birdeye-2","status":"inherit","uploaded_to":24787,"date":"2025-02-28 11:46:55","modified":"2025-02-28 11:46:55","menu_order":0,"mime_type":"image\/jpeg","type":"image","subtype":"jpeg","icon":"https:\/\/join.casiola.com\/wp-includes\/images\/media\/default.svg","width":1150,"height":654,"sizes":{"thumbnail":"https:\/\/join.casiola.com\/wp-content\/uploads\/2025\/02\/Best_places-_to_retire_Seminole_birdeye-150x150.jpg","thumbnail-width":150,"thumbnail-height":150,"medium":"https:\/\/join.casiola.com\/wp-content\/uploads\/2025\/02\/Best_places-_to_retire_Seminole_birdeye-300x171.jpg","medium-width":300,"medium-height":171,"large":"https:\/\/join.casiola.com\/wp-content\/uploads\/2025\/02\/Best_places-_to_retire_Seminole_birdeye-1024x582.jpg","large-width":1024,"large-height":582,"us_350_350_crop":"https:\/\/join.casiola.com\/wp-content\/uploads\/2025\/02\/Best_places-_to_retire_Seminole_birdeye-350x350.jpg","us_350_350_crop-width":350,"us_350_350_crop-height":350,"us_600_600_crop":"https:\/\/join.casiola.com\/wp-content\/uploads\/2025\/02\/Best_places-_to_retire_Seminole_birdeye-600x600.jpg","us_600_600_crop-width":600,"us_600_600_crop-height":600,"us_600_0":"https:\/\/join.casiola.com\/wp-content\/uploads\/2025\/02\/Best_places-_to_retire_Seminole_birdeye-600x341.jpg","us_600_0-width":600,"us_600_0-height":341,"us_600_400_crop":"https:\/\/join.casiola.com\/wp-content\/uploads\/2025\/02\/Best_places-_to_retire_Seminole_birdeye-600x400.jpg","us_600_400_crop-width":600,"us_600_400_crop-height":400,"us_768_0":"https:\/\/join.casiola.com\/wp-content\/uploads\/2025\/02\/Best_places-_to_retire_Seminole_birdeye-768x437.jpg","us_768_0-width":768,"us_768_0-height":437,"us_400_400":"https:\/\/join.casiola.com\/wp-content\/uploads\/2025\/02\/Best_places-_to_retire_Seminole_birdeye.jpg","us_400_400-width":400,"us_400_400-height":227,"us_500_400":"https:\/\/join.casiola.com\/wp-content\/uploads\/2025\/02\/Best_places-_to_retire_Seminole_birdeye.jpg","us_500_400-width":500,"us_500_400-height":284,"us_300_800":"https:\/\/join.casiola.com\/wp-content\/uploads\/2025\/02\/Best_places-_to_retire_Seminole_birdeye.jpg","us_300_800-width":300,"us_300_800-height":171,"author_avatar":"https:\/\/join.casiola.com\/wp-content\/uploads\/2025\/02\/Best_places-_to_retire_Seminole_birdeye.jpg","author_avatar-width":160,"author_avatar-height":91}},"destination_name":"Seminole, FL","destination_slug":"Seminole","destination_copy":"<p class=\"p1\">Seminole, Fl\u00f3rida, oferece uma escapada descontra\u00edda, mas emocionante, para turistas que desejam experimentar o melhor da Costa do Golfo. Os amantes da natureza podem explorar o Lake Seminole Park, perfeito para caminhadas, ciclismo e observa\u00e7\u00e3o da vida selvagem, enquanto os adoradores do sol podem relaxar nas praias arenosas pr\u00f3ximas de Madeira Beach e Indian Rocks Beach. Para uma dose de cultura local, o Seminole City Center oferece \u00f3timas op\u00e7\u00f5es de compras, restaurantes e entretenimento. Ap\u00f3s um dia de aventura, a melhor maneira de relaxar \u00e9 em um aluguel de temporada da Casiola, onde o luxo encontra a conveni\u00eancia. Com casas totalmente equipadas e elegantes em localiza\u00e7\u00f5es privilegiadas, a Casiola garante uma estadia perfeita e confort\u00e1vel, tornando suas f\u00e9rias em Seminole verdadeiramente inesquec\u00edveis.    <\/p>\n"},"_links":{"self":[{"href":"https:\/\/join.casiola.com\/pt-br\/wp-json\/wp\/v2\/pages\/24787","targetHints":{"allow":["GET"]}}],"collection":[{"href":"https:\/\/join.casiola.com\/pt-br\/wp-json\/wp\/v2\/pages"}],"about":[{"href":"https:\/\/join.casiola.com\/pt-br\/wp-json\/wp\/v2\/types\/page"}],"author":[{"embeddable":true,"href":"https:\/\/join.casiola.com\/pt-br\/wp-json\/wp\/v2\/users\/2"}],"replies":[{"embeddable":true,"href":"https:\/\/join.casiola.com\/pt-br\/wp-json\/wp\/v2\/comments?post=24787"}],"version-history":[{"count":1,"href":"https:\/\/join.casiola.com\/pt-br\/wp-json\/wp\/v2\/pages\/24787\/revisions"}],"predecessor-version":[{"id":27297,"href":"https:\/\/join.casiola.com\/pt-br\/wp-json\/wp\/v2\/pages\/24787\/revisions\/27297"}],"wp:attachment":[{"href":"https:\/\/join.casiola.com\/pt-br\/wp-json\/wp\/v2\/media?parent=24787"}],"wp:term":[{"taxonomy":"category","embeddable":true,"href":"https:\/\/join.casiola.com\/pt-br\/wp-json\/wp\/v2\/categories?post=24787"},{"taxonomy":"post_tag","embeddable":true,"href":"https:\/\/join.casiola.com\/pt-br\/wp-json\/wp\/v2\/tags?post=24787"}],"curies":[{"name":"wp","href":"https:\/\/api.w.org\/{rel}","templated":true}]}}