{"id":24923,"date":"2025-03-03T16:45:12","date_gmt":"2025-03-03T16:45:12","guid":{"rendered":"https:\/\/join.casiola.com\/hallandale-beach\/"},"modified":"2025-11-06T15:50:59","modified_gmt":"2025-11-06T15:50:59","slug":"hallandale-beach","status":"publish","type":"page","link":"https:\/\/join.casiola.com\/pt-br\/hallandale-beach\/","title":{"rendered":"Praia de Hallandale"},"content":{"rendered":"","protected":false},"excerpt":{"rendered":"","protected":false},"author":2,"featured_media":0,"parent":0,"menu_order":0,"comment_status":"closed","ping_status":"closed","template":"","meta":{"_acf_changed":false,"footnotes":""},"categories":[229,224,214],"tags":[],"class_list":["post-24923","page","type-page","status-publish","hentry","category-broward","category-destino","category-florida"],"acf":{"destination-email":"hallandalebeach@casiola.com","destination_hero":{"ID":24927,"id":24927,"title":"hallandale-beach-1024x682 (1)","filename":"hallandale-beach-1024x682-1-1.webp","filesize":98052,"url":"https:\/\/join.casiola.com\/wp-content\/uploads\/2025\/06\/hallandale-beach-1024x682-1-1.webp","link":"https:\/\/join.casiola.com\/pt-br\/hallandale-beach\/hallandale-beach-1024x682-1-2\/","alt":"hallandale-beach","author":"6","description":"","caption":"","name":"hallandale-beach-1024x682-1-2","status":"inherit","uploaded_to":24923,"date":"2025-06-01 15:44:06","modified":"2025-06-01 15:44:06","menu_order":0,"mime_type":"image\/webp","type":"image","subtype":"webp","icon":"https:\/\/join.casiola.com\/wp-includes\/images\/media\/default.png","width":1000,"height":666,"sizes":{"thumbnail":"https:\/\/join.casiola.com\/wp-content\/uploads\/2025\/06\/hallandale-beach-1024x682-1-1-150x150.webp","thumbnail-width":150,"thumbnail-height":150,"medium":"https:\/\/join.casiola.com\/wp-content\/uploads\/2025\/06\/hallandale-beach-1024x682-1-1-300x200.webp","medium-width":300,"medium-height":200,"large":"https:\/\/join.casiola.com\/wp-content\/uploads\/2025\/06\/hallandale-beach-1024x682-1-1.webp","large-width":1000,"large-height":666,"us_350_350_crop":"https:\/\/join.casiola.com\/wp-content\/uploads\/2025\/06\/hallandale-beach-1024x682-1-1-350x350.webp","us_350_350_crop-width":350,"us_350_350_crop-height":350,"us_600_600_crop":"https:\/\/join.casiola.com\/wp-content\/uploads\/2025\/06\/hallandale-beach-1024x682-1-1-600x600.webp","us_600_600_crop-width":600,"us_600_600_crop-height":600,"us_600_0":"https:\/\/join.casiola.com\/wp-content\/uploads\/2025\/06\/hallandale-beach-1024x682-1-1-600x400.webp","us_600_0-width":600,"us_600_0-height":400,"us_600_400_crop":"https:\/\/join.casiola.com\/wp-content\/uploads\/2025\/06\/hallandale-beach-1024x682-1-1-600x400.webp","us_600_400_crop-width":600,"us_600_400_crop-height":400,"us_768_0":"https:\/\/join.casiola.com\/wp-content\/uploads\/2025\/06\/hallandale-beach-1024x682-1-1-768x511.webp","us_768_0-width":768,"us_768_0-height":511,"us_400_400":"https:\/\/join.casiola.com\/wp-content\/uploads\/2025\/06\/hallandale-beach-1024x682-1-1.webp","us_400_400-width":400,"us_400_400-height":266,"us_500_400":"https:\/\/join.casiola.com\/wp-content\/uploads\/2025\/06\/hallandale-beach-1024x682-1-1.webp","us_500_400-width":500,"us_500_400-height":333,"us_300_800":"https:\/\/join.casiola.com\/wp-content\/uploads\/2025\/06\/hallandale-beach-1024x682-1-1.webp","us_300_800-width":300,"us_300_800-height":200,"author_avatar":"https:\/\/join.casiola.com\/wp-content\/uploads\/2025\/06\/hallandale-beach-1024x682-1-1.webp","author_avatar-width":160,"author_avatar-height":107}},"destination_name":"Hallandale Beach, FL","destination_slug":"Praia de Hallandale","destination_copy":"<p class=\"p1\"><span class=\"s1\">Hallandale Beach, FL, \u00e9 uma <\/span><b>cidade costeira vibrante<\/b><span class=\"s1\"> conhecida por suas <\/span><b>belas praias, cassinos animados e emocionantes atividades ao ar livre<\/b><span class=\"s1\">. Os visitantes podem relaxar nas <\/span> <g id=\"gid_5\">praias intocadas de Hallandale Beach<\/g><g id=\"gid_6\">, desfrutar de um dia de compras e refei\u00e7\u00f5es no <\/g><g id=\"gid_7\">The Village at Gulfstream Park<\/g><g id=\"gid_8\">, ou experimentar a emo\u00e7\u00e3o das <\/g><g id=\"gid_9\">corridas de cavalos e jogos no Gulfstream Park Casino<\/g><g id=\"gid_10\">. Para os entusiastas do ar livre, <\/g> <b>Oleta River State Park<\/b><span class=\"s1\"> oferece caiaque, paddleboard e trilhas naturais c\u00eanicas a uma curta dist\u00e2ncia de carro. Com sua <\/span> <b>mistura de relaxamento e entretenimento<\/b><span class=\"s1\">, Hallandale Beach \u00e9 um destino perfeito para viajantes. Para garantir uma <\/span>    <b>estadia memor\u00e1vel e sem complica\u00e7\u00f5es<\/b><span class=\"s1\">, <\/span><b>Casiola<\/b><span class=\"s1\"> \u00e9 o <\/span><b>parceiro ideal<\/b><span class=\"s1\"> para <\/span><b>gest\u00e3o de aluguel por temporada<\/b><span class=\"s1\">, oferecendo <\/span><b>acomoda\u00e7\u00f5es premium, servi\u00e7o especializado e uma experi\u00eancia inigual\u00e1vel para o h\u00f3spede<\/b><span class=\"s1\">.<\/span><\/p>\n"},"_links":{"self":[{"href":"https:\/\/join.casiola.com\/pt-br\/wp-json\/wp\/v2\/pages\/24923","targetHints":{"allow":["GET"]}}],"collection":[{"href":"https:\/\/join.casiola.com\/pt-br\/wp-json\/wp\/v2\/pages"}],"about":[{"href":"https:\/\/join.casiola.com\/pt-br\/wp-json\/wp\/v2\/types\/page"}],"author":[{"embeddable":true,"href":"https:\/\/join.casiola.com\/pt-br\/wp-json\/wp\/v2\/users\/2"}],"replies":[{"embeddable":true,"href":"https:\/\/join.casiola.com\/pt-br\/wp-json\/wp\/v2\/comments?post=24923"}],"version-history":[{"count":1,"href":"https:\/\/join.casiola.com\/pt-br\/wp-json\/wp\/v2\/pages\/24923\/revisions"}],"predecessor-version":[{"id":27575,"href":"https:\/\/join.casiola.com\/pt-br\/wp-json\/wp\/v2\/pages\/24923\/revisions\/27575"}],"wp:attachment":[{"href":"https:\/\/join.casiola.com\/pt-br\/wp-json\/wp\/v2\/media?parent=24923"}],"wp:term":[{"taxonomy":"category","embeddable":true,"href":"https:\/\/join.casiola.com\/pt-br\/wp-json\/wp\/v2\/categories?post=24923"},{"taxonomy":"post_tag","embeddable":true,"href":"https:\/\/join.casiola.com\/pt-br\/wp-json\/wp\/v2\/tags?post=24923"}],"curies":[{"name":"wp","href":"https:\/\/api.w.org\/{rel}","templated":true}]}}