{"id":24929,"date":"2025-03-03T16:43:11","date_gmt":"2025-03-03T16:43:11","guid":{"rendered":"https:\/\/join.casiola.com\/west-palm-beach\/"},"modified":"2025-11-06T15:51:04","modified_gmt":"2025-11-06T15:51:04","slug":"west-palm-beach","status":"publish","type":"page","link":"https:\/\/join.casiola.com\/pt-br\/west-palm-beach\/","title":{"rendered":"West Palm Beach"},"content":{"rendered":"","protected":false},"excerpt":{"rendered":"","protected":false},"author":2,"featured_media":0,"parent":0,"menu_order":0,"comment_status":"closed","ping_status":"closed","template":"","meta":{"_acf_changed":false,"footnotes":""},"categories":[229,224,214],"tags":[],"class_list":["post-24929","page","type-page","status-publish","hentry","category-broward","category-destino","category-florida"],"acf":{"destination-email":"westpalmbeach@casiola.com","destination_hero":{"ID":24933,"id":24933,"title":"west-palm-beach","filename":"west-palm-beach.jpg","filesize":654457,"url":"https:\/\/join.casiola.com\/wp-content\/uploads\/2025\/03\/west-palm-beach.jpg","link":"https:\/\/join.casiola.com\/pt-br\/west-palm-beach\/west-palm-beach-2-2\/","alt":"Vacation home management in West Palm Beach","author":"2","description":"","caption":"","name":"west-palm-beach-2-2","status":"inherit","uploaded_to":24929,"date":"2025-03-03 16:41:39","modified":"2025-03-03 16:41:39","menu_order":0,"mime_type":"image\/jpeg","type":"image","subtype":"jpeg","icon":"https:\/\/join.casiola.com\/wp-includes\/images\/media\/default.png","width":2500,"height":1224,"sizes":{"thumbnail":"https:\/\/join.casiola.com\/wp-content\/uploads\/2025\/03\/west-palm-beach-150x150.jpg","thumbnail-width":150,"thumbnail-height":150,"medium":"https:\/\/join.casiola.com\/wp-content\/uploads\/2025\/03\/west-palm-beach-300x147.jpg","medium-width":300,"medium-height":147,"large":"https:\/\/join.casiola.com\/wp-content\/uploads\/2025\/03\/west-palm-beach-1024x501.jpg","large-width":1024,"large-height":501,"us_350_350_crop":"https:\/\/join.casiola.com\/wp-content\/uploads\/2025\/03\/west-palm-beach-350x350.jpg","us_350_350_crop-width":350,"us_350_350_crop-height":350,"us_600_600_crop":"https:\/\/join.casiola.com\/wp-content\/uploads\/2025\/03\/west-palm-beach-600x600.jpg","us_600_600_crop-width":600,"us_600_600_crop-height":600,"us_600_0":"https:\/\/join.casiola.com\/wp-content\/uploads\/2025\/03\/west-palm-beach-600x294.jpg","us_600_0-width":600,"us_600_0-height":294,"us_600_400_crop":"https:\/\/join.casiola.com\/wp-content\/uploads\/2025\/03\/west-palm-beach-600x400.jpg","us_600_400_crop-width":600,"us_600_400_crop-height":400,"us_768_0":"https:\/\/join.casiola.com\/wp-content\/uploads\/2025\/03\/west-palm-beach-768x376.jpg","us_768_0-width":768,"us_768_0-height":376,"us_400_400":"https:\/\/join.casiola.com\/wp-content\/uploads\/2025\/03\/west-palm-beach.jpg","us_400_400-width":400,"us_400_400-height":196,"us_500_400":"https:\/\/join.casiola.com\/wp-content\/uploads\/2025\/03\/west-palm-beach.jpg","us_500_400-width":500,"us_500_400-height":245,"us_300_800":"https:\/\/join.casiola.com\/wp-content\/uploads\/2025\/03\/west-palm-beach.jpg","us_300_800-width":300,"us_300_800-height":147,"us_600_600":"https:\/\/join.casiola.com\/wp-content\/uploads\/2025\/03\/west-palm-beach.jpg","us_600_600-width":600,"us_600_600-height":294,"us_600_400":"https:\/\/join.casiola.com\/wp-content\/uploads\/2025\/03\/west-palm-beach.jpg","us_600_400-width":600,"us_600_400-height":294,"author_avatar":"https:\/\/join.casiola.com\/wp-content\/uploads\/2025\/03\/west-palm-beach.jpg","author_avatar-width":160,"author_avatar-height":78}},"destination_name":"West Palm Beach, FL","destination_slug":"West Palm Beach","destination_copy":"<p class=\"p1\"><span class=\"s1\">West Palm Beach, FL, \u00e9 uma <\/span><b>vibrante cidade \u00e0 beira-mar<\/b><span class=\"s1\"> conhecida por suas <\/span><b>praias deslumbrantes, cena art\u00edstica animada e compras de classe mundial<\/b><span class=\"s1\">. Os visitantes podem explorar a <\/span> <g id=\"gid_5\">Clematis Street<\/g><g id=\"gid_6\">, o cora\u00e7\u00e3o do centro da cidade, repleta de <\/g><g id=\"gid_7\">restaurantes modernos, vida noturna e atra\u00e7\u00f5es culturais<\/g><g id=\"gid_8\">. O <\/g> <b>Norton Museum of Art<\/b><span class=\"s1\"> e o <\/span><b>Kravis Center for the Performing Arts<\/b><span class=\"s1\"> oferecem ricas experi\u00eancias culturais, enquanto o <\/span><b>Rosemary Square<\/b><span class=\"s1\"> proporciona um destino premium para compras e gastronomia. Os amantes da natureza podem desfrutar da beleza c\u00eanica da <\/span>   <b>Peanut Island<\/b><span class=\"s1\">, perfeita para mergulho com snorkel, passeios de barco e piqueniques. Com sua combina\u00e7\u00e3o de <\/span> <g id=\"gid_2\">luxo e aventura ao ar livre<\/g><g id=\"gid_3\">, West Palm Beach \u00e9 um destino de primeira para viajantes. Para garantir uma <\/g> <b>estadia sem estresse e inesquec\u00edvel<\/b><span class=\"s1\">, a <\/span><b>Casiola<\/b><span class=\"s1\"> \u00e9 a <\/span><b>principal parceira<\/b><span class=\"s1\"> para <\/span><b>gest\u00e3o de aluguel por temporada<\/b><span class=\"s1\">, oferecendo <\/span><b>servi\u00e7o excepcional, acomoda\u00e7\u00f5es de alta qualidade e uma experi\u00eancia perfeita para os h\u00f3spedes<\/b><span class=\"s1\">.<\/span>  <\/p>\n"},"_links":{"self":[{"href":"https:\/\/join.casiola.com\/pt-br\/wp-json\/wp\/v2\/pages\/24929","targetHints":{"allow":["GET"]}}],"collection":[{"href":"https:\/\/join.casiola.com\/pt-br\/wp-json\/wp\/v2\/pages"}],"about":[{"href":"https:\/\/join.casiola.com\/pt-br\/wp-json\/wp\/v2\/types\/page"}],"author":[{"embeddable":true,"href":"https:\/\/join.casiola.com\/pt-br\/wp-json\/wp\/v2\/users\/2"}],"replies":[{"embeddable":true,"href":"https:\/\/join.casiola.com\/pt-br\/wp-json\/wp\/v2\/comments?post=24929"}],"version-history":[{"count":1,"href":"https:\/\/join.casiola.com\/pt-br\/wp-json\/wp\/v2\/pages\/24929\/revisions"}],"predecessor-version":[{"id":27579,"href":"https:\/\/join.casiola.com\/pt-br\/wp-json\/wp\/v2\/pages\/24929\/revisions\/27579"}],"wp:attachment":[{"href":"https:\/\/join.casiola.com\/pt-br\/wp-json\/wp\/v2\/media?parent=24929"}],"wp:term":[{"taxonomy":"category","embeddable":true,"href":"https:\/\/join.casiola.com\/pt-br\/wp-json\/wp\/v2\/categories?post=24929"},{"taxonomy":"post_tag","embeddable":true,"href":"https:\/\/join.casiola.com\/pt-br\/wp-json\/wp\/v2\/tags?post=24929"}],"curies":[{"name":"wp","href":"https:\/\/api.w.org\/{rel}","templated":true}]}}