{"id":24932,"date":"2025-03-03T16:59:22","date_gmt":"2025-03-03T16:59:22","guid":{"rendered":"https:\/\/join.casiola.com\/oakland-park\/"},"modified":"2025-11-06T16:06:54","modified_gmt":"2025-11-06T16:06:54","slug":"oakland-park","status":"publish","type":"page","link":"https:\/\/join.casiola.com\/pt-br\/oakland-park\/","title":{"rendered":"Oakland Park"},"content":{"rendered":"","protected":false},"excerpt":{"rendered":"","protected":false},"author":2,"featured_media":0,"parent":0,"menu_order":0,"comment_status":"closed","ping_status":"closed","template":"","meta":{"_acf_changed":false,"footnotes":""},"categories":[229,224,214],"tags":[],"class_list":["post-24932","page","type-page","status-publish","hentry","category-broward","category-destino","category-florida"],"acf":{"destination-email":"oaklandpark@casiola.com","destination_hero":{"ID":24936,"id":24936,"title":"jaco-pastorius-park","filename":"jaco-pastorius-park.jpg","filesize":388410,"url":"https:\/\/join.casiola.com\/wp-content\/uploads\/2025\/03\/jaco-pastorius-park.jpg","link":"https:\/\/join.casiola.com\/pt-br\/oakland-park\/jaco-pastorius-park-2\/","alt":"Vacation home management in Oakland Park","author":"2","description":"","caption":"","name":"jaco-pastorius-park-2","status":"inherit","uploaded_to":24932,"date":"2025-03-03 16:59:00","modified":"2025-03-03 16:59:00","menu_order":0,"mime_type":"image\/jpeg","type":"image","subtype":"jpeg","icon":"https:\/\/join.casiola.com\/wp-includes\/images\/media\/default.png","width":1000,"height":1333,"sizes":{"thumbnail":"https:\/\/join.casiola.com\/wp-content\/uploads\/2025\/03\/jaco-pastorius-park-150x150.jpg","thumbnail-width":150,"thumbnail-height":150,"medium":"https:\/\/join.casiola.com\/wp-content\/uploads\/2025\/03\/jaco-pastorius-park-225x300.jpg","medium-width":225,"medium-height":300,"large":"https:\/\/join.casiola.com\/wp-content\/uploads\/2025\/03\/jaco-pastorius-park-768x1024.jpg","large-width":768,"large-height":1024,"us_350_350_crop":"https:\/\/join.casiola.com\/wp-content\/uploads\/2025\/03\/jaco-pastorius-park-350x350.jpg","us_350_350_crop-width":350,"us_350_350_crop-height":350,"us_600_600_crop":"https:\/\/join.casiola.com\/wp-content\/uploads\/2025\/03\/jaco-pastorius-park-600x600.jpg","us_600_600_crop-width":600,"us_600_600_crop-height":600,"us_600_0":"https:\/\/join.casiola.com\/wp-content\/uploads\/2025\/03\/jaco-pastorius-park-600x800.jpg","us_600_0-width":600,"us_600_0-height":800,"us_600_400_crop":"https:\/\/join.casiola.com\/wp-content\/uploads\/2025\/03\/jaco-pastorius-park-600x400.jpg","us_600_400_crop-width":600,"us_600_400_crop-height":400,"us_768_0":"https:\/\/join.casiola.com\/wp-content\/uploads\/2025\/03\/jaco-pastorius-park-768x1024.jpg","us_768_0-width":768,"us_768_0-height":1024,"us_400_400":"https:\/\/join.casiola.com\/wp-content\/uploads\/2025\/03\/jaco-pastorius-park.jpg","us_400_400-width":300,"us_400_400-height":400,"us_500_400":"https:\/\/join.casiola.com\/wp-content\/uploads\/2025\/03\/jaco-pastorius-park.jpg","us_500_400-width":300,"us_500_400-height":400,"us_300_800":"https:\/\/join.casiola.com\/wp-content\/uploads\/2025\/03\/jaco-pastorius-park.jpg","us_300_800-width":300,"us_300_800-height":400,"author_avatar":"https:\/\/join.casiola.com\/wp-content\/uploads\/2025\/03\/jaco-pastorius-park.jpg","author_avatar-width":120,"author_avatar-height":160}},"destination_name":"Oakland Park, FL","destination_slug":"Oakland Park","destination_copy":"<p class=\"p1\"><span class=\"s1\">Oakland Park, FL, \u00e9 uma <\/span><b>cidade vibrante e em crescimento<\/b><span class=\"s1\"> conhecida por sua <\/span><b>pr\u00f3spera cena culin\u00e1ria, distrito art\u00edstico e belos parques<\/b><span class=\"s1\">. Os visitantes podem explorar a <\/span> <g id=\"gid_5\">Funky Buddha Brewery<\/g><g id=\"gid_6\">, uma favorita local que oferece <\/g><g id=\"gid_7\">cervejas artesanais e uma atmosfera animada<\/g><g id=\"gid_8\">. O <\/g> <b>Downtown Culinary Arts District<\/b><span class=\"s1\"> da cidade abriga diversos <\/span><b>restaurantes, caf\u00e9s e mercados<\/b><span class=\"s1\">, tornando-se um ponto de encontro para os amantes da gastronomia. Os entusiastas de atividades ao ar livre podem desfrutar do <\/span>   <b>Easterlin Park<\/b><span class=\"s1\">, um ref\u00fagio urbano exuberante perfeito para <\/span><b>caminhadas, piqueniques e observa\u00e7\u00e3o de p\u00e1ssaros<\/b><span class=\"s1\">. Com sua <\/span> <b>localiza\u00e7\u00e3o central pr\u00f3xima a Fort Lauderdale<\/b><span class=\"s1\">, Oakland Park oferece uma mistura de <\/span><b>charme de cidade pequena e conveni\u00eancia urbana<\/b><span class=\"s1\">. Para uma <\/span>  <b>estadia tranquila e sem estresse<\/b><span class=\"s1\">, a <\/span><b>Casiola<\/b><span class=\"s1\"> \u00e9 a <\/span><b>principal parceira<\/b><span class=\"s1\"> para <\/span><b>gest\u00e3o de aluguel por temporada<\/b><span class=\"s1\">, fornecendo <\/span><b>acomoda\u00e7\u00f5es de alta qualidade, servi\u00e7o especializado e uma experi\u00eancia excepcional para os h\u00f3spedes<\/b><span class=\"s1\">.<\/span><\/p>\n"},"_links":{"self":[{"href":"https:\/\/join.casiola.com\/pt-br\/wp-json\/wp\/v2\/pages\/24932","targetHints":{"allow":["GET"]}}],"collection":[{"href":"https:\/\/join.casiola.com\/pt-br\/wp-json\/wp\/v2\/pages"}],"about":[{"href":"https:\/\/join.casiola.com\/pt-br\/wp-json\/wp\/v2\/types\/page"}],"author":[{"embeddable":true,"href":"https:\/\/join.casiola.com\/pt-br\/wp-json\/wp\/v2\/users\/2"}],"replies":[{"embeddable":true,"href":"https:\/\/join.casiola.com\/pt-br\/wp-json\/wp\/v2\/comments?post=24932"}],"version-history":[{"count":1,"href":"https:\/\/join.casiola.com\/pt-br\/wp-json\/wp\/v2\/pages\/24932\/revisions"}],"predecessor-version":[{"id":27587,"href":"https:\/\/join.casiola.com\/pt-br\/wp-json\/wp\/v2\/pages\/24932\/revisions\/27587"}],"wp:attachment":[{"href":"https:\/\/join.casiola.com\/pt-br\/wp-json\/wp\/v2\/media?parent=24932"}],"wp:term":[{"taxonomy":"category","embeddable":true,"href":"https:\/\/join.casiola.com\/pt-br\/wp-json\/wp\/v2\/categories?post=24932"},{"taxonomy":"post_tag","embeddable":true,"href":"https:\/\/join.casiola.com\/pt-br\/wp-json\/wp\/v2\/tags?post=24932"}],"curies":[{"name":"wp","href":"https:\/\/api.w.org\/{rel}","templated":true}]}}