{"id":24957,"date":"2025-02-28T12:04:49","date_gmt":"2025-02-28T12:04:49","guid":{"rendered":"https:\/\/join.casiola.com\/st-petersburg-fl\/"},"modified":"2025-11-06T15:42:39","modified_gmt":"2025-11-06T15:42:39","slug":"st-petersburg-fl","status":"publish","type":"page","link":"https:\/\/join.casiola.com\/pt-br\/st-petersburg-fl\/","title":{"rendered":"St. Petersburg, FL"},"content":{"rendered":"","protected":false},"excerpt":{"rendered":"","protected":false},"author":2,"featured_media":0,"parent":0,"menu_order":0,"comment_status":"closed","ping_status":"closed","template":"","meta":{"_acf_changed":false,"footnotes":""},"categories":[224,214,225],"tags":[],"class_list":["post-24957","page","type-page","status-publish","hentry","category-destino","category-florida","category-tampa-bay"],"acf":{"destination-email":"stpetersburg@casiola.com","destination_hero":{"ID":24959,"id":24959,"title":"st-petersburg-skyline","filename":"st-petersburg-skyline.jpg","filesize":118524,"url":"https:\/\/join.casiola.com\/wp-content\/uploads\/2025\/02\/st-petersburg-skyline.jpg","link":"https:\/\/join.casiola.com\/pt-br\/st-petersburg-fl\/st-petersburg-skyline-2\/","alt":"Vacation home management St. Petersburg, FL","author":"2","description":"","caption":"","name":"st-petersburg-skyline-2","status":"inherit","uploaded_to":24957,"date":"2025-02-28 12:07:58","modified":"2025-02-28 12:07:58","menu_order":0,"mime_type":"image\/jpeg","type":"image","subtype":"jpeg","icon":"https:\/\/join.casiola.com\/wp-includes\/images\/media\/default.png","width":1200,"height":800,"sizes":{"thumbnail":"https:\/\/join.casiola.com\/wp-content\/uploads\/2025\/02\/st-petersburg-skyline-150x150.jpg","thumbnail-width":150,"thumbnail-height":150,"medium":"https:\/\/join.casiola.com\/wp-content\/uploads\/2025\/02\/st-petersburg-skyline-300x200.jpg","medium-width":300,"medium-height":200,"large":"https:\/\/join.casiola.com\/wp-content\/uploads\/2025\/02\/st-petersburg-skyline-1024x683.jpg","large-width":1024,"large-height":683,"us_350_350_crop":"https:\/\/join.casiola.com\/wp-content\/uploads\/2025\/02\/st-petersburg-skyline-350x350.jpg","us_350_350_crop-width":350,"us_350_350_crop-height":350,"us_600_600_crop":"https:\/\/join.casiola.com\/wp-content\/uploads\/2025\/02\/st-petersburg-skyline-600x600.jpg","us_600_600_crop-width":600,"us_600_600_crop-height":600,"us_600_0":"https:\/\/join.casiola.com\/wp-content\/uploads\/2025\/02\/st-petersburg-skyline-600x400.jpg","us_600_0-width":600,"us_600_0-height":400,"us_600_400_crop":"https:\/\/join.casiola.com\/wp-content\/uploads\/2025\/02\/st-petersburg-skyline-600x400.jpg","us_600_400_crop-width":600,"us_600_400_crop-height":400,"us_768_0":"https:\/\/join.casiola.com\/wp-content\/uploads\/2025\/02\/st-petersburg-skyline-768x512.jpg","us_768_0-width":768,"us_768_0-height":512,"us_400_400":"https:\/\/join.casiola.com\/wp-content\/uploads\/2025\/02\/st-petersburg-skyline.jpg","us_400_400-width":400,"us_400_400-height":267,"us_500_400":"https:\/\/join.casiola.com\/wp-content\/uploads\/2025\/02\/st-petersburg-skyline.jpg","us_500_400-width":500,"us_500_400-height":333,"us_300_800":"https:\/\/join.casiola.com\/wp-content\/uploads\/2025\/02\/st-petersburg-skyline.jpg","us_300_800-width":300,"us_300_800-height":200,"us_600_600":"https:\/\/join.casiola.com\/wp-content\/uploads\/2025\/02\/st-petersburg-skyline.jpg","us_600_600-width":600,"us_600_600-height":400,"us_600_400":"https:\/\/join.casiola.com\/wp-content\/uploads\/2025\/02\/st-petersburg-skyline.jpg","us_600_400-width":600,"us_600_400-height":400,"author_avatar":"https:\/\/join.casiola.com\/wp-content\/uploads\/2025\/02\/st-petersburg-skyline.jpg","author_avatar-width":160,"author_avatar-height":107}},"destination_name":"St. Petersburg, FL","destination_slug":"St. Petersburg","destination_copy":"<p class=\"p1\">S\u00e3o Petersburgo, na Fl\u00f3rida, \u00e9 um destino vibrante conhecido por sua deslumbrante orla mar\u00edtima, cena art\u00edstica e aventuras ao ar livre. Os amantes da arte podem explorar o mundialmente famoso Museu Dal\u00ed ou os coloridos murais espalhados pelo centro da cidade, enquanto os entusiastas da natureza podem desfrutar da beleza serena dos Sunken Gardens ou fazer caiaque entre os manguezais na Reserva da Ilha Weedon. A praia de St. Pete oferece areia branca e macia e p\u00f4r do sol de tirar o f\u00f4lego, tornando-a uma visita obrigat\u00f3ria para os amantes da praia. O animado distrito da Avenida Central \u00e9 perfeito para compras, refei\u00e7\u00f5es e para experimentar a vida noturna energ\u00e9tica da cidade. Ap\u00f3s um dia de explora\u00e7\u00e3o, os alugu\u00e9is de temporada da Casiola oferecem o lugar perfeito para relaxar, com acomoda\u00e7\u00f5es elegantes e totalmente equipadas em localiza\u00e7\u00f5es privilegiadas. Com a Casiola, sua escapada para S\u00e3o Petersburgo \u00e9 tranquila, confort\u00e1vel e verdadeiramente inesquec\u00edvel.     <\/p>\n"},"_links":{"self":[{"href":"https:\/\/join.casiola.com\/pt-br\/wp-json\/wp\/v2\/pages\/24957","targetHints":{"allow":["GET"]}}],"collection":[{"href":"https:\/\/join.casiola.com\/pt-br\/wp-json\/wp\/v2\/pages"}],"about":[{"href":"https:\/\/join.casiola.com\/pt-br\/wp-json\/wp\/v2\/types\/page"}],"author":[{"embeddable":true,"href":"https:\/\/join.casiola.com\/pt-br\/wp-json\/wp\/v2\/users\/2"}],"replies":[{"embeddable":true,"href":"https:\/\/join.casiola.com\/pt-br\/wp-json\/wp\/v2\/comments?post=24957"}],"version-history":[{"count":1,"href":"https:\/\/join.casiola.com\/pt-br\/wp-json\/wp\/v2\/pages\/24957\/revisions"}],"predecessor-version":[{"id":27308,"href":"https:\/\/join.casiola.com\/pt-br\/wp-json\/wp\/v2\/pages\/24957\/revisions\/27308"}],"wp:attachment":[{"href":"https:\/\/join.casiola.com\/pt-br\/wp-json\/wp\/v2\/media?parent=24957"}],"wp:term":[{"taxonomy":"category","embeddable":true,"href":"https:\/\/join.casiola.com\/pt-br\/wp-json\/wp\/v2\/categories?post=24957"},{"taxonomy":"post_tag","embeddable":true,"href":"https:\/\/join.casiola.com\/pt-br\/wp-json\/wp\/v2\/tags?post=24957"}],"curies":[{"name":"wp","href":"https:\/\/api.w.org\/{rel}","templated":true}]}}