{"id":24961,"date":"2025-02-28T12:01:15","date_gmt":"2025-02-28T12:01:15","guid":{"rendered":"https:\/\/join.casiola.com\/tampa-fl\/"},"modified":"2025-11-06T15:42:37","modified_gmt":"2025-11-06T15:42:37","slug":"tampa-fl","status":"publish","type":"page","link":"https:\/\/join.casiola.com\/pt-br\/tampa-fl\/","title":{"rendered":"Tampa, FL"},"content":{"rendered":"","protected":false},"excerpt":{"rendered":"","protected":false},"author":2,"featured_media":0,"parent":0,"menu_order":0,"comment_status":"closed","ping_status":"closed","template":"","meta":{"_acf_changed":false,"footnotes":""},"categories":[224,214,225],"tags":[],"class_list":["post-24961","page","type-page","status-publish","hentry","category-destino","category-florida","category-tampa-bay"],"acf":{"destination-email":"tampa@casiola.com","destination_hero":{"ID":24962,"id":24962,"title":"tampa","filename":"tampa.avif","filesize":208464,"url":"https:\/\/join.casiola.com\/wp-content\/uploads\/2025\/02\/tampa.avif","link":"https:\/\/join.casiola.com\/pt-br\/tampa-fl\/tampa-2\/","alt":"Vacation home management in Tampa, FL","author":"2","description":"","caption":"","name":"tampa-2","status":"inherit","uploaded_to":24961,"date":"2025-02-28 12:00:52","modified":"2025-02-28 12:00:52","menu_order":0,"mime_type":"image\/avif","type":"image","subtype":"avif","icon":"https:\/\/join.casiola.com\/wp-includes\/images\/media\/default.png","width":1200,"height":801,"sizes":{"thumbnail":"https:\/\/join.casiola.com\/wp-content\/uploads\/2025\/02\/tampa-150x150.avif","thumbnail-width":150,"thumbnail-height":150,"medium":"https:\/\/join.casiola.com\/wp-content\/uploads\/2025\/02\/tampa-300x200.avif","medium-width":300,"medium-height":200,"large":"https:\/\/join.casiola.com\/wp-content\/uploads\/2025\/02\/tampa-1024x684.avif","large-width":1024,"large-height":684,"us_350_350_crop":"https:\/\/join.casiola.com\/wp-content\/uploads\/2025\/02\/tampa-350x350.avif","us_350_350_crop-width":350,"us_350_350_crop-height":350,"us_600_600_crop":"https:\/\/join.casiola.com\/wp-content\/uploads\/2025\/02\/tampa-600x600.avif","us_600_600_crop-width":600,"us_600_600_crop-height":600,"us_600_0":"https:\/\/join.casiola.com\/wp-content\/uploads\/2025\/02\/tampa-600x401.avif","us_600_0-width":600,"us_600_0-height":401,"us_600_400_crop":"https:\/\/join.casiola.com\/wp-content\/uploads\/2025\/02\/tampa-600x400.avif","us_600_400_crop-width":600,"us_600_400_crop-height":400,"us_768_0":"https:\/\/join.casiola.com\/wp-content\/uploads\/2025\/02\/tampa-768x513.avif","us_768_0-width":768,"us_768_0-height":513,"us_400_400":"https:\/\/join.casiola.com\/wp-content\/uploads\/2025\/02\/tampa.avif","us_400_400-width":400,"us_400_400-height":267,"us_500_400":"https:\/\/join.casiola.com\/wp-content\/uploads\/2025\/02\/tampa.avif","us_500_400-width":500,"us_500_400-height":334,"us_300_800":"https:\/\/join.casiola.com\/wp-content\/uploads\/2025\/02\/tampa.avif","us_300_800-width":300,"us_300_800-height":200,"author_avatar":"https:\/\/join.casiola.com\/wp-content\/uploads\/2025\/02\/tampa.avif","author_avatar-width":160,"author_avatar-height":107}},"destination_name":"Tampa, FL","destination_slug":"Tampa","destination_copy":"<p class=\"p1\">Tampa, Fl\u00f3rida, \u00e9 uma cidade din\u00e2mica que oferece algo para cada tipo de viajante. Os amantes de adrenalina podem experimentar montanhas-russas de classe mundial no Busch Gardens, enquanto os entusiastas da hist\u00f3ria podem explorar Ybor City, o cora\u00e7\u00e3o da heran\u00e7a de fabrica\u00e7\u00e3o de charutos de Tampa. O Tampa Riverwalk oferece vistas deslumbrantes da orla, levando a atra\u00e7\u00f5es como o Florida Aquarium e o Tampa Museum of Art. Os f\u00e3s de esportes podem assistir a um jogo dos Buccaneers, Lightning ou Rays, enquanto os apreciadores de gastronomia v\u00e3o adorar a cena culin\u00e1ria diversificada da cidade, desde frutos do mar frescos at\u00e9 aut\u00eanticos sandu\u00edches cubanos. Ap\u00f3s um dia de aventura, a melhor maneira de relaxar \u00e9 em um aluguel de temporada da Casiola, onde conforto e conveni\u00eancia se unem. Com casas elegantes e totalmente equipadas em localiza\u00e7\u00f5es privilegiadas, a Casiola garante uma estadia em Tampa sem estresse e inesquec\u00edvel.     <\/p>\n"},"_links":{"self":[{"href":"https:\/\/join.casiola.com\/pt-br\/wp-json\/wp\/v2\/pages\/24961","targetHints":{"allow":["GET"]}}],"collection":[{"href":"https:\/\/join.casiola.com\/pt-br\/wp-json\/wp\/v2\/pages"}],"about":[{"href":"https:\/\/join.casiola.com\/pt-br\/wp-json\/wp\/v2\/types\/page"}],"author":[{"embeddable":true,"href":"https:\/\/join.casiola.com\/pt-br\/wp-json\/wp\/v2\/users\/2"}],"replies":[{"embeddable":true,"href":"https:\/\/join.casiola.com\/pt-br\/wp-json\/wp\/v2\/comments?post=24961"}],"version-history":[{"count":1,"href":"https:\/\/join.casiola.com\/pt-br\/wp-json\/wp\/v2\/pages\/24961\/revisions"}],"predecessor-version":[{"id":27306,"href":"https:\/\/join.casiola.com\/pt-br\/wp-json\/wp\/v2\/pages\/24961\/revisions\/27306"}],"wp:attachment":[{"href":"https:\/\/join.casiola.com\/pt-br\/wp-json\/wp\/v2\/media?parent=24961"}],"wp:term":[{"taxonomy":"category","embeddable":true,"href":"https:\/\/join.casiola.com\/pt-br\/wp-json\/wp\/v2\/categories?post=24961"},{"taxonomy":"post_tag","embeddable":true,"href":"https:\/\/join.casiola.com\/pt-br\/wp-json\/wp\/v2\/tags?post=24961"}],"curies":[{"name":"wp","href":"https:\/\/api.w.org\/{rel}","templated":true}]}}