{"id":24989,"date":"2025-03-03T17:24:38","date_gmt":"2025-03-03T17:24:38","guid":{"rendered":"https:\/\/join.casiola.com\/clermont\/"},"modified":"2026-01-30T09:23:54","modified_gmt":"2026-01-30T09:23:54","slug":"clermont","status":"publish","type":"page","link":"https:\/\/join.casiola.com\/pt-br\/clermont\/","title":{"rendered":"Clermont"},"content":{"rendered":"","protected":false},"excerpt":{"rendered":"","protected":false},"author":2,"featured_media":0,"parent":0,"menu_order":0,"comment_status":"closed","ping_status":"closed","template":"","meta":{"_acf_changed":false,"footnotes":""},"categories":[224,267,214],"tags":[],"class_list":["post-24989","page","type-page","status-publish","hentry","category-destino","category-destinos-em-orlando","category-florida"],"acf":{"destination-email":"clermont@casiola.com","destination_hero":{"ID":24991,"id":24991,"title":"Clermont","filename":"animal-kingdown.webp","filesize":499130,"url":"https:\/\/join.casiola.com\/wp-content\/uploads\/2025\/03\/animal-kingdown.webp","link":"https:\/\/join.casiola.com\/pt-br\/clermont\/animal-kingdown-2\/","alt":"Vacation home management in Clermont","author":"2","description":"","caption":"","name":"animal-kingdown-2","status":"inherit","uploaded_to":24989,"date":"2025-03-06 17:20:37","modified":"2025-03-06 17:20:37","menu_order":0,"mime_type":"image\/webp","type":"image","subtype":"webp","icon":"https:\/\/join.casiola.com\/wp-includes\/images\/media\/default.png","width":1697,"height":954,"sizes":{"thumbnail":"https:\/\/join.casiola.com\/wp-content\/uploads\/2025\/03\/animal-kingdown-150x150.webp","thumbnail-width":150,"thumbnail-height":150,"medium":"https:\/\/join.casiola.com\/wp-content\/uploads\/2025\/03\/animal-kingdown-300x169.webp","medium-width":300,"medium-height":169,"large":"https:\/\/join.casiola.com\/wp-content\/uploads\/2025\/03\/animal-kingdown-1024x576.webp","large-width":1024,"large-height":576,"us_350_350_crop":"https:\/\/join.casiola.com\/wp-content\/uploads\/2025\/03\/animal-kingdown-350x350.webp","us_350_350_crop-width":350,"us_350_350_crop-height":350,"us_600_600_crop":"https:\/\/join.casiola.com\/wp-content\/uploads\/2025\/03\/animal-kingdown-600x600.webp","us_600_600_crop-width":600,"us_600_600_crop-height":600,"us_600_0":"https:\/\/join.casiola.com\/wp-content\/uploads\/2025\/03\/animal-kingdown-600x337.webp","us_600_0-width":600,"us_600_0-height":337,"us_600_400_crop":"https:\/\/join.casiola.com\/wp-content\/uploads\/2025\/03\/animal-kingdown-600x400.webp","us_600_400_crop-width":600,"us_600_400_crop-height":400,"us_768_0":"https:\/\/join.casiola.com\/wp-content\/uploads\/2025\/03\/animal-kingdown-768x432.webp","us_768_0-width":768,"us_768_0-height":432,"us_400_400":"https:\/\/join.casiola.com\/wp-content\/uploads\/2025\/03\/animal-kingdown.webp","us_400_400-width":400,"us_400_400-height":225,"us_500_400":"https:\/\/join.casiola.com\/wp-content\/uploads\/2025\/03\/animal-kingdown.webp","us_500_400-width":500,"us_500_400-height":281,"us_300_800":"https:\/\/join.casiola.com\/wp-content\/uploads\/2025\/03\/animal-kingdown.webp","us_300_800-width":300,"us_300_800-height":169,"us_600_600":"https:\/\/join.casiola.com\/wp-content\/uploads\/2025\/03\/animal-kingdown.webp","us_600_600-width":600,"us_600_600-height":337,"us_600_400":"https:\/\/join.casiola.com\/wp-content\/uploads\/2025\/03\/animal-kingdown.webp","us_600_400-width":600,"us_600_400-height":337,"author_avatar":"https:\/\/join.casiola.com\/wp-content\/uploads\/2025\/03\/animal-kingdown.webp","author_avatar-width":160,"author_avatar-height":90}},"destination_name":"Clermont, FL","destination_slug":"Clermont","destination_copy":"<p class=\"p1\"><span class=\"s1\">Clermont, FL, \u00e9 uma <\/span><b>cidade pitoresca<\/b><span class=\"s1\"> conhecida por suas <\/span><b>colinas ondulantes, recrea\u00e7\u00e3o ao ar livre e centro encantador<\/b><span class=\"s1\">. Os visitantes podem explorar a <\/span> <b>ic\u00f4nica Florida Citrus Tower<\/b><span class=\"s1\">, oferecendo <\/span><b>vistas panor\u00e2micas da regi\u00e3o<\/b><span class=\"s1\">, ou desfrutar de uma experi\u00eancia de degusta\u00e7\u00e3o de vinhos na <\/span><b>Lakeridge Winery &#038; Vineyards<\/b><span class=\"s1\">. Os entusiastas de atividades ao ar livre podem fazer trilhas, andar de bicicleta ou caiaque no <\/span> <b>Lake Louisa State Park<\/b><span class=\"s1\">, um belo ref\u00fagio natural com <\/span><b>lagos pristinos e trilhas c\u00eanicas<\/b><span class=\"s1\">. A cidade tamb\u00e9m \u00e9 um ponto de destaque para <\/span>   <b>triatlons e ciclismo<\/b><span class=\"s1\">, com terreno desafiador que atrai atletas de todo o mundo. <\/span><b>O Centro Hist\u00f3rico de Clermont<\/b><span class=\"s1\"> apresenta <\/span><b>lojas boutique, restaurantes locais e mercados de produtores nos fins de semana<\/b><span class=\"s1\">, criando uma atmosfera calorosa e acolhedora. Para uma <\/span> <b>estadia sem estresse e memor\u00e1vel<\/b><span class=\"s1\">, <\/span><b>Casiola<\/b><span class=\"s1\"> \u00e9 o <\/span><b>principal parceiro<\/b><span class=\"s1\"> para <\/span><b>gest\u00e3o de aluguel por temporada<\/b><span class=\"s1\">, oferecendo <\/span><b>acomoda\u00e7\u00f5es de alta qualidade, servi\u00e7o especializado e uma experi\u00eancia perfeita para os h\u00f3spedes<\/b><span class=\"s1\">.<\/span><\/p>\n","advantages_1":"<p>Estrat\u00e9gia de pre\u00e7os competitivos<\/p>\n<p>Definimos o pre\u00e7o ideal para a sua casa, aumentando a sua ocupa\u00e7\u00e3o e incrementando a sua receita por noite dispon\u00edvel.<\/p>\n"},"_links":{"self":[{"href":"https:\/\/join.casiola.com\/pt-br\/wp-json\/wp\/v2\/pages\/24989","targetHints":{"allow":["GET"]}}],"collection":[{"href":"https:\/\/join.casiola.com\/pt-br\/wp-json\/wp\/v2\/pages"}],"about":[{"href":"https:\/\/join.casiola.com\/pt-br\/wp-json\/wp\/v2\/types\/page"}],"author":[{"embeddable":true,"href":"https:\/\/join.casiola.com\/pt-br\/wp-json\/wp\/v2\/users\/2"}],"replies":[{"embeddable":true,"href":"https:\/\/join.casiola.com\/pt-br\/wp-json\/wp\/v2\/comments?post=24989"}],"version-history":[{"count":1,"href":"https:\/\/join.casiola.com\/pt-br\/wp-json\/wp\/v2\/pages\/24989\/revisions"}],"predecessor-version":[{"id":27529,"href":"https:\/\/join.casiola.com\/pt-br\/wp-json\/wp\/v2\/pages\/24989\/revisions\/27529"}],"wp:attachment":[{"href":"https:\/\/join.casiola.com\/pt-br\/wp-json\/wp\/v2\/media?parent=24989"}],"wp:term":[{"taxonomy":"category","embeddable":true,"href":"https:\/\/join.casiola.com\/pt-br\/wp-json\/wp\/v2\/categories?post=24989"},{"taxonomy":"post_tag","embeddable":true,"href":"https:\/\/join.casiola.com\/pt-br\/wp-json\/wp\/v2\/tags?post=24989"}],"curies":[{"name":"wp","href":"https:\/\/api.w.org\/{rel}","templated":true}]}}