{"id":25060,"date":"2020-06-09T09:47:16","date_gmt":"2020-06-09T09:47:16","guid":{"rendered":"https:\/\/join.casiola.com\/resort-margaritaville-3\/"},"modified":"2025-11-05T20:18:42","modified_gmt":"2025-11-05T20:18:42","slug":"resort-margaritaville-3","status":"publish","type":"page","link":"https:\/\/join.casiola.com\/pt-br\/resort-margaritaville-3\/","title":{"rendered":"Resort Margaritaville"},"content":{"rendered":"<section class=\"l-section wpb_row height_medium with_img\"><div class=\"l-section-img\" role=\"img\" aria-label=\"cabe\u00e7alho-margarita\" data-img-width=\"1800\" data-img-height=\"1200\" style=\"background-image: url(https:\/\/join.casiola.com\/wp-content\/uploads\/2020\/06\/margarita-header.jpg);\"><\/div><div class=\"l-section-h i-cf\"><div class=\"g-cols vc_row via_flex valign_bottom type_default stacking_default\"><div class=\"vc_col-sm-12 wpb_column vc_column_container\"><div class=\"vc_column-inner\"><div class=\"wpb_wrapper\"><div class=\"w-image align_center us_animate_aft\" style=\"animation-delay:1s\"><div class=\"w-image-h\"><img decoding=\"async\" width=\"360\" height=\"360\" src=\"https:\/\/join.casiola.com\/wp-content\/uploads\/2020\/06\/encore-logo.png\" class=\"attachment-full size-full\" alt=\"encore-logo\" loading=\"lazy\" srcset=\"https:\/\/join.casiola.com\/wp-content\/uploads\/2020\/06\/encore-logo.png 360w, https:\/\/join.casiola.com\/wp-content\/uploads\/2020\/06\/encore-logo-300x300.png 300w, https:\/\/join.casiola.com\/wp-content\/uploads\/2020\/06\/encore-logo-150x150.png 150w, https:\/\/join.casiola.com\/wp-content\/uploads\/2020\/06\/encore-logo-350x350.png 350w\" sizes=\"auto, (max-width: 360px) 100vw, 360px\" \/><\/div><\/div><\/div><\/div><\/div><\/div><\/div><\/section><section class=\"l-section wpb_row height_medium\"><div class=\"l-section-h i-cf\"><div class=\"g-cols vc_row via_flex valign_top type_default stacking_default\"><div class=\"vc_col-sm-12 wpb_column vc_column_container\"><div class=\"vc_column-inner\"><div class=\"wpb_wrapper\"><div class=\"wpb_text_column\"><div class=\"wpb_wrapper\"><h2 style=\"text-align: center;\">Ol\u00e1, curioso para ver quanto voc\u00ea pode<strong> ganhar?<\/strong><\/h2>\n<h3 style=\"text-align: center;\">Trabalhamos com as melhores taxas do mercado. Descubra exatamente quanto voc\u00ea pode ganhar ao trabalhar conosco. <\/h3>\n<\/div><\/div><div class=\"w-separator size_medium\"><\/div><div class=\"w-separator size_medium\"><\/div><div class=\"wpb_text_column\"><div class=\"wpb_wrapper\"><p style=\"font-size: 12px;\">*Todos os valores de receita e despesas s\u00e3o estimativas e N\u00c3O devem ser considerados garantidos. Os valores n\u00e3o refletem despesas com taxas de condom\u00ednio, taxas CDD, grandes reparos, impostos sobre a propriedade, etc. Os valores n\u00e3o refletem o potencial ganho de valoriza\u00e7\u00e3o e, para compradores dos EUA, poss\u00edveis benef\u00edcios fiscais. A Casiola LLC n\u00e3o alega ser consultora financeira ou jur\u00eddica. Isto n\u00e3o \u00e9, de forma alguma, uma garantia de ocupa\u00e7\u00e3o. As despesas podem variar com a infla\u00e7\u00e3o e outros fatores.     <\/p>\n<\/div><\/div><\/div><\/div><\/div><\/div><\/div><\/section><section class=\"l-section wpb_row height_medium color_alternate\"><div class=\"l-section-h i-cf\"><div class=\"g-cols vc_row via_flex valign_top type_default stacking_default\"><div class=\"vc_col-sm-12 wpb_column vc_column_container\"><div class=\"vc_column-inner\"><div class=\"wpb_wrapper\"><div class=\"wpb_text_column\"><div class=\"wpb_wrapper\"><h2 style=\"text-align: center;\">Conhe\u00e7a a <strong>equipe de integra\u00e7\u00e3o da Casiola<\/strong><\/h2>\n<h3 style=\"text-align: center;\">Seja escolhendo sua <strong>casa de f\u00e9rias ideal<\/strong>, garantindo que seu aluguel esteja <strong>pronto para os h\u00f3spedes<\/strong>, ou <strong>fazendo a transi\u00e7\u00e3o de outra empresa de administra\u00e7\u00e3o de propriedades<\/strong>, nossa equipe de integra\u00e7\u00e3o est\u00e1 aqui para <strong>ajud\u00e1-lo em cada etapa do processo!<\/strong><\/h3>\n<\/div><\/div><div class=\"w-image align_center\"><div class=\"w-image-h\"><img decoding=\"async\" width=\"1024\" height=\"574\" src=\"https:\/\/join.casiola.com\/wp-content\/uploads\/2022\/02\/owner-relations-1024x574.jpg\" class=\"attachment-large size-large\" alt=\"owner-relations\" loading=\"lazy\" srcset=\"https:\/\/join.casiola.com\/wp-content\/uploads\/2022\/02\/owner-relations-1024x574.jpg 1024w, https:\/\/join.casiola.com\/wp-content\/uploads\/2022\/02\/owner-relations-300x168.jpg 300w, https:\/\/join.casiola.com\/wp-content\/uploads\/2022\/02\/owner-relations-600x336.jpg 600w, https:\/\/join.casiola.com\/wp-content\/uploads\/2022\/02\/owner-relations-768x430.jpg 768w, https:\/\/join.casiola.com\/wp-content\/uploads\/2022\/02\/owner-relations.jpg 1080w\" sizes=\"auto, (max-width: 1024px) 100vw, 1024px\" \/><\/div><\/div><div class=\"w-separator size_small\"><\/div><div class=\"wpb_text_column\"><div class=\"wpb_wrapper\"><h4 style=\"text-align: center;\">Conhe\u00e7a a equipe: <span style=\"color: #ff0099;\"><strong>Michelle, Mayra e Natalia<\/strong><\/span><\/h4>\n<\/div><\/div><div class=\"w-separator size_medium\"><\/div><div class=\"w-btn-wrapper align_center\"><a class=\"w-btn us-btn-style_6\" href=\"https:\/\/join.casiola.com\/pt-br\/junte-se-a-nos\/\"><span class=\"w-btn-label\">Junte-se a n\u00f3s hoje<\/span><\/a><\/div><\/div><\/div><\/div><\/div><\/div><\/section><section class=\"l-section wpb_row height_medium with_img\"><div class=\"l-section-img\" role=\"img\" aria-label=\"Resort Bella Vida gerenciado pela Casiola\" data-img-width=\"1357\" data-img-height=\"904\" style=\"background-image: url(https:\/\/join.casiola.com\/wp-content\/uploads\/2020\/01\/bella-vida-2.jpg);background-position: bottom center;\"><\/div><div class=\"l-section-h i-cf\"><div class=\"g-cols vc_row via_flex valign_top type_default stacking_default\"><div class=\"vc_col-sm-12 wpb_column vc_column_container\"><div class=\"vc_column-inner\"><div class=\"wpb_wrapper\"><div class=\"w-separator size_custom\" style=\"height:200\"><\/div><\/div><\/div><\/div><\/div><\/div><\/section><section class=\"l-section wpb_row height_medium color_primary\"><div class=\"l-section-h i-cf\"><div class=\"g-cols vc_row via_flex valign_top type_default stacking_default\"><div class=\"vc_col-sm-12 wpb_column vc_column_container\"><div class=\"vc_column-inner\"><div class=\"wpb_wrapper\"><div class=\"w-actionbox color_primary controls_right\"><div class=\"w-actionbox-text\"><h2 class=\"w-actionbox-title\" style=\"font-size:h3\">Casiola: administra\u00e7\u00e3o de casas de f\u00e9rias que voc\u00ea vai adorar!<\/h2><\/div><div class=\"w-actionbox-controls\"><a class=\"w-btn us-btn-style_4\" href=\"http:\/\/101.35d.myftpupload.com\/join-us\/\" style=\"font-size:20;\" target=\"_blank\" rel=\"noopener\"><span class=\"w-btn-label\">Junte-se a n\u00f3s agora!<\/span><\/a><\/div><\/div><\/div><\/div><\/div><\/div><\/div><\/section>\n","protected":false},"excerpt":{"rendered":"Ol\u00e1, curioso para ver quanto voc\u00ea pode ganhar? Trabalhamos com as melhores taxas do mercado. Descubra exatamente quanto voc\u00ea pode ganhar ao trabalhar conosco. *Todos os valores de receita e despesas s\u00e3o estimativas e N\u00c3O devem ser considerados garantidos. Os valores n\u00e3o refletem despesas com taxas de condom\u00ednio, taxas CDD, grandes reparos, impostos sobre a...","protected":false},"author":1,"featured_media":23809,"parent":0,"menu_order":0,"comment_status":"closed","ping_status":"closed","template":"","meta":{"_acf_changed":false,"footnotes":""},"categories":[170,171],"tags":[],"class_list":["post-25060","page","type-page","status-publish","has-post-thumbnail","hentry","category-orlando","category-resort"],"acf":{"destination_name":null,"destination_slug":null,"destination-email":null,"destination_hero":null,"destination_copy":null,"advantages_title":null,"advantages_1":null,"advantages_2":null,"advantages_3":null,"advantages_4":null,"advantages_5":null,"advantages_6":null,"linen_program":null,"design_center":null,"guests_are_booking_title":null,"guests_are_booking_text":null,"hvm":null,"amex":null,"award_winning_company":null,"numbers_1":null,"numbers_2":null,"numbers_quote":null,"faq_1":null,"faq_1_response":null,"faq_2":null,"faq_2_response":null,"faq_3":null,"faq_3_response":null,"faq_4":null,"faq_4_response":null,"faq_5":null,"faq_5_response":null,"faq_6":null,"faq_6_response":null,"faq_7":null,"faq_7_response":null,"faq_8":null,"faq_8_response":null,"faq_9":null,"faq_9_response":null,"faq_10":null,"faq_10_response":null,"faq_11":null,"faq_11_response":null,"vacation_rental_manager_blog_title":null,"vacation_rental_manager_blog_text":null,"discover_all_casiola_destinations":null},"_links":{"self":[{"href":"https:\/\/join.casiola.com\/pt-br\/wp-json\/wp\/v2\/pages\/25060","targetHints":{"allow":["GET"]}}],"collection":[{"href":"https:\/\/join.casiola.com\/pt-br\/wp-json\/wp\/v2\/pages"}],"about":[{"href":"https:\/\/join.casiola.com\/pt-br\/wp-json\/wp\/v2\/types\/page"}],"author":[{"embeddable":true,"href":"https:\/\/join.casiola.com\/pt-br\/wp-json\/wp\/v2\/users\/1"}],"replies":[{"embeddable":true,"href":"https:\/\/join.casiola.com\/pt-br\/wp-json\/wp\/v2\/comments?post=25060"}],"version-history":[{"count":2,"href":"https:\/\/join.casiola.com\/pt-br\/wp-json\/wp\/v2\/pages\/25060\/revisions"}],"predecessor-version":[{"id":25070,"href":"https:\/\/join.casiola.com\/pt-br\/wp-json\/wp\/v2\/pages\/25060\/revisions\/25070"}],"wp:featuredmedia":[{"embeddable":true,"href":"https:\/\/join.casiola.com\/pt-br\/wp-json\/wp\/v2\/media\/23809"}],"wp:attachment":[{"href":"https:\/\/join.casiola.com\/pt-br\/wp-json\/wp\/v2\/media?parent=25060"}],"wp:term":[{"taxonomy":"category","embeddable":true,"href":"https:\/\/join.casiola.com\/pt-br\/wp-json\/wp\/v2\/categories?post=25060"},{"taxonomy":"post_tag","embeddable":true,"href":"https:\/\/join.casiola.com\/pt-br\/wp-json\/wp\/v2\/tags?post=25060"}],"curies":[{"name":"wp","href":"https:\/\/api.w.org\/{rel}","templated":true}]}}