{"id":25071,"date":"2019-02-27T12:10:00","date_gmt":"2019-02-27T12:10:00","guid":{"rendered":"https:\/\/join.casiola.com\/servicos\/fotos-deslumbrantes\/"},"modified":"2025-11-06T15:39:37","modified_gmt":"2025-11-06T15:39:37","slug":"fotos-deslumbrantes","status":"publish","type":"page","link":"https:\/\/join.casiola.com\/pt-br\/servicos\/fotos-deslumbrantes\/","title":{"rendered":"Fotos deslumbrantes"},"content":{"rendered":"<section class=\"l-section wpb_row height_auto color_alternate\"><div class=\"l-section-h i-cf\"><div class=\"g-cols vc_row via_flex valign_bottom type_default stacking_default\"><div class=\"vc_col-sm-12 wpb_column vc_column_container\"><div class=\"vc_column-inner\"><div class=\"wpb_wrapper\"><div class=\"w-separator size_medium\"><\/div><div class=\"wpb_text_column\"><div class=\"wpb_wrapper\"><h2 style=\"text-align: center;\">Belas <strong>fotografias<\/strong><\/h2>\n<h2 style=\"text-align: center;\"><span style=\"font-weight: 400;\">Nossas fotos profissionais e atraentes <strong>destacam as comodidades e o alto valor de sua casa<\/strong>. <\/span><\/h2>\n<\/div><\/div><div class=\"w-image align_center\"><div class=\"w-image-h\"><img decoding=\"async\" width=\"1200\" height=\"383\" src=\"https:\/\/join.casiola.com\/wp-content\/uploads\/2025\/05\/photography-2.webp\" class=\"attachment-full size-full has-transparency\" alt=\"photography services for our vacation rental homes\" loading=\"lazy\" srcset=\"https:\/\/join.casiola.com\/wp-content\/uploads\/2025\/05\/photography-2.webp 1200w, https:\/\/join.casiola.com\/wp-content\/uploads\/2025\/05\/photography-2-300x96.webp 300w, https:\/\/join.casiola.com\/wp-content\/uploads\/2025\/05\/photography-2-1024x327.webp 1024w, https:\/\/join.casiola.com\/wp-content\/uploads\/2025\/05\/photography-2-600x192.webp 600w, https:\/\/join.casiola.com\/wp-content\/uploads\/2025\/05\/photography-2-768x245.webp 768w\" sizes=\"auto, (max-width: 1200px) 100vw, 1200px\" data-has-transparency=\"true\" data-dominant-color=\"9f9782\" style=\"--dominant-color: #9f9782;\" \/><\/div><\/div><\/div><\/div><\/div><\/div><\/div><\/section><section class=\"l-section wpb_row height_auto\"><div class=\"l-section-h i-cf\"><div class=\"g-cols vc_row via_flex valign_middle type_default stacking_default\"><div class=\"vc_col-sm-4 wpb_column vc_column_container\"><div class=\"vc_column-inner\"><div class=\"wpb_wrapper\"><div class=\"w-image align_none\"><div class=\"w-image-h\"><img decoding=\"async\" width=\"600\" height=\"718\" src=\"https:\/\/join.casiola.com\/wp-content\/uploads\/2025\/06\/brandon-1.webp\" class=\"attachment-large size-large has-transparency\" alt=\"brandon from casiola\" loading=\"lazy\" srcset=\"https:\/\/join.casiola.com\/wp-content\/uploads\/2025\/06\/brandon-1.webp 600w, https:\/\/join.casiola.com\/wp-content\/uploads\/2025\/06\/brandon-1-251x300.webp 251w\" sizes=\"auto, (max-width: 600px) 100vw, 600px\" data-has-transparency=\"true\" data-dominant-color=\"b53e56\" style=\"--dominant-color: #b53e56;\" \/><\/div><\/div><\/div><\/div><\/div><div class=\"vc_col-sm-8 wpb_column vc_column_container\"><div class=\"vc_column-inner\"><div class=\"wpb_wrapper\"><div class=\"wpb_text_column\"><div class=\"wpb_wrapper\"><h3>Cative <strong>potenciais locat\u00e1rios<\/strong>: como <strong>fotos profissionais<\/strong> podem acelerar o processo de loca\u00e7\u00e3o de sua casa<\/h3>\n<p>Na era digital atual, onde 99% das reservas s\u00e3o feitas online, fazer com que <strong>seu an\u00fancio se destaque<\/strong> \u00e9 crucial. Fotos de alta qualidade da propriedade <strong>aumentam significativamente o apelo<\/strong> de sua casa, levando a <strong>loca\u00e7\u00f5es mais r\u00e1pidas.<\/strong> <\/p>\n<p>Contratamos fot\u00f3grafos profissionais especializados em capturar a ess\u00eancia e a beleza de sua propriedade. Eles selecionam meticulosamente as <strong>imagens mais cativantes<\/strong> para seu an\u00fancio, garantindo que sua casa seja apresentada da <strong>forma mais atraente e convidativa<\/strong> poss\u00edvel. <\/p>\n<p>O resultado? Um <strong>an\u00fancio excepcional<\/strong> que atrai mais locat\u00e1rios em potencial, acelerando o processo de loca\u00e7\u00e3o.<\/p>\n<\/div><\/div><div class=\"wpb_text_column\"><div class=\"wpb_wrapper\"><h5><span style=\"color: #ff0099;\">Brandon<\/span> \u2013 manuten\u00e7\u00e3o<\/h5>\n<\/div><\/div><\/div><\/div><\/div><\/div><\/div><\/section><section class=\"l-section wpb_row height_medium color_alternate\"><div class=\"l-section-h i-cf\"><div class=\"g-cols vc_row via_flex valign_middle type_default stacking_default\"><div class=\"vc_col-sm-12 wpb_column vc_column_container\"><div class=\"vc_column-inner\"><div class=\"wpb_wrapper\"><div class=\"wpb_text_column\"><div class=\"wpb_wrapper\"><h2 style=\"text-align: center;\">Veja alguns exemplos<\/h2>\n<h3 style=\"text-align: center;\">Confira as <strong>imagens incr\u00edveis<\/strong> que nosso fot\u00f3grafo pode produzir!<\/h3>\n<\/div><\/div><div class=\"w-grid us_grid type_masonry layout_gallery_default cols_4 preload_style_spinner with_isotope\" id=\"us_grid_1\" style=\"--columns:4;--gap:1rem;\" data-filterable=\"true\"><style>@media (max-width:1380px){#us_grid_1{--columns:3!important}}@media (max-width:1024px){#us_grid_1{--columns:2!important}}@media (max-width:600px){#us_grid_1{--columns:1!important}}.layout_gallery_default .w-grid-item-h{}<\/style><div class=\"w-grid-list\">\t<article class=\"w-grid-item size_1x1 post-25092 attachment type-attachment status-inherit hentry\" data-id=\"25092\">\r\n\t\t<div class=\"w-grid-item-h\">\r\n\t\t\t\t\t\t<div class=\"w-post-elm post_image usg_post_image_1 stretched\"><img loading=\"lazy\" decoding=\"async\" width=\"800\" height=\"534\" src=\"https:\/\/join.casiola.com\/wp-content\/uploads\/2019\/02\/photography-01.jpg\" class=\"attachment-large size-large\" alt=\"Beautiful property photography with Casiola vacation homes\" srcset=\"https:\/\/join.casiola.com\/wp-content\/uploads\/2019\/02\/photography-01.jpg 800w, https:\/\/join.casiola.com\/wp-content\/uploads\/2019\/02\/photography-01-300x200.jpg 300w, https:\/\/join.casiola.com\/wp-content\/uploads\/2019\/02\/photography-01-600x400.jpg 600w, https:\/\/join.casiola.com\/wp-content\/uploads\/2019\/02\/photography-01-768x513.jpg 768w\" sizes=\"auto, (max-width: 800px) 100vw, 800px\" \/><\/div>\t\t<\/div>\r\n\t\t\t<\/article>\r\n\t<article class=\"w-grid-item size_1x1 post-25091 attachment type-attachment status-inherit hentry\" data-id=\"25091\">\r\n\t\t<div class=\"w-grid-item-h\">\r\n\t\t\t\t\t\t<div class=\"w-post-elm post_image usg_post_image_1 stretched\"><img loading=\"lazy\" decoding=\"async\" width=\"800\" height=\"534\" src=\"https:\/\/join.casiola.com\/wp-content\/uploads\/2019\/02\/photography-02.jpg\" class=\"attachment-large size-large\" alt=\"Beautiful property photography with Casiola vacation homes\" srcset=\"https:\/\/join.casiola.com\/wp-content\/uploads\/2019\/02\/photography-02.jpg 800w, https:\/\/join.casiola.com\/wp-content\/uploads\/2019\/02\/photography-02-300x200.jpg 300w, https:\/\/join.casiola.com\/wp-content\/uploads\/2019\/02\/photography-02-600x400.jpg 600w, https:\/\/join.casiola.com\/wp-content\/uploads\/2019\/02\/photography-02-768x513.jpg 768w\" sizes=\"auto, (max-width: 800px) 100vw, 800px\" \/><\/div>\t\t<\/div>\r\n\t\t\t<\/article>\r\n\t<article class=\"w-grid-item size_1x1 post-25090 attachment type-attachment status-inherit hentry\" data-id=\"25090\">\r\n\t\t<div class=\"w-grid-item-h\">\r\n\t\t\t\t\t\t<div class=\"w-post-elm post_image usg_post_image_1 stretched\"><img loading=\"lazy\" decoding=\"async\" width=\"800\" height=\"530\" src=\"https:\/\/join.casiola.com\/wp-content\/uploads\/2019\/02\/photography-03.jpg\" class=\"attachment-large size-large\" alt=\"Beautiful property photography with Casiola vacation homes\" srcset=\"https:\/\/join.casiola.com\/wp-content\/uploads\/2019\/02\/photography-03.jpg 800w, https:\/\/join.casiola.com\/wp-content\/uploads\/2019\/02\/photography-03-300x199.jpg 300w, https:\/\/join.casiola.com\/wp-content\/uploads\/2019\/02\/photography-03-600x398.jpg 600w, https:\/\/join.casiola.com\/wp-content\/uploads\/2019\/02\/photography-03-768x509.jpg 768w\" sizes=\"auto, (max-width: 800px) 100vw, 800px\" \/><\/div>\t\t<\/div>\r\n\t\t\t<\/article>\r\n\t<article class=\"w-grid-item size_1x1 post-25073 attachment type-attachment status-inherit hentry\" data-id=\"25073\">\r\n\t\t<div class=\"w-grid-item-h\">\r\n\t\t\t\t\t\t<div class=\"w-post-elm post_image usg_post_image_1 stretched\"><img loading=\"lazy\" decoding=\"async\" width=\"1024\" height=\"327\" src=\"https:\/\/join.casiola.com\/wp-content\/uploads\/2019\/02\/photography-1-1024x327.png\" class=\"attachment-large size-large\" alt=\"photography service casiola\" srcset=\"https:\/\/join.casiola.com\/wp-content\/uploads\/2019\/02\/photography-1-1024x327.png 1024w, https:\/\/join.casiola.com\/wp-content\/uploads\/2019\/02\/photography-1-300x96.png 300w, https:\/\/join.casiola.com\/wp-content\/uploads\/2019\/02\/photography-1-600x192.png 600w, https:\/\/join.casiola.com\/wp-content\/uploads\/2019\/02\/photography-1-768x245.png 768w, https:\/\/join.casiola.com\/wp-content\/uploads\/2019\/02\/photography-1.png 1200w\" sizes=\"auto, (max-width: 1024px) 100vw, 1024px\" \/><\/div>\t\t<\/div>\r\n\t\t\t<\/article>\r\n<\/div>\t<div class=\"w-grid-preloader\">\r\n\t\t<div class=\"g-preloader type_1\">\r\n\t\t\t<div><\/div>\r\n\t\t<\/div>\r\n\t<\/div>\r\n\t\t<div class=\"w-grid-json hidden\" onclick='return {&quot;action&quot;:&quot;us_ajax_grid&quot;,&quot;infinite_scroll&quot;:0,&quot;max_num_pages&quot;:1,&quot;pagination&quot;:&quot;none&quot;,&quot;template_vars&quot;:{&quot;columns&quot;:&quot;4&quot;,&quot;exclude_items&quot;:&quot;none&quot;,&quot;img_size&quot;:&quot;default&quot;,&quot;ignore_items_size&quot;:0,&quot;items_layout&quot;:&quot;gallery_default&quot;,&quot;items_offset&quot;:&quot;1&quot;,&quot;load_animation&quot;:&quot;none&quot;,&quot;overriding_link&quot;:&quot;{\\&quot;url\\&quot;:\\&quot;\\&quot;}&quot;,&quot;post_id&quot;:0,&quot;query_args&quot;:{&quot;post_type&quot;:[&quot;attachment&quot;],&quot;post__in&quot;:[&quot;0&quot;,&quot;14039&quot;,&quot;14037&quot;,&quot;14035&quot;,&quot;14034&quot;,&quot;14032&quot;,&quot;14030&quot;,&quot;14028&quot;,&quot;14020&quot;,&quot;14022&quot;,&quot;14024&quot;,&quot;14026&quot;,&quot;14018&quot;,&quot;14016&quot;,&quot;14014&quot;,&quot;14012&quot;,&quot;14010&quot;,&quot;13994&quot;],&quot;post_status&quot;:&quot;inherit&quot;,&quot;post_mime_type&quot;:&quot;image&quot;,&quot;posts_per_page&quot;:&quot;16&quot;},&quot;orderby_query_args&quot;:{&quot;orderby&quot;:{&quot;post__in&quot;:&quot;ASC&quot;},&quot;order&quot;:&quot;ASC&quot;},&quot;type&quot;:&quot;masonry&quot;,&quot;us_grid_post_type&quot;:&quot;attachment&quot;,&quot;us_grid_ajax_index&quot;:1,&quot;us_grid_filter_query_string&quot;:null,&quot;us_grid_index&quot;:1,&quot;page_args&quot;:[],&quot;lang&quot;:&quot;pt-br&quot;}}'><\/div>\r\n\t<\/div><\/div><\/div><\/div><\/div><\/div><\/section>\n","protected":false},"excerpt":{"rendered":"","protected":false},"author":1,"featured_media":0,"parent":20915,"menu_order":0,"comment_status":"closed","ping_status":"closed","template":"","meta":{"_acf_changed":false,"footnotes":""},"categories":[169],"tags":[],"class_list":["post-25071","page","type-page","status-publish","hentry","category-servicos"],"acf":{"destination-email":"","destination_hero":false},"_links":{"self":[{"href":"https:\/\/join.casiola.com\/pt-br\/wp-json\/wp\/v2\/pages\/25071","targetHints":{"allow":["GET"]}}],"collection":[{"href":"https:\/\/join.casiola.com\/pt-br\/wp-json\/wp\/v2\/pages"}],"about":[{"href":"https:\/\/join.casiola.com\/pt-br\/wp-json\/wp\/v2\/types\/page"}],"author":[{"embeddable":true,"href":"https:\/\/join.casiola.com\/pt-br\/wp-json\/wp\/v2\/users\/1"}],"replies":[{"embeddable":true,"href":"https:\/\/join.casiola.com\/pt-br\/wp-json\/wp\/v2\/comments?post=25071"}],"version-history":[{"count":12,"href":"https:\/\/join.casiola.com\/pt-br\/wp-json\/wp\/v2\/pages\/25071\/revisions"}],"predecessor-version":[{"id":27088,"href":"https:\/\/join.casiola.com\/pt-br\/wp-json\/wp\/v2\/pages\/25071\/revisions\/27088"}],"up":[{"embeddable":true,"href":"https:\/\/join.casiola.com\/pt-br\/wp-json\/wp\/v2\/pages\/20915"}],"wp:attachment":[{"href":"https:\/\/join.casiola.com\/pt-br\/wp-json\/wp\/v2\/media?parent=25071"}],"wp:term":[{"taxonomy":"category","embeddable":true,"href":"https:\/\/join.casiola.com\/pt-br\/wp-json\/wp\/v2\/categories?post=25071"},{"taxonomy":"post_tag","embeddable":true,"href":"https:\/\/join.casiola.com\/pt-br\/wp-json\/wp\/v2\/tags?post=25071"}],"curies":[{"name":"wp","href":"https:\/\/api.w.org\/{rel}","templated":true}]}}